{"id":71017,"date":"2025-07-16T18:43:35","date_gmt":"2025-07-16T16:43:35","guid":{"rendered":"https:\/\/www.lucasfroeserealestate.com\/tu-busqueda-exclusiva-de-propiedades-en-mallorca-2\/"},"modified":"2026-01-21T16:18:51","modified_gmt":"2026-01-21T15:18:51","slug":"tu-busqueda-exclusiva-de-propiedades-en-mallorca-2","status":"publish","type":"page","link":"https:\/\/www.lucasfroeserealestate.com\/es\/tu-busqueda-exclusiva-de-propiedades-en-mallorca-2\/","title":{"rendered":"Tu b\u00fasqueda exclusiva de propiedades en Mallorca"},"content":{"rendered":"\t\t<div data-elementor-type=\"wp-page\" data-elementor-id=\"71017\" class=\"elementor elementor-71017 elementor-71014\" data-elementor-post-type=\"page\">\n\t\t\t\t\t\t<section class=\"elementor-section elementor-top-section elementor-element elementor-element-736c4b4 elementor-section-boxed elementor-section-height-default elementor-section-height-default\" data-id=\"736c4b4\" data-element_type=\"section\" data-e-type=\"section\">\n\t\t\t\t\t\t<div class=\"elementor-container elementor-column-gap-default\">\n\t\t\t\t\t<div class=\"elementor-column elementor-col-100 elementor-top-column elementor-element elementor-element-be3e50b\" data-id=\"be3e50b\" data-element_type=\"column\" data-e-type=\"column\">\n\t\t\t<div class=\"elementor-widget-wrap elementor-element-populated\">\n\t\t\t\t\t\t<div class=\"elementor-element elementor-element-9e4feba elementor-widget elementor-widget-heading\" data-id=\"9e4feba\" data-element_type=\"widget\" data-e-type=\"widget\" data-widget_type=\"heading.default\">\n\t\t\t\t<div class=\"elementor-widget-container\">\n\t\t\t\t\t<h3 class=\"elementor-heading-title elementor-size-default\">Nuestro equipo comprobar\u00e1 personalmente tus datos y te enviar\u00e1 ofertas adecuadas.*<\/h3>\t\t\t\t<\/div>\n\t\t\t\t<\/div>\n\t\t\t\t<div class=\"elementor-element elementor-element-9f5b66b elementor-widget elementor-widget-image\" data-id=\"9f5b66b\" data-element_type=\"widget\" data-e-type=\"widget\" data-widget_type=\"image.default\">\n\t\t\t\t<div class=\"elementor-widget-container\">\n\t\t\t\t\t\t\t\t\t\t\t\t\t\t\t<img fetchpriority=\"high\" decoding=\"async\" loading=\"eager\" width=\"738\" height=\"263\" src=\"https:\/\/www.lucasfroeserealestate.com\/wp-content\/uploads\/2025\/07\/Anadir-un-titulo-2.jpg\" class=\"attachment-large size-large wp-image-71029\" alt=\"\" srcset=\"https:\/\/www.lucasfroeserealestate.com\/wp-content\/uploads\/2025\/07\/Anadir-un-titulo-2.jpg 1000w, https:\/\/www.lucasfroeserealestate.com\/wp-content\/uploads\/2025\/07\/Anadir-un-titulo-2-300x107.jpg 300w, https:\/\/www.lucasfroeserealestate.com\/wp-content\/uploads\/2025\/07\/Anadir-un-titulo-2-768x273.jpg 768w, https:\/\/www.lucasfroeserealestate.com\/wp-content\/uploads\/2025\/07\/Anadir-un-titulo-2-150x53.jpg 150w\" sizes=\"(max-width: 738px) 100vw, 738px\" title=\"\">\t\t\t\t\t\t\t\t\t\t\t\t\t\t\t<\/div>\n\t\t\t\t<\/div>\n\t\t\t\t<div class=\"elementor-element elementor-element-fe36d9b elementor-button-align-stretch elementor-widget elementor-widget-form\" data-id=\"fe36d9b\" data-element_type=\"widget\" data-e-type=\"widget\" data-settings=\"{&quot;step_next_label&quot;:&quot;Siguiente&quot;,&quot;step_previous_label&quot;:&quot;Anteriormente&quot;,&quot;button_width&quot;:&quot;100&quot;,&quot;step_type&quot;:&quot;number_text&quot;,&quot;step_icon_shape&quot;:&quot;circle&quot;}\" data-widget_type=\"form.default\">\n\t\t\t\t<div class=\"elementor-widget-container\">\n\t\t\t\t\t\t\t<form class=\"elementor-form\" method=\"post\" name=\"Neues Formular\" aria-label=\"Neues Formular\">\n\t\t\t<input type=\"hidden\" name=\"post_id\" value=\"71017\"\/>\n\t\t\t<input type=\"hidden\" name=\"form_id\" value=\"fe36d9b\"\/>\n\t\t\t<input type=\"hidden\" name=\"referer_title\" value=\"Tu b\u00fasqueda exclusiva de propiedades en Mallorca | Lucas Froese Real Estate\" \/>\n\n\t\t\t\t\t\t\t<input type=\"hidden\" name=\"queried_id\" value=\"71017\"\/>\n\t\t\t\n\t\t\t<div class=\"elementor-form-fields-wrapper elementor-labels-above\">\n\t\t\t\t\t\t\t\t<div class=\"elementor-field-type-text elementor-field-group elementor-column elementor-field-group-name elementor-col-33 elementor-field-required elementor-mark-required\">\n\t\t\t\t\t\t\t\t\t\t\t\t<label for=\"form-field-name\" class=\"elementor-field-label\">\n\t\t\t\t\t\t\t\tNombre\t\t\t\t\t\t\t<\/label>\n\t\t\t\t\t\t\t\t\t\t\t\t\t\t<input size=\"1\" type=\"text\" name=\"form_fields[name]\" id=\"form-field-name\" class=\"elementor-field elementor-size-sm  elementor-field-textual\" placeholder=\"Nombre\" required=\"required\">\n\t\t\t\t\t\t\t\t\t\t\t<\/div>\n\t\t\t\t\t\t\t\t<div class=\"elementor-field-type-email elementor-field-group elementor-column elementor-field-group-email elementor-col-33 elementor-field-required elementor-mark-required\">\n\t\t\t\t\t\t\t\t\t\t\t\t<label for=\"form-field-email\" class=\"elementor-field-label\">\n\t\t\t\t\t\t\t\tCorreo electr\u00f3nico\t\t\t\t\t\t\t<\/label>\n\t\t\t\t\t\t\t\t\t\t\t\t\t\t<input size=\"1\" type=\"email\" name=\"form_fields[email]\" id=\"form-field-email\" class=\"elementor-field elementor-size-sm  elementor-field-textual\" placeholder=\"Correo electr\u00f3nico\" required=\"required\">\n\t\t\t\t\t\t\t\t\t\t\t<\/div>\n\t\t\t\t\t\t\t\t<div class=\"elementor-field-type-tel elementor-field-group elementor-column elementor-field-group-field_112a414 elementor-col-33 elementor-field-required elementor-mark-required\">\n\t\t\t\t\t\t\t\t\t\t\t\t<label for=\"form-field-field_112a414\" class=\"elementor-field-label\">\n\t\t\t\t\t\t\t\tN\u00famero de tel\u00e9fono\t\t\t\t\t\t\t<\/label>\n\t\t\t\t\t\t\t\t<input size=\"1\" type=\"tel\" name=\"form_fields[field_112a414]\" id=\"form-field-field_112a414\" class=\"elementor-field elementor-size-sm  elementor-field-textual\" placeholder=\"N\u00famero de tel\u00e9fono\" required=\"required\" pattern=\"[0-9()#&amp;+*-=.]+\" title=\"Solo se aceptan n\u00fameros y caracteres de tel\u00e9fono (#,-,*,etc).\">\n\n\t\t\t\t\t\t<\/div>\n\t\t\t\t\t\t\t\t<div class=\"elementor-field-type-text elementor-field-group elementor-column elementor-field-group-field_0dac871 elementor-col-20 elementor-field-required elementor-mark-required\">\n\t\t\t\t\t\t\t\t\t\t\t\t<label for=\"form-field-field_0dac871\" class=\"elementor-field-label\">\n\t\t\t\t\t\t\t\tPueblo\t\t\t\t\t\t\t<\/label>\n\t\t\t\t\t\t\t\t\t\t\t\t\t\t<input size=\"1\" type=\"text\" name=\"form_fields[field_0dac871]\" id=\"form-field-field_0dac871\" class=\"elementor-field elementor-size-sm  elementor-field-textual\" placeholder=\"Pueblo\" required=\"required\">\n\t\t\t\t\t\t\t\t\t\t\t<\/div>\n\t\t\t\t\t\t\t\t<div class=\"elementor-field-type-select elementor-field-group elementor-column elementor-field-group-field_6a5261e elementor-col-20 elementor-field-required elementor-mark-required\">\n\t\t\t\t\t\t\t\t\t\t\t\t<label for=\"form-field-field_6a5261e\" class=\"elementor-field-label\">\n\t\t\t\t\t\t\t\tTipo de propiedad\t\t\t\t\t\t\t<\/label>\n\t\t\t\t\t\t\t\t<div class=\"elementor-field elementor-select-wrapper remove-before \">\n\t\t\t<div class=\"select-caret-down-wrapper\">\n\t\t\t\t<svg aria-hidden=\"true\" class=\"e-font-icon-svg e-eicon-caret-down\" viewBox=\"0 0 571.4 571.4\" xmlns=\"http:\/\/www.w3.org\/2000\/svg\"><path d=\"M571 393Q571 407 561 418L311 668Q300 679 286 679T261 668L11 418Q0 407 0 393T11 368 36 357H536Q550 357 561 368T571 393Z\"><\/path><\/svg>\t\t\t<\/div>\n\t\t\t<select name=\"form_fields[field_6a5261e]\" id=\"form-field-field_6a5261e\" class=\"elementor-field-textual elementor-size-sm\" required=\"required\">\n\t\t\t\t\t\t\t\t\t<option value=\"Finca\">Finca<\/option>\n\t\t\t\t\t\t\t\t\t<option value=\"Villa\/Chalet\">Villa\/Chalet<\/option>\n\t\t\t\t\t\t\t\t\t<option value=\"Apartment\/Wohnung\">Apartment\/Wohnung<\/option>\n\t\t\t\t\t\t\t\t\t<option value=\"Stadthaus\">Stadthaus<\/option>\n\t\t\t\t\t\t\t\t\t<option value=\"Grundst\u00fcck\">Grundst\u00fcck<\/option>\n\t\t\t\t\t\t\t<\/select>\n\t\t<\/div>\n\t\t\t\t\t\t<\/div>\n\t\t\t\t\t\t\t\t<div class=\"elementor-field-type-number elementor-field-group elementor-column elementor-field-group-field_a038223 elementor-col-20\">\n\t\t\t\t\t\t\t\t\t\t\t\t<label for=\"form-field-field_a038223\" class=\"elementor-field-label\">\n\t\t\t\t\t\t\t\tEspacio habitable desde (m\u00b2)\t\t\t\t\t\t\t<\/label>\n\t\t\t\t\t\t\t\t\t<input type=\"number\" name=\"form_fields[field_a038223]\" id=\"form-field-field_a038223\" class=\"elementor-field elementor-size-sm  elementor-field-textual\" placeholder=\"-\" min=\"\" max=\"\" >\n\t\t\t\t\t\t<\/div>\n\t\t\t\t\t\t\t\t<div class=\"elementor-field-type-number elementor-field-group elementor-column elementor-field-group-field_c7825c3 elementor-col-20\">\n\t\t\t\t\t\t\t\t\t\t\t\t<label for=\"form-field-field_c7825c3\" class=\"elementor-field-label\">\n\t\t\t\t\t\t\t\tParcela desde (m\u00b2)\t\t\t\t\t\t\t<\/label>\n\t\t\t\t\t\t\t\t\t<input type=\"number\" name=\"form_fields[field_c7825c3]\" id=\"form-field-field_c7825c3\" class=\"elementor-field elementor-size-sm  elementor-field-textual\" placeholder=\"-\" min=\"\" max=\"\" >\n\t\t\t\t\t\t<\/div>\n\t\t\t\t\t\t\t\t<div class=\"elementor-field-type-number elementor-field-group elementor-column elementor-field-group-field_d4f9d71 elementor-col-20\">\n\t\t\t\t\t\t\t\t\t\t\t\t<label for=\"form-field-field_d4f9d71\" class=\"elementor-field-label\">\n\t\t\t\t\t\t\t\tPresupuesto m\u00e1ximo (\u20ac)\t\t\t\t\t\t\t<\/label>\n\t\t\t\t\t\t\t\t\t<input type=\"number\" name=\"form_fields[field_d4f9d71]\" id=\"form-field-field_d4f9d71\" class=\"elementor-field elementor-size-sm  elementor-field-textual\" placeholder=\"-\" min=\"\" max=\"\" >\n\t\t\t\t\t\t<\/div>\n\t\t\t\t\t\t\t\t<div class=\"elementor-field-type-checkbox elementor-field-group elementor-column elementor-field-group-field_9f05611 elementor-col-50\">\n\t\t\t\t\t\t\t\t\t\t\t\t<label for=\"form-field-field_9f05611\" class=\"elementor-field-label\">\n\t\t\t\t\t\t\t\tCriterios de b\u00fasqueda\t\t\t\t\t\t\t<\/label>\n\t\t\t\t\t\t<div class=\"elementor-field-subgroup  \"><span class=\"elementor-field-option\"><input type=\"checkbox\" value=\"1. Meereslinie\" id=\"form-field-field_9f05611-0\" name=\"form_fields[field_9f05611][]\"> <label for=\"form-field-field_9f05611-0\">1. Meereslinie<\/label><\/span><span class=\"elementor-field-option\"><input type=\"checkbox\" value=\"Mit Meerblick\" id=\"form-field-field_9f05611-1\" name=\"form_fields[field_9f05611][]\"> <label for=\"form-field-field_9f05611-1\">Mit Meerblick<\/label><\/span><span class=\"elementor-field-option\"><input type=\"checkbox\" value=\"ETV Lizenz\" id=\"form-field-field_9f05611-2\" name=\"form_fields[field_9f05611][]\"> <label for=\"form-field-field_9f05611-2\">ETV Lizenz<\/label><\/span><span class=\"elementor-field-option\"><input type=\"checkbox\" value=\"Nah am Golfplatz (10&#039;)\" id=\"form-field-field_9f05611-3\" name=\"form_fields[field_9f05611][]\"> <label for=\"form-field-field_9f05611-3\">Nah am Golfplatz (10')<\/label><\/span><span class=\"elementor-field-option\"><input type=\"checkbox\" value=\"Nah am Strand (10&#039;)\" id=\"form-field-field_9f05611-4\" name=\"form_fields[field_9f05611][]\"> <label for=\"form-field-field_9f05611-4\">Nah am Strand (10')<\/label><\/span><span class=\"elementor-field-option\"><input type=\"checkbox\" value=\"Nah am Flughafen (35&#039;)\" id=\"form-field-field_9f05611-5\" name=\"form_fields[field_9f05611][]\"> <label for=\"form-field-field_9f05611-5\">Nah am Flughafen (35')<\/label><\/span><span class=\"elementor-field-option\"><input type=\"checkbox\" value=\"Immobilienanlage\" id=\"form-field-field_9f05611-6\" name=\"form_fields[field_9f05611][]\"> <label for=\"form-field-field_9f05611-6\">Immobilienanlage<\/label><\/span><span class=\"elementor-field-option\"><input type=\"checkbox\" value=\"Mit Swimmingpool\" id=\"form-field-field_9f05611-7\" name=\"form_fields[field_9f05611][]\"> <label for=\"form-field-field_9f05611-7\">Mit Swimmingpool<\/label><\/span><span class=\"elementor-field-option\"><input type=\"checkbox\" value=\"M\u00f6bliert\" id=\"form-field-field_9f05611-8\" name=\"form_fields[field_9f05611][]\"> <label for=\"form-field-field_9f05611-8\">M\u00f6bliert<\/label><\/span><span class=\"elementor-field-option\"><input type=\"checkbox\" value=\"Neubau\" id=\"form-field-field_9f05611-9\" name=\"form_fields[field_9f05611][]\"> <label for=\"form-field-field_9f05611-9\">Neubau<\/label><\/span><span class=\"elementor-field-option\"><input type=\"checkbox\" value=\"Top Investment\" id=\"form-field-field_9f05611-10\" name=\"form_fields[field_9f05611][]\"> <label for=\"form-field-field_9f05611-10\">Top Investment<\/label><\/span><\/div>\t\t\t\t<\/div>\n\t\t\t\t\t\t\t\t<div class=\"elementor-field-type-checkbox elementor-field-group elementor-column elementor-field-group-field_5ea98fa elementor-col-50\">\n\t\t\t\t\t\t\t\t\t\t\t\t<label for=\"form-field-field_5ea98fa\" class=\"elementor-field-label\">\n\t\t\t\t\t\t\t\tMateriales\/equipos\t\t\t\t\t\t\t<\/label>\n\t\t\t\t\t\t<div class=\"elementor-field-subgroup  \"><span class=\"elementor-field-option\"><input type=\"checkbox\" value=\"Garten\" id=\"form-field-field_5ea98fa-0\" name=\"form_fields[field_5ea98fa][]\"> <label for=\"form-field-field_5ea98fa-0\">Garten<\/label><\/span><span class=\"elementor-field-option\"><input type=\"checkbox\" value=\"Garage\" id=\"form-field-field_5ea98fa-1\" name=\"form_fields[field_5ea98fa][]\"> <label for=\"form-field-field_5ea98fa-1\">Garage<\/label><\/span><span class=\"elementor-field-option\"><input type=\"checkbox\" value=\"Doppelglasfenster\" id=\"form-field-field_5ea98fa-2\" name=\"form_fields[field_5ea98fa][]\"> <label for=\"form-field-field_5ea98fa-2\">Doppelglasfenster<\/label><\/span><span class=\"elementor-field-option\"><input type=\"checkbox\" value=\"Heizung\" id=\"form-field-field_5ea98fa-3\" name=\"form_fields[field_5ea98fa][]\"> <label for=\"form-field-field_5ea98fa-3\">Heizung<\/label><\/span><span class=\"elementor-field-option\"><input type=\"checkbox\" value=\"Kamin\" id=\"form-field-field_5ea98fa-4\" name=\"form_fields[field_5ea98fa][]\"> <label for=\"form-field-field_5ea98fa-4\">Kamin<\/label><\/span><span class=\"elementor-field-option\"><input type=\"checkbox\" value=\"Solaranlage\" id=\"form-field-field_5ea98fa-5\" name=\"form_fields[field_5ea98fa][]\"> <label for=\"form-field-field_5ea98fa-5\">Solaranlage<\/label><\/span><span class=\"elementor-field-option\"><input type=\"checkbox\" value=\"Fahrstuhl\" id=\"form-field-field_5ea98fa-6\" name=\"form_fields[field_5ea98fa][]\"> <label for=\"form-field-field_5ea98fa-6\">Fahrstuhl<\/label><\/span><span class=\"elementor-field-option\"><input type=\"checkbox\" value=\"Naturstein Verkleidung\" id=\"form-field-field_5ea98fa-7\" name=\"form_fields[field_5ea98fa][]\"> <label for=\"form-field-field_5ea98fa-7\">Naturstein Verkleidung<\/label><\/span><span class=\"elementor-field-option\"><input type=\"checkbox\" value=\"G\u00e4steapartment\" id=\"form-field-field_5ea98fa-8\" name=\"form_fields[field_5ea98fa][]\"> <label for=\"form-field-field_5ea98fa-8\">G\u00e4steapartment<\/label><\/span><span class=\"elementor-field-option\"><input type=\"checkbox\" value=\"Wasserbrunnen\" id=\"form-field-field_5ea98fa-9\" name=\"form_fields[field_5ea98fa][]\"> <label for=\"form-field-field_5ea98fa-9\">Wasserbrunnen<\/label><\/span><span class=\"elementor-field-option\"><input type=\"checkbox\" value=\"Renovierungsbed\u00fcrftig*\" id=\"form-field-field_5ea98fa-10\" name=\"form_fields[field_5ea98fa][]\"> <label for=\"form-field-field_5ea98fa-10\">Renovierungsbed\u00fcrftig*<\/label><\/span><\/div>\t\t\t\t<\/div>\n\t\t\t\t\t\t\t\t<div class=\"elementor-field-type-textarea elementor-field-group elementor-column elementor-field-group-message elementor-col-100\">\n\t\t\t\t\t\t\t\t\t\t\t\t<label for=\"form-field-message\" class=\"elementor-field-label\">\n\t\t\t\t\t\t\t\t\u00bfHay alg\u00fan otro deseo o consejo para nosotros?\t\t\t\t\t\t\t<\/label>\n\t\t\t\t\t\t<textarea class=\"elementor-field-textual elementor-field  elementor-size-sm\" name=\"form_fields[message]\" id=\"form-field-message\" rows=\"4\" placeholder=\"Escr\u00edbenos aqu\u00ed para obtener m\u00e1s informaci\u00f3n sobre tu b\u00fasqueda de propiedades...\"><\/textarea>\t\t\t\t<\/div>\n\t\t\t\t\t\t\t\t<div class=\"elementor-field-type-recaptcha_v3 elementor-field-group elementor-column elementor-field-group-field_a347287 elementor-col-100 recaptcha_v3-bottomright\">\n\t\t\t\t\t<div class=\"elementor-field\" id=\"form-field-field_a347287\"><div class=\"elementor-g-recaptcha\" data-sitekey=\"6LcFDworAAAAANUWVQq4y3swgP6tHXnFXIArnWIp\" data-type=\"v3\" data-action=\"Form\" data-badge=\"bottomright\" data-size=\"invisible\"><\/div><\/div>\t\t\t\t<\/div>\n\t\t\t\t\t\t\t\t<div class=\"elementor-field-type-acceptance elementor-field-group elementor-column elementor-field-group-field_9f6fdcb elementor-col-100\">\n\t\t\t\t\t\t\t<div class=\"elementor-field-subgroup\">\n\t\t\t<span class=\"elementor-field-option\">\n\t\t\t\t<input type=\"checkbox\" name=\"form_fields[field_9f6fdcb]\" id=\"form-field-field_9f6fdcb\" class=\"elementor-field elementor-size-sm  elementor-acceptance-field\">\n\t\t\t\t<label for=\"form-field-field_9f6fdcb\">Ja, ich m\u00f6chte den kostenlosen Newsletter von Lucas Froese Real Estate erhalten.<\/label>\t\t\t<\/span>\n\t\t<\/div>\n\t\t\t\t\t\t<\/div>\n\t\t\t\t\t\t\t\t<div class=\"elementor-field-group elementor-column elementor-field-type-submit elementor-col-100 e-form__buttons\">\n\t\t\t\t\t<button class=\"elementor-button elementor-size-sm elementor-animation-grow\" type=\"submit\">\n\t\t\t\t\t\t<span class=\"elementor-button-content-wrapper\">\n\t\t\t\t\t\t\t\t\t\t\t\t\t\t\t\t\t\t\t\t\t\t<span class=\"elementor-button-text\">Iniciar solicitud de b\u00fasqueda<\/span>\n\t\t\t\t\t\t\t\t\t\t\t\t\t<\/span>\n\t\t\t\t\t<\/button>\n\t\t\t\t<\/div>\n\t\t\t<\/div>\n\t\t<\/form>\n\t\t\t\t\t\t<\/div>\n\t\t\t\t<\/div>\n\t\t\t\t<div class=\"elementor-element elementor-element-093f936 elementor-widget elementor-widget-spacer\" data-id=\"093f936\" data-element_type=\"widget\" data-e-type=\"widget\" data-widget_type=\"spacer.default\">\n\t\t\t\t<div class=\"elementor-widget-container\">\n\t\t\t\t\t\t\t<div class=\"elementor-spacer\">\n\t\t\t<div class=\"elementor-spacer-inner\"><\/div>\n\t\t<\/div>\n\t\t\t\t\t\t<\/div>\n\t\t\t\t<\/div>\n\t\t\t\t\t<\/div>\n\t\t<\/div>\n\t\t\t\t\t<\/div>\n\t\t<\/section>\n\t\t\t\t<\/div>\n\t\t","protected":false},"excerpt":{"rendered":"<p>Nuestro equipo comprobar\u00e1 personalmente tus datos y te enviar\u00e1 ofertas adecuadas.*<\/p>\n","protected":false},"author":1,"featured_media":0,"parent":0,"menu_order":0,"comment_status":"closed","ping_status":"closed","template":"","meta":{"footnotes":""},"class_list":["post-71017","page","type-page","status-publish","hentry"],"_links":{"self":[{"href":"https:\/\/www.lucasfroeserealestate.com\/es\/wp-json\/wp\/v2\/pages\/71017","targetHints":{"allow":["GET"]}}],"collection":[{"href":"https:\/\/www.lucasfroeserealestate.com\/es\/wp-json\/wp\/v2\/pages"}],"about":[{"href":"https:\/\/www.lucasfroeserealestate.com\/es\/wp-json\/wp\/v2\/types\/page"}],"author":[{"embeddable":true,"href":"https:\/\/www.lucasfroeserealestate.com\/es\/wp-json\/wp\/v2\/users\/1"}],"replies":[{"embeddable":true,"href":"https:\/\/www.lucasfroeserealestate.com\/es\/wp-json\/wp\/v2\/comments?post=71017"}],"version-history":[{"count":3,"href":"https:\/\/www.lucasfroeserealestate.com\/es\/wp-json\/wp\/v2\/pages\/71017\/revisions"}],"predecessor-version":[{"id":80118,"href":"https:\/\/www.lucasfroeserealestate.com\/es\/wp-json\/wp\/v2\/pages\/71017\/revisions\/80118"}],"wp:attachment":[{"href":"https:\/\/www.lucasfroeserealestate.com\/es\/wp-json\/wp\/v2\/media?parent=71017"}],"curies":[{"name":"wp","href":"https:\/\/api.w.org\/{rel}","templated":true}]}}