{"id":5710,"date":"2019-05-06T14:38:13","date_gmt":"2019-05-06T12:38:13","guid":{"rendered":"https:\/\/www.lucasfroeserealestate.com\/luxusimmobilien\/"},"modified":"2026-01-11T22:26:04","modified_gmt":"2026-01-11T21:26:04","slug":"luxusimmobilien-auf-mallorca","status":"publish","type":"page","link":"https:\/\/www.lucasfroeserealestate.com\/es\/luxusimmobilien-auf-mallorca\/","title":{"rendered":"Comprar una propiedad de lujo en Mallorca"},"content":{"rendered":"\t\t<div data-elementor-type=\"wp-post\" data-elementor-id=\"5710\" class=\"elementor elementor-5710 elementor-5050\" data-elementor-post-type=\"page\">\n\t\t\t\t\t\t<section class=\"elementor-section elementor-top-section elementor-element elementor-element-f419777 elementor-section-boxed elementor-section-height-default elementor-section-height-default\" data-id=\"f419777\" data-element_type=\"section\" data-e-type=\"section\">\n\t\t\t\t\t\t<div class=\"elementor-container elementor-column-gap-default\">\n\t\t\t\t\t<div class=\"elementor-column elementor-col-100 elementor-top-column elementor-element elementor-element-545a38f\" data-id=\"545a38f\" data-element_type=\"column\" data-e-type=\"column\">\n\t\t\t<div class=\"elementor-widget-wrap elementor-element-populated\">\n\t\t\t\t\t\t<div class=\"elementor-element elementor-element-a9d1881 elementor-widget elementor-widget-text-editor\" data-id=\"a9d1881\" data-element_type=\"widget\" data-e-type=\"widget\" data-widget_type=\"text-editor.default\">\n\t\t\t\t<div class=\"elementor-widget-container\">\n\t\t\t\t\t\t\t\t\t<h1><b><span style=\"font-family: playfair; color: #c4a65c;\">Propiedades de lujo en Mallorca<\/span><\/b><\/h1><h2><span style=\"font-family: playfair;\">\u00bfBusca la propiedad de lujo de sus sue\u00f1os en Mallorca?<\/span><\/h2><p>\u00bfBuscas propiedades de lujo exclusivas y de alta calidad en Mallorca? La Inmobiliaria Lucas Froese te acompa\u00f1a desde el principio hasta despu\u00e9s de la venta. Un servicio integral completo caracteriza a nuestra agencia inmobiliaria, \u00a1donde encontrar la propiedad de lujo perfecta para ti es s\u00f3lo el principio! Ya sea una rom\u00e1ntica finca con una gran piscina y mucho jard\u00edn o un moderno chalet de lujo en primera l\u00ednea de mar en una ubicaci\u00f3n de primera. Muchos aspectos destacados, como arquitectura de vanguardia, cocinas de dise\u00f1o y vistas impresionantes, te esperan en este viaje llamado tu nuevo hogar en Mallorca. <b>\u00a1Encontraremos exactamente la propiedad de lujo en Mallorca adecuada para ti!<\/b><\/p><p> <\/p><h3><span style=\"color: #4a778c;\">\u00bfConoce Mallorca y sus lugares secretos?<\/span><\/h3><p><b>Sue\u00f1e con acogedoras bah\u00edas naturales con playas de arena fin\u00edsima y aguas cristalinas.<\/b>  M\u00e1s de 300 d\u00edas de sol en un clima mediterr\u00e1neo. \u00bfPueblos rom\u00e1nticos (como Portocolom, Port Andratx, Santa Ponsa, Santany\u00ed, Felanitx, Ses Salines, Palma, Cala d&#8217;Or&#8230;), <b>paseos<\/b> eternos <b>por callejuelas de ensue\u00f1o y maravillosas puestas de sol?<\/b><\/p><p><img decoding=\"async\" class=\"size-full wp-image-14911\" src=\"https:\/\/www.lucasfroeserealestate.com\/wp-content\/uploads\/2020\/03\/immobilien-portocolom-mallorca.jpg\" alt=\"Inmobiliaria Portocolom Mallorca\" width=\"2000\" height=\"700\" title=\"\" srcset=\"https:\/\/www.lucasfroeserealestate.com\/wp-content\/uploads\/2020\/03\/immobilien-portocolom-mallorca.jpg 2000w, https:\/\/www.lucasfroeserealestate.com\/wp-content\/uploads\/2020\/03\/immobilien-portocolom-mallorca-300x105.jpg 300w, https:\/\/www.lucasfroeserealestate.com\/wp-content\/uploads\/2020\/03\/immobilien-portocolom-mallorca-1024x358.jpg 1024w, https:\/\/www.lucasfroeserealestate.com\/wp-content\/uploads\/2020\/03\/immobilien-portocolom-mallorca-768x269.jpg 768w, https:\/\/www.lucasfroeserealestate.com\/wp-content\/uploads\/2020\/03\/immobilien-portocolom-mallorca-1536x538.jpg 1536w, https:\/\/www.lucasfroeserealestate.com\/wp-content\/uploads\/2020\/03\/immobilien-portocolom-mallorca-150x53.jpg 150w\" sizes=\"(max-width: 2000px) 100vw, 2000px\" \/><\/p><h5><b><span style=\"color: #4a778c;\">Le ofrecemos las propiedades de lujo m\u00e1s bellas de toda la isla.  <\/span><\/b><\/h5><p>Las impresionantes costas le servir\u00e1n de inspiraci\u00f3n, tanto si es aficionado al golf o al ciclismo como si disfruta con el senderismo, el submarinismo y los deportes acu\u00e1ticos. Tal vez usted tambi\u00e9n sea un amante de los caballos o le gustar\u00eda cultivar su propio vino, en esta regi\u00f3n encontrar\u00e1 su propiedad o la propiedad de lujo de sus sue\u00f1os junto al mar, pero tanto si sue\u00f1a con una finca en un bello entorno natural, como con una encantadora villa o una original casa de pueblo en Felanitx.<\/p><h2><span style=\"font-family: playfair;\">Exclusivas propiedades de lujo en Mallorca<\/span><\/h2><p>T\u00f3mese su tiempo para echar un vistazo a nuestra cartera y recuerde, si no tenemos algo espec\u00edfico, \u00a1encontraremos el adecuado para usted!  <b>Tambi\u00e9n puede preguntar directamente por nuestra Cartera Discreta de Propiedades de Lujo, \u00a1donde tenemos propiedades exclusivas de primera l\u00ednea que no est\u00e1n actualmente en el mercado!<\/b><\/p>\t\t\t\t\t\t\t\t<\/div>\n\t\t\t\t<\/div>\n\t\t\t\t<div class=\"elementor-element elementor-element-34fd4df elementor-cta--skin-cover elementor-animated-content elementor-bg-transform elementor-bg-transform-zoom-in elementor-widget elementor-widget-call-to-action\" data-id=\"34fd4df\" data-element_type=\"widget\" data-e-type=\"widget\" data-widget_type=\"call-to-action.default\">\n\t\t\t\t<div class=\"elementor-widget-container\">\n\t\t\t\t\t\t\t<a class=\"elementor-cta\" href=\"https:\/\/www.lucasfroeserealestate.com\/luxusimmobilien-discrete-portfolio\/\" target=\"_blank\">\n\t\t\t\t\t<div class=\"elementor-cta__bg-wrapper\">\n\t\t\t\t<div class=\"elementor-cta__bg elementor-bg\" style=\"background-image: url();\" role=\"img\" aria-label=\"\"><\/div>\n\t\t\t\t<div class=\"elementor-cta__bg-overlay\"><\/div>\n\t\t\t<\/div>\n\t\t\t\t\t\t\t<div class=\"elementor-cta__content\">\n\t\t\t\t\n\t\t\t\t\t\t\t\t\t<h2 class=\"elementor-cta__title elementor-cta__content-item elementor-content-item elementor-animated-item--grow\">\n\t\t\t\t\t\tCARTERA DE LUJO DISCRETO\t\t\t\t\t<\/h2>\n\t\t\t\t\n\t\t\t\t\t\t\t\t\t<div class=\"elementor-cta__description elementor-cta__content-item elementor-content-item elementor-animated-item--grow\">\n\t\t\t\t\t\tObtenga m\u00e1s informaci\u00f3n sobre nuestra exclusiva cartera de propiedades de lujo Discrete aqu\u00ed.\t\t\t\t\t<\/div>\n\t\t\t\t\n\t\t\t\t\t\t\t\t\t<div class=\"elementor-cta__button-wrapper elementor-cta__content-item elementor-content-item elementor-animated-item--grow\">\n\t\t\t\t\t<span class=\"elementor-cta__button elementor-button elementor-size-xs\">\n\t\t\t\t\t\tPulse aqu\u00ed\t\t\t\t\t<\/span>\n\t\t\t\t\t<\/div>\n\t\t\t\t\t\t\t<\/div>\n\t\t\t\t\t\t<\/a>\n\t\t\t\t\t\t<\/div>\n\t\t\t\t<\/div>\n\t\t\t\t\t<\/div>\n\t\t<\/div>\n\t\t\t\t\t<\/div>\n\t\t<\/section>\n\t\t\t\t<section class=\"elementor-section elementor-top-section elementor-element elementor-element-e8e15c8 elementor-section-boxed elementor-section-height-default elementor-section-height-default\" data-id=\"e8e15c8\" data-element_type=\"section\" data-e-type=\"section\">\n\t\t\t\t\t\t<div class=\"elementor-container elementor-column-gap-default\">\n\t\t\t\t\t<div class=\"elementor-column elementor-col-50 elementor-top-column elementor-element elementor-element-d818635\" data-id=\"d818635\" data-element_type=\"column\" data-e-type=\"column\">\n\t\t\t<div class=\"elementor-widget-wrap elementor-element-populated\">\n\t\t\t\t\t\t<div class=\"elementor-element elementor-element-a508c79 elementor-widget elementor-widget-heading\" data-id=\"a508c79\" data-element_type=\"widget\" data-e-type=\"widget\" data-widget_type=\"heading.default\">\n\t\t\t\t<div class=\"elementor-widget-container\">\n\t\t\t\t\t<h6 class=\"elementor-heading-title elementor-size-small\">Impresionantes propiedades de lujo<\/h6>\t\t\t\t<\/div>\n\t\t\t\t<\/div>\n\t\t\t\t\t<\/div>\n\t\t<\/div>\n\t\t\t\t<div class=\"elementor-column elementor-col-50 elementor-top-column elementor-element elementor-element-1f94ca5\" data-id=\"1f94ca5\" data-element_type=\"column\" data-e-type=\"column\">\n\t\t\t<div class=\"elementor-widget-wrap elementor-element-populated\">\n\t\t\t\t\t\t<div class=\"elementor-element elementor-element-d7d12ea elementor-widget elementor-widget-heading\" data-id=\"d7d12ea\" data-element_type=\"widget\" data-e-type=\"widget\" data-widget_type=\"heading.default\">\n\t\t\t\t<div class=\"elementor-widget-container\">\n\t\t\t\t\t<h4 class=\"elementor-heading-title elementor-size-medium\">Su agente inmobiliario de lujo<\/h4>\t\t\t\t<\/div>\n\t\t\t\t<\/div>\n\t\t\t\t\t<\/div>\n\t\t<\/div>\n\t\t\t\t\t<\/div>\n\t\t<\/section>\n\t\t\t\t<\/div>\n\t\t","protected":false},"excerpt":{"rendered":"<p>Propiedades de lujo en Mallorca \u00bfBusca la propiedad de lujo de sus sue\u00f1os en Mallorca? \u00bfBuscas propiedades de lujo exclusivas y de alta calidad en Mallorca? La Inmobiliaria Lucas Froese te acompa\u00f1a desde el principio hasta despu\u00e9s de la venta. Un servicio integral completo caracteriza a nuestra agencia inmobiliaria, \u00a1donde encontrar la propiedad de lujo&#8230;<\/p>\n","protected":false},"author":1,"featured_media":5779,"parent":0,"menu_order":0,"comment_status":"closed","ping_status":"closed","template":"templates\/properties.php","meta":{"footnotes":""},"class_list":["post-5710","page","type-page","status-publish","has-post-thumbnail","hentry"],"_links":{"self":[{"href":"https:\/\/www.lucasfroeserealestate.com\/es\/wp-json\/wp\/v2\/pages\/5710","targetHints":{"allow":["GET"]}}],"collection":[{"href":"https:\/\/www.lucasfroeserealestate.com\/es\/wp-json\/wp\/v2\/pages"}],"about":[{"href":"https:\/\/www.lucasfroeserealestate.com\/es\/wp-json\/wp\/v2\/types\/page"}],"author":[{"embeddable":true,"href":"https:\/\/www.lucasfroeserealestate.com\/es\/wp-json\/wp\/v2\/users\/1"}],"replies":[{"embeddable":true,"href":"https:\/\/www.lucasfroeserealestate.com\/es\/wp-json\/wp\/v2\/comments?post=5710"}],"version-history":[{"count":5,"href":"https:\/\/www.lucasfroeserealestate.com\/es\/wp-json\/wp\/v2\/pages\/5710\/revisions"}],"predecessor-version":[{"id":79781,"href":"https:\/\/www.lucasfroeserealestate.com\/es\/wp-json\/wp\/v2\/pages\/5710\/revisions\/79781"}],"wp:featuredmedia":[{"embeddable":true,"href":"https:\/\/www.lucasfroeserealestate.com\/es\/wp-json\/wp\/v2\/media\/5779"}],"wp:attachment":[{"href":"https:\/\/www.lucasfroeserealestate.com\/es\/wp-json\/wp\/v2\/media?parent=5710"}],"curies":[{"name":"wp","href":"https:\/\/api.w.org\/{rel}","templated":true}]}}