{"id":5703,"date":"2019-05-06T14:30:15","date_gmt":"2019-05-06T12:30:15","guid":{"rendered":"https:\/\/www.lucasfroeserealestate.com\/investitionsimmobilien\/"},"modified":"2026-04-16T14:18:04","modified_gmt":"2026-04-16T12:18:04","slug":"investitionsimmobilien","status":"publish","type":"page","link":"https:\/\/www.lucasfroeserealestate.com\/es\/investitionsimmobilien\/","title":{"rendered":"Propiedades de inversi\u00f3n en Mallorca"},"content":{"rendered":"\t\t<div data-elementor-type=\"wp-post\" data-elementor-id=\"5703\" class=\"elementor elementor-5703 elementor-5043\" data-elementor-post-type=\"page\">\n\t\t\t\t\t\t<section class=\"elementor-section elementor-top-section elementor-element elementor-element-3028b155 elementor-section-boxed elementor-section-height-default elementor-section-height-default\" data-id=\"3028b155\" data-element_type=\"section\" data-e-type=\"section\" data-settings=\"{&quot;background_background&quot;:&quot;classic&quot;}\">\n\t\t\t\t\t\t<div class=\"elementor-container elementor-column-gap-default\">\n\t\t\t\t\t<div class=\"elementor-column elementor-col-100 elementor-top-column elementor-element elementor-element-7d272950\" data-id=\"7d272950\" data-element_type=\"column\" data-e-type=\"column\">\n\t\t\t<div class=\"elementor-widget-wrap elementor-element-populated\">\n\t\t\t\t\t\t<div class=\"elementor-element elementor-element-28e505c4 elementor-widget elementor-widget-heading\" data-id=\"28e505c4\" data-element_type=\"widget\" data-e-type=\"widget\" data-widget_type=\"heading.default\">\n\t\t\t\t<div class=\"elementor-widget-container\">\n\t\t\t\t\t<h3 class=\"elementor-heading-title elementor-size-default\">Inversiones<\/h3>\t\t\t\t<\/div>\n\t\t\t\t<\/div>\n\t\t\t\t<div class=\"elementor-element elementor-element-38846df7 elementor-widget elementor-widget-heading\" data-id=\"38846df7\" data-element_type=\"widget\" data-e-type=\"widget\" data-widget_type=\"heading.default\">\n\t\t\t\t<div class=\"elementor-widget-container\">\n\t\t\t\t\t<h4 class=\"elementor-heading-title elementor-size-default\">Lucas Froese Real Estate es tu socio especializado para inversiones inmobiliarias de alta calidad en Mallorca, desde la estrategia inicial hasta la finalizaci\u00f3n con \u00e9xito.<\/h4>\t\t\t\t<\/div>\n\t\t\t\t<\/div>\n\t\t\t\t\t<\/div>\n\t\t<\/div>\n\t\t\t\t\t<\/div>\n\t\t<\/section>\n\t\t\t\t<section class=\"elementor-section elementor-top-section elementor-element elementor-element-5b1cb51 elementor-section-boxed elementor-section-height-default elementor-section-height-default\" data-id=\"5b1cb51\" data-element_type=\"section\" data-e-type=\"section\">\n\t\t\t\t\t\t<div class=\"elementor-container elementor-column-gap-default\">\n\t\t\t\t\t<div class=\"elementor-column elementor-col-66 elementor-top-column elementor-element elementor-element-1efea38\" data-id=\"1efea38\" data-element_type=\"column\" data-e-type=\"column\">\n\t\t\t<div class=\"elementor-widget-wrap elementor-element-populated\">\n\t\t\t\t\t\t<div class=\"elementor-element elementor-element-3ab09a4 elementor-widget elementor-widget-text-editor\" data-id=\"3ab09a4\" data-element_type=\"widget\" data-e-type=\"widget\" data-widget_type=\"text-editor.default\">\n\t\t\t\t<div class=\"elementor-widget-container\">\n\t\t\t\t\t\t\t\t\t<h3>\u00bfBuscas inversiones inmobiliarias en Mallorca?<\/h3><p>Te guiamos a lo largo de todo el proceso de b\u00fasqueda y compra, y trabajamos contigo para desarrollar una estrategia de inversi\u00f3n personalizada, adaptada a tus objetivos, tu presupuesto y tu perfil de riesgo individual.<\/p><h3 data-section-id=\"14virgz\" data-start=\"683\" data-end=\"720\">Nuestra experiencia, tu ventaja:<\/h3><ul data-start=\"722\" data-end=\"937\"><li data-section-id=\"16z7pwb\" data-start=\"722\" data-end=\"770\"><strong data-start=\"724\" data-end=\"770\">An\u00e1lisis individual de tus objetivos de inversi\u00f3n <\/strong>(flujo de caja, revalorizaci\u00f3n del capital, protecci\u00f3n del capital, inversi\u00f3n al 100%\/parte para uso propio)<\/li><li data-section-id=\"1b4z2wf\" data-start=\"771\" data-end=\"829\">Desarrollo de una <strong data-start=\"798\" data-end=\"829\">estrategia<\/strong> clara <strong data-start=\"798\" data-end=\"829\">de retorno y salida<\/strong><\/li><li data-section-id=\"1v4a9vr\" data-start=\"830\" data-end=\"878\">Acceso a <strong data-start=\"842\" data-end=\"878\">propiedades exclusivas fuera del mercado<\/strong><\/li><li data-section-id=\"1bfp7jq\" data-start=\"879\" data-end=\"937\">Apoyo estructurado durante <strong data-start=\"911\" data-end=\"937\">el proceso de compra en Mallorca (con expertos locales)<\/strong><\/li><\/ul><p data-start=\"939\" data-end=\"1122\">Gracias a nuestra s\u00f3lida red, colaboramos estrechamente con los <strong data-start=\"995\" data-end=\"1072\">bancos, promotores inmobiliarios, dise\u00f1adores de interiores, arquitectos y abogados m\u00e1s prestigiosos de Mallorca<\/strong>, para lograr la m\u00e1xima seguridad y eficacia.<\/p><p class=\"p1\"> <\/p>\t\t\t\t\t\t\t\t<\/div>\n\t\t\t\t<\/div>\n\t\t\t\t\t<\/div>\n\t\t<\/div>\n\t\t\t\t<div class=\"elementor-column elementor-col-33 elementor-top-column elementor-element elementor-element-cfb5ad1\" data-id=\"cfb5ad1\" data-element_type=\"column\" data-e-type=\"column\">\n\t\t\t<div class=\"elementor-widget-wrap elementor-element-populated\">\n\t\t\t\t\t\t<div class=\"elementor-element elementor-element-4e16a2a elementor-widget elementor-widget-image\" data-id=\"4e16a2a\" data-element_type=\"widget\" data-e-type=\"widget\" data-widget_type=\"image.default\">\n\t\t\t\t<div class=\"elementor-widget-container\">\n\t\t\t\t\t\t\t\t\t\t\t\t\t\t\t<img fetchpriority=\"high\" decoding=\"async\" loading=\"eager\" width=\"800\" height=\"1200\" src=\"https:\/\/www.lucasfroeserealestate.com\/wp-content\/uploads\/2026\/04\/Diseno-sin-titulo-2026-04-16T164742313.jpg\" class=\"attachment-full size-full wp-image-83585\" alt=\"Mallorca Inversi\u00f3n Inmobiliaria\" srcset=\"https:\/\/www.lucasfroeserealestate.com\/wp-content\/uploads\/2026\/04\/Diseno-sin-titulo-2026-04-16T164742313.jpg 800w, https:\/\/www.lucasfroeserealestate.com\/wp-content\/uploads\/2026\/04\/Diseno-sin-titulo-2026-04-16T164742313-200x300.jpg 200w, https:\/\/www.lucasfroeserealestate.com\/wp-content\/uploads\/2026\/04\/Diseno-sin-titulo-2026-04-16T164742313-683x1024.jpg 683w, https:\/\/www.lucasfroeserealestate.com\/wp-content\/uploads\/2026\/04\/Diseno-sin-titulo-2026-04-16T164742313-768x1152.jpg 768w, https:\/\/www.lucasfroeserealestate.com\/wp-content\/uploads\/2026\/04\/Diseno-sin-titulo-2026-04-16T164742313-100x150.jpg 100w\" sizes=\"(max-width: 800px) 100vw, 800px\" title=\"\">\t\t\t\t\t\t\t\t\t\t\t\t\t\t\t<\/div>\n\t\t\t\t<\/div>\n\t\t\t\t\t<\/div>\n\t\t<\/div>\n\t\t\t\t\t<\/div>\n\t\t<\/section>\n\t\t<div class=\"elementor-element elementor-element-25b2293 e-flex e-con-boxed e-con e-parent\" data-id=\"25b2293\" data-element_type=\"container\" data-e-type=\"container\">\n\t\t\t\t\t<div class=\"e-con-inner\">\n\t\t<div class=\"elementor-element elementor-element-7a70efb e-con-full e-flex e-con e-child\" data-id=\"7a70efb\" data-element_type=\"container\" data-e-type=\"container\">\n\t\t\t\t<div class=\"elementor-element elementor-element-3c62797 elementor-widget elementor-widget-text-editor\" data-id=\"3c62797\" data-element_type=\"widget\" data-e-type=\"widget\" data-widget_type=\"text-editor.default\">\n\t\t\t\t<div class=\"elementor-widget-container\">\n\t\t\t\t\t\t\t\t\t<h2 data-start=\"265\" data-end=\"463\">\u00bfPor qu\u00e9 Mallorca?<\/h2><p data-start=\"265\" data-end=\"463\"><strong data-start=\"265\" data-end=\"331\">Mallorca es uno de los mercados inmobiliarios m\u00e1s atractivos de Europa<\/strong>: clima suave, m\u00e1s de <strong data-start=\"352\" data-end=\"378\">300 d\u00edas de sol al a\u00f1o<\/strong> y excelente accesibilidad gracias a las numerosas conexiones a\u00e9reas internacionales. <strong data-start=\"468\" data-end=\"529\">Esta calidad de vida \u00fanica tambi\u00e9n puede ser tuya,<\/strong> combinada con una de las oportunidades de inversi\u00f3n m\u00e1s estables del mercado inmobiliario europeo.<\/p><p data-start=\"620\" data-end=\"798\">Ya sea una <strong data-start=\"623\" data-end=\"674\">finca, un adosado, un piso o un local comercial<\/strong>: una propiedad en Mallorca no es s\u00f3lo un lugar para vivir, sino tambi\u00e9n una <strong data-start=\"750\" data-end=\"797\">inversi\u00f3n sostenible y de alto rendimiento<\/strong>.<\/p><h3 data-section-id=\"1lbfad5\" data-start=\"1129\" data-end=\"1172\">Oportunidades de inversi\u00f3n en Mallorca<\/h3><p data-start=\"1174\" data-end=\"1235\">Te asesoramos profesionalmente sobre todas las estrategias pertinentes:<\/p><ul data-start=\"1237\" data-end=\"1445\"><li data-section-id=\"dsdggf\" data-start=\"1237\" data-end=\"1274\"><strong data-start=\"1239\" data-end=\"1253\">Compra para alquilar<\/strong> (alquiler a largo plazo)<\/li><li data-section-id=\"1wk564o\" data-start=\"1275\" data-end=\"1334\"><strong data-start=\"1277\" data-end=\"1301\">Alquiler de vacaciones ETV<\/strong> (alquiler de corta duraci\u00f3n autorizado)<\/li><li data-section-id=\"5po6sw\" data-start=\"1335\" data-end=\"1389\"><strong data-start=\"1337\" data-end=\"1360\">Proyectos Fix &amp; Flip<\/strong> (compra, renovaci\u00f3n, venta)<\/li><li data-section-id=\"exhh98\" data-start=\"1390\" data-end=\"1445\"><strong data-start=\"1392\" data-end=\"1445\">Inversiones inmobiliarias y desarrollo de proyectos inmobiliarios<\/strong><\/li><\/ul>\t\t\t\t\t\t\t\t<\/div>\n\t\t\t\t<\/div>\n\t\t\t\t<\/div>\n\t\t<div class=\"elementor-element elementor-element-9b396c8 e-con-full e-flex e-con e-child\" data-id=\"9b396c8\" data-element_type=\"container\" data-e-type=\"container\">\n\t\t\t\t<div class=\"elementor-element elementor-element-d8d2635 elementor-widget elementor-widget-text-editor\" data-id=\"d8d2635\" data-element_type=\"widget\" data-e-type=\"widget\" data-widget_type=\"text-editor.default\">\n\t\t\t\t<div class=\"elementor-widget-container\">\n\t\t\t\t\t\t\t\t\t<h3 data-section-id=\"hqdazy\" data-start=\"805\" data-end=\"855\">Por qu\u00e9 merece la pena invertir en Mallorca<\/h3><p data-start=\"857\" data-end=\"962\">La fuerte demanda internacional ha garantizado <strong data-start=\"920\" data-end=\"961\">una rentabilidad en constante aumento<\/strong> durante a\u00f1os:<\/p><ul data-start=\"964\" data-end=\"1140\"><li data-section-id=\"5ccb57\" data-start=\"964\" data-end=\"1015\"><strong data-start=\"984\" data-end=\"1015\">Rendimiento<\/strong> medio <strong data-start=\"984\" data-end=\"1015\">del alquiler: aprox. 4,5 % anual.<\/strong><\/li><li data-section-id=\"1w39udj\" data-start=\"1016\" data-end=\"1079\"><strong data-start=\"1031\" data-end=\"1079\">Aumento <\/strong> adicional <strong data-start=\"1031\" data-end=\"1079\">del valor debido a la subida de los precios de los inmuebles <\/strong>(hasta un 46% en algunas regiones en los \u00faltimos a\u00f1os).<\/li><li data-section-id=\"4vp6iw\" data-start=\"1080\" data-end=\"1140\">Gran demanda en <strong data-start=\"1100\" data-end=\"1140\">el mercado de alquiler a largo plazo y vacacional<\/strong><\/li><li data-section-id=\"4vp6iw\" data-start=\"1080\" data-end=\"1140\">Mercado internacional en constante crecimiento (EEUU, Asia, Emiratos&#8230;)<\/li><\/ul><p data-start=\"1142\" data-end=\"1206\">Tu rendimiento es el resultado de dos factores decisivos:<\/p><ol data-start=\"1207\" data-end=\"1300\"><li data-section-id=\"ppblzh\" data-start=\"1207\" data-end=\"1249\"><strong data-start=\"1210\" data-end=\"1249\">Ingresos corrientes por alquiler <\/strong>(amortizaci\u00f3n + flujo de caja)<\/li><li data-section-id=\"d4bcba\" data-start=\"1250\" data-end=\"1300\"><strong data-start=\"1253\" data-end=\"1300\">Aumento a largo plazo del valor de tu propiedad<\/strong><\/li><\/ol><p data-start=\"1302\" data-end=\"1414\">A diferencia de las inversiones tradicionales, siempre conservas <strong data-start=\"1374\" data-end=\"1413\">el control total de tu inversi\u00f3n <\/strong>y tienes varias opciones en funci\u00f3n de la evoluci\u00f3n del mercado.<\/p>\t\t\t\t\t\t\t\t<\/div>\n\t\t\t\t<\/div>\n\t\t\t\t<\/div>\n\t\t\t\t\t<\/div>\n\t\t\t\t<\/div>\n\t\t<div class=\"elementor-element elementor-element-ebcd302 e-flex e-con-boxed e-con e-parent\" data-id=\"ebcd302\" data-element_type=\"container\" data-e-type=\"container\">\n\t\t\t\t\t<div class=\"e-con-inner\">\n\t\t\t\t<div class=\"elementor-element elementor-element-4842d10 elementor-widget elementor-widget-heading\" data-id=\"4842d10\" data-element_type=\"widget\" data-e-type=\"widget\" data-widget_type=\"heading.default\">\n\t\t\t\t<div class=\"elementor-widget-container\">\n\t\t\t\t\t<h2 class=\"elementor-heading-title elementor-size-default\">\u00bfPor qu\u00e9 Lucas Froese Inmobiliaria?<\/h2>\t\t\t\t<\/div>\n\t\t\t\t<\/div>\n\t\t\t\t\t<\/div>\n\t\t\t\t<\/div>\n\t\t<div class=\"elementor-element elementor-element-a661bc4 e-flex e-con-boxed e-con e-parent\" data-id=\"a661bc4\" data-element_type=\"container\" data-e-type=\"container\">\n\t\t\t\t\t<div class=\"e-con-inner\">\n\t\t<div class=\"elementor-element elementor-element-067d7a3 e-con-full e-flex e-con e-child\" data-id=\"067d7a3\" data-element_type=\"container\" data-e-type=\"container\">\n\t\t\t\t<div class=\"elementor-element elementor-element-549d005 elementor-view-default elementor-position-block-start elementor-mobile-position-block-start elementor-widget elementor-widget-icon-box\" data-id=\"549d005\" data-element_type=\"widget\" data-e-type=\"widget\" data-widget_type=\"icon-box.default\">\n\t\t\t\t<div class=\"elementor-widget-container\">\n\t\t\t\t\t\t\t<div class=\"elementor-icon-box-wrapper\">\n\n\t\t\t\t\t\t<div class=\"elementor-icon-box-icon\">\n\t\t\t\t<span  class=\"elementor-icon\">\n\t\t\t\t<svg aria-hidden=\"true\" class=\"e-font-icon-svg e-fab-gitter\" viewBox=\"0 0 384 512\" xmlns=\"http:\/\/www.w3.org\/2000\/svg\"><path d=\"M66.4 322.5H16V0h50.4v322.5zM166.9 76.1h-50.4V512h50.4V76.1zm100.6 0h-50.4V512h50.4V76.1zM368 76h-50.4v247H368V76z\"><\/path><\/svg>\t\t\t\t<\/span>\n\t\t\t<\/div>\n\t\t\t\n\t\t\t\t\t\t<div class=\"elementor-icon-box-content\">\n\n\t\t\t\t\t\t\t\t\t<h3 class=\"elementor-icon-box-title\">\n\t\t\t\t\t\t<span  >\n\t\t\t\t\t\t\tEspecializaci\u00f3n en inversiones de alto rendimiento\t\t\t\t\t\t<\/span>\n\t\t\t\t\t<\/h3>\n\t\t\t\t\n\t\t\t\t\n\t\t\t<\/div>\n\t\t\t\n\t\t<\/div>\n\t\t\t\t\t\t<\/div>\n\t\t\t\t<\/div>\n\t\t\t\t<\/div>\n\t\t<div class=\"elementor-element elementor-element-493df3e e-con-full e-flex e-con e-child\" data-id=\"493df3e\" data-element_type=\"container\" data-e-type=\"container\">\n\t\t\t\t<div class=\"elementor-element elementor-element-18fa460 elementor-view-default elementor-position-block-start elementor-mobile-position-block-start elementor-widget elementor-widget-icon-box\" data-id=\"18fa460\" data-element_type=\"widget\" data-e-type=\"widget\" data-widget_type=\"icon-box.default\">\n\t\t\t\t<div class=\"elementor-widget-container\">\n\t\t\t\t\t\t\t<div class=\"elementor-icon-box-wrapper\">\n\n\t\t\t\t\t\t<div class=\"elementor-icon-box-icon\">\n\t\t\t\t<span  class=\"elementor-icon\">\n\t\t\t\t<svg aria-hidden=\"true\" class=\"e-font-icon-svg e-fas-globe\" viewBox=\"0 0 496 512\" xmlns=\"http:\/\/www.w3.org\/2000\/svg\"><path d=\"M336.5 160C322 70.7 287.8 8 248 8s-74 62.7-88.5 152h177zM152 256c0 22.2 1.2 43.5 3.3 64h185.3c2.1-20.5 3.3-41.8 3.3-64s-1.2-43.5-3.3-64H155.3c-2.1 20.5-3.3 41.8-3.3 64zm324.7-96c-28.6-67.9-86.5-120.4-158-141.6 24.4 33.8 41.2 84.7 50 141.6h108zM177.2 18.4C105.8 39.6 47.8 92.1 19.3 160h108c8.7-56.9 25.5-107.8 49.9-141.6zM487.4 192H372.7c2.1 21 3.3 42.5 3.3 64s-1.2 43-3.3 64h114.6c5.5-20.5 8.6-41.8 8.6-64s-3.1-43.5-8.5-64zM120 256c0-21.5 1.2-43 3.3-64H8.6C3.2 212.5 0 233.8 0 256s3.2 43.5 8.6 64h114.6c-2-21-3.2-42.5-3.2-64zm39.5 96c14.5 89.3 48.7 152 88.5 152s74-62.7 88.5-152h-177zm159.3 141.6c71.4-21.2 129.4-73.7 158-141.6h-108c-8.8 56.9-25.6 107.8-50 141.6zM19.3 352c28.6 67.9 86.5 120.4 158 141.6-24.4-33.8-41.2-84.7-50-141.6h-108z\"><\/path><\/svg>\t\t\t\t<\/span>\n\t\t\t<\/div>\n\t\t\t\n\t\t\t\t\t\t<div class=\"elementor-icon-box-content\">\n\n\t\t\t\t\t\t\t\t\t<h3 class=\"elementor-icon-box-title\">\n\t\t\t\t\t\t<span  >\n\t\t\t\t\t\t\tConocimiento del mercado local y red exclusiva\t\t\t\t\t\t<\/span>\n\t\t\t\t\t<\/h3>\n\t\t\t\t\n\t\t\t\t\n\t\t\t<\/div>\n\t\t\t\n\t\t<\/div>\n\t\t\t\t\t\t<\/div>\n\t\t\t\t<\/div>\n\t\t\t\t<\/div>\n\t\t<div class=\"elementor-element elementor-element-0f2e3db e-con-full e-flex e-con e-child\" data-id=\"0f2e3db\" data-element_type=\"container\" data-e-type=\"container\">\n\t\t\t\t<div class=\"elementor-element elementor-element-889d3ed elementor-view-default elementor-position-block-start elementor-mobile-position-block-start elementor-widget elementor-widget-icon-box\" data-id=\"889d3ed\" data-element_type=\"widget\" data-e-type=\"widget\" data-widget_type=\"icon-box.default\">\n\t\t\t\t<div class=\"elementor-widget-container\">\n\t\t\t\t\t\t\t<div class=\"elementor-icon-box-wrapper\">\n\n\t\t\t\t\t\t<div class=\"elementor-icon-box-icon\">\n\t\t\t\t<span  class=\"elementor-icon\">\n\t\t\t\t<svg aria-hidden=\"true\" class=\"e-font-icon-svg e-fas-map-signs\" viewBox=\"0 0 512 512\" xmlns=\"http:\/\/www.w3.org\/2000\/svg\"><path d=\"M507.31 84.69L464 41.37c-6-6-14.14-9.37-22.63-9.37H288V16c0-8.84-7.16-16-16-16h-32c-8.84 0-16 7.16-16 16v16H56c-13.25 0-24 10.75-24 24v80c0 13.25 10.75 24 24 24h385.37c8.49 0 16.62-3.37 22.63-9.37l43.31-43.31c6.25-6.26 6.25-16.38 0-22.63zM224 496c0 8.84 7.16 16 16 16h32c8.84 0 16-7.16 16-16V384h-64v112zm232-272H288v-32h-64v32H70.63c-8.49 0-16.62 3.37-22.63 9.37L4.69 276.69c-6.25 6.25-6.25 16.38 0 22.63L48 342.63c6 6 14.14 9.37 22.63 9.37H456c13.25 0 24-10.75 24-24v-80c0-13.25-10.75-24-24-24z\"><\/path><\/svg>\t\t\t\t<\/span>\n\t\t\t<\/div>\n\t\t\t\n\t\t\t\t\t\t<div class=\"elementor-icon-box-content\">\n\n\t\t\t\t\t\t\t\t\t<h3 class=\"elementor-icon-box-title\">\n\t\t\t\t\t\t<span  >\n\t\t\t\t\t\t\tAsesoramiento personal, discreto y orientado a los resultados\t\t\t\t\t\t<\/span>\n\t\t\t\t\t<\/h3>\n\t\t\t\t\n\t\t\t\t\n\t\t\t<\/div>\n\t\t\t\n\t\t<\/div>\n\t\t\t\t\t\t<\/div>\n\t\t\t\t<\/div>\n\t\t\t\t<\/div>\n\t\t<div class=\"elementor-element elementor-element-62857d4 e-con-full e-flex e-con e-child\" data-id=\"62857d4\" data-element_type=\"container\" data-e-type=\"container\">\n\t\t\t\t<div class=\"elementor-element elementor-element-75f31dc elementor-view-default elementor-position-block-start elementor-mobile-position-block-start elementor-widget elementor-widget-icon-box\" data-id=\"75f31dc\" data-element_type=\"widget\" data-e-type=\"widget\" data-widget_type=\"icon-box.default\">\n\t\t\t\t<div class=\"elementor-widget-container\">\n\t\t\t\t\t\t\t<div class=\"elementor-icon-box-wrapper\">\n\n\t\t\t\t\t\t<div class=\"elementor-icon-box-icon\">\n\t\t\t\t<span  class=\"elementor-icon\">\n\t\t\t\t<svg aria-hidden=\"true\" class=\"e-font-icon-svg e-far-calendar-alt\" viewBox=\"0 0 448 512\" xmlns=\"http:\/\/www.w3.org\/2000\/svg\"><path d=\"M148 288h-40c-6.6 0-12-5.4-12-12v-40c0-6.6 5.4-12 12-12h40c6.6 0 12 5.4 12 12v40c0 6.6-5.4 12-12 12zm108-12v-40c0-6.6-5.4-12-12-12h-40c-6.6 0-12 5.4-12 12v40c0 6.6 5.4 12 12 12h40c6.6 0 12-5.4 12-12zm96 0v-40c0-6.6-5.4-12-12-12h-40c-6.6 0-12 5.4-12 12v40c0 6.6 5.4 12 12 12h40c6.6 0 12-5.4 12-12zm-96 96v-40c0-6.6-5.4-12-12-12h-40c-6.6 0-12 5.4-12 12v40c0 6.6 5.4 12 12 12h40c6.6 0 12-5.4 12-12zm-96 0v-40c0-6.6-5.4-12-12-12h-40c-6.6 0-12 5.4-12 12v40c0 6.6 5.4 12 12 12h40c6.6 0 12-5.4 12-12zm192 0v-40c0-6.6-5.4-12-12-12h-40c-6.6 0-12 5.4-12 12v40c0 6.6 5.4 12 12 12h40c6.6 0 12-5.4 12-12zm96-260v352c0 26.5-21.5 48-48 48H48c-26.5 0-48-21.5-48-48V112c0-26.5 21.5-48 48-48h48V12c0-6.6 5.4-12 12-12h40c6.6 0 12 5.4 12 12v52h128V12c0-6.6 5.4-12 12-12h40c6.6 0 12 5.4 12 12v52h48c26.5 0 48 21.5 48 48zm-48 346V160H48v298c0 3.3 2.7 6 6 6h340c3.3 0 6-2.7 6-6z\"><\/path><\/svg>\t\t\t\t<\/span>\n\t\t\t<\/div>\n\t\t\t\n\t\t\t\t\t\t<div class=\"elementor-icon-box-content\">\n\n\t\t\t\t\t\t\t\t\t<h3 class=\"elementor-icon-box-title\">\n\t\t\t\t\t\t<span  >\n\t\t\t\t\t\t\tCentrarse en la creaci\u00f3n de riqueza sostenible\t\t\t\t\t\t<\/span>\n\t\t\t\t\t<\/h3>\n\t\t\t\t\n\t\t\t\t\n\t\t\t<\/div>\n\t\t\t\n\t\t<\/div>\n\t\t\t\t\t\t<\/div>\n\t\t\t\t<\/div>\n\t\t\t\t<\/div>\n\t\t\t\t\t<\/div>\n\t\t\t\t<\/div>\n\t\t<div class=\"elementor-element elementor-element-60b079a e-flex e-con-boxed e-con e-parent\" data-id=\"60b079a\" data-element_type=\"container\" data-e-type=\"container\">\n\t\t\t\t\t<div class=\"e-con-inner\">\n\t\t<div class=\"elementor-element elementor-element-5b449f6 e-con-full e-flex e-con e-child\" data-id=\"5b449f6\" data-element_type=\"container\" data-e-type=\"container\">\n\t\t\t\t<div class=\"elementor-element elementor-element-c7c4869 elementor-widget elementor-widget-image\" data-id=\"c7c4869\" data-element_type=\"widget\" data-e-type=\"widget\" data-widget_type=\"image.default\">\n\t\t\t\t<div class=\"elementor-widget-container\">\n\t\t\t\t\t\t\t\t\t\t\t\t\t\t\t<img decoding=\"async\" loading=\"eager\" width=\"738\" height=\"492\" src=\"https:\/\/www.lucasfroeserealestate.com\/wp-content\/uploads\/2026\/04\/Diseno-sin-titulo-2026-04-16T164623.857-1024x683.jpg\" class=\"attachment-large size-large wp-image-83584\" alt=\"Mallorca Inversi\u00f3n Inmobiliaria\" srcset=\"https:\/\/www.lucasfroeserealestate.com\/wp-content\/uploads\/2026\/04\/Diseno-sin-titulo-2026-04-16T164623.857-1024x683.jpg 1024w, https:\/\/www.lucasfroeserealestate.com\/wp-content\/uploads\/2026\/04\/Diseno-sin-titulo-2026-04-16T164623.857-300x200.jpg 300w, https:\/\/www.lucasfroeserealestate.com\/wp-content\/uploads\/2026\/04\/Diseno-sin-titulo-2026-04-16T164623.857-768x512.jpg 768w, https:\/\/www.lucasfroeserealestate.com\/wp-content\/uploads\/2026\/04\/Diseno-sin-titulo-2026-04-16T164623.857-150x100.jpg 150w, https:\/\/www.lucasfroeserealestate.com\/wp-content\/uploads\/2026\/04\/Diseno-sin-titulo-2026-04-16T164623.857-488x326.jpg 488w, https:\/\/www.lucasfroeserealestate.com\/wp-content\/uploads\/2026\/04\/Diseno-sin-titulo-2026-04-16T164623.857.jpg 1200w\" sizes=\"(max-width: 738px) 100vw, 738px\" title=\"\">\t\t\t\t\t\t\t\t\t\t\t\t\t\t\t<\/div>\n\t\t\t\t<\/div>\n\t\t\t\t<\/div>\n\t\t<div class=\"elementor-element elementor-element-4015798 e-con-full e-flex e-con e-child\" data-id=\"4015798\" data-element_type=\"container\" data-e-type=\"container\">\n\t\t\t\t<div class=\"elementor-element elementor-element-61045b0 elementor-widget elementor-widget-text-editor\" data-id=\"61045b0\" data-element_type=\"widget\" data-e-type=\"widget\" data-widget_type=\"text-editor.default\">\n\t\t\t\t<div class=\"elementor-widget-container\">\n\t\t\t\t\t\t\t\t\t<h3 data-section-id=\"ucs00h\" data-start=\"1703\" data-end=\"1745\">Asegura ahora el potencial de inversi\u00f3n<\/h3><p data-start=\"1747\" data-end=\"1830\">Desarrollemos juntos tu estrategia \u00f3ptima de inversi\u00f3n en Mallorca.<\/p><p data-start=\"1832\" data-end=\"1898\"><strong data-start=\"1832\" data-end=\"1898\">\u00a1Concierta ahora una consulta sin compromiso con nuestro equipo!<\/strong><\/p>\t\t\t\t\t\t\t\t<\/div>\n\t\t\t\t<\/div>\n\t\t\t\t<\/div>\n\t\t\t\t\t<\/div>\n\t\t\t\t<\/div>\n\t\t<div class=\"elementor-element elementor-element-2c5a606 e-flex e-con-boxed e-con e-parent\" data-id=\"2c5a606\" data-element_type=\"container\" data-e-type=\"container\">\n\t\t\t\t\t<div class=\"e-con-inner\">\n\t\t\t\t\t<\/div>\n\t\t\t\t<\/div>\n\t\t\t\t<\/div>\n\t\t","protected":false},"excerpt":{"rendered":"<p>Inversiones Lucas Froese Real Estate es tu socio especializado para inversiones inmobiliarias de alta calidad en Mallorca, desde la estrategia inicial hasta la finalizaci\u00f3n con \u00e9xito. \u00bfBuscas inversiones inmobiliarias en Mallorca? Te guiamos a lo largo de todo el proceso de b\u00fasqueda y compra, y trabajamos contigo para desarrollar una estrategia de inversi\u00f3n personalizada, adaptada&#8230;<\/p>\n","protected":false},"author":1,"featured_media":0,"parent":0,"menu_order":0,"comment_status":"closed","ping_status":"closed","template":"templates\/properties.php","meta":{"footnotes":""},"class_list":["post-5703","page","type-page","status-publish","hentry"],"_links":{"self":[{"href":"https:\/\/www.lucasfroeserealestate.com\/es\/wp-json\/wp\/v2\/pages\/5703","targetHints":{"allow":["GET"]}}],"collection":[{"href":"https:\/\/www.lucasfroeserealestate.com\/es\/wp-json\/wp\/v2\/pages"}],"about":[{"href":"https:\/\/www.lucasfroeserealestate.com\/es\/wp-json\/wp\/v2\/types\/page"}],"author":[{"embeddable":true,"href":"https:\/\/www.lucasfroeserealestate.com\/es\/wp-json\/wp\/v2\/users\/1"}],"replies":[{"embeddable":true,"href":"https:\/\/www.lucasfroeserealestate.com\/es\/wp-json\/wp\/v2\/comments?post=5703"}],"version-history":[{"count":4,"href":"https:\/\/www.lucasfroeserealestate.com\/es\/wp-json\/wp\/v2\/pages\/5703\/revisions"}],"predecessor-version":[{"id":83586,"href":"https:\/\/www.lucasfroeserealestate.com\/es\/wp-json\/wp\/v2\/pages\/5703\/revisions\/83586"}],"wp:attachment":[{"href":"https:\/\/www.lucasfroeserealestate.com\/es\/wp-json\/wp\/v2\/media?parent=5703"}],"curies":[{"name":"wp","href":"https:\/\/api.w.org\/{rel}","templated":true}]}}