{"id":56484,"date":"2024-09-24T12:54:02","date_gmt":"2024-09-24T10:54:02","guid":{"rendered":"https:\/\/www.lucasfroeserealestate.com\/propiedades-en-llucmajor\/"},"modified":"2026-01-11T23:17:05","modified_gmt":"2026-01-11T22:17:05","slug":"propiedades-en-llucmajor","status":"publish","type":"page","link":"https:\/\/www.lucasfroeserealestate.com\/es\/propiedades-en-llucmajor\/","title":{"rendered":"Propiedades en Llucmajor"},"content":{"rendered":"\t\t<div data-elementor-type=\"wp-page\" data-elementor-id=\"56484\" class=\"elementor elementor-56484 elementor-56481\" data-elementor-post-type=\"page\">\n\t\t\t\t\t\t<section class=\"elementor-section elementor-top-section elementor-element elementor-element-67ef130 elementor-section-boxed elementor-section-height-default elementor-section-height-default\" data-id=\"67ef130\" data-element_type=\"section\" data-e-type=\"section\">\n\t\t\t\t\t\t<div class=\"elementor-container elementor-column-gap-default\">\n\t\t\t\t\t<div class=\"elementor-column elementor-col-100 elementor-top-column elementor-element elementor-element-130f4d34\" data-id=\"130f4d34\" data-element_type=\"column\" data-e-type=\"column\">\n\t\t\t<div class=\"elementor-widget-wrap elementor-element-populated\">\n\t\t\t\t\t\t<div class=\"elementor-element elementor-element-542f4cd6 elementor-widget elementor-widget-text-editor\" data-id=\"542f4cd6\" data-element_type=\"widget\" data-e-type=\"widget\" data-widget_type=\"text-editor.default\">\n\t\t\t\t<div class=\"elementor-widget-container\">\n\t\t\t\t\t\t\t\t\t<h1>Propiedades en Llucmajor<\/h1><h3>Propiedades en Llucmajor, Cala Pi, Cala Blava, Arenal, Puigderr\u00f3s, Son veri nou, Maioris&#8230;<\/h3><p>Llucmajor, situado en el sur de Mallorca, es un lugar lleno de historia, tradici\u00f3n y belleza natural. A s\u00f3lo 20 minutos de Palma, Llucmajor ofrece una combinaci\u00f3n perfecta de idilio rural y comodidad urbana. Con su arquitectura tradicional, sus encantadores pueblos y sus impresionantes paisajes, este lugar es el sitio ideal para los compradores de propiedades que buscan tranquilidad y autenticidad.  <\/p><h2>Llucmajor: Un pueblo con historia y tradici\u00f3n<\/h2><p>Llucmajor es conocida por su rica historia, que se remonta a la \u00e9poca romana. En el centro de la ciudad encontrar\u00e1s edificios hist\u00f3ricos, mercados tradicionales y animadas plazas que reflejan la aut\u00e9ntica Mallorca. Destaca la imponente iglesia parroquial de Sant Miquel, que domina el paisaje urbano. Lejos del centro urbano, encontrar\u00e1s extensos campos, pinares y hermosas fincas que se integran perfectamente en el entorno natural.   <\/p><h3>Actividades de ocio y atracciones<\/h3><p>Los amantes de la naturaleza y los veraneantes activos pueden hacer valer su dinero en Llucmajor. La cercana <strong>monta\u00f1a de Randa<\/strong> ofrece espectaculares rutas de senderismo y uno de los mejores miradores de la isla. Los aficionados al golf tambi\u00e9n encontrar\u00e1n condiciones ideales en la regi\u00f3n, por ejemplo en <strong>el Club de Golf Son Antem<\/strong>, situado no lejos del pueblo.  <\/p><p>Las playas <strong>de Cala Blava<\/strong> y <strong>Arenal<\/strong> est\u00e1n a pocos kil\u00f3metros y te invitan a pasar d\u00edas de relax en la playa con sus aguas turquesas. Para las actividades deportivas, hay numerosas rutas de ciclismo y senderismo que atraviesan el id\u00edlico paisaje. <\/p>\t\t\t\t\t\t\t\t<\/div>\n\t\t\t\t<\/div>\n\t\t\t\t<div class=\"elementor-element elementor-element-a7de484 elementor-widget elementor-widget-image\" data-id=\"a7de484\" data-element_type=\"widget\" data-e-type=\"widget\" data-widget_type=\"image.default\">\n\t\t\t\t<div class=\"elementor-widget-container\">\n\t\t\t\t\t\t\t\t\t\t\t\t\t\t\t<img fetchpriority=\"high\" decoding=\"async\" loading=\"eager\" width=\"738\" height=\"185\" src=\"https:\/\/www.lucasfroeserealestate.com\/wp-content\/uploads\/2024\/09\/Llucmajor-1-1024x256.jpg\" class=\"attachment-large size-large wp-image-56549\" alt=\"Llucmajor Immobilien\" srcset=\"https:\/\/www.lucasfroeserealestate.com\/wp-content\/uploads\/2024\/09\/Llucmajor-1-1024x256.jpg 1024w, https:\/\/www.lucasfroeserealestate.com\/wp-content\/uploads\/2024\/09\/Llucmajor-1-300x75.jpg 300w, https:\/\/www.lucasfroeserealestate.com\/wp-content\/uploads\/2024\/09\/Llucmajor-1-768x192.jpg 768w, https:\/\/www.lucasfroeserealestate.com\/wp-content\/uploads\/2024\/09\/Llucmajor-1-150x38.jpg 150w, https:\/\/www.lucasfroeserealestate.com\/wp-content\/uploads\/2024\/09\/Llucmajor-1.jpg 1200w\" sizes=\"(max-width: 738px) 100vw, 738px\" title=\"\">\t\t\t\t\t\t\t\t\t\t\t\t\t\t\t<\/div>\n\t\t\t\t<\/div>\n\t\t\t\t\t<\/div>\n\t\t<\/div>\n\t\t\t\t\t<\/div>\n\t\t<\/section>\n\t\t\t\t<section class=\"elementor-section elementor-top-section elementor-element elementor-element-3003ebb elementor-section-boxed elementor-section-height-default elementor-section-height-default\" data-id=\"3003ebb\" data-element_type=\"section\" data-e-type=\"section\">\n\t\t\t\t\t\t<div class=\"elementor-container elementor-column-gap-default\">\n\t\t\t\t\t<div class=\"elementor-column elementor-col-66 elementor-top-column elementor-element elementor-element-d456136\" data-id=\"d456136\" data-element_type=\"column\" data-e-type=\"column\">\n\t\t\t<div class=\"elementor-widget-wrap elementor-element-populated\">\n\t\t\t\t\t\t<div class=\"elementor-element elementor-element-70f0540 elementor-widget elementor-widget-text-editor\" data-id=\"70f0540\" data-element_type=\"widget\" data-e-type=\"widget\" data-widget_type=\"text-editor.default\">\n\t\t\t\t<div class=\"elementor-widget-container\">\n\t\t\t\t\t\t\t\t\t<h2>Las playas m\u00e1s bonitas de Llucmajor<\/h2><p>Llucmajor, situado en el sur de Mallorca, ofrece numerosas playas y calas de gran belleza que se caracterizan por su belleza natural y su tranquilidad. El litoral de la regi\u00f3n se caracteriza por id\u00edlicas playas de arena, escarpados acantilados y peque\u00f1as calas solitarias. <\/p><h3>Cala Pi<\/h3><p>Cala Pi es una de las playas m\u00e1s famosas de Llucmajor. La pintoresca bah\u00eda de arena fina y aguas azul turquesa est\u00e1 rodeada de altos acantilados que ofrecen unas vistas impresionantes. Gracias a su ubicaci\u00f3n resguardada, la playa es ideal para familias y para quienes practican snorkel.  <\/p><h3>Badia Blava<\/h3><p>Badia Blava es una playa peque\u00f1a y rocosa, perfecta para tomar el sol y pasar tranquilos d\u00edas de playa lejos de las multitudes. Ofrece una hermosa vista del mar abierto y es uno de los lugares favoritos de los lugare\u00f1os. <\/p><h3>Playa Es Calonet d&#8217;es Fornas<\/h3><p>Esta playa virgen es una aut\u00e9ntica recomendaci\u00f3n. Con sus aguas cristalinas y su ubicaci\u00f3n aislada, es ideal para los visitantes que quieran disfrutar de la naturaleza virgen de Mallorca en paz y tranquilidad. <\/p><h3>Cala Blava<\/h3><p>Cala Blava ofrece arena fina y aguas poco profundas, lo que la convierte en la playa favorita de las familias con ni\u00f1os. La peque\u00f1a bah\u00eda impresiona por su ambiente tranquilo y su proximidad a Palma. <\/p>\t\t\t\t\t\t\t\t<\/div>\n\t\t\t\t<\/div>\n\t\t\t\t\t<\/div>\n\t\t<\/div>\n\t\t\t\t<div class=\"elementor-column elementor-col-33 elementor-top-column elementor-element elementor-element-45a9b80\" data-id=\"45a9b80\" data-element_type=\"column\" data-e-type=\"column\">\n\t\t\t<div class=\"elementor-widget-wrap elementor-element-populated\">\n\t\t\t\t\t\t<div class=\"elementor-element elementor-element-7860164 elementor-widget elementor-widget-image\" data-id=\"7860164\" data-element_type=\"widget\" data-e-type=\"widget\" data-widget_type=\"image.default\">\n\t\t\t\t<div class=\"elementor-widget-container\">\n\t\t\t\t\t\t\t\t\t\t\t\t\t\t\t<img decoding=\"async\" loading=\"eager\" width=\"303\" height=\"600\" src=\"https:\/\/www.lucasfroeserealestate.com\/wp-content\/uploads\/2024\/09\/immobilien-llucmajor-cala-pi.jpg\" class=\"attachment-large size-large wp-image-56546\" alt=\"Immobilien Llucmajor Cala Pi\" srcset=\"https:\/\/www.lucasfroeserealestate.com\/wp-content\/uploads\/2024\/09\/immobilien-llucmajor-cala-pi.jpg 303w, https:\/\/www.lucasfroeserealestate.com\/wp-content\/uploads\/2024\/09\/immobilien-llucmajor-cala-pi-152x300.jpg 152w, https:\/\/www.lucasfroeserealestate.com\/wp-content\/uploads\/2024\/09\/immobilien-llucmajor-cala-pi-76x150.jpg 76w\" sizes=\"(max-width: 303px) 100vw, 303px\" title=\"\">\t\t\t\t\t\t\t\t\t\t\t\t\t\t\t<\/div>\n\t\t\t\t<\/div>\n\t\t\t\t\t<\/div>\n\t\t<\/div>\n\t\t\t\t\t<\/div>\n\t\t<\/section>\n\t\t\t\t<section class=\"elementor-section elementor-top-section elementor-element elementor-element-b3c5ac7 elementor-section-boxed elementor-section-height-default elementor-section-height-default\" data-id=\"b3c5ac7\" data-element_type=\"section\" data-e-type=\"section\">\n\t\t\t\t\t\t<div class=\"elementor-container elementor-column-gap-default\">\n\t\t\t\t\t<div class=\"elementor-column elementor-col-50 elementor-top-column elementor-element elementor-element-ccb390b\" data-id=\"ccb390b\" data-element_type=\"column\" data-e-type=\"column\">\n\t\t\t<div class=\"elementor-widget-wrap elementor-element-populated\">\n\t\t\t\t\t\t<div class=\"elementor-element elementor-element-e6471fd elementor-widget elementor-widget-text-editor\" data-id=\"e6471fd\" data-element_type=\"widget\" data-e-type=\"widget\" data-widget_type=\"text-editor.default\">\n\t\t\t\t<div class=\"elementor-widget-container\">\n\t\t\t\t\t\t\t\t\t<h2>Los mejores restaurantes de Llucmajor<\/h2><p>Llucmajor ofrece una impresionante selecci\u00f3n de restaurantes, desde cocina tradicional mallorquina hasta especialidades internacionales. Aqu\u00ed tienes algunos de los mejores restaurantes que sin duda debes visitar en Llucmajor. <\/p><h4>1\u00ba <strong>Andreu Genestra - Hotel Zo\u00ebtry<\/strong><\/h4><p>Este restaurante de lujo ofrece exclusivos platos mediterr\u00e1neos con acentos modernos. Los men\u00fas son creativos y los ingredientes suelen ser de origen local. <\/p><h4>2. <strong>Club Mar\u00edtimo Mhares<\/strong><\/h4><p>Con una impresionante ubicaci\u00f3n frente al mar, Mhares Sea Club combina una exquisita gastronom\u00eda con unas vistas incomparables del Mediterr\u00e1neo. Perfecto para una cena rom\u00e1ntica al atardecer. <\/p><h4>3. <strong>bistro Mercat<\/strong><\/h4><p>Este encantador bistr\u00f3 del centro de Llucmajor ofrece un ambiente relajado y un men\u00fa variado con platos locales e internacionales. Una recomendaci\u00f3n absoluta para gourmets. <\/p><h4>4. <strong>tomates verdes<\/strong><\/h4><p>Tomates Verdes ofrece cocina mediterr\u00e1nea creativa con un toque moderno. El innovador men\u00fa combina ingredientes locales frescos con influencias internacionales. <\/p><h4>5. <strong>contrabando<\/strong><\/h4><p>Este animado restaurante es conocido por su cocina de fusi\u00f3n creativa y su excelente servicio. Imprescindible para quien quiera disfrutar de platos modernos y poco convencionales en un ambiente relajado. <\/p>\t\t\t\t\t\t\t\t<\/div>\n\t\t\t\t<\/div>\n\t\t\t\t\t<\/div>\n\t\t<\/div>\n\t\t\t\t<div class=\"elementor-column elementor-col-50 elementor-top-column elementor-element elementor-element-72e45b0\" data-id=\"72e45b0\" data-element_type=\"column\" data-e-type=\"column\">\n\t\t\t<div class=\"elementor-widget-wrap elementor-element-populated\">\n\t\t\t\t\t\t<div class=\"elementor-element elementor-element-b45e622 elementor-widget elementor-widget-image\" data-id=\"b45e622\" data-element_type=\"widget\" data-e-type=\"widget\" data-widget_type=\"image.default\">\n\t\t\t\t<div class=\"elementor-widget-container\">\n\t\t\t\t\t\t\t\t\t\t\t\t\t\t\t<img decoding=\"async\" loading=\"eager\" width=\"738\" height=\"415\" src=\"https:\/\/www.lucasfroeserealestate.com\/wp-content\/uploads\/2023\/11\/Neubau-Designervilla-mit-Pool-in-Llucmajor-14-1024x576.jpg\" class=\"attachment-large size-large wp-image-45709\" alt=\"Salzwasser-Pool-Luxusimmobilien-Mallorca\" srcset=\"https:\/\/www.lucasfroeserealestate.com\/wp-content\/uploads\/2023\/11\/Neubau-Designervilla-mit-Pool-in-Llucmajor-14-1024x576.jpg 1024w, https:\/\/www.lucasfroeserealestate.com\/wp-content\/uploads\/2023\/11\/Neubau-Designervilla-mit-Pool-in-Llucmajor-14-300x169.jpg 300w, https:\/\/www.lucasfroeserealestate.com\/wp-content\/uploads\/2023\/11\/Neubau-Designervilla-mit-Pool-in-Llucmajor-14-768x432.jpg 768w, https:\/\/www.lucasfroeserealestate.com\/wp-content\/uploads\/2023\/11\/Neubau-Designervilla-mit-Pool-in-Llucmajor-14-1536x864.jpg 1536w, https:\/\/www.lucasfroeserealestate.com\/wp-content\/uploads\/2023\/11\/Neubau-Designervilla-mit-Pool-in-Llucmajor-14-150x84.jpg 150w, https:\/\/www.lucasfroeserealestate.com\/wp-content\/uploads\/2023\/11\/Neubau-Designervilla-mit-Pool-in-Llucmajor-14.jpg 1920w\" sizes=\"(max-width: 738px) 100vw, 738px\" title=\"\">\t\t\t\t\t\t\t\t\t\t\t\t\t\t\t<\/div>\n\t\t\t\t<\/div>\n\t\t\t\t<div class=\"elementor-element elementor-element-d3a3c91 elementor-widget elementor-widget-text-editor\" data-id=\"d3a3c91\" data-element_type=\"widget\" data-e-type=\"widget\" data-widget_type=\"text-editor.default\">\n\t\t\t\t<div class=\"elementor-widget-container\">\n\t\t\t\t\t\t\t\t\t<h2>Mercado inmobiliario en Llucmajor: fincas tradicionales y chalets modernos<\/h2><p>El mercado inmobiliario de Llucmajor es diverso y ofrece tanto fincas tradicionales en el interior como lujosas villas cerca del mar. El precio medio de compra de fincas grandes con mucho terreno ronda los 1,4 millones de euros, mientras que las villas cerca de la costa, por ejemplo en <strong>Cala Blava<\/strong>, tambi\u00e9n tienen mucha demanda. <\/p><p>El mercado inmobiliario de Mallorca experimenta actualmente un aumento constante de los precios, lo que convierte a Llucmajor en una atractiva oportunidad de inversi\u00f3n. Los precios suben una media del 10,5% anual, lo que promete una s\u00f3lida rentabilidad. <\/p><h2>\u00bfPor qu\u00e9 elegir Llucmajor como lugar para vivir?<\/h2><p>Llucmajor ofrece una calidad de vida \u00fanica. La tranquilidad de la vida rural, combinada con la proximidad a Palma, hace que este lugar sea especialmente atractivo. La regi\u00f3n no s\u00f3lo es muy interesante para las familias, sino tambi\u00e9n para los inversores que buscan una propiedad vacacional. Con una propiedad en Llucmajor, puedes asegurarte un trozo de la aut\u00e9ntica Mallorca, lejos de las multitudes de turistas, pero con todas las comodidades que necesitas.   <\/p>\t\t\t\t\t\t\t\t<\/div>\n\t\t\t\t<\/div>\n\t\t\t\t\t<\/div>\n\t\t<\/div>\n\t\t\t\t\t<\/div>\n\t\t<\/section>\n\t\t\t\t<\/div>\n\t\t","protected":false},"excerpt":{"rendered":"<p>Propiedades en Llucmajor Propiedades en Llucmajor, Cala Pi, Cala Blava, Arenal, Puigderr\u00f3s, Son veri nou, Maioris&#8230; Llucmajor, situado en el sur de Mallorca, es un lugar lleno de historia, tradici\u00f3n y belleza natural. A s\u00f3lo 20 minutos de Palma, Llucmajor ofrece una combinaci\u00f3n perfecta de idilio rural y comodidad urbana. Con su arquitectura tradicional, sus&#8230;<\/p>\n","protected":false},"author":1,"featured_media":0,"parent":0,"menu_order":0,"comment_status":"closed","ping_status":"closed","template":"templates\/properties.php","meta":{"footnotes":""},"class_list":["post-56484","page","type-page","status-publish","hentry"],"_links":{"self":[{"href":"https:\/\/www.lucasfroeserealestate.com\/es\/wp-json\/wp\/v2\/pages\/56484","targetHints":{"allow":["GET"]}}],"collection":[{"href":"https:\/\/www.lucasfroeserealestate.com\/es\/wp-json\/wp\/v2\/pages"}],"about":[{"href":"https:\/\/www.lucasfroeserealestate.com\/es\/wp-json\/wp\/v2\/types\/page"}],"author":[{"embeddable":true,"href":"https:\/\/www.lucasfroeserealestate.com\/es\/wp-json\/wp\/v2\/users\/1"}],"replies":[{"embeddable":true,"href":"https:\/\/www.lucasfroeserealestate.com\/es\/wp-json\/wp\/v2\/comments?post=56484"}],"version-history":[{"count":2,"href":"https:\/\/www.lucasfroeserealestate.com\/es\/wp-json\/wp\/v2\/pages\/56484\/revisions"}],"predecessor-version":[{"id":79807,"href":"https:\/\/www.lucasfroeserealestate.com\/es\/wp-json\/wp\/v2\/pages\/56484\/revisions\/79807"}],"wp:attachment":[{"href":"https:\/\/www.lucasfroeserealestate.com\/es\/wp-json\/wp\/v2\/media?parent=56484"}],"curies":[{"name":"wp","href":"https:\/\/api.w.org\/{rel}","templated":true}]}}