{"id":51359,"date":"2024-04-15T12:53:50","date_gmt":"2024-04-15T10:53:50","guid":{"rendered":"https:\/\/www.lucasfroeserealestate.com\/tarjeta-lf-partner\/"},"modified":"2025-08-27T15:46:22","modified_gmt":"2025-08-27T13:46:22","slug":"tarjeta-lf-partner","status":"publish","type":"page","link":"https:\/\/www.lucasfroeserealestate.com\/es\/tarjeta-lf-partner\/","title":{"rendered":"Tarjeta LF Partner"},"content":{"rendered":"\t\t<div data-elementor-type=\"wp-page\" data-elementor-id=\"51359\" class=\"elementor elementor-51359 elementor-51349\" data-elementor-post-type=\"page\">\n\t\t\t\t\t\t<section class=\"elementor-section elementor-top-section elementor-element elementor-element-da6c6e5 elementor-section-boxed elementor-section-height-default elementor-section-height-default\" data-id=\"da6c6e5\" data-element_type=\"section\" data-e-type=\"section\">\n\t\t\t\t\t\t<div class=\"elementor-container elementor-column-gap-default\">\n\t\t\t\t\t<div class=\"elementor-column elementor-col-100 elementor-top-column elementor-element elementor-element-cd49c03\" data-id=\"cd49c03\" data-element_type=\"column\" data-e-type=\"column\">\n\t\t\t<div class=\"elementor-widget-wrap elementor-element-populated\">\n\t\t\t\t\t\t<div class=\"elementor-element elementor-element-8ab7aaf elementor-widget elementor-widget-text-editor\" data-id=\"8ab7aaf\" data-element_type=\"widget\" data-e-type=\"widget\" data-widget_type=\"text-editor.default\">\n\t\t\t\t<div class=\"elementor-widget-container\">\n\t\t\t\t\t\t\t\t\t<p class=\"\" data-start=\"130\" data-end=\"576\">\u00bfHas hablado alguna vez con amigos o familiares sobre la compra de una casa en Mallorca? \u00bfO te has <strong> fijado recientemente en<\/strong> el <strong> cartel de \u00abSe vende\u00bb de la casa de tu vecino<\/strong> e inmediatamente has pensado en alguien para quien ser\u00eda perfecta?<br data-start=\"391\" data-end=\"394\">Tal vez ya te sientas muy c\u00f3modo con nuestra filosof\u00eda y tengas la sensaci\u00f3n de que todo encaja con nosotros: el equipo, los valores, la forma de hacer las cosas. <\/p><p class=\"\" data-start=\"578\" data-end=\"658\"><strong>Si te encuentras asintiendo interiormente ante tales pensamientos, \u00a1entonces charlemos!<\/strong><\/p>\t\t\t\t\t\t\t\t<\/div>\n\t\t\t\t<\/div>\n\t\t\t\t<div class=\"elementor-element elementor-element-cbcc480 elementor-widget elementor-widget-image\" data-id=\"cbcc480\" data-element_type=\"widget\" data-e-type=\"widget\" data-widget_type=\"image.default\">\n\t\t\t\t<div class=\"elementor-widget-container\">\n\t\t\t\t\t\t\t\t\t\t\t\t\t\t\t<img decoding=\"async\" loading=\"lazy\" src=\"https:\/\/www.lucasfroeserealestate.com\/wp-content\/plugins\/elementor\/assets\/images\/placeholder.png\" title=\"\" alt=\"\">\t\t\t\t\t\t\t\t\t\t\t\t\t\t\t<\/div>\n\t\t\t\t<\/div>\n\t\t\t\t<section class=\"elementor-section elementor-inner-section elementor-element elementor-element-604f7a9 elementor-section-boxed elementor-section-height-default elementor-section-height-default\" data-id=\"604f7a9\" data-element_type=\"section\" data-e-type=\"section\">\n\t\t\t\t\t\t<div class=\"elementor-container elementor-column-gap-default\">\n\t\t\t\t\t<div class=\"elementor-column elementor-col-50 elementor-inner-column elementor-element elementor-element-6feda95\" data-id=\"6feda95\" data-element_type=\"column\" data-e-type=\"column\">\n\t\t\t<div class=\"elementor-widget-wrap elementor-element-populated\">\n\t\t\t\t\t\t<div class=\"elementor-element elementor-element-c38aed4 elementor-widget elementor-widget-text-editor\" data-id=\"c38aed4\" data-element_type=\"widget\" data-e-type=\"widget\" data-widget_type=\"text-editor.default\">\n\t\t\t\t<div class=\"elementor-widget-container\">\n\t\t\t\t\t\t\t\t\t<p class=\"\" data-start=\"113\" data-end=\"306\">Nuestro <strong>Programa de<em data-start=\"201\" data-end=\"213\">Socios LF<\/em><\/strong> es justo lo que necesitas si quieres formar parte de algo especial.<\/p><p class=\"\" data-start=\"308\" data-end=\"478\">Consigue tu <strong><em data-start=\"332\" data-end=\"349\">Tarjeta de Socio de la FL<\/em><\/strong> - y en cuanto todo est\u00e9 confirmado, te diremos \u00a1Bienvenido a bordo! Estamos deseando recorrer este camino contigo. <\/p><p class=\"\" data-start=\"480\" data-end=\"706\"><strong>\u00bfNuestro objetivo?<\/strong>  Convertirnos en una de las m\u00e1ximas referencias en Mallorca en materia inmobiliaria, y no de cualquier manera, sino con valores reales: confianza, transparencia, un estilo de trabajo din\u00e1mico y un trato realmente simp\u00e1tico.<\/p><p class=\"\" data-start=\"708\" data-end=\"823\"><strong>\u00bfTe parece bien?<\/strong> Entonces empecemos juntos.<br data-start=\"753\" data-end=\"756\">Soy Lucas Froese Inmobiliaria.  <strong>\u00bfY t\u00fa? Ahora est\u00e1s en el ajo. <\/strong><\/p>\t\t\t\t\t\t\t\t<\/div>\n\t\t\t\t<\/div>\n\t\t\t\t\t<\/div>\n\t\t<\/div>\n\t\t\t\t<div class=\"elementor-column elementor-col-50 elementor-inner-column elementor-element elementor-element-a337004\" data-id=\"a337004\" data-element_type=\"column\" data-e-type=\"column\">\n\t\t\t<div class=\"elementor-widget-wrap elementor-element-populated\">\n\t\t\t\t\t\t<div class=\"elementor-element elementor-element-73c7e13 elementor-widget elementor-widget-text-editor\" data-id=\"73c7e13\" data-element_type=\"widget\" data-e-type=\"widget\" data-widget_type=\"text-editor.default\">\n\t\t\t\t<div class=\"elementor-widget-container\">\n\t\t\t\t\t\t\t\t\t<p class=\"\" data-start=\"132\" data-end=\"318\">Por supuesto, estamos encantados de que nos recomiendes compradores o vendedores, pero \u00bfsabes qu\u00e9? No s\u00f3lo queremos que te sientas bien, \u00a1queremos que saques algo de ello! <\/p><h4 data-start=\"320\" data-end=\"387\"><strong>\u00bfQu\u00e9 puedes esperar como socio de la FL?<\/strong><\/h4><p data-start=\"320\" data-end=\"387\"><strong>Algunos extras muy buenos:<\/strong><\/p><ul><li data-start=\"389\" data-end=\"703\"><strong data-start=\"391\" data-end=\"422\">Recompensa tus consejos<\/strong>, porque apreciamos tu apoyo.<\/li><li data-start=\"389\" data-end=\"703\"><strong data-start=\"469\" data-end=\"513\">Invitaciones a eventos exclusivos para socios<\/strong>: para establecer contactos, intercambiar ideas y simplemente pasarlo bien.<\/li><li data-start=\"389\" data-end=\"703\"><strong data-start=\"583\" data-end=\"647\">Concursos, peque\u00f1as sorpresas y merchandising oficial de la FL<\/strong>, porque es bonito formar parte de algo especial.<\/li><\/ul><p class=\"\" data-start=\"705\" data-end=\"849\">Como puedes ver, ser socio de LF merece la pena en todos los sentidos. <strong>Y estamos<\/strong> deseando ver todo lo <strong>que podemos conseguir juntos.<\/strong><\/p>\t\t\t\t\t\t\t\t<\/div>\n\t\t\t\t<\/div>\n\t\t\t\t\t<\/div>\n\t\t<\/div>\n\t\t\t\t\t<\/div>\n\t\t<\/section>\n\t\t\t\t<div class=\"elementor-element elementor-element-95daf15 elementor-button-align-stretch elementor-widget elementor-widget-form\" data-id=\"95daf15\" data-element_type=\"widget\" data-e-type=\"widget\" data-settings=\"{&quot;step_next_label&quot;:&quot;Siguiente&quot;,&quot;step_previous_label&quot;:&quot;Anteriormente&quot;,&quot;button_width&quot;:&quot;100&quot;,&quot;step_type&quot;:&quot;number_text&quot;,&quot;step_icon_shape&quot;:&quot;circle&quot;}\" data-widget_type=\"form.default\">\n\t\t\t\t<div class=\"elementor-widget-container\">\n\t\t\t\t\t\t\t<form class=\"elementor-form\" method=\"post\" name=\"Neues Formular\" aria-label=\"Neues Formular\">\n\t\t\t<input type=\"hidden\" name=\"post_id\" value=\"51359\"\/>\n\t\t\t<input type=\"hidden\" name=\"form_id\" value=\"95daf15\"\/>\n\t\t\t<input type=\"hidden\" name=\"referer_title\" value=\"\" \/>\n\n\t\t\t\n\t\t\t<div class=\"elementor-form-fields-wrapper elementor-labels-above\">\n\t\t\t\t\t\t\t\t<div class=\"elementor-field-type-text elementor-field-group elementor-column elementor-field-group-name elementor-col-100\">\n\t\t\t\t\t\t\t\t\t\t\t\t<label for=\"form-field-name\" class=\"elementor-field-label\">\n\t\t\t\t\t\t\t\tNombre y apellidos\t\t\t\t\t\t\t<\/label>\n\t\t\t\t\t\t\t\t\t\t\t\t\t\t<input size=\"1\" type=\"text\" name=\"form_fields[name]\" id=\"form-field-name\" class=\"elementor-field elementor-size-sm  elementor-field-textual\" placeholder=\"Nombre\">\n\t\t\t\t\t\t\t\t\t\t\t<\/div>\n\t\t\t\t\t\t\t\t<div class=\"elementor-field-type-email elementor-field-group elementor-column elementor-field-group-email elementor-col-100 elementor-field-required\">\n\t\t\t\t\t\t\t\t\t\t\t\t<label for=\"form-field-email\" class=\"elementor-field-label\">\n\t\t\t\t\t\t\t\tCorreo electr\u00f3nico\t\t\t\t\t\t\t<\/label>\n\t\t\t\t\t\t\t\t\t\t\t\t\t\t<input size=\"1\" type=\"email\" name=\"form_fields[email]\" id=\"form-field-email\" class=\"elementor-field elementor-size-sm  elementor-field-textual\" placeholder=\"Correo electr\u00f3nico\" required=\"required\">\n\t\t\t\t\t\t\t\t\t\t\t<\/div>\n\t\t\t\t\t\t\t\t<div class=\"elementor-field-group elementor-column elementor-field-type-submit elementor-col-100 e-form__buttons\">\n\t\t\t\t\t<button class=\"elementor-button elementor-size-sm\" type=\"submit\">\n\t\t\t\t\t\t<span class=\"elementor-button-content-wrapper\">\n\t\t\t\t\t\t\t\t\t\t\t\t\t\t\t\t\t\t\t\t\t\t<span class=\"elementor-button-text\">Enviar<\/span>\n\t\t\t\t\t\t\t\t\t\t\t\t\t<\/span>\n\t\t\t\t\t<\/button>\n\t\t\t\t<\/div>\n\t\t\t<\/div>\n\t\t<\/form>\n\t\t\t\t\t\t<\/div>\n\t\t\t\t<\/div>\n\t\t\t\t<div class=\"elementor-element elementor-element-1f27868 elementor-widget elementor-widget-heading\" data-id=\"1f27868\" data-element_type=\"widget\" data-e-type=\"widget\" data-widget_type=\"heading.default\">\n\t\t\t\t<div class=\"elementor-widget-container\">\n\t\t\t\t\t<h2 class=\"elementor-heading-title elementor-size-default\">Forme parte de la familia de la FL<\/h2>\t\t\t\t<\/div>\n\t\t\t\t<\/div>\n\t\t\t\t\t<\/div>\n\t\t<\/div>\n\t\t\t\t\t<\/div>\n\t\t<\/section>\n\t\t\t\t<\/div>\n\t\t","protected":false},"excerpt":{"rendered":"<p>\u00bfHas hablado alguna vez con amigos o familiares sobre la compra de una casa en Mallorca? \u00bfO te has fijado recientemente en el cartel de \u00abSe vende\u00bb de la casa de tu vecino e inmediatamente has pensado en alguien para quien ser\u00eda perfecta?Tal vez ya te sientas muy c\u00f3modo con nuestra filosof\u00eda y tengas la&#8230;<\/p>\n","protected":false},"author":1,"featured_media":0,"parent":0,"menu_order":0,"comment_status":"closed","ping_status":"closed","template":"","meta":{"footnotes":""},"class_list":["post-51359","page","type-page","status-publish","hentry"],"_links":{"self":[{"href":"https:\/\/www.lucasfroeserealestate.com\/es\/wp-json\/wp\/v2\/pages\/51359","targetHints":{"allow":["GET"]}}],"collection":[{"href":"https:\/\/www.lucasfroeserealestate.com\/es\/wp-json\/wp\/v2\/pages"}],"about":[{"href":"https:\/\/www.lucasfroeserealestate.com\/es\/wp-json\/wp\/v2\/types\/page"}],"author":[{"embeddable":true,"href":"https:\/\/www.lucasfroeserealestate.com\/es\/wp-json\/wp\/v2\/users\/1"}],"replies":[{"embeddable":true,"href":"https:\/\/www.lucasfroeserealestate.com\/es\/wp-json\/wp\/v2\/comments?post=51359"}],"version-history":[{"count":0,"href":"https:\/\/www.lucasfroeserealestate.com\/es\/wp-json\/wp\/v2\/pages\/51359\/revisions"}],"wp:attachment":[{"href":"https:\/\/www.lucasfroeserealestate.com\/es\/wp-json\/wp\/v2\/media?parent=51359"}],"curies":[{"name":"wp","href":"https:\/\/api.w.org\/{rel}","templated":true}]}}