{"id":49879,"date":"2024-03-08T12:33:53","date_gmt":"2024-03-08T11:33:53","guid":{"rendered":"https:\/\/www.lucasfroeserealestate.com\/comprar-una-propiedad-en-sa-rapita\/"},"modified":"2025-03-05T07:03:08","modified_gmt":"2025-03-05T06:03:08","slug":"comprar-una-propiedad-en-sa-rapita","status":"publish","type":"page","link":"https:\/\/www.lucasfroeserealestate.com\/es\/comprar-una-propiedad-en-sa-rapita\/","title":{"rendered":"Comprar una propiedad en Sa Rapita"},"content":{"rendered":"\t\t<div data-elementor-type=\"wp-page\" data-elementor-id=\"49879\" class=\"elementor elementor-49879 elementor-49866\" data-elementor-post-type=\"page\">\n\t\t\t\t\t\t<section class=\"elementor-section elementor-top-section elementor-element elementor-element-baba70d elementor-section-boxed elementor-section-height-default elementor-section-height-default\" data-id=\"baba70d\" data-element_type=\"section\" data-e-type=\"section\" data-settings=\"{&quot;background_background&quot;:&quot;classic&quot;}\">\n\t\t\t\t\t\t<div class=\"elementor-container elementor-column-gap-default\">\n\t\t\t\t\t<div class=\"elementor-column elementor-col-100 elementor-top-column elementor-element elementor-element-6da194a\" data-id=\"6da194a\" data-element_type=\"column\" data-e-type=\"column\">\n\t\t\t<div class=\"elementor-widget-wrap elementor-element-populated\">\n\t\t\t\t\t\t<div class=\"elementor-element elementor-element-e9555c5 elementor-widget elementor-widget-heading\" data-id=\"e9555c5\" data-element_type=\"widget\" data-e-type=\"widget\" data-widget_type=\"heading.default\">\n\t\t\t\t<div class=\"elementor-widget-container\">\n\t\t\t\t\t<h1 class=\"elementor-heading-title elementor-size-default\">Propiedades en Sa Rapita<\/h1>\t\t\t\t<\/div>\n\t\t\t\t<\/div>\n\t\t\t\t<div class=\"elementor-element elementor-element-c9fca15 elementor-widget elementor-widget-text-editor\" data-id=\"c9fca15\" data-element_type=\"widget\" data-e-type=\"widget\" data-widget_type=\"text-editor.default\">\n\t\t\t\t<div class=\"elementor-widget-container\">\n\t\t\t\t\t\t\t\t\t<h2>Propiedad de ensue\u00f1o en Sa R\u00e0pita: Un para\u00edso para los que disfrutan de la vida<\/h2>\n<h3>Introducci\u00f3n a Sa R\u00e0pita: una regi\u00f3n de moda en Mallorca<\/h3>\n<p>Sa R\u00e0pita, situada en la id\u00edlica costa sur de Mallorca, en el municipio de Campos, es un lugar de paz y belleza que atrae a navegantes, veraneantes y familias, especialmente en los meses de verano. Con su acceso directo al moderno puerto deportivo y a la adyacente playa de ensue\u00f1o de Es Trenc, conocida por su fina arena blanca que se extiende a lo largo de m\u00e1s de tres kil\u00f3metros, Sa R\u00e0pita ofrece un refugio exclusivo alejado del turismo de masas.<\/p>\n<h3>Diversidad inmobiliaria en Sa R\u00e0pita: sue\u00f1os mediterr\u00e1neos hechos realidad<\/h3>\n<p>Las propiedades que se ofrecen en Sa R\u00e0pita son diversas y van desde encantadoras casas adosadas mediterr\u00e1neas con terrazas privadas y piscinas comunitarias hasta lujosas villas de nueva construcci\u00f3n en una ubicaci\u00f3n impresionante a pocos minutos a pie de la playa de Es Trenc. Para los amantes de la arquitectura tradicional, las t\u00edpicas villas mallorquinas con sus caracter\u00edsticos arcos de medio punto, logias, suelos de piedra y jardines recargados har\u00e1n latir m\u00e1s r\u00e1pido el coraz\u00f3n de cualquier buitre cultural.<\/p>\n<h3>Calidad de vida en Sa R\u00e0pita: m\u00e1s que una vivienda<\/h3>\n<p>Adem\u00e1s de la atractiva selecci\u00f3n de propiedades, Sa R\u00e0pita ofrece una calidad de vida inigualable. La pintoresca carretera de la costa invita a quedarse con sus acogedores restaurantes que ofrecen impresionantes vistas al mar. Hay peque\u00f1os supermercados y panader\u00edas en el pueblo para las necesidades diarias, mientras que la cercana Campos, con su hermoso mercado semanal, ofrece compras m\u00e1s grandes y una aut\u00e9ntica experiencia mallorquina. Con excelentes conexiones por autopista, puede llegar al aeropuerto y a la capital, Palma, en s\u00f3lo 40 minutos.<\/p>\n<h3>Asesoramiento inmobiliario profesional en Sa R\u00e0pita: su sue\u00f1o en las mejores manos<\/h3>\n<p>Con m\u00e1s de dos d\u00e9cadas de experiencia en Sa R\u00e0pita, como su socio inmobiliario de confianza, le ofrecemos un asesoramiento completo y personalizado para ayudarle a encontrar la propiedad perfecta que se adapte a sus necesidades individuales. Nuestro equipo multiling\u00fce de empleados con formaci\u00f3n profesional concede gran importancia a la honestidad y la comunicaci\u00f3n abierta y mantiene un contacto directo y personal con nuestros clientes. Tanto si busca un chalet con vistas al mar como una finca rural, nuestra experiencia y amplia red de oficinas en Mallorca le garantizan que conocemos al dedillo cada rinc\u00f3n de la isla.<\/p>\n<h3>Una amplia gama de servicios: m\u00e1s all\u00e1 de la compra de la propiedad<\/h3>\n<p>En First Mallorca sabemos que comprar una propiedad es m\u00e1s que una inversi\u00f3n financiera; es una inversi\u00f3n en su futuro y su bienestar. Por eso ofrecemos un servicio integral no s\u00f3lo para la compra, sino tambi\u00e9n m\u00e1s all\u00e1. Desde la gesti\u00f3n inmobiliaria hasta una red de expertos proveedores de servicios para el hogar, estamos aqu\u00ed para asegurarnos de que no se limite a comprar una propiedad, sino que encuentre un hogar en el que realmente se sienta como en casa.<\/p>\n\t\t\t\t\t\t\t\t<\/div>\n\t\t\t\t<\/div>\n\t\t\t\t<div class=\"elementor-element elementor-element-e39661b elementor-widget elementor-widget-spacer\" data-id=\"e39661b\" data-element_type=\"widget\" data-e-type=\"widget\" data-widget_type=\"spacer.default\">\n\t\t\t\t<div class=\"elementor-widget-container\">\n\t\t\t\t\t\t\t<div class=\"elementor-spacer\">\n\t\t\t<div class=\"elementor-spacer-inner\"><\/div>\n\t\t<\/div>\n\t\t\t\t\t\t<\/div>\n\t\t\t\t<\/div>\n\t\t\t\t\t<\/div>\n\t\t<\/div>\n\t\t\t\t\t<\/div>\n\t\t<\/section>\n\t\t\t\t<\/div>\n\t\t","protected":false},"excerpt":{"rendered":"<p>Propiedades en Sa Rapita Propiedad de ensue\u00f1o en Sa R\u00e0pita: Un para\u00edso para los que disfrutan de la vida Introducci\u00f3n a Sa R\u00e0pita: una regi\u00f3n de moda en Mallorca Sa R\u00e0pita, situada en la id\u00edlica costa sur de Mallorca, en el municipio de Campos, es un lugar de paz y belleza que atrae a navegantes,&#8230;<\/p>\n","protected":false},"author":1,"featured_media":0,"parent":0,"menu_order":0,"comment_status":"closed","ping_status":"closed","template":"templates\/properties.php","meta":{"footnotes":""},"class_list":["post-49879","page","type-page","status-publish","hentry"],"_links":{"self":[{"href":"https:\/\/www.lucasfroeserealestate.com\/es\/wp-json\/wp\/v2\/pages\/49879","targetHints":{"allow":["GET"]}}],"collection":[{"href":"https:\/\/www.lucasfroeserealestate.com\/es\/wp-json\/wp\/v2\/pages"}],"about":[{"href":"https:\/\/www.lucasfroeserealestate.com\/es\/wp-json\/wp\/v2\/types\/page"}],"author":[{"embeddable":true,"href":"https:\/\/www.lucasfroeserealestate.com\/es\/wp-json\/wp\/v2\/users\/1"}],"replies":[{"embeddable":true,"href":"https:\/\/www.lucasfroeserealestate.com\/es\/wp-json\/wp\/v2\/comments?post=49879"}],"version-history":[{"count":0,"href":"https:\/\/www.lucasfroeserealestate.com\/es\/wp-json\/wp\/v2\/pages\/49879\/revisions"}],"wp:attachment":[{"href":"https:\/\/www.lucasfroeserealestate.com\/es\/wp-json\/wp\/v2\/media?parent=49879"}],"curies":[{"name":"wp","href":"https:\/\/api.w.org\/{rel}","templated":true}]}}