{"id":49143,"date":"2024-02-22T11:17:25","date_gmt":"2024-02-22T10:17:25","guid":{"rendered":"https:\/\/www.lucasfroeserealestate.com\/inmobiliaria-porto-petro\/"},"modified":"2026-01-11T22:45:08","modified_gmt":"2026-01-11T21:45:08","slug":"inmobiliaria-porto-petro","status":"publish","type":"page","link":"https:\/\/www.lucasfroeserealestate.com\/es\/inmobiliaria-porto-petro\/","title":{"rendered":"Inmobiliaria Porto Petro"},"content":{"rendered":"\t\t<div data-elementor-type=\"wp-page\" data-elementor-id=\"49143\" class=\"elementor elementor-49143 elementor-49137\" data-elementor-post-type=\"page\">\n\t\t\t\t\t\t<section class=\"elementor-section elementor-top-section elementor-element elementor-element-18eaea7 elementor-section-boxed elementor-section-height-default elementor-section-height-default\" data-id=\"18eaea7\" data-element_type=\"section\" data-e-type=\"section\" data-settings=\"{&quot;background_background&quot;:&quot;classic&quot;}\">\n\t\t\t\t\t\t<div class=\"elementor-container elementor-column-gap-default\">\n\t\t\t\t\t<div class=\"elementor-column elementor-col-100 elementor-top-column elementor-element elementor-element-c9930ca\" data-id=\"c9930ca\" data-element_type=\"column\" data-e-type=\"column\">\n\t\t\t<div class=\"elementor-widget-wrap elementor-element-populated\">\n\t\t\t\t\t\t<div class=\"elementor-element elementor-element-cc3c575 elementor-widget elementor-widget-heading\" data-id=\"cc3c575\" data-element_type=\"widget\" data-e-type=\"widget\" data-widget_type=\"heading.default\">\n\t\t\t\t<div class=\"elementor-widget-container\">\n\t\t\t\t\t<h1 class=\"elementor-heading-title elementor-size-default\">Propiedades en Porto Petro<\/h1>\t\t\t\t<\/div>\n\t\t\t\t<\/div>\n\t\t\t\t<div class=\"elementor-element elementor-element-8c35e63 elementor-widget-divider--view-line_text elementor-widget-divider--element-align-center elementor-widget elementor-widget-divider\" data-id=\"8c35e63\" data-element_type=\"widget\" data-e-type=\"widget\" data-widget_type=\"divider.default\">\n\t\t\t\t<div class=\"elementor-widget-container\">\n\t\t\t\t\t\t\t<div class=\"elementor-divider\">\n\t\t\t<span class=\"elementor-divider-separator\">\n\t\t\t\t\t\t\t<span class=\"elementor-divider__text elementor-divider__element\">\n\t\t\t\tLucas Froese Inmobiliaria\t\t\t\t<\/span>\n\t\t\t\t\t\t<\/span>\n\t\t<\/div>\n\t\t\t\t\t\t<\/div>\n\t\t\t\t<\/div>\n\t\t\t\t<div class=\"elementor-element elementor-element-544f3df elementor-widget elementor-widget-heading\" data-id=\"544f3df\" data-element_type=\"widget\" data-e-type=\"widget\" data-widget_type=\"heading.default\">\n\t\t\t\t<div class=\"elementor-widget-container\">\n\t\t\t\t\t<h2 class=\"elementor-heading-title elementor-size-default\">Porto Petro, el pintoresco puerto natural cerca de Santanyi<\/h2>\t\t\t\t<\/div>\n\t\t\t\t<\/div>\n\t\t\t\t<div class=\"elementor-element elementor-element-653f5ca elementor-widget elementor-widget-text-editor\" data-id=\"653f5ca\" data-element_type=\"widget\" data-e-type=\"widget\" data-widget_type=\"text-editor.default\">\n\t\t\t\t<div class=\"elementor-widget-container\">\n\t\t\t\t\t\t\t\t\t<p>Porto Petro es un pintoresco pueblo costero de la popular isla balear de Mallorca. Se encuentra en la costa sureste de la isla, a pocos kil\u00f3metros de Santanyi. Enclavado en un impresionante paisaje costero, Porto Petro invita a quedarse con su encanto y sus aguas cristalinas.<\/p><p>El pueblo se extiende a lo largo de un pintoresco puerto natural adornado con coloridos barcos de pesca y lujosos veleros. El puerto es el centro de la acci\u00f3n y un im\u00e1n para los visitantes que quieren disfrutar del ambiente mar\u00edtimo. Un paseo por el paseo del puerto ofrece una magn\u00edfica vista del Mediterr\u00e1neo azul y la pintoresca costa rocosa.<\/p>\t\t\t\t\t\t\t\t<\/div>\n\t\t\t\t<\/div>\n\t\t\t\t<section class=\"elementor-section elementor-inner-section elementor-element elementor-element-c083319 elementor-section-boxed elementor-section-height-default elementor-section-height-default\" data-id=\"c083319\" data-element_type=\"section\" data-e-type=\"section\">\n\t\t\t\t\t\t<div class=\"elementor-container elementor-column-gap-default\">\n\t\t\t\t\t<div class=\"elementor-column elementor-col-50 elementor-inner-column elementor-element elementor-element-dc12a8c\" data-id=\"dc12a8c\" data-element_type=\"column\" data-e-type=\"column\">\n\t\t\t<div class=\"elementor-widget-wrap elementor-element-populated\">\n\t\t\t\t\t\t<div class=\"elementor-element elementor-element-d554496 elementor-widget elementor-widget-heading\" data-id=\"d554496\" data-element_type=\"widget\" data-e-type=\"widget\" data-widget_type=\"heading.default\">\n\t\t\t\t<div class=\"elementor-widget-container\">\n\t\t\t\t\t<h3 class=\"elementor-heading-title elementor-size-default\">Naturaleza en estado puro y restaurantes en Porto Petro<\/h3>\t\t\t\t<\/div>\n\t\t\t\t<\/div>\n\t\t\t\t<div class=\"elementor-element elementor-element-332513f elementor-widget elementor-widget-text-editor\" data-id=\"332513f\" data-element_type=\"widget\" data-e-type=\"widget\" data-widget_type=\"text-editor.default\">\n\t\t\t\t<div class=\"elementor-widget-container\">\n\t\t\t\t\t\t\t\t\t<p>Porto Petro es conocido por su ambiente relajado y tranquilo. Es un lugar donde los viajeros pueden retirarse para escapar del ajetreo y el bullicio de la vida cotidiana. El pueblo ofrece una gran variedad de acogedores caf\u00e9s, restaurantes y bares donde disfrutar de delicias locales y bebidas refrescantes. La cocina tradicional balear, con sus influencias mediterr\u00e1neas, es aqu\u00ed especialmente recomendable.<\/p><p>La naturaleza que rodea Porto Petro es impresionante. La costa se caracteriza por hermosas bah\u00edas y playas, cuya arena blanca y aguas turquesas hacen las delicias de todos los visitantes. El cercano Parque Natural de Mondrag\u00f3 invita a dar largos paseos a pie o en bicicleta y ofrece un impresionante tel\u00f3n de fondo con su diversa flora y fauna.<\/p>\t\t\t\t\t\t\t\t<\/div>\n\t\t\t\t<\/div>\n\t\t\t\t\t<\/div>\n\t\t<\/div>\n\t\t\t\t<div class=\"elementor-column elementor-col-50 elementor-inner-column elementor-element elementor-element-b33563e\" data-id=\"b33563e\" data-element_type=\"column\" data-e-type=\"column\">\n\t\t\t<div class=\"elementor-widget-wrap elementor-element-populated\">\n\t\t\t\t\t\t<div class=\"elementor-element elementor-element-8f57ced elementor-widget elementor-widget-heading\" data-id=\"8f57ced\" data-element_type=\"widget\" data-e-type=\"widget\" data-widget_type=\"heading.default\">\n\t\t\t\t<div class=\"elementor-widget-container\">\n\t\t\t\t\t<h3 class=\"elementor-heading-title elementor-size-default\">Lugares de inter\u00e9s en Porto Petro<\/h3>\t\t\t\t<\/div>\n\t\t\t\t<\/div>\n\t\t\t\t<div class=\"elementor-element elementor-element-acc60cb elementor-widget elementor-widget-text-editor\" data-id=\"acc60cb\" data-element_type=\"widget\" data-e-type=\"widget\" data-widget_type=\"text-editor.default\">\n\t\t\t\t<div class=\"elementor-widget-container\">\n\t\t\t\t\t\t\t\t\t<p>Para los interesados en la cultura, hay algunos lugares de inter\u00e9s en los alrededores de Porto Petro. El cercano monasterio de Santuari de Sant Salvador ofrece una maravillosa vista panor\u00e1mica de toda la regi\u00f3n y bien merece una visita. La vecina Santanyi, con su impresionante arquitectura y sus pintorescas plazas, tambi\u00e9n merece una visita.<\/p><p>Porto Petro es el lugar ideal para quienes buscan paz y relajaci\u00f3n. Aqu\u00ed podr\u00e1 desconectar, dejarse hechizar por la belleza mediterr\u00e1nea y vivir el pintoresco ambiente de un t\u00edpico pueblo costero mallorqu\u00edn. Ya sea paseando por la costa, saboreando las delicias culinarias o explorando la naturaleza circundante, Porto Petro promete una estancia inolvidable.<\/p>\t\t\t\t\t\t\t\t<\/div>\n\t\t\t\t<\/div>\n\t\t\t\t\t<\/div>\n\t\t<\/div>\n\t\t\t\t\t<\/div>\n\t\t<\/section>\n\t\t\t\t\t<\/div>\n\t\t<\/div>\n\t\t\t\t\t<\/div>\n\t\t<\/section>\n\t\t\t\t<\/div>\n\t\t","protected":false},"excerpt":{"rendered":"<p>Propiedades en Porto Petro Lucas Froese Inmobiliaria Porto Petro, el pintoresco puerto natural cerca de Santanyi Porto Petro es un pintoresco pueblo costero de la popular isla balear de Mallorca. Se encuentra en la costa sureste de la isla, a pocos kil\u00f3metros de Santanyi. Enclavado en un impresionante paisaje costero, Porto Petro invita a quedarse&#8230;<\/p>\n","protected":false},"author":1,"featured_media":0,"parent":0,"menu_order":0,"comment_status":"closed","ping_status":"closed","template":"templates\/properties.php","meta":{"footnotes":""},"class_list":["post-49143","page","type-page","status-publish","hentry"],"_links":{"self":[{"href":"https:\/\/www.lucasfroeserealestate.com\/es\/wp-json\/wp\/v2\/pages\/49143","targetHints":{"allow":["GET"]}}],"collection":[{"href":"https:\/\/www.lucasfroeserealestate.com\/es\/wp-json\/wp\/v2\/pages"}],"about":[{"href":"https:\/\/www.lucasfroeserealestate.com\/es\/wp-json\/wp\/v2\/types\/page"}],"author":[{"embeddable":true,"href":"https:\/\/www.lucasfroeserealestate.com\/es\/wp-json\/wp\/v2\/users\/1"}],"replies":[{"embeddable":true,"href":"https:\/\/www.lucasfroeserealestate.com\/es\/wp-json\/wp\/v2\/comments?post=49143"}],"version-history":[{"count":2,"href":"https:\/\/www.lucasfroeserealestate.com\/es\/wp-json\/wp\/v2\/pages\/49143\/revisions"}],"predecessor-version":[{"id":79789,"href":"https:\/\/www.lucasfroeserealestate.com\/es\/wp-json\/wp\/v2\/pages\/49143\/revisions\/79789"}],"wp:attachment":[{"href":"https:\/\/www.lucasfroeserealestate.com\/es\/wp-json\/wp\/v2\/media?parent=49143"}],"curies":[{"name":"wp","href":"https:\/\/api.w.org\/{rel}","templated":true}]}}