{"id":49120,"date":"2024-02-21T15:11:56","date_gmt":"2024-02-21T14:11:56","guid":{"rendered":"https:\/\/www.lucasfroeserealestate.com\/comprar-una-finca-en-mallorca\/"},"modified":"2026-01-07T00:20:11","modified_gmt":"2026-01-06T23:20:11","slug":"comprar-una-finca-en-mallorca","status":"publish","type":"page","link":"https:\/\/www.lucasfroeserealestate.com\/es\/comprar-una-finca-en-mallorca\/","title":{"rendered":"Comprar una finca en Mallorca"},"content":{"rendered":"\t\t<div data-elementor-type=\"wp-page\" data-elementor-id=\"49120\" class=\"elementor elementor-49120 elementor-49111\" data-elementor-post-type=\"page\">\n\t\t\t\t\t\t<section class=\"elementor-section elementor-top-section elementor-element elementor-element-289e7d5 elementor-section-boxed elementor-section-height-default elementor-section-height-default\" data-id=\"289e7d5\" data-element_type=\"section\" data-e-type=\"section\" data-settings=\"{&quot;background_background&quot;:&quot;classic&quot;}\">\n\t\t\t\t\t\t<div class=\"elementor-container elementor-column-gap-default\">\n\t\t\t\t\t<div class=\"elementor-column elementor-col-100 elementor-top-column elementor-element elementor-element-1d0414b\" data-id=\"1d0414b\" data-element_type=\"column\" data-e-type=\"column\">\n\t\t\t<div class=\"elementor-widget-wrap elementor-element-populated\">\n\t\t\t\t\t\t<div class=\"elementor-element elementor-element-bd0656e elementor-widget elementor-widget-heading\" data-id=\"bd0656e\" data-element_type=\"widget\" data-e-type=\"widget\" data-widget_type=\"heading.default\">\n\t\t\t\t<div class=\"elementor-widget-container\">\n\t\t\t\t\t<h1 class=\"elementor-heading-title elementor-size-default\">Comprar una finca en Mallorca<\/h1>\t\t\t\t<\/div>\n\t\t\t\t<\/div>\n\t\t\t\t<div class=\"elementor-element elementor-element-e055e66 elementor-widget-divider--view-line_text elementor-widget-divider--element-align-center elementor-widget elementor-widget-divider\" data-id=\"e055e66\" data-element_type=\"widget\" data-e-type=\"widget\" data-widget_type=\"divider.default\">\n\t\t\t\t<div class=\"elementor-widget-container\">\n\t\t\t\t\t\t\t<div class=\"elementor-divider\">\n\t\t\t<span class=\"elementor-divider-separator\">\n\t\t\t\t\t\t\t<span class=\"elementor-divider__text elementor-divider__element\">\n\t\t\t\tLucas Froese Inmobiliaria\t\t\t\t<\/span>\n\t\t\t\t\t\t<\/span>\n\t\t<\/div>\n\t\t\t\t\t\t<\/div>\n\t\t\t\t<\/div>\n\t\t\t\t\t<\/div>\n\t\t<\/div>\n\t\t\t\t\t<\/div>\n\t\t<\/section>\n\t\t\t\t<section class=\"elementor-section elementor-top-section elementor-element elementor-element-e011966 elementor-section-boxed elementor-section-height-default elementor-section-height-default\" data-id=\"e011966\" data-element_type=\"section\" data-e-type=\"section\">\n\t\t\t\t\t\t<div class=\"elementor-container elementor-column-gap-default\">\n\t\t\t\t\t<div class=\"elementor-column elementor-col-50 elementor-top-column elementor-element elementor-element-c7c7ce4\" data-id=\"c7c7ce4\" data-element_type=\"column\" data-e-type=\"column\">\n\t\t\t<div class=\"elementor-widget-wrap elementor-element-populated\">\n\t\t\t\t\t\t<div class=\"elementor-element elementor-element-948a374 elementor-widget elementor-widget-text-editor\" data-id=\"948a374\" data-element_type=\"widget\" data-e-type=\"widget\" data-widget_type=\"text-editor.default\">\n\t\t\t\t<div class=\"elementor-widget-container\">\n\t\t\t\t\t\t\t\t\t<h2>Fincas en Mallorca: Gu\u00eda de compra<\/h2><p>Mallorca, la perla de las Baleares, no s\u00f3lo es conocida por sus impresionantes playas y su animada vida nocturna, sino tambi\u00e9n por sus pintorescas fincas, repartidas por toda la isla. Estas tradicionales casas de campo, incrustadas en la rica naturaleza y rodeadas por el apacible paisaje mediterr\u00e1neo, ofrecen una experiencia vital inigualable. A continuaci\u00f3n encontrar\u00e1 una gu\u00eda completa que le guiar\u00e1 a trav\u00e9s de la variedad y el encanto de las fincas mallorquinas y le dar\u00e1 consejos \u00fatiles para comprar su propia finca.<\/p><h2>La variedad de fincas en Mallorca<\/h2><h3>La tradici\u00f3n se une a la modernidad<\/h3><p>Las fincas de Mallorca son un s\u00edmbolo de la tradici\u00f3n y la cultura de la isla. Construidas originalmente como modestas granjas, se han convertido en codiciadas propiedades que combinan elementos tradicionales y comodidades modernas. Las t\u00edpicas paredes de piedra natural, las r\u00fasticas vigas de madera y las amplias terrazas ofrecen un aut\u00e9ntico estilo de vida mallorqu\u00edn, mientras que las modernas comodidades y el lujoso mobiliario no dejan nada que desear.<\/p><h3>Por qu\u00e9 son tan codiciadas las fincas exclusivas existentes<\/h3><p>Las fincas exclusivas existentes en Mallorca gozan de un estatus muy especial, y hay buenas razones para ello. Por un lado, actualmente s\u00f3lo es posible construir nuevas fincas en suelo r\u00fastico bajo estrictas condiciones, lo que significa que la oferta de fincas existentes con encanto en la isla sigue siendo limitada. <\/p><p>Quien desee adquirir una de estas propiedades no s\u00f3lo se est\u00e1 asegurando un hogar acogedor y lleno de autenticidad, sino que tambi\u00e9n est\u00e1 invirtiendo en un activo que mantendr\u00e1 su valor a largo plazo. Debido a su limitada disponibilidad y a su car\u00e1cter \u00fanico, las fincas existentes siguen teniendo demanda y su valor aumenta constantemente, ya sea como refugio id\u00edlico o como atractiva inversi\u00f3n de futuro. <\/p><h3>En qu\u00e9 debes fijarte en las fincas hist\u00f3ricas y reconvertidas<\/h3><p>Las fincas antiguas o reconvertidas, en particular, suelen ocultar su propia historia, y a veces tambi\u00e9n un retraso burocr\u00e1tico. Muchas de estas propiedades se han ampliado, remodelado o reutilizado a lo largo de los a\u00f1os, y no siempre con la documentaci\u00f3n completa o actualizada. Por eso, antes de comprar, merece la pena que te fijes bien en los siguientes puntos:  <\/p><p><strong>Autorizaciones e inspecciones de obras:<\/strong> Comprobamos de antemano que las medidas previas de remodelaci\u00f3n han sido debidamente aprobadas y completadas. Las pruebas en los archivos de construcci\u00f3n de la autoridad local o un vistazo al registro de la propiedad aportar\u00e1n claridad en este punto. <\/p><p><strong>C\u00e9dula de habitabilidad:<\/strong> Este documento confirma que la vivienda cumple las normas vigentes en materia de vivienda. Sin ella, puede haber problemas con nuevas conexiones o modernizaciones, por ejemplo en el sector del agua y la electricidad. <\/p><p><strong>Certificado de eficiencia energ\u00e9tica:<\/strong> Obligatorio para cada transacci\u00f3n, proporciona informaci\u00f3n sobre el consumo energ\u00e9tico de la finca.<\/p><p><strong>Documentos fiscales:<\/strong> Comprobamos por ti con antelaci\u00f3n si se han pagado regularmente los impuestos sobre bienes inmuebles (IBI) vigentes y si hay deudas pendientes.<\/p><h3>Desde sencillas casas de campo a lujosas fincas<\/h3><p>La oferta de fincas en Mallorca es variada y va desde sencillas casas de campo que necesitan una reforma hasta opulentas villas de lujo con amplios jardines, piscinas privadas y vistas impresionantes. Tanto si busca un refugio acogedor como una propiedad de prestigio, en Mallorca tiene garantizado encontrar la finca perfecta que se adapte a sus necesidades.<\/p><h2>Las ventajas de las fincas de obra nueva en Mallorca<\/h2><p>Entre la oferta de casas de campo mallorquinas destacan las modernas fincas de nueva construcci\u00f3n, que combinan lo mejor de la arquitectura contempor\u00e1nea y la vida sostenible. Quienes optan por una propiedad de este tipo se benefician de varias maneras. <\/p><p>Las fincas de nueva construcci\u00f3n suelen construirse en parcelas autorizadas, en un entorno pintoresco, y cumplen todas las normas de construcci\u00f3n y energ\u00e9ticas vigentes. Los amplios ventanales proporcionan luminosidad a las estancias y llevan el maravilloso paisaje directamente al sal\u00f3n. El dise\u00f1o de planta abierta crea una agradable sensaci\u00f3n de vida y conecta a la perfecci\u00f3n las zonas interiores y exteriores.  <\/p><p>El equipamiento de estas viviendas establece nuevos est\u00e1ndares con tecnolog\u00eda dom\u00e9stica inteligente, bombas de calor eficientes y sistemas solares que ofrecen el m\u00e1ximo nivel de confort con bajos costes de funcionamiento. Los innovadores sistemas de refrigeraci\u00f3n garantizan una temperatura agradable incluso en los meses de verano. Los materiales de construcci\u00f3n sostenibles y los conceptos energ\u00e9ticos bien pensados no s\u00f3lo contribuyen a la protecci\u00f3n del medio ambiente, sino que tambi\u00e9n aumentan el valor de la propiedad a largo plazo.<br>Otro punto a favor es el servicio integral que ofrecen muchos promotores inmobiliarios en combinaci\u00f3n con la supervisi\u00f3n y organizaci\u00f3n de la agencia inmobiliaria. Esto hace que las fincas de nueva construcci\u00f3n sean ideales para todos aquellos que buscan una propiedad de bajo mantenimiento y dan especial importancia a la seguridad de la inversi\u00f3n.   <\/p>\t\t\t\t\t\t\t\t<\/div>\n\t\t\t\t<\/div>\n\t\t\t\t\t<\/div>\n\t\t<\/div>\n\t\t\t\t<div class=\"elementor-column elementor-col-50 elementor-top-column elementor-element elementor-element-aa16c13\" data-id=\"aa16c13\" data-element_type=\"column\" data-e-type=\"column\">\n\t\t\t<div class=\"elementor-widget-wrap elementor-element-populated\">\n\t\t\t\t\t\t<div class=\"elementor-element elementor-element-a63dd46 elementor-widget elementor-widget-text-editor\" data-id=\"a63dd46\" data-element_type=\"widget\" data-e-type=\"widget\" data-widget_type=\"text-editor.default\">\n\t\t\t\t<div class=\"elementor-widget-container\">\n\t\t\t\t\t\t\t\t\t<h2>Proceso de compra y consideraciones importantes<\/h2><h3>Normativa y legislaci\u00f3n<\/h3><p>Al comprar una finca en Mallorca, es importante familiarizarse con las normativas y leyes locales. La normativa para edificios nuevos y reformas puede variar seg\u00fan el municipio y debe comprobarse a fondo antes de la compra. Un agente inmobiliario con experiencia puede ser un valioso apoyo en este sentido y asegurarse de que se han obtenido todas las licencias necesarias.<\/p><h3>Por qu\u00e9 las fincas en Mallorca son una inversi\u00f3n estable<\/h3><p>Una de las principales razones por las que las fincas y casas de campo de Mallorca se consideran inversiones especialmente estables que conservan su valor es la restrictiva pol\u00edtica de construcci\u00f3n de la isla. Como las nuevas construcciones en zonas rurales s\u00f3lo son posibles de forma limitada, la oferta de fincas sigue siendo constantemente escasa. Esta disponibilidad limitada se enfrenta a una demanda constantemente alta, que se refleja en una s\u00f3lida evoluci\u00f3n de los precios y una fiable retenci\u00f3n del valor.<br>Para ti, como comprador, esto significa no s\u00f3lo el encanto especial de una aut\u00e9ntica casa de campo, sino tambi\u00e9n la perspectiva de una seguridad a largo plazo para tu propio capital. En combinaci\u00f3n con el atractivo de Mallorca, desde pueblos pintorescos como Dei\u00e0 hasta las populares zonas vin\u00edcolas cercanas a Felanitx, las fincas siguen siendo una opci\u00f3n codiciada y segura para los inversores que valoran la sustancia y la estabilidad.   <\/p><h3>Ventajas de la asistencia profesional en la compra de una finca<\/h3><p>Un factor decisivo para un proceso de compra tranquilo y seguro es la colaboraci\u00f3n con abogados especializados y arquitectos experimentados. Ambos expertos aportan una valiosa experiencia que te ofrece numerosas ventajas: <\/p><p><strong>Seguridad jur\u00eddica<\/strong>: Un abogado especializado en derecho inmobiliario comprobar\u00e1 por ti todos los documentos pertinentes, como las inscripciones en el Registro de la Propiedad, los planos de urbanizaci\u00f3n y los permisos existentes. De este modo, se identifican los escollos legales en una fase temprana y se minimizan los riesgos de forma fiable. <\/p><p><strong>Valoraci\u00f3n de expertos:<\/strong> Los arquitectos pueden analizar con precisi\u00f3n el estado estructural de la finca, identificar cualquier necesidad de renovaci\u00f3n e identificar opciones de modernizaci\u00f3n que cumplan la legislaci\u00f3n. Esto te proporciona una base s\u00f3lida para tu decisi\u00f3n de compra. <\/p><p><strong>Apoyo durante todo el proceso:<\/strong> Desde la primera visita hasta las negociaciones del contrato y la firma ante notario, nuestros expertos est\u00e1n a tu disposici\u00f3n para asesorarte en combinaci\u00f3n con tu agente inmobiliario. Esto garantiza que el proceso de compra est\u00e9 coordinado y sea transparente. <\/p><p>Este apoyo profesional no s\u00f3lo te da tranquilidad, sino que a menudo tambi\u00e9n hace que el proceso de compra sea m\u00e1s relajado.<\/p><h2 class=\"\" data-start=\"623\" data-end=\"661\">Regiones favoritas para comprar una finca<\/h2><h3 data-start=\"663\" data-end=\"688\">Santany\u00ed, Cala d&#8217;Or y Cala Figuera<\/h3><p class=\"\" data-start=\"690\" data-end=\"775\"><span class=\"relative -mx-px my-[-0.2rem] rounded px-px py-[0.2rem] transition-colors duration-100 ease-in-out\">Conocida por su encantador casco antiguo y su proximidad a hermosas playas, Santany\u00ed ofrece una selecci\u00f3n de fincas exclusivas en una ubicaci\u00f3n tranquila.<\/span><\/p><h3 data-start=\"777\" data-end=\"798\">Art\u00e0 en el noreste<\/h3><p class=\"\" data-start=\"800\" data-end=\"925\"><span class=\"relative -mx-px my-[-0.2rem] rounded px-px py-[0.2rem] transition-colors duration-100 ease-in-out\">Esta regi\u00f3n se caracteriza por su belleza natural y su ambiente aut\u00e9ntico.<\/span> <span class=\"relative -mx-px my-[-0.2rem] rounded px-px py-[0.2rem] transition-colors duration-100 ease-in-out\">Las fincas suelen ofrecer vistas panor\u00e1micas del campo y el mar.<\/span><\/p><h3 data-start=\"927\" data-end=\"959\">Felanitx, Cala Murada y Portocolom<\/h3><p class=\"\" data-start=\"961\" data-end=\"1086\"><span class=\"relative -mx-px my-[-0.2rem] rounded px-px py-[0.2rem] transition-colors duration-100 ease-in-out\">Tendencia al alza en el Sureste, con precios a\u00fan interesantes en comparaci\u00f3n con otras regiones, pero con un crecimiento muy grande en los \u00faltimos a\u00f1os.<\/span><\/p><h2>El papel del agente inmobiliario<\/h2><p>Un agente inmobiliario competente es esencial para que el proceso de compra sea fluido y tenga \u00e9xito. No s\u00f3lo ofrece acceso a una amplia cartera de fincas, sino que tambi\u00e9n proporciona apoyo para ver los documentos, aclarar cuestiones jur\u00eddicas y organizar la cita con el notario.<\/p><h3 data-start=\"1630\" data-end=\"1675\">Ventajas de un agente inmobiliario local<\/h3><ul data-start=\"1677\" data-end=\"2103\"><li class=\"\" data-start=\"1677\" data-end=\"1782\"><p class=\"\" data-start=\"1679\" data-end=\"1782\"><strong data-start=\"1679\" data-end=\"1695\">Conocimiento local<\/strong>: <span class=\"relative -mx-px my-[-0.2rem] rounded px-px py-[0.2rem] transition-colors duration-100 ease-in-out\">Un agente inmobiliario con sede en la regi\u00f3n elegida de Mallorca conoce las particularidades regionales y puede hacer recomendaciones acertadas.<\/span><\/p><\/li><li class=\"\" data-start=\"1783\" data-end=\"1891\"><p class=\"\" data-start=\"1785\" data-end=\"1891\"><strong data-start=\"1785\" data-end=\"1804\">Conocimientos ling\u00fc\u00edsticos<\/strong>: <span class=\"relative -mx-px my-[-0.2rem] rounded px-px py-[0.2rem] transition-colors duration-100 ease-in-out\">Los agentes inmobiliarios multiling\u00fces facilitan la comunicaci\u00f3n entre compradores internacionales y vendedores locales<\/span>.<\/p><\/li><li class=\"\" data-start=\"1892\" data-end=\"1993\"><p class=\"\" data-start=\"1894\" data-end=\"1993\"><strong data-start=\"1894\" data-end=\"1906\">Red<\/strong>: <span class=\"relative -mx-px my-[-0.2rem] rounded px-px py-[0.2rem] transition-colors duration-100 ease-in-out\">Gracias a los contactos establecidos con notarios, abogados y comerciantes, el agente inmobiliario puede ofrecer a sus clientes un apoyo integral.<\/span><\/p><\/li><\/ul><h2>Conclusi\u00f3n<\/h2><p>Comprar una finca en Mallorca es una inversi\u00f3n en calidad de vida y bienestar. La combinaci\u00f3n de construcci\u00f3n tradicional, confort moderno y el id\u00edlico paisaje mallorqu\u00edn hacen de cada finca un hogar \u00fanico. Con la preparaci\u00f3n adecuada y el apoyo de expertos, el sue\u00f1o de tener su propia finca en Mallorca puede hacerse realidad.<\/p>\t\t\t\t\t\t\t\t<\/div>\n\t\t\t\t<\/div>\n\t\t\t\t\t<\/div>\n\t\t<\/div>\n\t\t\t\t\t<\/div>\n\t\t<\/section>\n\t\t\t\t<\/div>\n\t\t","protected":false},"excerpt":{"rendered":"<p>Comprar una finca en Mallorca Lucas Froese Inmobiliaria Fincas en Mallorca: Gu\u00eda de compra Mallorca, la perla de las Baleares, no s\u00f3lo es conocida por sus impresionantes playas y su animada vida nocturna, sino tambi\u00e9n por sus pintorescas fincas, repartidas por toda la isla. Estas tradicionales casas de campo, incrustadas en la rica naturaleza y&#8230;<\/p>\n","protected":false},"author":1,"featured_media":0,"parent":0,"menu_order":0,"comment_status":"closed","ping_status":"closed","template":"templates\/properties.php","meta":{"footnotes":""},"class_list":["post-49120","page","type-page","status-publish","hentry"],"_links":{"self":[{"href":"https:\/\/www.lucasfroeserealestate.com\/es\/wp-json\/wp\/v2\/pages\/49120","targetHints":{"allow":["GET"]}}],"collection":[{"href":"https:\/\/www.lucasfroeserealestate.com\/es\/wp-json\/wp\/v2\/pages"}],"about":[{"href":"https:\/\/www.lucasfroeserealestate.com\/es\/wp-json\/wp\/v2\/types\/page"}],"author":[{"embeddable":true,"href":"https:\/\/www.lucasfroeserealestate.com\/es\/wp-json\/wp\/v2\/users\/1"}],"replies":[{"embeddable":true,"href":"https:\/\/www.lucasfroeserealestate.com\/es\/wp-json\/wp\/v2\/comments?post=49120"}],"version-history":[{"count":2,"href":"https:\/\/www.lucasfroeserealestate.com\/es\/wp-json\/wp\/v2\/pages\/49120\/revisions"}],"predecessor-version":[{"id":79435,"href":"https:\/\/www.lucasfroeserealestate.com\/es\/wp-json\/wp\/v2\/pages\/49120\/revisions\/79435"}],"wp:attachment":[{"href":"https:\/\/www.lucasfroeserealestate.com\/es\/wp-json\/wp\/v2\/media?parent=49120"}],"curies":[{"name":"wp","href":"https:\/\/api.w.org\/{rel}","templated":true}]}}