{"id":45010,"date":"2023-09-04T18:46:15","date_gmt":"2023-09-04T16:46:15","guid":{"rendered":"https:\/\/www.lucasfroeserealestate.com\/comprar-un-chalet-en-mallorca\/"},"modified":"2026-01-07T01:33:14","modified_gmt":"2026-01-07T00:33:14","slug":"comprar-un-chalet-en-mallorca","status":"publish","type":"page","link":"https:\/\/www.lucasfroeserealestate.com\/es\/comprar-un-chalet-en-mallorca\/","title":{"rendered":"Comprar un chalet en Mallorca"},"content":{"rendered":"<h1>Comprar un chalet en Mallorca<\/h1>\n<h2>Compre la villa de sus sue\u00f1os en Mallorca con Lucas Froese Real Estate<\/h2>\n<p>Encontrar la villa perfecta en Mallorca es sin\u00f3nimo de estilo mediterr\u00e1neo, una calidad de vida incomparable y 300 d\u00edas de sol al a\u00f1o con temperaturas agradables. Pero comprar una villa en Mallorca tambi\u00e9n significa hacer realidad un sue\u00f1o, el de un estilo de vida exclusivo&#8230;. En Lucas Froese Real Estate estamos deseando estar a su lado para hacer realidad este sue\u00f1o.<\/p>\n<h2>Mallorca: Calidad de vida al m\u00e1s alto nivel<\/h2>\n<p>Mallorca tiene tanto que ofrecer que es dif\u00edcil expresarlo con palabras. El clima suave, el entorno mediterr\u00e1neo y las infraestructuras de primera clase hacen de esta isla uno de los destinos m\u00e1s solicitados del mundo. M\u00e1s de 200 playas de arena e impresionantes paisajes naturales en la Serra de Tramuntana esperan a ser descubiertos. Los entusiastas del deporte, y especialmente los ciclistas, tambi\u00e9n encontrar\u00e1n aqu\u00ed mucho que hacer, con numerosas rutas de senderismo y ciclismo repartidas por toda la isla.<\/p>\n<p>Si quieres mudarte a Mallorca con tu familia, tambi\u00e9n encontrar\u00e1s una gran selecci\u00f3n de colegios internacionales (17 en total), como la Rafa Nadal Academy en el sureste o la Agora Portals International School en el suroeste, as\u00ed como buenos colegios locales (ambas opciones tienen pros y contras, lee nuestro <a href=\"https:\/\/www.lucasfroeserealestate.com\/es\/escuelas-internacionales-en-mallorca\/\">art\u00edculo<\/a>). Como propietario de una villa en Mallorca, tampoco tendr\u00e1 que preocuparse por la asistencia sanitaria. La isla cuenta con cinco hospitales con respetados especialistas m\u00e9dicos que prestan asistencia r\u00e1pida en caso de emergencia.<\/p>\n<div id=\"attachment_46764\" style=\"width: 1210px\" class=\"wp-caption alignnone\"><img decoding=\"async\" aria-describedby=\"caption-attachment-46764\" class=\"size-full wp-image-46764\" src=\"https:\/\/www.lucasfroeserealestate.com\/wp-content\/uploads\/2023\/12\/villa-auf-mallorca-kaufen-003-1.jpg\" alt=\"Comprar un chalet en Mallorca\" width=\"1200\" height=\"375\" title=\"\" srcset=\"https:\/\/www.lucasfroeserealestate.com\/wp-content\/uploads\/2023\/12\/villa-auf-mallorca-kaufen-003-1.jpg 1200w, https:\/\/www.lucasfroeserealestate.com\/wp-content\/uploads\/2023\/12\/villa-auf-mallorca-kaufen-003-1-300x94.jpg 300w, https:\/\/www.lucasfroeserealestate.com\/wp-content\/uploads\/2023\/12\/villa-auf-mallorca-kaufen-003-1-1024x320.jpg 1024w, https:\/\/www.lucasfroeserealestate.com\/wp-content\/uploads\/2023\/12\/villa-auf-mallorca-kaufen-003-1-768x240.jpg 768w, https:\/\/www.lucasfroeserealestate.com\/wp-content\/uploads\/2023\/12\/villa-auf-mallorca-kaufen-003-1-150x47.jpg 150w\" sizes=\"(max-width: 1200px) 100vw, 1200px\" \/><p id=\"caption-attachment-46764\" class=\"wp-caption-text\">Comprar un chalet en Mallorca<\/p><\/div>\n<p>Adem\u00e1s, le espera una vibrante vida cultural y social. Restaurantes de calidad, eventos deportivos, festivales, ferias y verbenas t\u00edpicas mallorquinas y conciertos de primer nivel que ofrecen entretenimiento y variedad. \u00a1Si\u00e9ntese y disfrute de la vida perfecta en Mallorca con la compra de una villa!<\/p>\n<h2>Con Lucas Froese Real Estate a la villa de sus sue\u00f1os en Mallorca<\/h2>\n<p>Nuestro experimentado equipo de Lucas Froese Real Estate le guiar\u00e1 en su viaje hacia la villa perfecta en Mallorca. Tanto si desea disfrutar usted mismo de su nuevo chalet como convertirlo en una inversi\u00f3n de \u00e9xito a largo plazo, \u00a1estamos a su disposici\u00f3n! Nuestro equipo es joven, din\u00e1mico y profesional, especializado desde hace muchos a\u00f1os en el mercado inmobiliario y de inversi\u00f3n de lujo en Mallorca. Cada uno de los miembros de nuestro equipo est\u00e1 especializado en un \u00e1rea concreta, es multiling\u00fce y est\u00e1 siempre a su disposici\u00f3n para ayudarle a encontrar exactamente la villa en Mallorca que m\u00e1s le convenga.<\/p>\n<p>El conocimiento del mercado inmobiliario regional, la zona circundante, las infraestructuras y los proyectos previstos garantizan que encuentre exactamente la villa que busca. Lucas Froese Real Estate le proporcionar\u00e1 importantes conocimientos y experiencia para ofrecerle un servicio integral completo, en el que lo \u00fanico que tendr\u00e1 que hacer es decidir cu\u00e1l debe ser la nueva casa de sus sue\u00f1os en Mallorca.<\/p>\n<h3>Mejores lugares para villas en Mallorca<\/h3>\n<h4>Son Vida<\/h4>\n<p>Si la proximidad a Palma y al aeropuerto es importante para usted, pero a\u00fan as\u00ed desea vivir en un lugar tranquilo y exclusivo, Son Vida es la elecci\u00f3n perfecta. Probablemente la zona residencial m\u00e1s exclusiva de toda Mallorca, a menudo llamada \u00abel Beverly Hills de Mallorca\u00bb. Aqu\u00ed no s\u00f3lo se puede jugar al golf, sino tambi\u00e9n disfrutar de las impresionantes vistas al mar desde una de las muchas villas de arquitectura vanguardista y moderna. <a href=\"https:\/\/www.lucasfroeserealestate.com\/es\/son-vida-inmobiliaria\/\">Los inmuebles en Son<\/a> Vida son siempre una buena inversi\u00f3n&#8230;.<\/p>\n<h4>Puerto de Andratx<\/h4>\n<p>El puerto de Port Andratx es una de las mejores mezclas de estilo y vida tradicionales, mezclados con<\/p>\n<div id=\"attachment_46761\" style=\"width: 277px\" class=\"wp-caption alignright\"><img decoding=\"async\" aria-describedby=\"caption-attachment-46761\" class=\"size-full wp-image-46761\" src=\"https:\/\/www.lucasfroeserealestate.com\/wp-content\/uploads\/2023\/12\/villa-auf-mallorca-kaufen-001-1.jpg\" alt=\"Comprar un chalet en Mallorca\" width=\"267\" height=\"178\" title=\"\" srcset=\"https:\/\/www.lucasfroeserealestate.com\/wp-content\/uploads\/2023\/12\/villa-auf-mallorca-kaufen-001-1.jpg 267w, https:\/\/www.lucasfroeserealestate.com\/wp-content\/uploads\/2023\/12\/villa-auf-mallorca-kaufen-001-1-150x100.jpg 150w\" sizes=\"(max-width: 267px) 100vw, 267px\" \/><p id=\"caption-attachment-46761\" class=\"wp-caption-text\">Comprar un chalet en Mallorca<\/p><\/div>\n<p>modernas villas de lujo y sorprendentes restaurantes y caf\u00e9s. <strong><br \/>\n  <a href=\"https:\/\/www.lucasfroeserealestate.com\/es\/inmobiliaria-port-andratx\/\">Propiedades en Port Andratx<\/a><br \/>\n<\/strong> Las hermosas bah\u00edas y playas de arena, los numerosos restaurantes, el puerto deportivo y la vista simplemente inolvidable del mar al atardecer hacen de Port Andratx un lugar de ensue\u00f1o con mucho prestigio.<\/p>\n<h4>Cala d&#8217;Or<\/h4>\n<p>Cala d&#8217;Or es uno de los mejores lugares directamente sobre el mar en el sureste de la isla. La ciudad, con su uniforme estilo ibicenco, tiene una vibrante vida social con numerosos restaurantes, caf\u00e9s y discotecas. Cala d&#8217;Or tambi\u00e9n tiene uno de los puertos deportivos m\u00e1s concurridos del sureste de Mallorca, con el hermoso Paseo del puerto deportivo. Tambi\u00e9n est\u00e1 el campo de golf Vall d&#8217;Or en las inmediaciones. <strong><br \/>\n  <a href=\"https:\/\/www.lucasfroeserealestate.com\/es\/immobilien-in-cala-dor\/\">Las propiedades inmobiliarias en Cala d&#8217;Or<\/a><br \/>\n<\/strong> han ganado en popularidad en los \u00faltimos a\u00f1os, y algunas de las m\u00e1s bellas nuevas villas en Mallorca se est\u00e1n construyendo aqu\u00ed&#8230;.<\/p>\n<h4>Santa Ponsa<\/h4>\n<p>Este pueblo inmobiliario de moda en el suroeste se encuentra a unos 20 km de Palma y ofrece una excelente infraestructura. La bah\u00eda de Santa Ponsa tiene impresionantes vistas al mar y para los amantes del golf hay 3 campos de golf cerca. Echa un vistazo a nuestra cartera en su tiempo libre <strong><br \/>\n  <a href=\"https:\/\/www.lucasfroeserealestate.com\/es\/inmobiliaria-santa-ponsa\/\">inmuebles en Santa Ponsa<\/a><br \/>\n<\/strong> en.<\/p>\n<h4>Santanyi<\/h4>\n<p>Probablemente el pueblo inmobiliario m\u00e1s conocido del sureste desde hace muchos a\u00f1os, con un bonito estilo mallorqu\u00edn. Muchos muros de piedra natural, peque\u00f1as callejuelas, un mercado semanal con productos locales&#8230;. Adem\u00e1s, Santanyi tiene varias zonas costeras con muy bonitas villas de lujo y <strong><br \/>\n  <a href=\"https:\/\/www.lucasfroeserealestate.com\/es\/immobilien-santanyi\/\">Inmobiliaria en Santanyi<\/a><br \/>\n<\/strong> tienen un prestigio superior.<\/p>\n<div id=\"attachment_46767\" style=\"width: 366px\" class=\"wp-caption alignleft\"><img decoding=\"async\" aria-describedby=\"caption-attachment-46767\" class=\"size-full wp-image-46767\" src=\"https:\/\/www.lucasfroeserealestate.com\/wp-content\/uploads\/2023\/12\/villa-auf-mallorca-kaufen-002-1.jpg\" alt=\"Comprar un chalet en Mallorca\" width=\"356\" height=\"237\" title=\"\" srcset=\"https:\/\/www.lucasfroeserealestate.com\/wp-content\/uploads\/2023\/12\/villa-auf-mallorca-kaufen-002-1.jpg 356w, https:\/\/www.lucasfroeserealestate.com\/wp-content\/uploads\/2023\/12\/villa-auf-mallorca-kaufen-002-1-300x200.jpg 300w, https:\/\/www.lucasfroeserealestate.com\/wp-content\/uploads\/2023\/12\/villa-auf-mallorca-kaufen-002-1-150x100.jpg 150w\" sizes=\"(max-width: 356px) 100vw, 356px\" \/><p id=\"caption-attachment-46767\" class=\"wp-caption-text\">Comprar un chalet en Mallorca<\/p><\/div>\n<h4>Portocolom<\/h4>\n<p>Portocolom es probablemente el pueblo costero m\u00e1s aut\u00e9ntico de toda Mallorca. El antiguo pueblo de pescadores, se ha convertido en una gran comunidad de residentes locales e internacionales, con una gran oferta gastron\u00f3mica de primera calidad. Aqu\u00ed usted todav\u00eda puede encontrar villas de lujo, incrustado en la naturaleza, y tambi\u00e9n como una inversi\u00f3n que est\u00e1 en el lado seguro con los mejores rendimientos con <strong><br \/>\n  <a href=\"https:\/\/www.lucasfroeserealestate.com\/es\/immobilien-in-portocolom\/\">inmuebles en Portocolom<\/a><br \/>\n<\/strong>.<\/p>\n<h4>Ses Salines<\/h4>\n<p>El lugar, que era bastante desconocido hace muchos a\u00f1os, se ha desarrollado fuertemente en los \u00faltimos a\u00f1os y hoy en d\u00eda es un lugar interesante para invertir con la compra de una casa adosada o un chalet.<\/p>\n<h2>Comprar un chalet en Mallorca como inversi\u00f3n<\/h2>\n<p>El mercado inmobiliario es sin duda uno de los m\u00e1s interesantes y lucrativos del mundo. El mercado mallorqu\u00edn ha demostrado ser estable y a prueba de crisis en los \u00faltimos a\u00f1os. Las villas modernas y exclusivas en las mejores ubicaciones de Mallorca siguen teniendo una gran demanda. El agradable clima le ofrece la posibilidad de pasar varios meses o incluso todo el a\u00f1o en su villa.<\/p>\n<h2>Su camino hacia la villa de sus sue\u00f1os en Mallorca; el proceso de compra<\/h2>\n<p>Si est\u00e1 interesado en comprar un chalet en Mallorca, puede obtener una visi\u00f3n general de nuestra oferta especial en nuestra p\u00e1gina web. En nuestra cartera de propiedades, golfistas apasionados, navegantes, familias e inversores encontrar\u00e1n la villa perfecta, hecha a medida seg\u00fan sus deseos individuales.<\/p>\n<p>Una vez que haya encontrado el chalet adecuado, nos encargaremos de todo el proceso de compra con usted. Nuestro servicio integral le acompa\u00f1a antes, durante y despu\u00e9s de la compra de la propiedad, para que pueda adquirir su nueva villa de forma segura y sin estr\u00e9s.<\/p>\n<h2>Aspectos importantes al comprar un chalet en Mallorca<\/h2>\n<p>Al comprar un chalet en Mallorca, hay algunos puntos clave que debes tener en cuenta para encontrar la propiedad de tus sue\u00f1os con seguridad y tranquilidad.<\/p>\n<h3>Vigilar los costes accesorios<\/h3>\n<p>Siempre hay costes adicionales al precio de compra. Entre ellos est\u00e1n <\/p>\n<ul>\n<li>Aranceles notariales e inscripci\u00f3n en el Registro de la Propiedad: Se cobran aranceles por la certificaci\u00f3n notarial y la inscripci\u00f3n en el Registro de la Propiedad.<\/li>\n<li>Impuesto de transmisiones patrimoniales: El importe depende del precio de compra y puede llegar al 11%.<\/li>\n<li>Comisi\u00f3n del agente inmobiliario: Si contratas a un agente inmobiliario, debes prever el pago de una comisi\u00f3n, que suele oscilar entre el 5 % y el 6 % del precio de compra.<\/li>\n<li>Otros gastos: Puede haber costes de traducciones, abogados o informes t\u00e9cnicos.<\/li>\n<\/ul>\n<h3>Estado y equipamiento del inmueble<\/h3>\n<p>Independientemente de si optas por una villa de nueva construcci\u00f3n o una casa de campo tradicional, merece la pena comprobar cuidadosamente el estado de la propiedad. Pi\u00e9nsalo bien: <\/p>\n<ul>\n<li>\u00bfLa propiedad est\u00e1 lista para ser ocupada o requiere reformas?<\/li>\n<li>\u00bfEl equipamiento y la tecnolog\u00eda (como calefacci\u00f3n, aire acondicionado) cumplen tus expectativas?<\/li>\n<li>\u00bfExiste un permiso de obra\/permiso de construcci\u00f3n\/protecci\u00f3n de edificios existentes y est\u00e1n completos todos los documentos?<\/li>\n<\/ul>\n<p>En Mallorca, en particular, suele merecer la pena fijarse en detalles como la estructura del edificio, el aislamiento del tejado y la calidad de las ventanas, ya que el clima templado puede plantear requisitos especiales tanto en verano como en invierno. Si es necesario, pide a tu agente inmobiliario que te recomiende un perito independiente para mayor seguridad. Aclara la ubicaci\u00f3n exacta y la infraestructura: las distancias cortas a playas, puertos deportivos o campos de golf aumentan la calidad de vida y el valor de tu propiedad. Tambi\u00e9n te informaremos sobre los gastos corrientes: incluyen tasas municipales, tasas de eliminaci\u00f3n de residuos y gastos de electricidad y agua.   <\/p>\n<h2>\u00bfQu\u00e9 caracter\u00edsticas ofrecen las villas de lujo en Mallorca?<\/h2>\n<p>Las villas de lujo de Mallorca se caracterizan por una variedad de caracter\u00edsticas exclusivas que prometen comodidad y privacidad. Las caracter\u00edsticas t\u00edpicas incluyen amplias parcelas con piscinas privadas, terrazas soleadas y jardines mediterr\u00e1neos, ideales para disfrutar del lado tranquilo de la isla, lejos del bullicio. En el interior, estas villas impresionan con zonas de estar di\u00e1fanas y luminosas y mucho espacio para conceptos de vida individuales. A menudo hay comodidades adicionales, como un gimnasio privado para tu entrenamiento diario, una elegante bodega para momentos especiales de indulgencia, zonas separadas para invitados que ofrecen a los visitantes la m\u00e1xima privacidad, etc.   <\/p>\n<p>Adem\u00e1s, las instalaciones y los accesorios de alta calidad son est\u00e1ndar: tecnolog\u00eda dom\u00e9stica de \u00faltima generaci\u00f3n, calefacci\u00f3n por suelo radiante, sistemas dom\u00e9sticos inteligentes y materiales de alta calidad garantizan que no quede nada por desear. Esto te permite vivir la isla al m\u00e1s alto nivel y disfrutar de un entorno vital que garantiza aut\u00e9ntico lujo y m\u00e1xima calidad de vida. <\/p>\n<h2>\u00bfQu\u00e9 factores influyen en el precio de un chalet en Mallorca?<\/h2>\n<p>En el precio de un chalet en Mallorca influyen varios factores clave que pueden ayudarte a encontrar la propiedad adecuada para ti.<br \/>\nLa ubicaci\u00f3n es clave. Las propiedades en primera l\u00ednea de mar, por ejemplo en Santa Ponsa, Port Andratx o Cala d&#8217;Or, suelen alcanzar los precios m\u00e1s altos. Por supuesto, la superficie habitable y el tama\u00f1o de la parcela tambi\u00e9n determinan el precio. Las villas exclusivas de nueva construcci\u00f3n con piscina y modernas instalaciones se encuentran en el segmento superior de precios, mientras que las casas m\u00e1s peque\u00f1as o las propiedades que necesitan reformas son m\u00e1s asequibles.   <\/p>\n<p>Adem\u00e1s del precio de compra propiamente dicho, no hay que olvidar los costes de compra accesorios: El impuesto de transmisiones patrimoniales, los gastos notariales y los gastos de inscripci\u00f3n en el Registro de la Propiedad. Sin embargo, quienes invierten en Mallorca se benefician de la estabilidad del mercado inmobiliario y del valor estable de los lugares m\u00e1s solicitados. <\/p>\n<h4>Villas sostenibles en Mallorca<\/h4>\n<p>Quienes concedan especial importancia a la sostenibilidad tambi\u00e9n encontrar\u00e1n ahora en Mallorca un gran n\u00famero de villas construidas de forma especialmente respetuosa con el medio ambiente. Las nuevas construcciones modernas se centran cada vez m\u00e1s en el uso de energ\u00edas renovables, como paneles solares, sistemas de recogida de agua de lluvia o bombas de calor. Adem\u00e1s, en los proyectos de construcci\u00f3n se utilizan a menudo materiales sostenibles, como piedra natural de la regi\u00f3n o madera procedente de silvicultura responsable. El resultado son villas contempor\u00e1neas que se mantienen fieles a un alto nivel de confort de vida, al tiempo que combinan la conciencia medioambiental y la eficiencia energ\u00e9tica. \u00a1As\u00ed podr\u00e1s disfrutar de una vida no s\u00f3lo lujosa sino tambi\u00e9n sostenible en Mallorca!    <\/p>\n<p>Con una buena preparaci\u00f3n y un socio de confianza a tu lado, nada se interpondr\u00e1 en el camino de tu sue\u00f1o de chalet en Mallorca.<\/p>\n","protected":false},"excerpt":{"rendered":"<p>Comprar un chalet en Mallorca Compre la villa de sus sue\u00f1os en Mallorca con Lucas Froese Real Estate Encontrar la villa perfecta en Mallorca es sin\u00f3nimo de estilo mediterr\u00e1neo, una calidad de vida incomparable y 300 d\u00edas de sol al a\u00f1o con temperaturas agradables. Pero comprar una villa en Mallorca tambi\u00e9n significa hacer realidad un&#8230;<\/p>\n","protected":false},"author":1,"featured_media":0,"parent":0,"menu_order":0,"comment_status":"closed","ping_status":"closed","template":"templates\/properties.php","meta":{"footnotes":""},"class_list":["post-45010","page","type-page","status-publish","hentry"],"_links":{"self":[{"href":"https:\/\/www.lucasfroeserealestate.com\/es\/wp-json\/wp\/v2\/pages\/45010","targetHints":{"allow":["GET"]}}],"collection":[{"href":"https:\/\/www.lucasfroeserealestate.com\/es\/wp-json\/wp\/v2\/pages"}],"about":[{"href":"https:\/\/www.lucasfroeserealestate.com\/es\/wp-json\/wp\/v2\/types\/page"}],"author":[{"embeddable":true,"href":"https:\/\/www.lucasfroeserealestate.com\/es\/wp-json\/wp\/v2\/users\/1"}],"replies":[{"embeddable":true,"href":"https:\/\/www.lucasfroeserealestate.com\/es\/wp-json\/wp\/v2\/comments?post=45010"}],"version-history":[{"count":1,"href":"https:\/\/www.lucasfroeserealestate.com\/es\/wp-json\/wp\/v2\/pages\/45010\/revisions"}],"predecessor-version":[{"id":79463,"href":"https:\/\/www.lucasfroeserealestate.com\/es\/wp-json\/wp\/v2\/pages\/45010\/revisions\/79463"}],"wp:attachment":[{"href":"https:\/\/www.lucasfroeserealestate.com\/es\/wp-json\/wp\/v2\/media?parent=45010"}],"curies":[{"name":"wp","href":"https:\/\/api.w.org\/{rel}","templated":true}]}}