{"id":42827,"date":"2023-08-07T12:28:32","date_gmt":"2023-08-07T10:28:32","guid":{"rendered":"https:\/\/www.lucasfroeserealestate.com\/son-vida-inmobiliaria\/"},"modified":"2026-01-11T23:38:06","modified_gmt":"2026-01-11T22:38:06","slug":"son-vida-inmobiliaria","status":"publish","type":"page","link":"https:\/\/www.lucasfroeserealestate.com\/es\/son-vida-inmobiliaria\/","title":{"rendered":"Son Vida Inmobiliaria"},"content":{"rendered":"\t\t<div data-elementor-type=\"wp-page\" data-elementor-id=\"42827\" class=\"elementor elementor-42827 elementor-42813\" data-elementor-post-type=\"page\">\n\t\t\t\t\t\t<section class=\"elementor-section elementor-top-section elementor-element elementor-element-5b735f6 elementor-section-boxed elementor-section-height-default elementor-section-height-default\" data-id=\"5b735f6\" data-element_type=\"section\" data-e-type=\"section\">\n\t\t\t\t\t\t<div class=\"elementor-container elementor-column-gap-default\">\n\t\t\t\t\t<div class=\"elementor-column elementor-col-100 elementor-top-column elementor-element elementor-element-875bb20\" data-id=\"875bb20\" data-element_type=\"column\" data-e-type=\"column\">\n\t\t\t<div class=\"elementor-widget-wrap elementor-element-populated\">\n\t\t\t\t\t\t<div class=\"elementor-element elementor-element-59e674e elementor-widget elementor-widget-heading\" data-id=\"59e674e\" data-element_type=\"widget\" data-e-type=\"widget\" data-widget_type=\"heading.default\">\n\t\t\t\t<div class=\"elementor-widget-container\">\n\t\t\t\t\t<h2 class=\"elementor-heading-title elementor-size-default\">Son Vida Inmobiliaria<\/h2>\t\t\t\t<\/div>\n\t\t\t\t<\/div>\n\t\t\t\t<div class=\"elementor-element elementor-element-4d0b77b elementor-widget elementor-widget-text-editor\" data-id=\"4d0b77b\" data-element_type=\"widget\" data-e-type=\"widget\" data-widget_type=\"text-editor.default\">\n\t\t\t\t<div class=\"elementor-widget-container\">\n\t\t\t\t\t\t\t\t\t<p>Son Vida es una de las urbanizaciones m\u00e1s lujosas de Mallorca. Por encima de Palma, esta zona ofrece unas vistas impresionantes de toda Palma, el puerto y hasta el mar. Tanto de d\u00eda como de noche, las vistas son sencillamente de ensue\u00f1o.<\/p>\t\t\t\t\t\t\t\t<\/div>\n\t\t\t\t<\/div>\n\t\t\t\t<section class=\"elementor-section elementor-inner-section elementor-element elementor-element-48b6ec2 elementor-section-boxed elementor-section-height-default elementor-section-height-default\" data-id=\"48b6ec2\" data-element_type=\"section\" data-e-type=\"section\">\n\t\t\t\t\t\t<div class=\"elementor-container elementor-column-gap-default\">\n\t\t\t\t\t<div class=\"elementor-column elementor-col-50 elementor-inner-column elementor-element elementor-element-58c0ee3\" data-id=\"58c0ee3\" data-element_type=\"column\" data-e-type=\"column\">\n\t\t\t<div class=\"elementor-widget-wrap elementor-element-populated\">\n\t\t\t\t\t\t<div class=\"elementor-element elementor-element-d79cc33 elementor-widget elementor-widget-heading\" data-id=\"d79cc33\" data-element_type=\"widget\" data-e-type=\"widget\" data-widget_type=\"heading.default\">\n\t\t\t\t<div class=\"elementor-widget-container\">\n\t\t\t\t\t<h2 class=\"elementor-heading-title elementor-size-default\">Son Vida<\/h2>\t\t\t\t<\/div>\n\t\t\t\t<\/div>\n\t\t\t\t<div class=\"elementor-element elementor-element-1c7c569 elementor-widget elementor-widget-text-editor\" data-id=\"1c7c569\" data-element_type=\"widget\" data-e-type=\"widget\" data-widget_type=\"text-editor.default\">\n\t\t\t\t<div class=\"elementor-widget-container\">\n\t\t\t\t\t\t\t\t\t<p>La urbanizaci\u00f3n est\u00e1 situada al oeste del centro de Palma, y cuenta con una exuberante vegetaci\u00f3n que se entremezcla con los jardines y villas muy bien cuidados.<\/p><p>La zona tambi\u00e9n alberga el exclusivo campo de golf Son Vida, y se complementa con dos hoteles de 5 estrellas (el Hotel Son Vida y el Arabella Sheraton). Hay otros campos de golf en las inmediaciones y toda la finca est\u00e1 vigilada las 24 horas. En general, la seguridad es una prioridad en Son Vida, aparte de vigilancia las 24 horas, tambi\u00e9n hay un solo punto de acceso.<\/p>\t\t\t\t\t\t\t\t<\/div>\n\t\t\t\t<\/div>\n\t\t\t\t\t<\/div>\n\t\t<\/div>\n\t\t\t\t<div class=\"elementor-column elementor-col-50 elementor-inner-column elementor-element elementor-element-e067227\" data-id=\"e067227\" data-element_type=\"column\" data-e-type=\"column\">\n\t\t\t<div class=\"elementor-widget-wrap elementor-element-populated\">\n\t\t\t\t\t\t<div class=\"elementor-element elementor-element-a5ec157 elementor-widget elementor-widget-text-editor\" data-id=\"a5ec157\" data-element_type=\"widget\" data-e-type=\"widget\" data-widget_type=\"text-editor.default\">\n\t\t\t\t<div class=\"elementor-widget-container\">\n\t\t\t\t\t\t\t\t\t<p>Tambi\u00e9n es especialmente popular el Castillo Hotel Son Vida, que combina la rica historia de la isla con el lujoso presente.<\/p><p>Las propiedades en Son Vida est\u00e1n muy solicitadas debido a su exclusiva ubicaci\u00f3n y a sus servicios de alta calidad. No obstante, existe una amplia gama de propiedades diferentes. Ya sea moderna villa de dise\u00f1o de lujo, o villa de estilo finca mediterr\u00e1nea con mucha piedra natural y palmeras.<\/p><p>No dude en preguntar por nuestra exclusiva cartera Off Market\/Discrete, tenemos contactos directos con algunos propietarios que no est\u00e1n en el mercado con sus propiedades&#8230;.<\/p>\t\t\t\t\t\t\t\t<\/div>\n\t\t\t\t<\/div>\n\t\t\t\t<div class=\"elementor-element elementor-element-0d0c8f5 elementor-align-justify elementor-widget elementor-widget-button\" data-id=\"0d0c8f5\" data-element_type=\"widget\" data-e-type=\"widget\" data-widget_type=\"button.default\">\n\t\t\t\t<div class=\"elementor-widget-container\">\n\t\t\t\t\t\t\t\t\t<div class=\"elementor-button-wrapper\">\n\t\t\t\t\t<a class=\"elementor-button elementor-button-link elementor-size-sm\" href=\"https:\/\/www.lucasfroeserealestate.com\/luxusimmobilien-discrete-portfolio\/\" rel=\"nofollow\">\n\t\t\t\t\t\t<span class=\"elementor-button-content-wrapper\">\n\t\t\t\t\t\t<span class=\"elementor-button-icon\">\n\t\t\t\t<svg aria-hidden=\"true\" class=\"e-font-icon-svg e-fas-laptop-house\" viewBox=\"0 0 640 512\" xmlns=\"http:\/\/www.w3.org\/2000\/svg\"><path d=\"M272,288H208a16,16,0,0,1-16-16V208a16,16,0,0,1,16-16h64a16,16,0,0,1,16,16v37.12C299.11,232.24,315,224,332.8,224H469.74l6.65-7.53A16.51,16.51,0,0,0,480,207a16.31,16.31,0,0,0-4.75-10.61L416,144V48a16,16,0,0,0-16-16H368a16,16,0,0,0-16,16V87.3L263.5,8.92C258,4,247.45,0,240.05,0s-17.93,4-23.47,8.92L4.78,196.42A16.15,16.15,0,0,0,0,207a16.4,16.4,0,0,0,3.55,9.39L22.34,237.7A16.22,16.22,0,0,0,33,242.48,16.51,16.51,0,0,0,42.34,239L64,219.88V384a32,32,0,0,0,32,32H272ZM629.33,448H592V288c0-17.67-12.89-32-28.8-32H332.8c-15.91,0-28.8,14.33-28.8,32V448H266.67A10.67,10.67,0,0,0,256,458.67v10.66A42.82,42.82,0,0,0,298.6,512H597.4A42.82,42.82,0,0,0,640,469.33V458.67A10.67,10.67,0,0,0,629.33,448ZM544,448H352V304H544Z\"><\/path><\/svg>\t\t\t<\/span>\n\t\t\t\t\t\t\t\t\t<span class=\"elementor-button-text\">Solicitud de cartera fuera de mercado\/discreta<\/span>\n\t\t\t\t\t<\/span>\n\t\t\t\t\t<\/a>\n\t\t\t\t<\/div>\n\t\t\t\t\t\t\t\t<\/div>\n\t\t\t\t<\/div>\n\t\t\t\t\t<\/div>\n\t\t<\/div>\n\t\t\t\t\t<\/div>\n\t\t<\/section>\n\t\t\t\t\t<\/div>\n\t\t<\/div>\n\t\t\t\t\t<\/div>\n\t\t<\/section>\n\t\t\t\t<\/div>\n\t\t","protected":false},"excerpt":{"rendered":"<p>Son Vida Inmobiliaria Son Vida es una de las urbanizaciones m\u00e1s lujosas de Mallorca. Por encima de Palma, esta zona ofrece unas vistas impresionantes de toda Palma, el puerto y hasta el mar. Tanto de d\u00eda como de noche, las vistas son sencillamente de ensue\u00f1o. Son Vida La urbanizaci\u00f3n est\u00e1 situada al oeste del centro&#8230;<\/p>\n","protected":false},"author":1,"featured_media":0,"parent":0,"menu_order":0,"comment_status":"closed","ping_status":"closed","template":"templates\/properties.php","meta":{"_acf_changed":false,"footnotes":""},"class_list":["post-42827","page","type-page","status-publish","hentry"],"acf":[],"_links":{"self":[{"href":"https:\/\/www.lucasfroeserealestate.com\/es\/wp-json\/wp\/v2\/pages\/42827","targetHints":{"allow":["GET"]}}],"collection":[{"href":"https:\/\/www.lucasfroeserealestate.com\/es\/wp-json\/wp\/v2\/pages"}],"about":[{"href":"https:\/\/www.lucasfroeserealestate.com\/es\/wp-json\/wp\/v2\/types\/page"}],"author":[{"embeddable":true,"href":"https:\/\/www.lucasfroeserealestate.com\/es\/wp-json\/wp\/v2\/users\/1"}],"replies":[{"embeddable":true,"href":"https:\/\/www.lucasfroeserealestate.com\/es\/wp-json\/wp\/v2\/comments?post=42827"}],"version-history":[{"count":3,"href":"https:\/\/www.lucasfroeserealestate.com\/es\/wp-json\/wp\/v2\/pages\/42827\/revisions"}],"predecessor-version":[{"id":79828,"href":"https:\/\/www.lucasfroeserealestate.com\/es\/wp-json\/wp\/v2\/pages\/42827\/revisions\/79828"}],"wp:attachment":[{"href":"https:\/\/www.lucasfroeserealestate.com\/es\/wp-json\/wp\/v2\/media?parent=42827"}],"curies":[{"name":"wp","href":"https:\/\/api.w.org\/{rel}","templated":true}]}}