{"id":42751,"date":"2023-07-25T16:16:22","date_gmt":"2023-07-25T14:16:22","guid":{"rendered":"https:\/\/www.lucasfroeserealestate.com\/inmobiliaria-port-andratx\/"},"modified":"2025-03-19T09:36:58","modified_gmt":"2025-03-19T08:36:58","slug":"inmobiliaria-port-andratx","status":"publish","type":"page","link":"https:\/\/www.lucasfroeserealestate.com\/es\/inmobiliaria-port-andratx\/","title":{"rendered":"Inmobiliaria Port Andratx"},"content":{"rendered":"\t\t<div data-elementor-type=\"wp-page\" data-elementor-id=\"42751\" class=\"elementor elementor-42751 elementor-42679\" data-elementor-post-type=\"page\">\n\t\t\t\t\t\t<section class=\"elementor-section elementor-top-section elementor-element elementor-element-0e959c3 elementor-section-boxed elementor-section-height-default elementor-section-height-default\" data-id=\"0e959c3\" data-element_type=\"section\" data-e-type=\"section\" data-settings=\"{&quot;background_background&quot;:&quot;classic&quot;}\">\n\t\t\t\t\t\t<div class=\"elementor-container elementor-column-gap-default\">\n\t\t\t\t\t<div class=\"elementor-column elementor-col-100 elementor-top-column elementor-element elementor-element-6fa073c\" data-id=\"6fa073c\" data-element_type=\"column\" data-e-type=\"column\">\n\t\t\t<div class=\"elementor-widget-wrap elementor-element-populated\">\n\t\t\t\t\t\t<div class=\"elementor-element elementor-element-c565527 elementor-widget elementor-widget-heading\" data-id=\"c565527\" data-element_type=\"widget\" data-e-type=\"widget\" data-widget_type=\"heading.default\">\n\t\t\t\t<div class=\"elementor-widget-container\">\n\t\t\t\t\t<h1 class=\"elementor-heading-title elementor-size-default\">Inmobiliaria en Port Andratx<\/h1>\t\t\t\t<\/div>\n\t\t\t\t<\/div>\n\t\t\t\t<section class=\"elementor-section elementor-inner-section elementor-element elementor-element-c072697 elementor-section-boxed elementor-section-height-default elementor-section-height-default\" data-id=\"c072697\" data-element_type=\"section\" data-e-type=\"section\">\n\t\t\t\t\t\t<div class=\"elementor-container elementor-column-gap-default\">\n\t\t\t\t\t<div class=\"elementor-column elementor-col-50 elementor-inner-column elementor-element elementor-element-6b69fb4\" data-id=\"6b69fb4\" data-element_type=\"column\" data-e-type=\"column\">\n\t\t\t<div class=\"elementor-widget-wrap elementor-element-populated\">\n\t\t\t\t\t\t<div class=\"elementor-element elementor-element-9fac7c6 elementor-widget elementor-widget-heading\" data-id=\"9fac7c6\" data-element_type=\"widget\" data-e-type=\"widget\" data-widget_type=\"heading.default\">\n\t\t\t\t<div class=\"elementor-widget-container\">\n\t\t\t\t\t<h2 class=\"elementor-heading-title elementor-size-default\">Puerto de Andratx<\/h2>\t\t\t\t<\/div>\n\t\t\t\t<\/div>\n\t\t\t\t<div class=\"elementor-element elementor-element-25c35b8 elementor-widget elementor-widget-text-editor\" data-id=\"25c35b8\" data-element_type=\"widget\" data-e-type=\"widget\" data-widget_type=\"text-editor.default\">\n\t\t\t\t<div class=\"elementor-widget-container\">\n\t\t\t\t\t\t\t\t\t<p><strong>Bienvenido a Port Andratx, la pintoresca ciudad portuaria del suroeste de Mallorca.<\/strong>  El pueblo pesquero, peque\u00f1o hace a\u00f1os, se ha convertido en un puerto exclusivo y muy solicitado entre turistas y propietarios de casas de vacaciones.<\/p>\n<p>Aqu\u00ed encontrar\u00e1 espectaculares villas de lujo en los dise\u00f1os m\u00e1s modernos, con todos los extras que su coraz\u00f3n desea&#8230;.<\/p>\n<p>Descubra <strong>aqu\u00ed con nosotros por qu\u00e9 Port Andratx es tan codiciado por las celebridades<\/strong>, y parte de su historia y diversidad culinaria.<\/p>\n\t\t\t\t\t\t\t\t<\/div>\n\t\t\t\t<\/div>\n\t\t\t\t\t<\/div>\n\t\t<\/div>\n\t\t\t\t<div class=\"elementor-column elementor-col-50 elementor-inner-column elementor-element elementor-element-12bd59a\" data-id=\"12bd59a\" data-element_type=\"column\" data-e-type=\"column\">\n\t\t\t<div class=\"elementor-widget-wrap elementor-element-populated\">\n\t\t\t\t\t\t<div class=\"elementor-element elementor-element-3a55ef4 elementor-widget elementor-widget-heading\" data-id=\"3a55ef4\" data-element_type=\"widget\" data-e-type=\"widget\" data-widget_type=\"heading.default\">\n\t\t\t\t<div class=\"elementor-widget-container\">\n\t\t\t\t\t<h3 class=\"elementor-heading-title elementor-size-default\">La historia de Port Andratx<\/h3>\t\t\t\t<\/div>\n\t\t\t\t<\/div>\n\t\t\t\t<div class=\"elementor-element elementor-element-097f881 elementor-widget elementor-widget-text-editor\" data-id=\"097f881\" data-element_type=\"widget\" data-e-type=\"widget\" data-widget_type=\"text-editor.default\">\n\t\t\t\t<div class=\"elementor-widget-container\">\n\t\t\t\t\t\t\t\t\t<p>En Port Andratx se encuentran or\u00edgenes de antiguas civilizaciones como la romana y la \u00e1rabe. En el siglo XV, el puerto se moderniz\u00f3 para defenderse de los ataques piratas.<\/p>\n<p><strong>En el 18. y Port Andratx experiment\u00f3 un gran crecimiento en el siglo XIX.<\/strong>  la econom\u00eda local a trav\u00e9s de la producci\u00f3n de jab\u00f3n de aceite de oliva en las f\u00e1bricas que all\u00ed se ubicaban. Pero este crecimiento dur\u00f3 poco, porque en otras regiones de Espa\u00f1a se produc\u00edan m\u00e1s baratos al poco tiempo. A partir de los a\u00f1os 50, se produjo un verdadero auge del turismo. Muchas celebridades y personajes famosos siguen residiendo en sus villas de vacaciones en las colinas de Port Andratx.<\/p>\n\t\t\t\t\t\t\t\t<\/div>\n\t\t\t\t<\/div>\n\t\t\t\t\t<\/div>\n\t\t<\/div>\n\t\t\t\t\t<\/div>\n\t\t<\/section>\n\t\t\t\t<div class=\"elementor-element elementor-element-2d2aa60 elementor-widget elementor-widget-image\" data-id=\"2d2aa60\" data-element_type=\"widget\" data-e-type=\"widget\" data-widget_type=\"image.default\">\n\t\t\t\t<div class=\"elementor-widget-container\">\n\t\t\t\t\t\t\t\t\t\t\t\t\t\t\t<img fetchpriority=\"high\" decoding=\"async\" loading=\"eager\" width=\"1200\" height=\"400\" src=\"https:\/\/www.lucasfroeserealestate.com\/wp-content\/uploads\/2023\/08\/Immobilien-in-Port-Andratx-sunset.jpg\" class=\"attachment-full size-full wp-image-42764\" alt=\"Immobilien in Port Andratx\" srcset=\"https:\/\/www.lucasfroeserealestate.com\/wp-content\/uploads\/2023\/08\/Immobilien-in-Port-Andratx-sunset.jpg 1200w, https:\/\/www.lucasfroeserealestate.com\/wp-content\/uploads\/2023\/08\/Immobilien-in-Port-Andratx-sunset-300x100.jpg 300w, https:\/\/www.lucasfroeserealestate.com\/wp-content\/uploads\/2023\/08\/Immobilien-in-Port-Andratx-sunset-1024x341.jpg 1024w, https:\/\/www.lucasfroeserealestate.com\/wp-content\/uploads\/2023\/08\/Immobilien-in-Port-Andratx-sunset-768x256.jpg 768w, https:\/\/www.lucasfroeserealestate.com\/wp-content\/uploads\/2023\/08\/Immobilien-in-Port-Andratx-sunset-150x50.jpg 150w\" sizes=\"(max-width: 1200px) 100vw, 1200px\" title=\"\">\t\t\t\t\t\t\t\t\t\t\t\t\t\t\t<\/div>\n\t\t\t\t<\/div>\n\t\t\t\t<div class=\"elementor-element elementor-element-82cf2a0 elementor-widget elementor-widget-text-editor\" data-id=\"82cf2a0\" data-element_type=\"widget\" data-e-type=\"widget\" data-widget_type=\"text-editor.default\">\n\t\t\t\t<div class=\"elementor-widget-container\">\n\t\t\t\t\t\t\t\t\t<p>La ciudad portuaria ofrece a residentes y visitantes una exquisita selecci\u00f3n de caf\u00e9s, restaurantes, boutiques y galer\u00edas de arte. La arquitectura de muchas de las casas fue dise\u00f1ada por renombrados arquitectos internacionales, y al pasear por sus calles notar\u00e1 esta fusi\u00f3n de villas modernas y acentos mediterr\u00e1neos. Si busca un buen restaurante en esta zona, aqu\u00ed tiene nuestros consejos; <strong><br \/>\n  <a href=\"https:\/\/www.lucasfroeserealestate.com\/es\/restaurantes-de-port-andratx-y-su-escena-culinaria\/\">Restaurantes de Port Andratx y su escena culinaria.<\/a><br \/>\n<\/strong><\/p>\n<p><strong>Estaremos encantados de ayudarle en la b\u00fasqueda de<\/strong> la casa de sus sue\u00f1os en Port Andratx. Aqu\u00ed hay muchas villas modernas en ubicaciones privilegiadas, <strong>pero lo importante son los detalles.<\/strong> Estaremos encantados de asesorarte y <strong>apoyarte<\/strong> con nuestra experiencia <strong>, de principio a fin<\/strong> (desde el inicio de la b\u00fasqueda, hasta la b\u00fasqueda del jardinero adecuado y el servicio de escayolistas despu\u00e9s del notario).<\/p>\n\t\t\t\t\t\t\t\t<\/div>\n\t\t\t\t<\/div>\n\t\t\t\t<section class=\"elementor-section elementor-inner-section elementor-element elementor-element-b6e5e3a elementor-section-boxed elementor-section-height-default elementor-section-height-default\" data-id=\"b6e5e3a\" data-element_type=\"section\" data-e-type=\"section\">\n\t\t\t\t\t\t<div class=\"elementor-container elementor-column-gap-default\">\n\t\t\t\t\t<div class=\"elementor-column elementor-col-50 elementor-inner-column elementor-element elementor-element-765b696\" data-id=\"765b696\" data-element_type=\"column\" data-e-type=\"column\">\n\t\t\t<div class=\"elementor-widget-wrap elementor-element-populated\">\n\t\t\t\t\t\t<div class=\"elementor-element elementor-element-7d32321 elementor-align-justify elementor-widget elementor-widget-button\" data-id=\"7d32321\" data-element_type=\"widget\" data-e-type=\"widget\" data-widget_type=\"button.default\">\n\t\t\t\t<div class=\"elementor-widget-container\">\n\t\t\t\t\t\t\t\t\t<div class=\"elementor-button-wrapper\">\n\t\t\t\t\t<a class=\"elementor-button elementor-button-link elementor-size-sm\" href=\"https:\/\/www.lucasfroeserealestate.com\/es\/luxusimmobilien-auf-mallorca\/\">\n\t\t\t\t\t\t<span class=\"elementor-button-content-wrapper\">\n\t\t\t\t\t\t\t\t\t<span class=\"elementor-button-text\">\u00a1Ver cartera de inmuebles de lujo!<\/span>\n\t\t\t\t\t<\/span>\n\t\t\t\t\t<\/a>\n\t\t\t\t<\/div>\n\t\t\t\t\t\t\t\t<\/div>\n\t\t\t\t<\/div>\n\t\t\t\t\t<\/div>\n\t\t<\/div>\n\t\t\t\t<div class=\"elementor-column elementor-col-50 elementor-inner-column elementor-element elementor-element-3102156\" data-id=\"3102156\" data-element_type=\"column\" data-e-type=\"column\">\n\t\t\t<div class=\"elementor-widget-wrap elementor-element-populated\">\n\t\t\t\t\t\t<div class=\"elementor-element elementor-element-78e38a5 elementor-align-justify elementor-widget elementor-widget-button\" data-id=\"78e38a5\" data-element_type=\"widget\" data-e-type=\"widget\" data-widget_type=\"button.default\">\n\t\t\t\t<div class=\"elementor-widget-container\">\n\t\t\t\t\t\t\t\t\t<div class=\"elementor-button-wrapper\">\n\t\t\t\t\t<a class=\"elementor-button elementor-button-link elementor-size-sm\" href=\"https:\/\/www.lucasfroeserealestate.com\/es\/portfolio-de-inmuebles-de-lujo-discrete\/\" rel=\"nofollow\">\n\t\t\t\t\t\t<span class=\"elementor-button-content-wrapper\">\n\t\t\t\t\t\t\t\t\t<span class=\"elementor-button-text\">Solicitud de cartera fuera de mercado\/discreta<\/span>\n\t\t\t\t\t<\/span>\n\t\t\t\t\t<\/a>\n\t\t\t\t<\/div>\n\t\t\t\t\t\t\t\t<\/div>\n\t\t\t\t<\/div>\n\t\t\t\t\t<\/div>\n\t\t<\/div>\n\t\t\t\t\t<\/div>\n\t\t<\/section>\n\t\t\t\t\t<\/div>\n\t\t<\/div>\n\t\t\t\t\t<\/div>\n\t\t<\/section>\n\t\t\t\t<\/div>\n\t\t","protected":false},"excerpt":{"rendered":"<p>Inmobiliaria en Port Andratx Puerto de Andratx Bienvenido a Port Andratx, la pintoresca ciudad portuaria del suroeste de Mallorca. El pueblo pesquero, peque\u00f1o hace a\u00f1os, se ha convertido en un puerto exclusivo y muy solicitado entre turistas y propietarios de casas de vacaciones. Aqu\u00ed encontrar\u00e1 espectaculares villas de lujo en los dise\u00f1os m\u00e1s modernos, con&#8230;<\/p>\n","protected":false},"author":1,"featured_media":0,"parent":0,"menu_order":0,"comment_status":"closed","ping_status":"closed","template":"templates\/properties.php","meta":{"footnotes":""},"class_list":["post-42751","page","type-page","status-publish","hentry"],"_links":{"self":[{"href":"https:\/\/www.lucasfroeserealestate.com\/es\/wp-json\/wp\/v2\/pages\/42751","targetHints":{"allow":["GET"]}}],"collection":[{"href":"https:\/\/www.lucasfroeserealestate.com\/es\/wp-json\/wp\/v2\/pages"}],"about":[{"href":"https:\/\/www.lucasfroeserealestate.com\/es\/wp-json\/wp\/v2\/types\/page"}],"author":[{"embeddable":true,"href":"https:\/\/www.lucasfroeserealestate.com\/es\/wp-json\/wp\/v2\/users\/1"}],"replies":[{"embeddable":true,"href":"https:\/\/www.lucasfroeserealestate.com\/es\/wp-json\/wp\/v2\/comments?post=42751"}],"version-history":[{"count":0,"href":"https:\/\/www.lucasfroeserealestate.com\/es\/wp-json\/wp\/v2\/pages\/42751\/revisions"}],"wp:attachment":[{"href":"https:\/\/www.lucasfroeserealestate.com\/es\/wp-json\/wp\/v2\/media?parent=42751"}],"curies":[{"name":"wp","href":"https:\/\/api.w.org\/{rel}","templated":true}]}}