{"id":37057,"date":"2023-02-23T14:23:06","date_gmt":"2023-02-23T13:23:06","guid":{"rendered":"https:\/\/www.lucasfroeserealestate.com\/inmuebles-comerciales-mallorca\/"},"modified":"2024-04-13T12:31:13","modified_gmt":"2024-04-13T10:31:13","slug":"inmuebles-comerciales-mallorca","status":"publish","type":"page","link":"https:\/\/www.lucasfroeserealestate.com\/es\/inmuebles-comerciales-mallorca\/","title":{"rendered":"Locales comerciales en Mallorca"},"content":{"rendered":"\t\t<div data-elementor-type=\"wp-page\" data-elementor-id=\"37057\" class=\"elementor elementor-37057 elementor-37042\" data-elementor-post-type=\"page\">\n\t\t\t\t\t\t<section class=\"elementor-section elementor-top-section elementor-element elementor-element-96999ed elementor-section-boxed elementor-section-height-default elementor-section-height-default\" data-id=\"96999ed\" data-element_type=\"section\" data-e-type=\"section\" data-settings=\"{&quot;background_background&quot;:&quot;classic&quot;}\">\n\t\t\t\t\t\t<div class=\"elementor-container elementor-column-gap-default\">\n\t\t\t\t\t<div class=\"elementor-column elementor-col-100 elementor-top-column elementor-element elementor-element-6b38bac\" data-id=\"6b38bac\" data-element_type=\"column\" data-e-type=\"column\">\n\t\t\t<div class=\"elementor-widget-wrap elementor-element-populated\">\n\t\t\t\t\t\t<div class=\"elementor-element elementor-element-2b9badb elementor-widget elementor-widget-heading\" data-id=\"2b9badb\" data-element_type=\"widget\" data-e-type=\"widget\" data-widget_type=\"heading.default\">\n\t\t\t\t<div class=\"elementor-widget-container\">\n\t\t\t\t\t<h2 class=\"elementor-heading-title elementor-size-default\">Inmuebles comerciales en Mallorca<\/h2>\t\t\t\t<\/div>\n\t\t\t\t<\/div>\n\t\t\t\t<div class=\"elementor-element elementor-element-56904ee elementor-widget elementor-widget-text-editor\" data-id=\"56904ee\" data-element_type=\"widget\" data-e-type=\"widget\" data-widget_type=\"text-editor.default\">\n\t\t\t\t<div class=\"elementor-widget-container\">\n\t\t\t\t\t\t\t\t\t<h2>Locales comerciales en Mallorca:<\/h2>\n<h3>Invierte en tu futuro en la isla de tus sue\u00f1os<\/h3>\n<p>Mallorca no es s\u00f3lo un popular destino de vacaciones, sino tambi\u00e9n un lugar atractivo para la propiedad comercial. Con su clima mediterr\u00e1neo, su estabilidad econ\u00f3mica y su excelente calidad de vida, la isla ofrece un amplio abanico de oportunidades para invertir en inmuebles comerciales.<\/p>\n<h2>\u00bfPor qu\u00e9 invertir en inmuebles comerciales en Mallorca?<\/h2>\n<h3>1. Mercado inmobiliario atractivo:<\/h3>\n<p>Mallorca es, desde hace mucho tiempo, un centro neur\u00e1lgico del turismo, la gastronom\u00eda y el comercio. Con un n\u00famero creciente de visitantes de todo el mundo, la isla ofrece un entorno pr\u00f3spero para los negocios de todo tipo.<\/p>\n<h3>2. econom\u00eda estable:<\/h3>\n<p>La econom\u00eda de Mallorca no s\u00f3lo se basa en el turismo, sino tambi\u00e9n en otros sectores como el inmobiliario, la sanidad, la educaci\u00f3n y los servicios. Esto crea un entorno empresarial diversificado que ofrece oportunidades de inversi\u00f3n.<\/p>\n<h3>3. calidad de vida:<\/h3>\n<p>El pintoresco paisaje, el agradable clima y el relajado estilo de vida hacen de Mallorca no s\u00f3lo un popular destino vacacional, sino tambi\u00e9n un atractivo lugar para trabajar y vivir.<\/p>\n<h2>Locales comerciales en Mallorca:<\/h2>\n<h3>Sus oportunidades de inversi\u00f3n<\/h3>\n<h4>1. oficinas:<\/h4>\n<p>Ya sea en Palma, el centro econ\u00f3mico de la isla, o en distritos empresariales emergentes, las oficinas de Mallorca ofrecen a las empresas un atractivo entorno de trabajo.<\/p>\n<h4>2. locales comerciales:<\/h4>\n<p>Desde exclusivas boutiques en las bulliciosas calles comerciales hasta centros comerciales y supermercados: los locales comerciales del sector minorista de Mallorca se benefician de la diversidad de la clientela internacional.<\/p>\n<h4>3. restauraci\u00f3n y turismo:<\/h4>\n<p>Restaurantes, caf\u00e9s, hoteles y complejos tur\u00edsticos siempre est\u00e1n de moda en Mallorca. Invierta en locales comerciales del sector hostelero y benef\u00edciese de la gran demanda de experiencias culinarias y alojamiento de primera clase.<\/p>\n<h4>4. zonas industriales y de almacenamiento:<\/h4>\n<p>Mallorca tambi\u00e9n ofrece oportunidades de inversi\u00f3n en espacios industriales y almacenes para satisfacer las necesidades log\u00edsticas y de producci\u00f3n de la isla.<\/p>\n<h2>Su socio para inmuebles comerciales en Mallorca<\/h2>\n<h4>Nuestra empresa:<\/h4>\n<p>Somos su socio profesional para inmuebles comerciales en Mallorca. Con nuestra experiencia y nuestra red, le apoyamos en la b\u00fasqueda del inmueble comercial ideal que cumpla sus requisitos.<\/p>\n<h4>Nuestro servicio:<\/h4>\n<p>- Asesoramiento personalizado y an\u00e1lisis de necesidades<br \/>- Selecci\u00f3n de locales comerciales seg\u00fan sus criterios<br \/>- Apoyo en las negociaciones de contratos y asuntos jur\u00eddicos<br \/>- Asistencia posterior y asociaci\u00f3n a largo plazo<\/p>\n<p>Aproveche la oportunidad de invertir en una propiedad comercial en Mallorca y aseg\u00farese un futuro prometedor en esta hermosa isla. P\u00f3ngase en contacto con nosotros hoy mismo para obtener m\u00e1s informaci\u00f3n sobre nuestras ofertas y servicios actuales.<\/p>\n<p><strong>Invierta en su futuro en Mallorca - \u00a1<\/strong> con propiedades comerciales que prometen \u00e9xito!<\/p>\n\t\t\t\t\t\t\t\t<\/div>\n\t\t\t\t<\/div>\n\t\t\t\t\t<\/div>\n\t\t<\/div>\n\t\t\t\t\t<\/div>\n\t\t<\/section>\n\t\t\t\t<\/div>\n\t\t","protected":false},"excerpt":{"rendered":"<p>Inmuebles comerciales en Mallorca Locales comerciales en Mallorca: Invierte en tu futuro en la isla de tus sue\u00f1os Mallorca no es s\u00f3lo un popular destino de vacaciones, sino tambi\u00e9n un lugar atractivo para la propiedad comercial. Con su clima mediterr\u00e1neo, su estabilidad econ\u00f3mica y su excelente calidad de vida, la isla ofrece un amplio abanico&#8230;<\/p>\n","protected":false},"author":1,"featured_media":0,"parent":0,"menu_order":0,"comment_status":"closed","ping_status":"closed","template":"templates\/properties.php","meta":{"footnotes":""},"class_list":["post-37057","page","type-page","status-publish","hentry"],"_links":{"self":[{"href":"https:\/\/www.lucasfroeserealestate.com\/es\/wp-json\/wp\/v2\/pages\/37057","targetHints":{"allow":["GET"]}}],"collection":[{"href":"https:\/\/www.lucasfroeserealestate.com\/es\/wp-json\/wp\/v2\/pages"}],"about":[{"href":"https:\/\/www.lucasfroeserealestate.com\/es\/wp-json\/wp\/v2\/types\/page"}],"author":[{"embeddable":true,"href":"https:\/\/www.lucasfroeserealestate.com\/es\/wp-json\/wp\/v2\/users\/1"}],"replies":[{"embeddable":true,"href":"https:\/\/www.lucasfroeserealestate.com\/es\/wp-json\/wp\/v2\/comments?post=37057"}],"version-history":[{"count":0,"href":"https:\/\/www.lucasfroeserealestate.com\/es\/wp-json\/wp\/v2\/pages\/37057\/revisions"}],"wp:attachment":[{"href":"https:\/\/www.lucasfroeserealestate.com\/es\/wp-json\/wp\/v2\/media?parent=37057"}],"curies":[{"name":"wp","href":"https:\/\/api.w.org\/{rel}","templated":true}]}}