{"id":37038,"date":"2023-02-23T13:57:40","date_gmt":"2023-02-23T12:57:40","guid":{"rendered":"https:\/\/www.lucasfroeserealestate.com\/parcelas-en-mallorca\/"},"modified":"2024-04-13T14:58:26","modified_gmt":"2024-04-13T12:58:26","slug":"parcelas-en-mallorca","status":"publish","type":"page","link":"https:\/\/www.lucasfroeserealestate.com\/es\/parcelas-en-mallorca\/","title":{"rendered":"Terrenos y solares en Mallorca"},"content":{"rendered":"\t\t<div data-elementor-type=\"wp-page\" data-elementor-id=\"37038\" class=\"elementor elementor-37038 elementor-37030\" data-elementor-post-type=\"page\">\n\t\t\t\t\t\t<section class=\"elementor-section elementor-top-section elementor-element elementor-element-8f84ab4 elementor-section-boxed elementor-section-height-default elementor-section-height-default\" data-id=\"8f84ab4\" data-element_type=\"section\" data-e-type=\"section\" data-settings=\"{&quot;background_background&quot;:&quot;classic&quot;}\">\n\t\t\t\t\t\t<div class=\"elementor-container elementor-column-gap-default\">\n\t\t\t\t\t<div class=\"elementor-column elementor-col-100 elementor-top-column elementor-element elementor-element-d3e0490\" data-id=\"d3e0490\" data-element_type=\"column\" data-e-type=\"column\">\n\t\t\t<div class=\"elementor-widget-wrap elementor-element-populated\">\n\t\t\t\t\t\t<div class=\"elementor-element elementor-element-a670e8c elementor-widget elementor-widget-heading\" data-id=\"a670e8c\" data-element_type=\"widget\" data-e-type=\"widget\" data-widget_type=\"heading.default\">\n\t\t\t\t<div class=\"elementor-widget-container\">\n\t\t\t\t\t<h2 class=\"elementor-heading-title elementor-size-default\">Parcelas en Mallorca<\/h2>\t\t\t\t<\/div>\n\t\t\t\t<\/div>\n\t\t\t\t<div class=\"elementor-element elementor-element-5ea2192 elementor-widget elementor-widget-text-editor\" data-id=\"5ea2192\" data-element_type=\"widget\" data-e-type=\"widget\" data-widget_type=\"text-editor.default\">\n\t\t\t\t<div class=\"elementor-widget-container\">\n\t\t\t\t\t\t\t\t\t<h2>Bienvenido al mundo inmobiliario de Mallorca<\/h2>\n<p>Descubra las oportunidades que le ofrece invertir en una propiedad en Mallorca. Desde pintorescas parcelas en el campo hasta propiedades de ensue\u00f1o con vistas al mar: la soleada isla ofrece una gran variedad de opciones para hacer realidad la casa de sus sue\u00f1os.<\/p>\n<h3>\u00bfPor qu\u00e9 comprar una propiedad en Mallorca?<\/h3>\n<h4>1. ubicaci\u00f3n \u00fanica:<\/h4>\n<p>La belleza natural del paisaje mallorqu\u00edn es impresionante. Un terreno en Mallorca le ofrece la oportunidad de crear sus propias cuatro paredes en medio de un entorno pintoresco.<\/p>\n<h4>2. inversi\u00f3n en el futuro:<\/h4>\n<p>El mercado inmobiliario de Mallorca es estable y atractivo. Comprar una propiedad en la isla no es s\u00f3lo una inversi\u00f3n en su propia casa, sino tambi\u00e9n en un futuro s\u00f3lido.<\/p>\n<h4>3. individualidad y libertad:<\/h4>\n<p>Con su propia parcela, tiene libertad para dise\u00f1ar la casa de sus sue\u00f1os seg\u00fan sus propias ideas. Ya sea tradicional mallorqu\u00edn o moderno y minimalista - aqu\u00ed hay espacio para su visi\u00f3n personal.<\/p>\n<h2>La propiedad de sus sue\u00f1os en Mallorca<\/h2>\n<h3>1. parcelas:<\/h3>\n<p>Las propiedades rurales en Mallorca son ideales para los amantes de la naturaleza y los que buscan paz y tranquilidad. Disfrute de la naturaleza virgen, la inmensidad del paisaje y la tranquilidad lejos del ajetreo de la vida cotidiana.<\/p>\n<h3>2. parcelas con vistas al mar:<\/h3>\n<p>Una propiedad con vistas al mar en Mallorca es una inversi\u00f3n en pura calidad de vida. Disfrute de espectaculares puestas de sol, del sonido del mar y de la infinita extensi\u00f3n del oc\u00e9ano directamente desde su casa.<\/p>\n<h3>3. propiedades urbanas:<\/h3>\n<p>Para quienes prefieren la vida urbana, las propiedades cercanas a la ciudad ofrecen la combinaci\u00f3n perfecta de comodidad urbana y oasis privado. Experimente la vibrante vida cerca de restaurantes, tiendas y lugares de inter\u00e9s cultural.<\/p>\n<h2>Su socio para propiedades en Mallorca<\/h2>\n<p>Somos su socio de confianza en la b\u00fasqueda de la propiedad de sus sue\u00f1os en Mallorca. Con nuestros muchos a\u00f1os de experiencia y nuestra amplia red, le apoyamos en cada paso del camino hacia su propio trozo de para\u00edso.<\/p>\n<p>Esperamos poder ayudarle en su b\u00fasqueda. P\u00f3ngase en contacto con nosotros con una consulta de b\u00fasqueda personalizada.<\/p>\n\t\t\t\t\t\t\t\t<\/div>\n\t\t\t\t<\/div>\n\t\t\t\t\t<\/div>\n\t\t<\/div>\n\t\t\t\t\t<\/div>\n\t\t<\/section>\n\t\t\t\t<\/div>\n\t\t","protected":false},"excerpt":{"rendered":"<p>Parcelas en Mallorca Bienvenido al mundo inmobiliario de Mallorca Descubra las oportunidades que le ofrece invertir en una propiedad en Mallorca. Desde pintorescas parcelas en el campo hasta propiedades de ensue\u00f1o con vistas al mar: la soleada isla ofrece una gran variedad de opciones para hacer realidad la casa de sus sue\u00f1os. \u00bfPor qu\u00e9 comprar&#8230;<\/p>\n","protected":false},"author":1,"featured_media":0,"parent":0,"menu_order":0,"comment_status":"closed","ping_status":"closed","template":"templates\/properties.php","meta":{"footnotes":""},"class_list":["post-37038","page","type-page","status-publish","hentry"],"_links":{"self":[{"href":"https:\/\/www.lucasfroeserealestate.com\/es\/wp-json\/wp\/v2\/pages\/37038","targetHints":{"allow":["GET"]}}],"collection":[{"href":"https:\/\/www.lucasfroeserealestate.com\/es\/wp-json\/wp\/v2\/pages"}],"about":[{"href":"https:\/\/www.lucasfroeserealestate.com\/es\/wp-json\/wp\/v2\/types\/page"}],"author":[{"embeddable":true,"href":"https:\/\/www.lucasfroeserealestate.com\/es\/wp-json\/wp\/v2\/users\/1"}],"replies":[{"embeddable":true,"href":"https:\/\/www.lucasfroeserealestate.com\/es\/wp-json\/wp\/v2\/comments?post=37038"}],"version-history":[{"count":0,"href":"https:\/\/www.lucasfroeserealestate.com\/es\/wp-json\/wp\/v2\/pages\/37038\/revisions"}],"wp:attachment":[{"href":"https:\/\/www.lucasfroeserealestate.com\/es\/wp-json\/wp\/v2\/media?parent=37038"}],"curies":[{"name":"wp","href":"https:\/\/api.w.org\/{rel}","templated":true}]}}