{"id":37026,"date":"2023-02-23T13:26:42","date_gmt":"2023-02-23T12:26:42","guid":{"rendered":"https:\/\/www.lucasfroeserealestate.com\/comprar-piso-en-mallorca\/"},"modified":"2024-04-17T11:13:01","modified_gmt":"2024-04-17T09:13:01","slug":"comprar-piso-en-mallorca","status":"publish","type":"page","link":"https:\/\/www.lucasfroeserealestate.com\/es\/comprar-piso-en-mallorca\/","title":{"rendered":"Comprar piso en Mallorca"},"content":{"rendered":"\t\t<div data-elementor-type=\"wp-page\" data-elementor-id=\"37026\" class=\"elementor elementor-37026 elementor-37015\" data-elementor-post-type=\"page\">\n\t\t\t\t\t\t<section class=\"elementor-section elementor-top-section elementor-element elementor-element-4244f6e elementor-section-boxed elementor-section-height-default elementor-section-height-default\" data-id=\"4244f6e\" data-element_type=\"section\" data-e-type=\"section\" data-settings=\"{&quot;background_background&quot;:&quot;classic&quot;}\">\n\t\t\t\t\t\t<div class=\"elementor-container elementor-column-gap-default\">\n\t\t\t\t\t<div class=\"elementor-column elementor-col-100 elementor-top-column elementor-element elementor-element-dffdc34\" data-id=\"dffdc34\" data-element_type=\"column\" data-e-type=\"column\">\n\t\t\t<div class=\"elementor-widget-wrap elementor-element-populated\">\n\t\t\t\t\t\t<div class=\"elementor-element elementor-element-9ab74cd elementor-widget elementor-widget-heading\" data-id=\"9ab74cd\" data-element_type=\"widget\" data-e-type=\"widget\" data-widget_type=\"heading.default\">\n\t\t\t\t<div class=\"elementor-widget-container\">\n\t\t\t\t\t<h2 class=\"elementor-heading-title elementor-size-default\">Pisos en Mallorca<\/h2>\t\t\t\t<\/div>\n\t\t\t\t<\/div>\n\t\t\t\t<div class=\"elementor-element elementor-element-8cacb6b elementor-widget elementor-widget-text-editor\" data-id=\"8cacb6b\" data-element_type=\"widget\" data-e-type=\"widget\" data-widget_type=\"text-editor.default\">\n\t\t\t\t<div class=\"elementor-widget-container\">\n\t\t\t\t\t\t\t\t\t<p>\u00bfQuiere comprar un piso en Mallorca? \u00bfO quiz\u00e1s un peque\u00f1o piso con licencia de alquiler vacacional? <strong>Tenemos una gran selecci\u00f3n de pisos exclusivos y pisos en Mallorca,<\/strong> en las mejores ubicaciones. Pisos en Mallorca de todos los tama\u00f1os, estilos y regiones de la isla.<\/p>\n<p><img decoding=\"async\" class=\"alignright wp-image-27541 size-medium\" src=\"https:\/\/www.lucasfroeserealestate.com\/wp-content\/uploads\/2021\/01\/luxus-penthouse-colonia-sant-jordi-01-300x169.jpg\" alt=\"\u00c1tico de lujo Colonia de Sant Jordi\" width=\"300\" height=\"169\" title=\"\" srcset=\"https:\/\/www.lucasfroeserealestate.com\/wp-content\/uploads\/2021\/01\/luxus-penthouse-colonia-sant-jordi-01-300x169.jpg 300w, https:\/\/www.lucasfroeserealestate.com\/wp-content\/uploads\/2021\/01\/luxus-penthouse-colonia-sant-jordi-01-1024x576.jpg 1024w, https:\/\/www.lucasfroeserealestate.com\/wp-content\/uploads\/2021\/01\/luxus-penthouse-colonia-sant-jordi-01-768x432.jpg 768w, https:\/\/www.lucasfroeserealestate.com\/wp-content\/uploads\/2021\/01\/luxus-penthouse-colonia-sant-jordi-01-1536x864.jpg 1536w, https:\/\/www.lucasfroeserealestate.com\/wp-content\/uploads\/2021\/01\/luxus-penthouse-colonia-sant-jordi-01-150x84.jpg 150w, https:\/\/www.lucasfroeserealestate.com\/wp-content\/uploads\/2021\/01\/luxus-penthouse-colonia-sant-jordi-01-1200x680.jpg 1200w, https:\/\/www.lucasfroeserealestate.com\/wp-content\/uploads\/2021\/01\/luxus-penthouse-colonia-sant-jordi-01.jpg 1800w\" sizes=\"(max-width: 300px) 100vw, 300px\" \/><\/p>\n<h4>Comprar pisos en Mallorca<\/h4>\n<p>Como ya se habr\u00e1 dado cuenta, es <strong>importante contar con un socio de confianza en la isla<\/strong>. Nuestro equipo de agentes inmobiliarios estar\u00e1 encantado de ayudarle. Ya sea un moderno \u00e1tico de lujo con aparcamiento subterr\u00e1neo, ascensor y vistas al mar, o un peque\u00f1o piso cerca del mar, a s\u00f3lo unos minutos a pie de la playa. <strong>Tambi\u00e9n encontrar\u00e1 hermosos pisos est\u00e1ndar en nuestra cartera inmobiliaria,<\/strong> con todo lo que su coraz\u00f3n desea&#8230;.<\/p>\n<p>Decida ahora en qu\u00e9 regi\u00f3n desea comprar un piso <strong>y nosotros haremos el resto.<\/strong><\/p>\n\t\t\t\t\t\t\t\t<\/div>\n\t\t\t\t<\/div>\n\t\t\t\t\t<\/div>\n\t\t<\/div>\n\t\t\t\t\t<\/div>\n\t\t<\/section>\n\t\t\t\t<\/div>\n\t\t","protected":false},"excerpt":{"rendered":"<p>Pisos en Mallorca \u00bfQuiere comprar un piso en Mallorca? \u00bfO quiz\u00e1s un peque\u00f1o piso con licencia de alquiler vacacional? Tenemos una gran selecci\u00f3n de pisos exclusivos y pisos en Mallorca, en las mejores ubicaciones. Pisos en Mallorca de todos los tama\u00f1os, estilos y regiones de la isla. Comprar pisos en Mallorca Como ya se habr\u00e1&#8230;<\/p>\n","protected":false},"author":1,"featured_media":0,"parent":0,"menu_order":0,"comment_status":"closed","ping_status":"closed","template":"templates\/properties.php","meta":{"footnotes":""},"class_list":["post-37026","page","type-page","status-publish","hentry"],"_links":{"self":[{"href":"https:\/\/www.lucasfroeserealestate.com\/es\/wp-json\/wp\/v2\/pages\/37026","targetHints":{"allow":["GET"]}}],"collection":[{"href":"https:\/\/www.lucasfroeserealestate.com\/es\/wp-json\/wp\/v2\/pages"}],"about":[{"href":"https:\/\/www.lucasfroeserealestate.com\/es\/wp-json\/wp\/v2\/types\/page"}],"author":[{"embeddable":true,"href":"https:\/\/www.lucasfroeserealestate.com\/es\/wp-json\/wp\/v2\/users\/1"}],"replies":[{"embeddable":true,"href":"https:\/\/www.lucasfroeserealestate.com\/es\/wp-json\/wp\/v2\/comments?post=37026"}],"version-history":[{"count":0,"href":"https:\/\/www.lucasfroeserealestate.com\/es\/wp-json\/wp\/v2\/pages\/37026\/revisions"}],"wp:attachment":[{"href":"https:\/\/www.lucasfroeserealestate.com\/es\/wp-json\/wp\/v2\/media?parent=37026"}],"curies":[{"name":"wp","href":"https:\/\/api.w.org\/{rel}","templated":true}]}}