{"id":37012,"date":"2023-02-23T11:54:17","date_gmt":"2023-02-23T10:54:17","guid":{"rendered":"https:\/\/www.lucasfroeserealestate.com\/comprar-una-casa-en-mallorca\/"},"modified":"2024-04-14T11:41:51","modified_gmt":"2024-04-14T09:41:51","slug":"comprar-una-casa-en-mallorca","status":"publish","type":"page","link":"https:\/\/www.lucasfroeserealestate.com\/es\/comprar-una-casa-en-mallorca\/","title":{"rendered":"Comprar una casa en Mallorca"},"content":{"rendered":"\t\t<div data-elementor-type=\"wp-page\" data-elementor-id=\"37012\" class=\"elementor elementor-37012 elementor-37001\" data-elementor-post-type=\"page\">\n\t\t\t\t\t\t<section class=\"elementor-section elementor-top-section elementor-element elementor-element-afd653c elementor-section-boxed elementor-section-height-default elementor-section-height-default\" data-id=\"afd653c\" data-element_type=\"section\" data-e-type=\"section\" data-settings=\"{&quot;background_background&quot;:&quot;classic&quot;}\">\n\t\t\t\t\t\t<div class=\"elementor-container elementor-column-gap-default\">\n\t\t\t\t\t<div class=\"elementor-column elementor-col-100 elementor-top-column elementor-element elementor-element-067e78f\" data-id=\"067e78f\" data-element_type=\"column\" data-e-type=\"column\">\n\t\t\t<div class=\"elementor-widget-wrap elementor-element-populated\">\n\t\t\t\t\t\t<div class=\"elementor-element elementor-element-4c3e269 elementor-widget elementor-widget-heading\" data-id=\"4c3e269\" data-element_type=\"widget\" data-e-type=\"widget\" data-widget_type=\"heading.default\">\n\t\t\t\t<div class=\"elementor-widget-container\">\n\t\t\t\t\t<h2 class=\"elementor-heading-title elementor-size-default\">Comprar una casa en Mallorca<\/h2>\t\t\t\t<\/div>\n\t\t\t\t<\/div>\n\t\t\t\t<div class=\"elementor-element elementor-element-89a8427 elementor-widget-divider--view-line_text elementor-widget-divider--element-align-center elementor-widget elementor-widget-divider\" data-id=\"89a8427\" data-element_type=\"widget\" data-e-type=\"widget\" data-widget_type=\"divider.default\">\n\t\t\t\t<div class=\"elementor-widget-container\">\n\t\t\t\t\t\t\t<div class=\"elementor-divider\">\n\t\t\t<span class=\"elementor-divider-separator\">\n\t\t\t\t\t\t\t<span class=\"elementor-divider__text elementor-divider__element\">\n\t\t\t\tLucas Froese Inmobiliaria\t\t\t\t<\/span>\n\t\t\t\t\t\t<\/span>\n\t\t<\/div>\n\t\t\t\t\t\t<\/div>\n\t\t\t\t<\/div>\n\t\t\t\t\t<\/div>\n\t\t<\/div>\n\t\t\t\t\t<\/div>\n\t\t<\/section>\n\t\t\t\t<section class=\"elementor-section elementor-top-section elementor-element elementor-element-6c6ba2e elementor-section-boxed elementor-section-height-default elementor-section-height-default\" data-id=\"6c6ba2e\" data-element_type=\"section\" data-e-type=\"section\">\n\t\t\t\t\t\t<div class=\"elementor-container elementor-column-gap-default\">\n\t\t\t\t\t<div class=\"elementor-column elementor-col-100 elementor-top-column elementor-element elementor-element-efe1af9\" data-id=\"efe1af9\" data-element_type=\"column\" data-e-type=\"column\">\n\t\t\t<div class=\"elementor-widget-wrap elementor-element-populated\">\n\t\t\t\t\t\t<div class=\"elementor-element elementor-element-0ede7e1 elementor-widget elementor-widget-text-editor\" data-id=\"0ede7e1\" data-element_type=\"widget\" data-e-type=\"widget\" data-widget_type=\"text-editor.default\">\n\t\t\t\t<div class=\"elementor-widget-container\">\n\t\t\t\t\t\t\t\t\t<p>Mallorca, la perla del Mediterr\u00e1neo, atrae a\u00f1o tras a\u00f1o a numerosos compradores potenciales que sue\u00f1an con tener su propia casa bajo el sol espa\u00f1ol. La isla se caracteriza por su variedad de paisajes, desde id\u00edlicos pueblos de monta\u00f1a a animadas ciudades costeras, y ofrece una amplia gama de opciones inmobiliarias. En esta gu\u00eda, nos gustar\u00eda darle una visi\u00f3n completa y valiosos consejos sobre c\u00f3mo encontrar y comprar la casa de sus sue\u00f1os en Mallorca.<\/p>\n\t\t\t\t\t\t\t\t<\/div>\n\t\t\t\t<\/div>\n\t\t\t\t<div class=\"elementor-element elementor-element-db5ece8 elementor-widget elementor-widget-heading\" data-id=\"db5ece8\" data-element_type=\"widget\" data-e-type=\"widget\" data-widget_type=\"heading.default\">\n\t\t\t\t<div class=\"elementor-widget-container\">\n\t\t\t\t\t<h2 class=\"elementor-heading-title elementor-size-default\">\u00bfPor qu\u00e9 Mallorca?<\/h2>\t\t\t\t<\/div>\n\t\t\t\t<\/div>\n\t\t\t\t\t<\/div>\n\t\t<\/div>\n\t\t\t\t\t<\/div>\n\t\t<\/section>\n\t\t\t\t<section class=\"elementor-section elementor-top-section elementor-element elementor-element-209c88f elementor-section-boxed elementor-section-height-default elementor-section-height-default\" data-id=\"209c88f\" data-element_type=\"section\" data-e-type=\"section\">\n\t\t\t\t\t\t<div class=\"elementor-container elementor-column-gap-default\">\n\t\t\t\t\t<div class=\"elementor-column elementor-col-100 elementor-top-column elementor-element elementor-element-e84d72e\" data-id=\"e84d72e\" data-element_type=\"column\" data-e-type=\"column\">\n\t\t\t<div class=\"elementor-widget-wrap elementor-element-populated\">\n\t\t\t\t\t\t<div class=\"elementor-element elementor-element-8a36211 elementor-widget elementor-widget-text-editor\" data-id=\"8a36211\" data-element_type=\"widget\" data-e-type=\"widget\" data-widget_type=\"text-editor.default\">\n\t\t\t\t<div class=\"elementor-widget-container\">\n\t\t\t\t\t\t\t\t\t<h3>R\u00e1pida accesibilidad y excelentes infraestructuras<\/h3>\n<p>Se puede llegar a Mallorca desde la mayor\u00eda de las ciudades europeas en pocas horas de avi\u00f3n, lo que convierte a la isla en un lugar ideal para una segunda residencia o una residencia permanente. La moderna infraestructura de Mallorca, que incluye una eficaz red de transportes y una amplia gama de servicios, garantiza una c\u00f3moda vida cotidiana.  <\/p>\n<h3>Clima \u00fanico y naturaleza diversa<\/h3>\n<p>El clima mediterr\u00e1neo, con veranos c\u00e1lidos e inviernos suaves, permite vivir en armon\u00eda con la naturaleza. Ya sea haciendo senderismo por la Serra de Tramuntana, navegando por la costa o simplemente disfrutando de la dolce vita en uno de los muchos pueblos pintorescos, Mallorca ofrece pura calidad de vida.<\/p>\n<h3>Estilo de vida y cultura<\/h3>\n<p>La isla combina la alegr\u00eda de vivir espa\u00f1ola con un ambiente internacional. Adem\u00e1s de la cultura local, aqu\u00ed se pueden encontrar influencias de todo el mundo, lo que se refleja en una rica oferta cultural, gastronom\u00eda internacional y una amplia gama de actividades de ocio.<\/p>\n\t\t\t\t\t\t\t\t<\/div>\n\t\t\t\t<\/div>\n\t\t\t\t\t<\/div>\n\t\t<\/div>\n\t\t\t\t\t<\/div>\n\t\t<\/section>\n\t\t\t\t<section class=\"elementor-section elementor-top-section elementor-element elementor-element-09413a5 elementor-section-boxed elementor-section-height-default elementor-section-height-default\" data-id=\"09413a5\" data-element_type=\"section\" data-e-type=\"section\">\n\t\t\t\t\t\t<div class=\"elementor-container elementor-column-gap-default\">\n\t\t\t\t\t<div class=\"elementor-column elementor-col-66 elementor-top-column elementor-element elementor-element-f2331c5\" data-id=\"f2331c5\" data-element_type=\"column\" data-e-type=\"column\">\n\t\t\t<div class=\"elementor-widget-wrap elementor-element-populated\">\n\t\t\t\t\t\t<div class=\"elementor-element elementor-element-7867d04 elementor-widget elementor-widget-heading\" data-id=\"7867d04\" data-element_type=\"widget\" data-e-type=\"widget\" data-widget_type=\"heading.default\">\n\t\t\t\t<div class=\"elementor-widget-container\">\n\t\t\t\t\t<h2 class=\"elementor-heading-title elementor-size-default\">Elegir la propiedad adecuada:<\/h2>\t\t\t\t<\/div>\n\t\t\t\t<\/div>\n\t\t\t\t<div class=\"elementor-element elementor-element-4d099e1 elementor-widget elementor-widget-text-editor\" data-id=\"4d099e1\" data-element_type=\"widget\" data-e-type=\"widget\" data-widget_type=\"text-editor.default\">\n\t\t\t\t<div class=\"elementor-widget-container\">\n\t\t\t\t\t\t\t\t\t<h3>Diferentes tipos de propiedad<\/h3>\n<p>Mallorca ofrece una amplia gama de propiedades, desde fincas tradicionales en el centro de la isla hasta modernas villas con vistas al mar. Piense qu\u00e9 es importante para usted: \u00bfla tranquilidad y el aislamiento o la proximidad a centros animados?<\/p>\n<h3>Situaci\u00f3n y alrededores<\/h3>\n<p>Elegir el lugar adecuado es crucial. Aunque el suroeste de la isla es conocido por sus propiedades exclusivas, a menudo hay alternativas m\u00e1s baratas en el norte y el este de Mallorca. A la hora de tomar una decisi\u00f3n, tenga en cuenta tambi\u00e9n la proximidad a las playas, los comercios y las conexiones de transporte.<\/p>\n<h3>Estado y equipamiento<\/h3>\n<p>Tenga en cuenta el estado del inmueble y los posibles costes de renovaci\u00f3n. Elementos modernos como una piscina, aire acondicionado o calefacci\u00f3n de bajo consumo pueden aumentar considerablemente el confort de la vivienda.<\/p>\n\t\t\t\t\t\t\t\t<\/div>\n\t\t\t\t<\/div>\n\t\t\t\t\t<\/div>\n\t\t<\/div>\n\t\t\t\t<div class=\"elementor-column elementor-col-33 elementor-top-column elementor-element elementor-element-72539d6\" data-id=\"72539d6\" data-element_type=\"column\" data-e-type=\"column\">\n\t\t\t<div class=\"elementor-widget-wrap elementor-element-populated\">\n\t\t\t\t\t\t<div class=\"elementor-element elementor-element-b2ab921 elementor-widget elementor-widget-image\" data-id=\"b2ab921\" data-element_type=\"widget\" data-e-type=\"widget\" data-widget_type=\"image.default\">\n\t\t\t\t<div class=\"elementor-widget-container\">\n\t\t\t\t\t\t\t\t\t\t\t\t\t\t\t<img fetchpriority=\"high\" decoding=\"async\" loading=\"eager\" width=\"576\" height=\"1024\" src=\"https:\/\/www.lucasfroeserealestate.com\/wp-content\/uploads\/2024\/02\/haus-kaufen-auf-mallorca-01-576x1024.jpg\" class=\"attachment-large size-large wp-image-48782\" alt=\"Haus kaufen auf Mallorca Ausblick\" srcset=\"https:\/\/www.lucasfroeserealestate.com\/wp-content\/uploads\/2024\/02\/haus-kaufen-auf-mallorca-01-576x1024.jpg 576w, https:\/\/www.lucasfroeserealestate.com\/wp-content\/uploads\/2024\/02\/haus-kaufen-auf-mallorca-01-169x300.jpg 169w, https:\/\/www.lucasfroeserealestate.com\/wp-content\/uploads\/2024\/02\/haus-kaufen-auf-mallorca-01-84x150.jpg 84w, https:\/\/www.lucasfroeserealestate.com\/wp-content\/uploads\/2024\/02\/haus-kaufen-auf-mallorca-01.jpg 640w\" sizes=\"(max-width: 576px) 100vw, 576px\" title=\"\">\t\t\t\t\t\t\t\t\t\t\t\t\t\t\t<\/div>\n\t\t\t\t<\/div>\n\t\t\t\t\t<\/div>\n\t\t<\/div>\n\t\t\t\t\t<\/div>\n\t\t<\/section>\n\t\t\t\t<section class=\"elementor-section elementor-top-section elementor-element elementor-element-4ee79f8 elementor-section-boxed elementor-section-height-default elementor-section-height-default\" data-id=\"4ee79f8\" data-element_type=\"section\" data-e-type=\"section\">\n\t\t\t\t\t\t<div class=\"elementor-container elementor-column-gap-default\">\n\t\t\t\t\t<div class=\"elementor-column elementor-col-100 elementor-top-column elementor-element elementor-element-128d60f\" data-id=\"128d60f\" data-element_type=\"column\" data-e-type=\"column\">\n\t\t\t<div class=\"elementor-widget-wrap elementor-element-populated\">\n\t\t\t\t\t\t<div class=\"elementor-element elementor-element-d0d4592 elementor-widget elementor-widget-heading\" data-id=\"d0d4592\" data-element_type=\"widget\" data-e-type=\"widget\" data-widget_type=\"heading.default\">\n\t\t\t\t<div class=\"elementor-widget-container\">\n\t\t\t\t\t<h2 class=\"elementor-heading-title elementor-size-default\">Proceso de compra y aspectos jur\u00eddicos<\/h2>\t\t\t\t<\/div>\n\t\t\t\t<\/div>\n\t\t\t\t\t<\/div>\n\t\t<\/div>\n\t\t\t\t\t<\/div>\n\t\t<\/section>\n\t\t\t\t<section class=\"elementor-section elementor-top-section elementor-element elementor-element-8bbf2c0 elementor-section-boxed elementor-section-height-default elementor-section-height-default\" data-id=\"8bbf2c0\" data-element_type=\"section\" data-e-type=\"section\">\n\t\t\t\t\t\t<div class=\"elementor-container elementor-column-gap-default\">\n\t\t\t\t\t<div class=\"elementor-column elementor-col-33 elementor-top-column elementor-element elementor-element-c492587\" data-id=\"c492587\" data-element_type=\"column\" data-e-type=\"column\">\n\t\t\t<div class=\"elementor-widget-wrap elementor-element-populated\">\n\t\t\t\t\t\t<div class=\"elementor-element elementor-element-2ce9d40 elementor-widget elementor-widget-text-editor\" data-id=\"2ce9d40\" data-element_type=\"widget\" data-e-type=\"widget\" data-widget_type=\"text-editor.default\">\n\t\t\t\t<div class=\"elementor-widget-container\">\n\t\t\t\t\t\t\t\t\t<h3>Apoyo profesional<\/h3>\n<p>Es aconsejable consultar a un agente inmobiliario experimentado y a un abogado que conozcan el mercado inmobiliario local y la situaci\u00f3n jur\u00eddica. Esto garantiza un proceso fluido y evita sorpresas desagradables.<\/p>\n\t\t\t\t\t\t\t\t<\/div>\n\t\t\t\t<\/div>\n\t\t\t\t\t<\/div>\n\t\t<\/div>\n\t\t\t\t<div class=\"elementor-column elementor-col-33 elementor-top-column elementor-element elementor-element-d0ea5e6\" data-id=\"d0ea5e6\" data-element_type=\"column\" data-e-type=\"column\">\n\t\t\t<div class=\"elementor-widget-wrap elementor-element-populated\">\n\t\t\t\t\t\t<div class=\"elementor-element elementor-element-24b907c elementor-widget elementor-widget-text-editor\" data-id=\"24b907c\" data-element_type=\"widget\" data-e-type=\"widget\" data-widget_type=\"text-editor.default\">\n\t\t\t\t<div class=\"elementor-widget-container\">\n\t\t\t\t\t\t\t\t\t<h3>Financiaci\u00f3n y costes accesorios<\/h3>\n<p>Aclare sus opciones de financiaci\u00f3n en una fase temprana y tenga en cuenta en su planificaci\u00f3n presupuestaria costes adicionales como impuestos, gastos notariales y comisiones de agentes inmobiliarios.<\/p>\n\t\t\t\t\t\t\t\t<\/div>\n\t\t\t\t<\/div>\n\t\t\t\t\t<\/div>\n\t\t<\/div>\n\t\t\t\t<div class=\"elementor-column elementor-col-33 elementor-top-column elementor-element elementor-element-3b80089\" data-id=\"3b80089\" data-element_type=\"column\" data-e-type=\"column\">\n\t\t\t<div class=\"elementor-widget-wrap elementor-element-populated\">\n\t\t\t\t\t\t<div class=\"elementor-element elementor-element-2522b78 elementor-widget elementor-widget-text-editor\" data-id=\"2522b78\" data-element_type=\"widget\" data-e-type=\"widget\" data-widget_type=\"text-editor.default\">\n\t\t\t\t<div class=\"elementor-widget-container\">\n\t\t\t\t\t\t\t\t\t<h3>El contrato de compra<\/h3>\n<p>El contrato de compra debe contener todos los detalles relevantes de la propiedad y la transacci\u00f3n. Haz que tu abogado revise el contrato antes de firmarlo.<\/p>\n\t\t\t\t\t\t\t\t<\/div>\n\t\t\t\t<\/div>\n\t\t\t\t\t<\/div>\n\t\t<\/div>\n\t\t\t\t\t<\/div>\n\t\t<\/section>\n\t\t\t\t<section class=\"elementor-section elementor-top-section elementor-element elementor-element-1152334a elementor-section-content-middle elementor-section-boxed elementor-section-height-default elementor-section-height-default\" data-id=\"1152334a\" data-element_type=\"section\" data-e-type=\"section\">\n\t\t\t\t\t\t<div class=\"elementor-container elementor-column-gap-no\">\n\t\t\t\t\t<div class=\"elementor-column elementor-col-33 elementor-top-column elementor-element elementor-element-758146ab\" data-id=\"758146ab\" data-element_type=\"column\" data-e-type=\"column\">\n\t\t\t<div class=\"elementor-widget-wrap elementor-element-populated\">\n\t\t\t\t\t\t<div class=\"elementor-element elementor-element-66166e62 elementor-widget elementor-widget-text-editor\" data-id=\"66166e62\" data-element_type=\"widget\" data-e-type=\"widget\" data-widget_type=\"text-editor.default\">\n\t\t\t\t<div class=\"elementor-widget-container\">\n\t\t\t\t\t\t\t\t\t<p>T\u00fa eliges<\/p>\n\t\t\t\t\t\t\t\t<\/div>\n\t\t\t\t<\/div>\n\t\t\t\t<div class=\"elementor-element elementor-element-3001cdc5 elementor-widget elementor-widget-heading\" data-id=\"3001cdc5\" data-element_type=\"widget\" data-e-type=\"widget\" data-widget_type=\"heading.default\">\n\t\t\t\t<div class=\"elementor-widget-container\">\n\t\t\t\t\t<h3 class=\"elementor-heading-title elementor-size-default\">\u00bfCasa adosada, finca o chalet?<\/h3>\t\t\t\t<\/div>\n\t\t\t\t<\/div>\n\t\t\t\t<div class=\"elementor-element elementor-element-6bb69fe elementor-widget elementor-widget-image\" data-id=\"6bb69fe\" data-element_type=\"widget\" data-e-type=\"widget\" data-widget_type=\"image.default\">\n\t\t\t\t<div class=\"elementor-widget-container\">\n\t\t\t\t\t\t\t\t\t\t\t\t\t\t\t<img decoding=\"async\" loading=\"eager\" width=\"656\" height=\"1024\" src=\"https:\/\/www.lucasfroeserealestate.com\/wp-content\/uploads\/2024\/02\/haus-kaufen-auf-mallorca-finca-1-656x1024.jpg\" class=\"elementor-animation-grow attachment-large size-large wp-image-48794\" alt=\"Haus kaufen auf Mallorca Finca\" srcset=\"https:\/\/www.lucasfroeserealestate.com\/wp-content\/uploads\/2024\/02\/haus-kaufen-auf-mallorca-finca-1-656x1024.jpg 656w, https:\/\/www.lucasfroeserealestate.com\/wp-content\/uploads\/2024\/02\/haus-kaufen-auf-mallorca-finca-1-192x300.jpg 192w, https:\/\/www.lucasfroeserealestate.com\/wp-content\/uploads\/2024\/02\/haus-kaufen-auf-mallorca-finca-1-768x1200.jpg 768w, https:\/\/www.lucasfroeserealestate.com\/wp-content\/uploads\/2024\/02\/haus-kaufen-auf-mallorca-finca-1-983x1536.jpg 983w, https:\/\/www.lucasfroeserealestate.com\/wp-content\/uploads\/2024\/02\/haus-kaufen-auf-mallorca-finca-1-96x150.jpg 96w, https:\/\/www.lucasfroeserealestate.com\/wp-content\/uploads\/2024\/02\/haus-kaufen-auf-mallorca-finca-1.jpg 1009w\" sizes=\"(max-width: 656px) 100vw, 656px\" title=\"\">\t\t\t\t\t\t\t\t\t\t\t\t\t\t\t<\/div>\n\t\t\t\t<\/div>\n\t\t\t\t\t<\/div>\n\t\t<\/div>\n\t\t\t\t<div class=\"elementor-column elementor-col-33 elementor-top-column elementor-element elementor-element-14a8902c\" data-id=\"14a8902c\" data-element_type=\"column\" data-e-type=\"column\">\n\t\t\t<div class=\"elementor-widget-wrap elementor-element-populated\">\n\t\t\t\t\t\t<div class=\"elementor-element elementor-element-74415eca elementor-widget elementor-widget-image\" data-id=\"74415eca\" data-element_type=\"widget\" data-e-type=\"widget\" data-widget_type=\"image.default\">\n\t\t\t\t<div class=\"elementor-widget-container\">\n\t\t\t\t\t\t\t\t\t\t\t\t\t\t\t<img decoding=\"async\" loading=\"eager\" width=\"656\" height=\"1024\" src=\"https:\/\/www.lucasfroeserealestate.com\/wp-content\/uploads\/2024\/02\/haus-kaufen-auf-mallorca-villa-656x1024.jpg\" class=\"elementor-animation-grow attachment-large size-large wp-image-48797\" alt=\"Haus kaufen auf Mallorca Villa\" srcset=\"https:\/\/www.lucasfroeserealestate.com\/wp-content\/uploads\/2024\/02\/haus-kaufen-auf-mallorca-villa-656x1024.jpg 656w, https:\/\/www.lucasfroeserealestate.com\/wp-content\/uploads\/2024\/02\/haus-kaufen-auf-mallorca-villa-192x300.jpg 192w, https:\/\/www.lucasfroeserealestate.com\/wp-content\/uploads\/2024\/02\/haus-kaufen-auf-mallorca-villa-768x1200.jpg 768w, https:\/\/www.lucasfroeserealestate.com\/wp-content\/uploads\/2024\/02\/haus-kaufen-auf-mallorca-villa-983x1536.jpg 983w, https:\/\/www.lucasfroeserealestate.com\/wp-content\/uploads\/2024\/02\/haus-kaufen-auf-mallorca-villa-96x150.jpg 96w, https:\/\/www.lucasfroeserealestate.com\/wp-content\/uploads\/2024\/02\/haus-kaufen-auf-mallorca-villa.jpg 1009w\" sizes=\"(max-width: 656px) 100vw, 656px\" title=\"\">\t\t\t\t\t\t\t\t\t\t\t\t\t\t\t<\/div>\n\t\t\t\t<\/div>\n\t\t\t\t<div class=\"elementor-element elementor-element-4e69c08e elementor-widget elementor-widget-text-editor\" data-id=\"4e69c08e\" data-element_type=\"widget\" data-e-type=\"widget\" data-widget_type=\"text-editor.default\">\n\t\t\t\t<div class=\"elementor-widget-container\">\n\t\t\t\t\t\t\t\t\t<p>Si est\u00e1 buscando una finca o villa en Mallorca, eche un vistazo a nuestra categor\u00eda de fincas y villas:<\/p>\n\t\t\t\t\t\t\t\t<\/div>\n\t\t\t\t<\/div>\n\t\t\t\t<div class=\"elementor-element elementor-element-d82a145 elementor-align-center elementor-widget elementor-widget-button\" data-id=\"d82a145\" data-element_type=\"widget\" data-e-type=\"widget\" data-widget_type=\"button.default\">\n\t\t\t\t<div class=\"elementor-widget-container\">\n\t\t\t\t\t\t\t\t\t<div class=\"elementor-button-wrapper\">\n\t\t\t\t\t<a class=\"elementor-button elementor-button-link elementor-size-sm\" href=\"https:\/\/www.lucasfroeserealestate.com\/es\/villas-y-fincas-en-mallorca\/\">\n\t\t\t\t\t\t<span class=\"elementor-button-content-wrapper\">\n\t\t\t\t\t\t\t\t\t<span class=\"elementor-button-text\">Chalets y fincas<\/span>\n\t\t\t\t\t<\/span>\n\t\t\t\t\t<\/a>\n\t\t\t\t<\/div>\n\t\t\t\t\t\t\t\t<\/div>\n\t\t\t\t<\/div>\n\t\t\t\t\t<\/div>\n\t\t<\/div>\n\t\t\t\t<div class=\"elementor-column elementor-col-33 elementor-top-column elementor-element elementor-element-21508d7c\" data-id=\"21508d7c\" data-element_type=\"column\" data-e-type=\"column\">\n\t\t\t<div class=\"elementor-widget-wrap elementor-element-populated\">\n\t\t\t\t\t\t<div class=\"elementor-element elementor-element-271f32f5 elementor-widget elementor-widget-image\" data-id=\"271f32f5\" data-element_type=\"widget\" data-e-type=\"widget\" data-widget_type=\"image.default\">\n\t\t\t\t<div class=\"elementor-widget-container\">\n\t\t\t\t\t\t\t\t\t\t\t\t\t\t\t<img decoding=\"async\" loading=\"eager\" width=\"1009\" height=\"1576\" src=\"https:\/\/www.lucasfroeserealestate.com\/wp-content\/uploads\/2024\/02\/haus-kaufen-auf-mallorca-stadthaus.jpg\" class=\"elementor-animation-grow attachment-full size-full wp-image-48800\" alt=\"Haus kaufen auf Mallorca Stadthaus\" srcset=\"https:\/\/www.lucasfroeserealestate.com\/wp-content\/uploads\/2024\/02\/haus-kaufen-auf-mallorca-stadthaus.jpg 1009w, https:\/\/www.lucasfroeserealestate.com\/wp-content\/uploads\/2024\/02\/haus-kaufen-auf-mallorca-stadthaus-192x300.jpg 192w, https:\/\/www.lucasfroeserealestate.com\/wp-content\/uploads\/2024\/02\/haus-kaufen-auf-mallorca-stadthaus-656x1024.jpg 656w, https:\/\/www.lucasfroeserealestate.com\/wp-content\/uploads\/2024\/02\/haus-kaufen-auf-mallorca-stadthaus-768x1200.jpg 768w, https:\/\/www.lucasfroeserealestate.com\/wp-content\/uploads\/2024\/02\/haus-kaufen-auf-mallorca-stadthaus-983x1536.jpg 983w, https:\/\/www.lucasfroeserealestate.com\/wp-content\/uploads\/2024\/02\/haus-kaufen-auf-mallorca-stadthaus-96x150.jpg 96w\" sizes=\"(max-width: 1009px) 100vw, 1009px\" title=\"\">\t\t\t\t\t\t\t\t\t\t\t\t\t\t\t<\/div>\n\t\t\t\t<\/div>\n\t\t\t\t\t<\/div>\n\t\t<\/div>\n\t\t\t\t\t<\/div>\n\t\t<\/section>\n\t\t\t\t<section class=\"elementor-section elementor-top-section elementor-element elementor-element-e085b2a elementor-section-boxed elementor-section-height-default elementor-section-height-default\" data-id=\"e085b2a\" data-element_type=\"section\" data-e-type=\"section\">\n\t\t\t\t\t\t<div class=\"elementor-container elementor-column-gap-default\">\n\t\t\t\t\t<div class=\"elementor-column elementor-col-100 elementor-top-column elementor-element elementor-element-f9afc78\" data-id=\"f9afc78\" data-element_type=\"column\" data-e-type=\"column\">\n\t\t\t<div class=\"elementor-widget-wrap elementor-element-populated\">\n\t\t\t\t\t\t<div class=\"elementor-element elementor-element-71b3f4e elementor-widget elementor-widget-text-editor\" data-id=\"71b3f4e\" data-element_type=\"widget\" data-e-type=\"widget\" data-widget_type=\"text-editor.default\">\n\t\t\t\t<div class=\"elementor-widget-container\">\n\t\t\t\t\t\t\t\t\t<h2>Nuestra recomendaci\u00f3n para comprar una casa en Mallorca<\/h2>\n<p>Comprar una casa en Mallorca es un sue\u00f1o largamente acariciado por muchas personas. Con la planificaci\u00f3n adecuada, una cuidadosa selecci\u00f3n y apoyo profesional, este sue\u00f1o puede hacerse realidad.  <strong>Mallorca no s\u00f3lo ofrece un clima maravilloso y un paisaje impresionante, sino tambi\u00e9n una alta calidad de vida y una inversi\u00f3n segura en su futuro.<\/strong><\/p>\n\t\t\t\t\t\t\t\t<\/div>\n\t\t\t\t<\/div>\n\t\t\t\t\t<\/div>\n\t\t<\/div>\n\t\t\t\t\t<\/div>\n\t\t<\/section>\n\t\t\t\t<\/div>\n\t\t","protected":false},"excerpt":{"rendered":"<p>Comprar una casa en Mallorca Lucas Froese Inmobiliaria Mallorca, la perla del Mediterr\u00e1neo, atrae a\u00f1o tras a\u00f1o a numerosos compradores potenciales que sue\u00f1an con tener su propia casa bajo el sol espa\u00f1ol. La isla se caracteriza por su variedad de paisajes, desde id\u00edlicos pueblos de monta\u00f1a a animadas ciudades costeras, y ofrece una amplia gama&#8230;<\/p>\n","protected":false},"author":1,"featured_media":0,"parent":0,"menu_order":0,"comment_status":"closed","ping_status":"closed","template":"templates\/properties.php","meta":{"footnotes":""},"class_list":["post-37012","page","type-page","status-publish","hentry"],"_links":{"self":[{"href":"https:\/\/www.lucasfroeserealestate.com\/es\/wp-json\/wp\/v2\/pages\/37012","targetHints":{"allow":["GET"]}}],"collection":[{"href":"https:\/\/www.lucasfroeserealestate.com\/es\/wp-json\/wp\/v2\/pages"}],"about":[{"href":"https:\/\/www.lucasfroeserealestate.com\/es\/wp-json\/wp\/v2\/types\/page"}],"author":[{"embeddable":true,"href":"https:\/\/www.lucasfroeserealestate.com\/es\/wp-json\/wp\/v2\/users\/1"}],"replies":[{"embeddable":true,"href":"https:\/\/www.lucasfroeserealestate.com\/es\/wp-json\/wp\/v2\/comments?post=37012"}],"version-history":[{"count":0,"href":"https:\/\/www.lucasfroeserealestate.com\/es\/wp-json\/wp\/v2\/pages\/37012\/revisions"}],"wp:attachment":[{"href":"https:\/\/www.lucasfroeserealestate.com\/es\/wp-json\/wp\/v2\/media?parent=37012"}],"curies":[{"name":"wp","href":"https:\/\/api.w.org\/{rel}","templated":true}]}}