{"id":32796,"date":"2020-03-31T19:13:21","date_gmt":"2020-03-31T17:13:21","guid":{"rendered":"https:\/\/www.lucasfroeserealestate.com\/inmobiliaria-salqueria-blanca\/"},"modified":"2026-01-11T23:32:59","modified_gmt":"2026-01-11T22:32:59","slug":"inmobiliaria-salqueria-blanca","status":"publish","type":"page","link":"https:\/\/www.lucasfroeserealestate.com\/es\/inmobiliaria-salqueria-blanca\/","title":{"rendered":"Inmobiliaria s&#8217;Alqueria Blanca"},"content":{"rendered":"\t\t<div data-elementor-type=\"wp-page\" data-elementor-id=\"32796\" class=\"elementor elementor-32796 elementor-15057\" data-elementor-post-type=\"page\">\n\t\t\t\t\t\t<section class=\"elementor-section elementor-top-section elementor-element elementor-element-464b756 elementor-section-boxed elementor-section-height-default elementor-section-height-default\" data-id=\"464b756\" data-element_type=\"section\" data-e-type=\"section\">\n\t\t\t\t\t\t<div class=\"elementor-container elementor-column-gap-default\">\n\t\t\t\t\t<div class=\"elementor-column elementor-col-100 elementor-top-column elementor-element elementor-element-6a25c7f\" data-id=\"6a25c7f\" data-element_type=\"column\" data-e-type=\"column\">\n\t\t\t<div class=\"elementor-widget-wrap elementor-element-populated\">\n\t\t\t\t\t\t<div class=\"elementor-element elementor-element-42c0f65 elementor-widget-divider--view-line_text elementor-widget-divider--element-align-center elementor-widget elementor-widget-divider\" data-id=\"42c0f65\" data-element_type=\"widget\" data-e-type=\"widget\" data-widget_type=\"divider.default\">\n\t\t\t\t<div class=\"elementor-widget-container\">\n\t\t\t\t\t\t\t<div class=\"elementor-divider\">\n\t\t\t<span class=\"elementor-divider-separator\">\n\t\t\t\t\t\t\t<span class=\"elementor-divider__text elementor-divider__element\">\n\t\t\t\ts'Alqueria Blanca\t\t\t\t<\/span>\n\t\t\t\t\t\t<\/span>\n\t\t<\/div>\n\t\t\t\t\t\t<\/div>\n\t\t\t\t<\/div>\n\t\t\t\t<div class=\"elementor-element elementor-element-d94cb1e elementor-widget elementor-widget-text-editor\" data-id=\"d94cb1e\" data-element_type=\"widget\" data-e-type=\"widget\" data-widget_type=\"text-editor.default\">\n\t\t\t\t<div class=\"elementor-widget-container\">\n\t\t\t\t\t\t\t\t\t<p>S&#8217;Alqueria Blanca es un peque\u00f1o pueblo enclavado en un paisaje de colinas en la comarca de Migjorn, en el sureste de la isla de Mallorca. Con unos 1000 habitantes, pertenece al distrito de Santanyi, no lejos de Calonge, Es Carritxo, Es Lombards y el puerto de Porto Petro. En el exterior tambi\u00e9n se encuentra el llamado \u00abHamburger H\u00fcgel\u00bb, que recibi\u00f3 este nombre con el tiempo por los ciudadanos alemanes que se instalaron aqu\u00ed con sus fincas.<\/p><p><br>Adem\u00e1s de peque\u00f1os bares, cafeter\u00edas, restaurantes, comercios y tiendas de recuerdos, hay lugares de inter\u00e9s como la peque\u00f1a iglesia del pueblo \u00abIglesia San Jos\u00e9\u00bb y el monasterio \u00abSantuari de la Concolacio\u00bb.<\/p><p><br><br>La relajada vida cotidiana con su d\u00eda de mercado te permite experimentar aqu\u00ed la originalidad mediterr\u00e1nea. Las playas y bah\u00edas cercanas de Cala Mondrago, Porto Petro, Cala Lombards, Cala Figuera o Cala Santany\u00ed son playas populares para nadar o reunirse con amigos, que tambi\u00e9n suelen ser visitadas por barcos o yates.<\/p><p><br>S&#8217;Alqueria Blanca es un pueblo id\u00edlico con un encanto especial de la vida mediterr\u00e1nea y quiz\u00e1s despierte su inter\u00e9s en comprar su propia propiedad aqu\u00ed.<\/p>\t\t\t\t\t\t\t\t<\/div>\n\t\t\t\t<\/div>\n\t\t\t\t\t<\/div>\n\t\t<\/div>\n\t\t\t\t\t<\/div>\n\t\t<\/section>\n\t\t\t\t<\/div>\n\t\t","protected":false},"excerpt":{"rendered":"<p>s&#8217;Alqueria Blanca S&#8217;Alqueria Blanca es un peque\u00f1o pueblo enclavado en un paisaje de colinas en la comarca de Migjorn, en el sureste de la isla de Mallorca. Con unos 1000 habitantes, pertenece al distrito de Santanyi, no lejos de Calonge, Es Carritxo, Es Lombards y el puerto de Porto Petro. En el exterior tambi\u00e9n se&#8230;<\/p>\n","protected":false},"author":1,"featured_media":0,"parent":0,"menu_order":0,"comment_status":"closed","ping_status":"closed","template":"templates\/properties.php","meta":{"footnotes":""},"class_list":["post-32796","page","type-page","status-publish","hentry"],"_links":{"self":[{"href":"https:\/\/www.lucasfroeserealestate.com\/es\/wp-json\/wp\/v2\/pages\/32796","targetHints":{"allow":["GET"]}}],"collection":[{"href":"https:\/\/www.lucasfroeserealestate.com\/es\/wp-json\/wp\/v2\/pages"}],"about":[{"href":"https:\/\/www.lucasfroeserealestate.com\/es\/wp-json\/wp\/v2\/types\/page"}],"author":[{"embeddable":true,"href":"https:\/\/www.lucasfroeserealestate.com\/es\/wp-json\/wp\/v2\/users\/1"}],"replies":[{"embeddable":true,"href":"https:\/\/www.lucasfroeserealestate.com\/es\/wp-json\/wp\/v2\/comments?post=32796"}],"version-history":[{"count":2,"href":"https:\/\/www.lucasfroeserealestate.com\/es\/wp-json\/wp\/v2\/pages\/32796\/revisions"}],"predecessor-version":[{"id":79818,"href":"https:\/\/www.lucasfroeserealestate.com\/es\/wp-json\/wp\/v2\/pages\/32796\/revisions\/79818"}],"wp:attachment":[{"href":"https:\/\/www.lucasfroeserealestate.com\/es\/wp-json\/wp\/v2\/media?parent=32796"}],"curies":[{"name":"wp","href":"https:\/\/api.w.org\/{rel}","templated":true}]}}