{"id":29707,"date":"2019-12-06T20:08:58","date_gmt":"2019-12-06T19:08:58","guid":{"rendered":"https:\/\/www.lucasfroeserealestate.com\/villas-y-fincas-en-mallorca\/"},"modified":"2024-04-17T11:56:14","modified_gmt":"2024-04-17T09:56:14","slug":"villas-y-fincas-en-mallorca","status":"publish","type":"page","link":"https:\/\/www.lucasfroeserealestate.com\/es\/villas-y-fincas-en-mallorca\/","title":{"rendered":"Villas y Fincas en Mallorca"},"content":{"rendered":"\t\t<div data-elementor-type=\"wp-page\" data-elementor-id=\"29707\" class=\"elementor elementor-29707 elementor-12405\" data-elementor-post-type=\"page\">\n\t\t\t\t\t\t<section class=\"elementor-section elementor-top-section elementor-element elementor-element-6493210 elementor-section-boxed elementor-section-height-default elementor-section-height-default\" data-id=\"6493210\" data-element_type=\"section\" data-e-type=\"section\">\n\t\t\t\t\t\t<div class=\"elementor-container elementor-column-gap-default\">\n\t\t\t\t\t<div class=\"elementor-column elementor-col-100 elementor-top-column elementor-element elementor-element-945d867\" data-id=\"945d867\" data-element_type=\"column\" data-e-type=\"column\">\n\t\t\t<div class=\"elementor-widget-wrap elementor-element-populated\">\n\t\t\t\t\t\t<div class=\"elementor-element elementor-element-da0c8b4 elementor-widget elementor-widget-heading\" data-id=\"da0c8b4\" data-element_type=\"widget\" data-e-type=\"widget\" data-widget_type=\"heading.default\">\n\t\t\t\t<div class=\"elementor-widget-container\">\n\t\t\t\t\t<h2 class=\"elementor-heading-title elementor-size-default\">Villas y fincas en Mallorca<\/h2>\t\t\t\t<\/div>\n\t\t\t\t<\/div>\n\t\t\t\t<div class=\"elementor-element elementor-element-252099a elementor-widget elementor-widget-text-editor\" data-id=\"252099a\" data-element_type=\"widget\" data-e-type=\"widget\" data-widget_type=\"text-editor.default\">\n\t\t\t\t<div class=\"elementor-widget-container\">\n\t\t\t\t\t\t\t\t\t<p><img decoding=\"async\" class=\"alignleft wp-image-11778 size-medium\" src=\"https:\/\/www.lucasfroeserealestate.com\/wp-content\/uploads\/2017\/06\/Haus-finca-felanitx-mallorca-300x200.jpg\" alt=\"Jard\u00edn Finca Felanitx\" width=\"300\" height=\"200\" title=\"\" srcset=\"https:\/\/www.lucasfroeserealestate.com\/wp-content\/uploads\/2017\/06\/Haus-finca-felanitx-mallorca-300x200.jpg 300w, https:\/\/www.lucasfroeserealestate.com\/wp-content\/uploads\/2017\/06\/Haus-finca-felanitx-mallorca-768x512.jpg 768w, https:\/\/www.lucasfroeserealestate.com\/wp-content\/uploads\/2017\/06\/Haus-finca-felanitx-mallorca-1024x683.jpg 1024w, https:\/\/www.lucasfroeserealestate.com\/wp-content\/uploads\/2017\/06\/Haus-finca-felanitx-mallorca-150x100.jpg 150w, https:\/\/www.lucasfroeserealestate.com\/wp-content\/uploads\/2017\/06\/Haus-finca-felanitx-mallorca-488x326.jpg 488w, https:\/\/www.lucasfroeserealestate.com\/wp-content\/uploads\/2017\/06\/Haus-finca-felanitx-mallorca.jpg 1600w\" sizes=\"(max-width: 300px) 100vw, 300px\" \/><\/p>\n<p>\u00bfBusca una villa o finca en Mallorca? Con nosotros encontrar\u00e1 villas y fincas exclusivas, y si tiene un deseo muy especial, \u00a1encontraremos la propiedad adecuada para usted!<\/p>\n<p>Ya sea una villa de lujo junto al mar con acceso privado a la playa, una gran propiedad en el campo con piscina y pisos para invitados, o una peque\u00f1a finca con piscina y jard\u00edn.  <\/p>\n<p>Si ha encontrado la propiedad de sus sue\u00f1os y se encuentra en la isla, tambi\u00e9n le invitamos a visitarnos en nuestra oficina inmobiliaria en <span class=\"hiddenSpellError\">Felanitx<\/span> (sureste de Mallorca). Le asesoraremos y le informaremos sobre la situaci\u00f3n jur\u00eddica, la regi\u00f3n y consejos sobre el proceso de compra.<\/p>\n\t\t\t\t\t\t\t\t<\/div>\n\t\t\t\t<\/div>\n\t\t\t\t<section class=\"elementor-section elementor-inner-section elementor-element elementor-element-251ef90 elementor-section-boxed elementor-section-height-default elementor-section-height-default\" data-id=\"251ef90\" data-element_type=\"section\" data-e-type=\"section\">\n\t\t\t\t\t\t<div class=\"elementor-container elementor-column-gap-default\">\n\t\t\t\t\t<div class=\"elementor-column elementor-col-50 elementor-inner-column elementor-element elementor-element-1d3caa9\" data-id=\"1d3caa9\" data-element_type=\"column\" data-e-type=\"column\">\n\t\t\t<div class=\"elementor-widget-wrap elementor-element-populated\">\n\t\t\t\t\t\t<div class=\"elementor-element elementor-element-21c4c1d elementor-align-justify elementor-widget elementor-widget-button\" data-id=\"21c4c1d\" data-element_type=\"widget\" data-e-type=\"widget\" data-widget_type=\"button.default\">\n\t\t\t\t<div class=\"elementor-widget-container\">\n\t\t\t\t\t\t\t\t\t<div class=\"elementor-button-wrapper\">\n\t\t\t\t\t<a class=\"elementor-button elementor-button-link elementor-size-sm\" href=\"https:\/\/www.lucasfroeserealestate.com\/es\/comprar-un-chalet-en-mallorca\/\">\n\t\t\t\t\t\t<span class=\"elementor-button-content-wrapper\">\n\t\t\t\t\t\t\t\t\t<span class=\"elementor-button-text\">Mostrar s\u00f3lo villas<\/span>\n\t\t\t\t\t<\/span>\n\t\t\t\t\t<\/a>\n\t\t\t\t<\/div>\n\t\t\t\t\t\t\t\t<\/div>\n\t\t\t\t<\/div>\n\t\t\t\t\t<\/div>\n\t\t<\/div>\n\t\t\t\t<div class=\"elementor-column elementor-col-50 elementor-inner-column elementor-element elementor-element-388c48f\" data-id=\"388c48f\" data-element_type=\"column\" data-e-type=\"column\">\n\t\t\t<div class=\"elementor-widget-wrap\">\n\t\t\t\t\t\t\t<\/div>\n\t\t<\/div>\n\t\t\t\t\t<\/div>\n\t\t<\/section>\n\t\t\t\t\t<\/div>\n\t\t<\/div>\n\t\t\t\t\t<\/div>\n\t\t<\/section>\n\t\t\t\t<\/div>\n\t\t","protected":false},"excerpt":{"rendered":"<p>Villas y fincas en Mallorca \u00bfBusca una villa o finca en Mallorca? Con nosotros encontrar\u00e1 villas y fincas exclusivas, y si tiene un deseo muy especial, \u00a1encontraremos la propiedad adecuada para usted! Ya sea una villa de lujo junto al mar con acceso privado a la playa, una gran propiedad en el campo con piscina&#8230;<\/p>\n","protected":false},"author":1,"featured_media":0,"parent":0,"menu_order":0,"comment_status":"closed","ping_status":"closed","template":"templates\/properties.php","meta":{"footnotes":""},"class_list":["post-29707","page","type-page","status-publish","hentry"],"_links":{"self":[{"href":"https:\/\/www.lucasfroeserealestate.com\/es\/wp-json\/wp\/v2\/pages\/29707","targetHints":{"allow":["GET"]}}],"collection":[{"href":"https:\/\/www.lucasfroeserealestate.com\/es\/wp-json\/wp\/v2\/pages"}],"about":[{"href":"https:\/\/www.lucasfroeserealestate.com\/es\/wp-json\/wp\/v2\/types\/page"}],"author":[{"embeddable":true,"href":"https:\/\/www.lucasfroeserealestate.com\/es\/wp-json\/wp\/v2\/users\/1"}],"replies":[{"embeddable":true,"href":"https:\/\/www.lucasfroeserealestate.com\/es\/wp-json\/wp\/v2\/comments?post=29707"}],"version-history":[{"count":0,"href":"https:\/\/www.lucasfroeserealestate.com\/es\/wp-json\/wp\/v2\/pages\/29707\/revisions"}],"wp:attachment":[{"href":"https:\/\/www.lucasfroeserealestate.com\/es\/wp-json\/wp\/v2\/media?parent=29707"}],"curies":[{"name":"wp","href":"https:\/\/api.w.org\/{rel}","templated":true}]}}