{"id":25764,"date":"2019-08-21T13:30:00","date_gmt":"2019-08-21T11:30:00","guid":{"rendered":"https:\/\/www.lucasfroeserealestate.com\/immobilien-mallorca-mit-meerblick\/"},"modified":"2026-04-14T14:09:46","modified_gmt":"2026-04-14T12:09:46","slug":"immobilien-mallorca-mit-meerblick","status":"publish","type":"page","link":"https:\/\/www.lucasfroeserealestate.com\/es\/immobilien-mallorca-mit-meerblick\/","title":{"rendered":"Inmobiliaria Mallorca con vistas al mar"},"content":{"rendered":"\t\t<div data-elementor-type=\"wp-page\" data-elementor-id=\"25764\" class=\"elementor elementor-25764 elementor-8982\" data-elementor-post-type=\"page\">\n\t\t\t\t\t\t<section class=\"elementor-section elementor-top-section elementor-element elementor-element-0250745 elementor-section-boxed elementor-section-height-default elementor-section-height-default\" data-id=\"0250745\" data-element_type=\"section\" data-e-type=\"section\">\n\t\t\t\t\t\t<div class=\"elementor-container elementor-column-gap-default\">\n\t\t\t\t\t<div class=\"elementor-column elementor-col-100 elementor-top-column elementor-element elementor-element-ea76fb2\" data-id=\"ea76fb2\" data-element_type=\"column\" data-e-type=\"column\">\n\t\t\t<div class=\"elementor-widget-wrap elementor-element-populated\">\n\t\t\t\t\t\t<div class=\"elementor-element elementor-element-dd0e7a6 elementor-widget elementor-widget-heading\" data-id=\"dd0e7a6\" data-element_type=\"widget\" data-e-type=\"widget\" data-widget_type=\"heading.default\">\n\t\t\t\t<div class=\"elementor-widget-container\">\n\t\t\t\t\t<h1 class=\"elementor-heading-title elementor-size-xl\">Propiedades con vistas al mar en Mallorca<\/h1>\t\t\t\t<\/div>\n\t\t\t\t<\/div>\n\t\t\t\t<div class=\"elementor-element elementor-element-9b42af6 elementor-widget-divider--view-line_text elementor-widget-divider--element-align-center elementor-widget elementor-widget-divider\" data-id=\"9b42af6\" data-element_type=\"widget\" data-e-type=\"widget\" data-widget_type=\"divider.default\">\n\t\t\t\t<div class=\"elementor-widget-container\">\n\t\t\t\t\t\t\t<div class=\"elementor-divider\">\n\t\t\t<span class=\"elementor-divider-separator\">\n\t\t\t\t\t\t\t<span class=\"elementor-divider__text elementor-divider__element\">\n\t\t\t\tLucas Froese Inmobiliaria\t\t\t\t<\/span>\n\t\t\t\t\t\t<\/span>\n\t\t<\/div>\n\t\t\t\t\t\t<\/div>\n\t\t\t\t<\/div>\n\t\t\t\t<div class=\"elementor-element elementor-element-96b7695 elementor-widget elementor-widget-text-editor\" data-id=\"96b7695\" data-element_type=\"widget\" data-e-type=\"widget\" data-widget_type=\"text-editor.default\">\n\t\t\t\t<div class=\"elementor-widget-container\">\n\t\t\t\t\t\t\t\t\t<h2>Inmobiliaria vista mar Mallorca<\/h2><p>\u00a1Las viviendas con vistas al mar en Mallorca est\u00e1n m\u00e1s solicitadas que nunca! Las vistas al mar son, por as\u00ed decirlo, el punto culminante de cada villa, finca o piso de la isla. Ya sea en primera l\u00ednea de mar o con vistas al mar en una finca, siempre es un extra impresionante a la propiedad.<\/p><p>\u00bfSue\u00f1as con rom\u00e1nticas bah\u00edas, la inmensidad del Mediterr\u00e1neo e impresionantes puestas de sol? Puedes hacer realidad tu sue\u00f1o con tu propia propiedad en Mallorca con vistas al mar. Tanto si buscas una segunda vivienda al sol como una nueva residencia principal, la isla balear no deja nada que desear y ofrece residencias exclusivas para todos. Por supuesto, siempre estamos a tu disposici\u00f3n con conocimientos profesionales y experiencia para ayudarte a encontrar la casa de tus sue\u00f1os y tomar la decisi\u00f3n correcta.<\/p><h3>\u00bfPor qu\u00e9 son tan populares los pisos con vistas al mar?<\/h3><p>No hay nada mejor que despertarse con el sol y el aire fresco del mar por la ma\u00f1ana y dormirse con el sonido de las olas por la noche. Una propiedad en Mallorca con vistas al mar no s\u00f3lo es buena para el alma, sino que tambi\u00e9n es una inversi\u00f3n bien pensada que ofrece un aumento de valor, sobre todo si las vistas al mar son despejadas. La selecci\u00f3n de pisos de ensue\u00f1o en Mallorca es enorme. Sin embargo, no todas las ofertas son recomendables, ya que tambi\u00e9n hay muchas propiedades sobrevaloradas en el mercado, por lo que recomendamos encarecidamente el apoyo de un socio con experiencia.<\/p><h3>Clima mediterr\u00e1neo para una mejor calidad de vida<\/h3><p>Tiempo fant\u00e1stico casi todos los d\u00edas, inviernos suaves y veranos c\u00e1lidos: eso es lo que hace que el clima mediterr\u00e1neo de la isla balear sea tan popular. Opta por una vivienda en Mallorca con vistas al mar y desp\u00eddete del tiempo gris y lluvioso que crea un estado de \u00e1nimo deprimente. Disfruta del sol, el cielo azul y las temperaturas agradables, \u00a1todo el a\u00f1o!<\/p><p>As\u00ed que t\u00f3mate tu tiempo para echar un vistazo a nuestra cartera de propiedades con vistas al mar, y si tienes una b\u00fasqueda espec\u00edfica en el segmento de lujo, preg\u00fantanos por nuestra &gt;<strong>\n  <a href=\"https:\/\/www.lucasfroeserealestate.com\/es\/portfolio-de-inmuebles-de-lujo-discrete\/\">Cartera Discreta de Inmuebles de Lujo<\/a>\n<\/strong>&lt;.<\/p>\t\t\t\t\t\t\t\t<\/div>\n\t\t\t\t<\/div>\n\t\t\t\t<div class=\"elementor-element elementor-element-92edd0f elementor--h-position-center elementor--v-position-middle elementor-arrows-position-inside elementor-pagination-position-inside elementor-widget elementor-widget-slides\" data-id=\"92edd0f\" data-element_type=\"widget\" data-e-type=\"widget\" data-settings=\"{&quot;navigation&quot;:&quot;both&quot;,&quot;autoplay&quot;:&quot;yes&quot;,&quot;pause_on_hover&quot;:&quot;yes&quot;,&quot;pause_on_interaction&quot;:&quot;yes&quot;,&quot;autoplay_speed&quot;:5000,&quot;infinite&quot;:&quot;yes&quot;,&quot;transition&quot;:&quot;slide&quot;,&quot;transition_speed&quot;:500}\" data-widget_type=\"slides.default\">\n\t\t\t\t<div class=\"elementor-widget-container\">\n\t\t\t\t\t\t\t\t\t<div class=\"elementor-swiper\">\n\t\t\t\t\t<div class=\"elementor-slides-wrapper elementor-main-swiper swiper\" role=\"region\" aria-roledescription=\"carousel\" aria-label=\"Diapositivas\" dir=\"ltr\" data-animation=\"fadeInUp\">\n\t\t\t\t<div class=\"swiper-wrapper elementor-slides\">\n\t\t\t\t\t\t\t\t\t\t<div class=\"elementor-repeater-item-b5b800a swiper-slide\" role=\"group\" aria-roledescription=\"slide\"><div class=\"swiper-slide-bg\" role=\"img\" aria-label=\"\"><\/div><div class=\"swiper-slide-inner\" ><div class=\"swiper-slide-contents\"><\/div><\/div><\/div><div class=\"elementor-repeater-item-19499e7 swiper-slide\" role=\"group\" aria-roledescription=\"slide\"><div class=\"swiper-slide-bg\" role=\"img\" aria-label=\"\"><\/div><div class=\"swiper-slide-inner\" ><div class=\"swiper-slide-contents\"><\/div><\/div><\/div><div class=\"elementor-repeater-item-37b1eb3 swiper-slide\" role=\"group\" aria-roledescription=\"slide\"><div class=\"swiper-slide-bg\" role=\"img\" aria-label=\"\"><\/div><div class=\"swiper-slide-inner\" ><div class=\"swiper-slide-contents\"><\/div><\/div><\/div>\t\t\t\t<\/div>\n\t\t\t\t\t\t\t\t\t\t\t\t\t\t\t<div class=\"elementor-swiper-button elementor-swiper-button-prev\" role=\"button\" tabindex=\"0\" aria-label=\"Diapositiva anterior\">\n\t\t\t\t\t\t\t<svg aria-hidden=\"true\" class=\"e-font-icon-svg e-eicon-chevron-left\" viewBox=\"0 0 1000 1000\" xmlns=\"http:\/\/www.w3.org\/2000\/svg\"><path d=\"M646 125C629 125 613 133 604 142L308 442C296 454 292 471 292 487 292 504 296 521 308 533L604 854C617 867 629 875 646 875 663 875 679 871 692 858 704 846 713 829 713 812 713 796 708 779 692 767L438 487 692 225C700 217 708 204 708 187 708 171 704 154 692 142 675 129 663 125 646 125Z\"><\/path><\/svg>\t\t\t\t\t\t<\/div>\n\t\t\t\t\t\t<div class=\"elementor-swiper-button elementor-swiper-button-next\" role=\"button\" tabindex=\"0\" aria-label=\"Diapositiva siguiente\">\n\t\t\t\t\t\t\t<svg aria-hidden=\"true\" class=\"e-font-icon-svg e-eicon-chevron-right\" viewBox=\"0 0 1000 1000\" xmlns=\"http:\/\/www.w3.org\/2000\/svg\"><path d=\"M696 533C708 521 713 504 713 487 713 471 708 454 696 446L400 146C388 133 375 125 354 125 338 125 325 129 313 142 300 154 292 171 292 187 292 204 296 221 308 233L563 492 304 771C292 783 288 800 288 817 288 833 296 850 308 863 321 871 338 875 354 875 371 875 388 867 400 854L696 533Z\"><\/path><\/svg>\t\t\t\t\t\t<\/div>\n\t\t\t\t\t\t\t\t\t\t\t\t\t\t\t\t<div class=\"swiper-pagination\"><\/div>\n\t\t\t\t\t\t\t\t\t\t\t\t<\/div>\n\t\t\t\t<\/div>\n\t\t\t\t\t\t\t\t<\/div>\n\t\t\t\t<\/div>\n\t\t\t\t\t<\/div>\n\t\t<\/div>\n\t\t\t\t\t<\/div>\n\t\t<\/section>\n\t\t\t\t<\/div>\n\t\t","protected":false},"excerpt":{"rendered":"<p>Propiedades con vistas al mar en Mallorca Lucas Froese Inmobiliaria Inmobiliaria vista mar Mallorca \u00a1Las viviendas con vistas al mar en Mallorca est\u00e1n m\u00e1s solicitadas que nunca! Las vistas al mar son, por as\u00ed decirlo, el punto culminante de cada villa, finca o piso de la isla. Ya sea en primera l\u00ednea de mar o&#8230;<\/p>\n","protected":false},"author":1,"featured_media":0,"parent":0,"menu_order":0,"comment_status":"closed","ping_status":"closed","template":"templates\/properties.php","meta":{"footnotes":""},"class_list":["post-25764","page","type-page","status-publish","hentry"],"_links":{"self":[{"href":"https:\/\/www.lucasfroeserealestate.com\/es\/wp-json\/wp\/v2\/pages\/25764","targetHints":{"allow":["GET"]}}],"collection":[{"href":"https:\/\/www.lucasfroeserealestate.com\/es\/wp-json\/wp\/v2\/pages"}],"about":[{"href":"https:\/\/www.lucasfroeserealestate.com\/es\/wp-json\/wp\/v2\/types\/page"}],"author":[{"embeddable":true,"href":"https:\/\/www.lucasfroeserealestate.com\/es\/wp-json\/wp\/v2\/users\/1"}],"replies":[{"embeddable":true,"href":"https:\/\/www.lucasfroeserealestate.com\/es\/wp-json\/wp\/v2\/comments?post=25764"}],"version-history":[{"count":2,"href":"https:\/\/www.lucasfroeserealestate.com\/es\/wp-json\/wp\/v2\/pages\/25764\/revisions"}],"predecessor-version":[{"id":79815,"href":"https:\/\/www.lucasfroeserealestate.com\/es\/wp-json\/wp\/v2\/pages\/25764\/revisions\/79815"}],"wp:attachment":[{"href":"https:\/\/www.lucasfroeserealestate.com\/es\/wp-json\/wp\/v2\/media?parent=25764"}],"curies":[{"name":"wp","href":"https:\/\/api.w.org\/{rel}","templated":true}]}}