{"id":25739,"date":"2021-05-25T10:51:12","date_gmt":"2021-05-25T08:51:12","guid":{"rendered":"https:\/\/www.lucasfroeserealestate.com\/immobilien-in-porreres\/"},"modified":"2025-08-27T15:40:03","modified_gmt":"2025-08-27T13:40:03","slug":"immobilien-in-porreres","status":"publish","type":"page","link":"https:\/\/www.lucasfroeserealestate.com\/es\/immobilien-in-porreres\/","title":{"rendered":"Inmobiliaria Porreres"},"content":{"rendered":"\t\t<div data-elementor-type=\"wp-page\" data-elementor-id=\"25739\" class=\"elementor elementor-25739 elementor-25689\" data-elementor-post-type=\"page\">\n\t\t\t\t\t\t<section class=\"elementor-section elementor-top-section elementor-element elementor-element-46b184d elementor-section-boxed elementor-section-height-default elementor-section-height-default\" data-id=\"46b184d\" data-element_type=\"section\" data-e-type=\"section\" data-settings=\"{&quot;background_background&quot;:&quot;classic&quot;}\">\n\t\t\t\t\t\t<div class=\"elementor-container elementor-column-gap-default\">\n\t\t\t\t\t<div class=\"elementor-column elementor-col-100 elementor-top-column elementor-element elementor-element-5c97118\" data-id=\"5c97118\" data-element_type=\"column\" data-e-type=\"column\">\n\t\t\t<div class=\"elementor-widget-wrap elementor-element-populated\">\n\t\t\t\t\t\t<div class=\"elementor-element elementor-element-1a25a0f elementor-widget elementor-widget-heading\" data-id=\"1a25a0f\" data-element_type=\"widget\" data-e-type=\"widget\" data-widget_type=\"heading.default\">\n\t\t\t\t<div class=\"elementor-widget-container\">\n\t\t\t\t\t<h1 class=\"elementor-heading-title elementor-size-default\">Inmobiliaria Porreres<\/h1>\t\t\t\t<\/div>\n\t\t\t\t<\/div>\n\t\t\t\t<div class=\"elementor-element elementor-element-38f5fae elementor-widget elementor-widget-text-editor\" data-id=\"38f5fae\" data-element_type=\"widget\" data-e-type=\"widget\" data-widget_type=\"text-editor.default\">\n\t\t\t\t<div class=\"elementor-widget-container\">\n\t\t\t\t\t\t\t\t\t<h2>Un pueblo con mucho encanto y car\u00e1cter<\/h2><p>Un pueblo aislado en el coraz\u00f3n de Mallorca, con mucha tranquilidad y grandes fincas. En la comarca de Porreres hay hallazgos arqueol\u00f3gicos y muchos antiguos molinos mallorquines de estilo tradicional. A unos 2 km del pueblo se encuentra el monasterio de Monti-Zion, que data de 1551.<\/p><h3>El mercado inmobiliario en Porreres<\/h3><p>Encontrar aqu\u00ed una vivienda bonita a buen precio y en la ubicaci\u00f3n adecuada sigue siendo posible hoy en d\u00eda. Y aunque no sea una zona costera y oigas a menudo que lo m\u00e1s importante a la hora de comprar una propiedad es la ubicaci\u00f3n, la ubicaci\u00f3n, la ubicaci\u00f3n&#8230; esto tambi\u00e9n se aplica a Porreras. Porque lo que caracteriza a este pueblo es su relajada filosof\u00eda de vida, sus peque\u00f1as callejuelas y su gente amable. \u00a1Un pueblo con mucho car\u00e1cter y encanto del que te enamorar\u00e1s tras 1-2 visitas!<\/p>\t\t\t\t\t\t\t\t<\/div>\n\t\t\t\t<\/div>\n\t\t\t\t\t<\/div>\n\t\t<\/div>\n\t\t\t\t\t<\/div>\n\t\t<\/section>\n\t\t\t\t<section class=\"elementor-section elementor-top-section elementor-element elementor-element-7ca33db elementor-section-boxed elementor-section-height-default elementor-section-height-default\" data-id=\"7ca33db\" data-element_type=\"section\" data-e-type=\"section\">\n\t\t\t\t\t\t<div class=\"elementor-container elementor-column-gap-default\">\n\t\t\t\t\t<div class=\"elementor-column elementor-col-50 elementor-top-column elementor-element elementor-element-8ad4119\" data-id=\"8ad4119\" data-element_type=\"column\" data-e-type=\"column\">\n\t\t\t<div class=\"elementor-widget-wrap elementor-element-populated\">\n\t\t\t\t\t\t<div class=\"elementor-element elementor-element-b78ed1b elementor-widget elementor-widget-text-editor\" data-id=\"b78ed1b\" data-element_type=\"widget\" data-e-type=\"widget\" data-widget_type=\"text-editor.default\">\n\t\t\t\t<div class=\"elementor-widget-container\">\n\t\t\t\t\t\t\t\t\t<h4>  La infraestructura del pueblo<\/h4>\nMuchas calles empedradas con piedra natural, la plaza del mercado\/plaza en el centro con su imponente edificio del ayuntamiento y muchos restaurantes a su alrededor. Tiene su propio mercado semanal y tiendas encantadoras.\t\t\t\t\t\t\t\t<\/div>\n\t\t\t\t<\/div>\n\t\t\t\t\t<\/div>\n\t\t<\/div>\n\t\t\t\t<div class=\"elementor-column elementor-col-50 elementor-top-column elementor-element elementor-element-209ef2f\" data-id=\"209ef2f\" data-element_type=\"column\" data-e-type=\"column\">\n\t\t\t<div class=\"elementor-widget-wrap elementor-element-populated\">\n\t\t\t\t\t\t<div class=\"elementor-element elementor-element-9ad572e elementor-widget elementor-widget-text-editor\" data-id=\"9ad572e\" data-element_type=\"widget\" data-e-type=\"widget\" data-widget_type=\"text-editor.default\">\n\t\t\t\t<div class=\"elementor-widget-container\">\n\t\t\t\t\t\t\t\t\t<h4>  Una finca en el campo en Porreres  <\/h4>\nPero lo realmente interesante de Porreres son las numerosas y hermosas fincas perfectamente integradas en el pintoresco paisaje, donde puedes hacer un retiro de primera clase en la isla.\t\t\t\t\t\t\t\t<\/div>\n\t\t\t\t<\/div>\n\t\t\t\t\t<\/div>\n\t\t<\/div>\n\t\t\t\t\t<\/div>\n\t\t<\/section>\n\t\t\t\t<\/div>\n\t\t","protected":false},"excerpt":{"rendered":"<p>Inmobiliaria Porreres Un pueblo con mucho encanto y car\u00e1cter Un pueblo aislado en el coraz\u00f3n de Mallorca, con mucha tranquilidad y grandes fincas. En la comarca de Porreres hay hallazgos arqueol\u00f3gicos y muchos antiguos molinos mallorquines de estilo tradicional. A unos 2 km del pueblo se encuentra el monasterio de Monti-Zion, que data de 1551&#8230;.<\/p>\n","protected":false},"author":1,"featured_media":0,"parent":0,"menu_order":0,"comment_status":"closed","ping_status":"closed","template":"templates\/properties.php","meta":{"footnotes":""},"class_list":["post-25739","page","type-page","status-publish","hentry"],"_links":{"self":[{"href":"https:\/\/www.lucasfroeserealestate.com\/es\/wp-json\/wp\/v2\/pages\/25739","targetHints":{"allow":["GET"]}}],"collection":[{"href":"https:\/\/www.lucasfroeserealestate.com\/es\/wp-json\/wp\/v2\/pages"}],"about":[{"href":"https:\/\/www.lucasfroeserealestate.com\/es\/wp-json\/wp\/v2\/types\/page"}],"author":[{"embeddable":true,"href":"https:\/\/www.lucasfroeserealestate.com\/es\/wp-json\/wp\/v2\/users\/1"}],"replies":[{"embeddable":true,"href":"https:\/\/www.lucasfroeserealestate.com\/es\/wp-json\/wp\/v2\/comments?post=25739"}],"version-history":[{"count":0,"href":"https:\/\/www.lucasfroeserealestate.com\/es\/wp-json\/wp\/v2\/pages\/25739\/revisions"}],"wp:attachment":[{"href":"https:\/\/www.lucasfroeserealestate.com\/es\/wp-json\/wp\/v2\/media?parent=25739"}],"curies":[{"name":"wp","href":"https:\/\/api.w.org\/{rel}","templated":true}]}}