{"id":25729,"date":"2021-05-25T12:11:42","date_gmt":"2021-05-25T10:11:42","guid":{"rendered":"https:\/\/www.lucasfroeserealestate.com\/immobilien-in-ses-salines\/"},"modified":"2025-08-27T15:39:54","modified_gmt":"2025-08-27T13:39:54","slug":"immobilien-in-ses-salines","status":"publish","type":"page","link":"https:\/\/www.lucasfroeserealestate.com\/es\/immobilien-in-ses-salines\/","title":{"rendered":"Propiedades en Ses Salines"},"content":{"rendered":"\t\t<div data-elementor-type=\"wp-page\" data-elementor-id=\"25729\" class=\"elementor elementor-25729 elementor-25703\" data-elementor-post-type=\"page\">\n\t\t\t\t\t\t<section class=\"elementor-section elementor-top-section elementor-element elementor-element-2e9828d elementor-section-boxed elementor-section-height-default elementor-section-height-default\" data-id=\"2e9828d\" data-element_type=\"section\" data-e-type=\"section\">\n\t\t\t\t\t\t<div class=\"elementor-container elementor-column-gap-default\">\n\t\t\t\t\t<div class=\"elementor-column elementor-col-100 elementor-top-column elementor-element elementor-element-6814752\" data-id=\"6814752\" data-element_type=\"column\" data-e-type=\"column\">\n\t\t\t<div class=\"elementor-widget-wrap elementor-element-populated\">\n\t\t\t\t\t\t<div class=\"elementor-element elementor-element-5efddc3 elementor-widget elementor-widget-heading\" data-id=\"5efddc3\" data-element_type=\"widget\" data-e-type=\"widget\" data-widget_type=\"heading.default\">\n\t\t\t\t<div class=\"elementor-widget-container\">\n\t\t\t\t\t<h2 class=\"elementor-heading-title elementor-size-default\">Propiedades en Ses Salines<\/h2>\t\t\t\t<\/div>\n\t\t\t\t<\/div>\n\t\t\t\t<section class=\"elementor-section elementor-inner-section elementor-element elementor-element-cc9e4ff elementor-section-boxed elementor-section-height-default elementor-section-height-default\" data-id=\"cc9e4ff\" data-element_type=\"section\" data-e-type=\"section\">\n\t\t\t\t\t\t<div class=\"elementor-container elementor-column-gap-default\">\n\t\t\t\t\t<div class=\"elementor-column elementor-col-50 elementor-inner-column elementor-element elementor-element-58183d9\" data-id=\"58183d9\" data-element_type=\"column\" data-e-type=\"column\">\n\t\t\t<div class=\"elementor-widget-wrap elementor-element-populated\">\n\t\t\t\t\t\t<div class=\"elementor-element elementor-element-0786838 elementor-widget elementor-widget-text-editor\" data-id=\"0786838\" data-element_type=\"widget\" data-e-type=\"widget\" data-widget_type=\"text-editor.default\">\n\t\t\t\t<div class=\"elementor-widget-container\">\n\t\t\t\t\t\t\t\t\t<p>Ses Salines est\u00e1 situado en el sureste de Mallorca, enclavado entre los municipios de Campos y Santany\u00ed. Esta ubicaci\u00f3n estrat\u00e9gica la convierte en un destino muy solicitado tanto por veraneantes como por residentes. <\/p><p><strong>Playas y naturaleza<\/strong><\/p><p>La regi\u00f3n que rodea Ses Salines es conocida por su impresionante litoral, con un total de diez playas naturales. Destaca la cercana playa natural de Es Trenc, considerada una de las m\u00e1s bellas de Mallorca, con su arena blanca y sus aguas de color turquesa. Estas playas v\u00edrgenes ofrecen condiciones ideales para los que buscan relax y los amantes de la naturaleza.  <\/p><p><strong>Enlaces de transporte<\/strong><\/p><p>Gracias a las bien desarrolladas conexiones por carretera, Ses Salines est\u00e1 muy bien comunicada con los municipios de los alrededores. La proximidad a Campos permite llegar r\u00e1pidamente a Palma y al aeropuerto, lo que hace que la regi\u00f3n sea atractiva tanto para turistas como para personas que se desplazan diariamente. <\/p><p><strong>Mercado inmobiliario<\/strong><\/p><p>En los \u00faltimos a\u00f1os, el mercado inmobiliario de Ses Salines ha experimentado un aumento significativo. En 2023, era una de las zonas con mayor aumento de precios de Mallorca, comparable al de Cala d&#8217;Or, en el sureste de la isla. Esta tendencia refleja la creciente popularidad y demanda de propiedades en la zona.  <\/p>\t\t\t\t\t\t\t\t<\/div>\n\t\t\t\t<\/div>\n\t\t\t\t\t<\/div>\n\t\t<\/div>\n\t\t\t\t<div class=\"elementor-column elementor-col-50 elementor-inner-column elementor-element elementor-element-9bace81\" data-id=\"9bace81\" data-element_type=\"column\" data-e-type=\"column\">\n\t\t\t<div class=\"elementor-widget-wrap elementor-element-populated\">\n\t\t\t\t\t\t<div class=\"elementor-element elementor-element-d708b29 elementor-widget elementor-widget-image\" data-id=\"d708b29\" data-element_type=\"widget\" data-e-type=\"widget\" data-widget_type=\"image.default\">\n\t\t\t\t<div class=\"elementor-widget-container\">\n\t\t\t\t\t\t\t\t\t\t\t\t\t\t\t<img fetchpriority=\"high\" decoding=\"async\" loading=\"eager\" width=\"640\" height=\"423\" src=\"https:\/\/www.lucasfroeserealestate.com\/wp-content\/uploads\/2021\/05\/immobilien-ses-salines.jpg\" class=\"attachment-large size-large wp-image-25710\" alt=\"Immobilien Ses Salines\" srcset=\"https:\/\/www.lucasfroeserealestate.com\/wp-content\/uploads\/2021\/05\/immobilien-ses-salines.jpg 640w, https:\/\/www.lucasfroeserealestate.com\/wp-content\/uploads\/2021\/05\/immobilien-ses-salines-300x198.jpg 300w, https:\/\/www.lucasfroeserealestate.com\/wp-content\/uploads\/2021\/05\/immobilien-ses-salines-150x99.jpg 150w\" sizes=\"(max-width: 640px) 100vw, 640px\" title=\"\">\t\t\t\t\t\t\t\t\t\t\t\t\t\t\t<\/div>\n\t\t\t\t<\/div>\n\t\t\t\t<div class=\"elementor-element elementor-element-ccfec98 elementor-widget elementor-widget-text-editor\" data-id=\"ccfec98\" data-element_type=\"widget\" data-e-type=\"widget\" data-widget_type=\"text-editor.default\">\n\t\t\t\t<div class=\"elementor-widget-container\">\n\t\t\t\t\t\t\t\t\t<p><strong>Atractivo de la regi\u00f3n<\/strong><\/p><p>La combinaci\u00f3n de belleza natural, como las numerosas playas, la proximidad a Es Trenc y las excelentes conexiones de transporte con lugares importantes de la isla hacen de Ses Salines un lugar preferido para vivir y pasar las vacaciones. El aumento de los precios de la vivienda subraya el creciente atractivo de esta regi\u00f3n para inversores y nuevos residentes. <\/p><p>En resumen, Ses Salines ofrece una armoniosa mezcla de naturaleza, comodidad y accesibilidad que resulta de gran inter\u00e9s tanto para los visitantes como para los residentes permanentes.<\/p>\t\t\t\t\t\t\t\t<\/div>\n\t\t\t\t<\/div>\n\t\t\t\t\t<\/div>\n\t\t<\/div>\n\t\t\t\t\t<\/div>\n\t\t<\/section>\n\t\t\t\t\t<\/div>\n\t\t<\/div>\n\t\t\t\t\t<\/div>\n\t\t<\/section>\n\t\t\t\t<\/div>\n\t\t","protected":false},"excerpt":{"rendered":"<p>Propiedades en Ses Salines Ses Salines est\u00e1 situado en el sureste de Mallorca, enclavado entre los municipios de Campos y Santany\u00ed. Esta ubicaci\u00f3n estrat\u00e9gica la convierte en un destino muy solicitado tanto por veraneantes como por residentes. Playas y naturaleza La regi\u00f3n que rodea Ses Salines es conocida por su impresionante litoral, con un total&#8230;<\/p>\n","protected":false},"author":1,"featured_media":0,"parent":0,"menu_order":0,"comment_status":"closed","ping_status":"closed","template":"templates\/properties.php","meta":{"footnotes":""},"class_list":["post-25729","page","type-page","status-publish","hentry"],"_links":{"self":[{"href":"https:\/\/www.lucasfroeserealestate.com\/es\/wp-json\/wp\/v2\/pages\/25729","targetHints":{"allow":["GET"]}}],"collection":[{"href":"https:\/\/www.lucasfroeserealestate.com\/es\/wp-json\/wp\/v2\/pages"}],"about":[{"href":"https:\/\/www.lucasfroeserealestate.com\/es\/wp-json\/wp\/v2\/types\/page"}],"author":[{"embeddable":true,"href":"https:\/\/www.lucasfroeserealestate.com\/es\/wp-json\/wp\/v2\/users\/1"}],"replies":[{"embeddable":true,"href":"https:\/\/www.lucasfroeserealestate.com\/es\/wp-json\/wp\/v2\/comments?post=25729"}],"version-history":[{"count":0,"href":"https:\/\/www.lucasfroeserealestate.com\/es\/wp-json\/wp\/v2\/pages\/25729\/revisions"}],"wp:attachment":[{"href":"https:\/\/www.lucasfroeserealestate.com\/es\/wp-json\/wp\/v2\/media?parent=25729"}],"curies":[{"name":"wp","href":"https:\/\/api.w.org\/{rel}","templated":true}]}}