{"id":25680,"date":"2021-01-03T15:59:49","date_gmt":"2021-01-03T14:59:49","guid":{"rendered":"https:\/\/www.lucasfroeserealestate.com\/immobilien-santanyi\/"},"modified":"2025-08-27T15:40:03","modified_gmt":"2025-08-27T13:40:03","slug":"immobilien-santanyi","status":"publish","type":"page","link":"https:\/\/www.lucasfroeserealestate.com\/es\/immobilien-santanyi\/","title":{"rendered":"Inmobiliaria Santanyi"},"content":{"rendered":"\t\t<div data-elementor-type=\"wp-page\" data-elementor-id=\"25680\" class=\"elementor elementor-25680 elementor-22869\" data-elementor-post-type=\"page\">\n\t\t\t\t\t\t<section class=\"elementor-section elementor-top-section elementor-element elementor-element-706f2da3 elementor-section-boxed elementor-section-height-default elementor-section-height-default\" data-id=\"706f2da3\" data-element_type=\"section\" data-e-type=\"section\">\n\t\t\t\t\t\t<div class=\"elementor-container elementor-column-gap-default\">\n\t\t\t\t\t<div class=\"elementor-column elementor-col-100 elementor-top-column elementor-element elementor-element-419309a6\" data-id=\"419309a6\" data-element_type=\"column\" data-e-type=\"column\">\n\t\t\t<div class=\"elementor-widget-wrap elementor-element-populated\">\n\t\t\t\t\t\t<div class=\"elementor-element elementor-element-2820e05 elementor-widget elementor-widget-heading\" data-id=\"2820e05\" data-element_type=\"widget\" data-e-type=\"widget\" data-widget_type=\"heading.default\">\n\t\t\t\t<div class=\"elementor-widget-container\">\n\t\t\t\t\t<h1 class=\"elementor-heading-title elementor-size-default\">Inmobiliaria Santanyi<\/h1>\t\t\t\t<\/div>\n\t\t\t\t<\/div>\n\t\t\t\t<div class=\"elementor-element elementor-element-10e1a9f elementor-widget elementor-widget-text-editor\" data-id=\"10e1a9f\" data-element_type=\"widget\" data-e-type=\"widget\" data-widget_type=\"text-editor.default\">\n\t\t\t\t<div class=\"elementor-widget-container\">\n\t\t\t\t\t\t\t\t\t<p>\u00bfEst\u00e1 buscando la propiedad de sus sue\u00f1os en Santany\u00ed? Somos su agente inmobiliario en la regi\u00f3n, especializado en propiedades de lujo e inversiones en Mallorca. \u00a1 <strong>Lucas Froese Real <\/strong>Estate le ayuda con su b\u00fasqueda de propiedades y<strong> le asesora en todos los aspectos de Santanyi!<\/strong><\/p>\t\t\t\t\t\t\t\t<\/div>\n\t\t\t\t<\/div>\n\t\t\t\t<section class=\"elementor-section elementor-inner-section elementor-element elementor-element-1c0a6ac elementor-section-boxed elementor-section-height-default elementor-section-height-default\" data-id=\"1c0a6ac\" data-element_type=\"section\" data-e-type=\"section\">\n\t\t\t\t\t\t<div class=\"elementor-container elementor-column-gap-default\">\n\t\t\t\t\t<div class=\"elementor-column elementor-col-50 elementor-inner-column elementor-element elementor-element-1b3bff1\" data-id=\"1b3bff1\" data-element_type=\"column\" data-e-type=\"column\">\n\t\t\t<div class=\"elementor-widget-wrap elementor-element-populated\">\n\t\t\t\t\t\t<div class=\"elementor-element elementor-element-2a5193a elementor-widget elementor-widget-heading\" data-id=\"2a5193a\" data-element_type=\"widget\" data-e-type=\"widget\" data-widget_type=\"heading.default\">\n\t\t\t\t<div class=\"elementor-widget-container\">\n\t\t\t\t\t<h2 class=\"elementor-heading-title elementor-size-default\">Santany\u00ed Mallorca<\/h2>\t\t\t\t<\/div>\n\t\t\t\t<\/div>\n\t\t\t\t<div class=\"elementor-element elementor-element-10898b84 elementor-widget elementor-widget-text-editor\" data-id=\"10898b84\" data-element_type=\"widget\" data-e-type=\"widget\" data-widget_type=\"text-editor.default\">\n\t\t\t\t<div class=\"elementor-widget-container\">\n\t\t\t\t\t\t\t\t\t<p><strong>Santany\u00ed est\u00e1 situado en el sureste de Mallorca<\/strong> y tambi\u00e9n es conocido como el pueblo dorado de la isla por sus singulares edificios de arenisca. Bah\u00edas pintorescas, pueblos pintorescos y una infraestructura impresionante hacen de Santany\u00ed una zona residencial incre\u00edblemente popular. La ciudad es especialmente popular entre los alemanes debido a sus veranos calurosos e inviernos cortos; despu\u00e9s de todo, casi el 10% de la poblaci\u00f3n son expatriados alemanes que han encontrado en Santany\u00ed su lugar tranquilo, rural y aut\u00e9ntico para vivir.<\/p>\t\t\t\t\t\t\t\t<\/div>\n\t\t\t\t<\/div>\n\t\t\t\t\t<\/div>\n\t\t<\/div>\n\t\t\t\t<div class=\"elementor-column elementor-col-50 elementor-inner-column elementor-element elementor-element-a266086\" data-id=\"a266086\" data-element_type=\"column\" data-e-type=\"column\">\n\t\t\t<div class=\"elementor-widget-wrap elementor-element-populated\">\n\t\t\t\t\t\t<div class=\"elementor-element elementor-element-6d64059 elementor-widget elementor-widget-heading\" data-id=\"6d64059\" data-element_type=\"widget\" data-e-type=\"widget\" data-widget_type=\"heading.default\">\n\t\t\t\t<div class=\"elementor-widget-container\">\n\t\t\t\t\t<h2 class=\"elementor-heading-title elementor-size-default\">Agente inmobiliario en Santanyi<\/h2>\t\t\t\t<\/div>\n\t\t\t\t<\/div>\n\t\t\t\t<div class=\"elementor-element elementor-element-3a72cf7 elementor-widget elementor-widget-text-editor\" data-id=\"3a72cf7\" data-element_type=\"widget\" data-e-type=\"widget\" data-widget_type=\"text-editor.default\">\n\t\t\t\t<div class=\"elementor-widget-container\">\n\t\t\t\t\t\t\t\t\t\u00bfBusca un <strong>agente inmobiliario que hable alem\u00e1n<\/strong> <strong>pero que conozca la isla<\/strong> al dedillo? \u00bfQuiere agentes inmobiliarios profesionales que le encuentren la casa de sus sue\u00f1os, comprueben la legalidad y le simplifiquen el proceso de compra? <a href=\"https:\/\/maps.app.goo.gl\/US6VCKjnyfZrWFm37\" rel=\"nofollow noopener\" target=\"_blank\">\u00bfPropiedades en Santanyi<\/a> que de otra manera no est\u00e1n en el mercado? <strong>Entonces, \u00a1Lucas Froese Inmobiliaria es su agente!<\/strong>\t\t\t\t\t\t\t\t<\/div>\n\t\t\t\t<\/div>\n\t\t\t\t\t<\/div>\n\t\t<\/div>\n\t\t\t\t\t<\/div>\n\t\t<\/section>\n\t\t\t\t<section class=\"elementor-section elementor-inner-section elementor-element elementor-element-76e69c0 elementor-section-boxed elementor-section-height-default elementor-section-height-default\" data-id=\"76e69c0\" data-element_type=\"section\" data-e-type=\"section\">\n\t\t\t\t\t\t<div class=\"elementor-container elementor-column-gap-default\">\n\t\t\t\t\t<div class=\"elementor-column elementor-col-50 elementor-inner-column elementor-element elementor-element-716430e\" data-id=\"716430e\" data-element_type=\"column\" data-e-type=\"column\">\n\t\t\t<div class=\"elementor-widget-wrap elementor-element-populated\">\n\t\t\t\t\t\t<div class=\"elementor-element elementor-element-00d51c0 elementor-widget elementor-widget-image\" data-id=\"00d51c0\" data-element_type=\"widget\" data-e-type=\"widget\" data-widget_type=\"image.default\">\n\t\t\t\t<div class=\"elementor-widget-container\">\n\t\t\t\t\t\t\t\t\t\t\t\t\t\t\t<img fetchpriority=\"high\" decoding=\"async\" loading=\"eager\" width=\"738\" height=\"275\" src=\"https:\/\/www.lucasfroeserealestate.com\/wp-content\/uploads\/2021\/04\/immobilien-santanyi-1-768x286.jpg\" class=\"attachment-medium_large size-medium_large wp-image-24203\" alt=\"Immobilien Santanyi\" srcset=\"https:\/\/www.lucasfroeserealestate.com\/wp-content\/uploads\/2021\/04\/immobilien-santanyi-1-768x286.jpg 768w, https:\/\/www.lucasfroeserealestate.com\/wp-content\/uploads\/2021\/04\/immobilien-santanyi-1-300x112.jpg 300w, https:\/\/www.lucasfroeserealestate.com\/wp-content\/uploads\/2021\/04\/immobilien-santanyi-1-1024x381.jpg 1024w, https:\/\/www.lucasfroeserealestate.com\/wp-content\/uploads\/2021\/04\/immobilien-santanyi-1-150x56.jpg 150w, https:\/\/www.lucasfroeserealestate.com\/wp-content\/uploads\/2021\/04\/immobilien-santanyi-1.jpg 1056w\" sizes=\"(max-width: 738px) 100vw, 738px\" title=\"\">\t\t\t\t\t\t\t\t\t\t\t\t\t\t\t<\/div>\n\t\t\t\t<\/div>\n\t\t\t\t<div class=\"elementor-element elementor-element-4a9435c elementor-widget elementor-widget-heading\" data-id=\"4a9435c\" data-element_type=\"widget\" data-e-type=\"widget\" data-widget_type=\"heading.default\">\n\t\t\t\t<div class=\"elementor-widget-container\">\n\t\t\t\t\t<h5 class=\"elementor-heading-title elementor-size-large\">Santany\u00ed tiene mucha historia y cultura<\/h5>\t\t\t\t<\/div>\n\t\t\t\t<\/div>\n\t\t\t\t<div class=\"elementor-element elementor-element-9af72fe elementor-widget elementor-widget-text-editor\" data-id=\"9af72fe\" data-element_type=\"widget\" data-e-type=\"widget\" data-widget_type=\"text-editor.default\">\n\t\t\t\t<div class=\"elementor-widget-container\">\n\t\t\t\t\t\t\t\t\t<p>El ambiente de la ciudad est\u00e1 hecho para la gente creativa. Santany\u00ed siempre ha atra\u00eddo a artistas de todo el mundo, que se han establecido aqu\u00ed a lo largo de los a\u00f1os. En sus coquetas callejuelas, podr\u00e1 maravillarse con una gran variedad de galer\u00edas, participar en talleres y explorar los edificios art\u00edsticos de la ciudad.<\/p><p>Todos los habitantes del pueblo se conocen y les encanta quedarse a charlar con los vecinos de vez en cuando o contemplar la rutina diaria desde una de las muchas terrazas de la plaza principal con un buen caf\u00e9 o una copa de vino.  <\/p><p>Hist\u00f3ricamente, por supuesto, tambi\u00e9n hay mucho que descubrir en Santany\u00ed. La gran puerta de la ciudad, la Porta Murada, con sus murallas, siguen siendo s\u00edmbolos hoy en d\u00eda.  <\/p>\t\t\t\t\t\t\t\t<\/div>\n\t\t\t\t<\/div>\n\t\t\t\t<div class=\"elementor-element elementor-element-72fdd01 elementor-widget elementor-widget-heading\" data-id=\"72fdd01\" data-element_type=\"widget\" data-e-type=\"widget\" data-widget_type=\"heading.default\">\n\t\t\t\t<div class=\"elementor-widget-container\">\n\t\t\t\t\t<h4 class=\"elementor-heading-title elementor-size-large\">Las encantadoras playas y calas de Santany\u00ed<\/h4>\t\t\t\t<\/div>\n\t\t\t\t<\/div>\n\t\t\t\t<div class=\"elementor-element elementor-element-2488aa3 elementor-widget elementor-widget-text-editor\" data-id=\"2488aa3\" data-element_type=\"widget\" data-e-type=\"widget\" data-widget_type=\"text-editor.default\">\n\t\t\t\t<div class=\"elementor-widget-container\">\n\t\t\t\t\t\t\t\t\t<p>Santany ofrece 35 kil\u00f3metros de costa con impresionantes playas de arena. Aqu\u00ed podr\u00e1 relajarse al sol o practicar uno de los numerosos deportes acu\u00e1ticos. Las playas m\u00e1s populares de la ciudad son la playa natural Cal\u00f3 des Moro, Cala Llombards, Cala Figuera, la pintoresca Cala Santany\u00ed, as\u00ed como la bah\u00eda de Figuera y el Parque Natural de Mondrag\u00f3.<\/p>\t\t\t\t\t\t\t\t<\/div>\n\t\t\t\t<\/div>\n\t\t\t\t<div class=\"elementor-element elementor-element-3d533dc elementor-widget elementor-widget-image\" data-id=\"3d533dc\" data-element_type=\"widget\" data-e-type=\"widget\" data-widget_type=\"image.default\">\n\t\t\t\t<div class=\"elementor-widget-container\">\n\t\t\t\t\t\t\t\t\t\t\t\t\t\t\t<img decoding=\"async\" loading=\"eager\" width=\"738\" height=\"275\" src=\"https:\/\/www.lucasfroeserealestate.com\/wp-content\/uploads\/2021\/04\/immobilien-santanyi-bucht-768x286.jpg\" class=\"attachment-medium_large size-medium_large wp-image-24206\" alt=\"Immobilien Santanyi Bucht\" srcset=\"https:\/\/www.lucasfroeserealestate.com\/wp-content\/uploads\/2021\/04\/immobilien-santanyi-bucht-768x286.jpg 768w, https:\/\/www.lucasfroeserealestate.com\/wp-content\/uploads\/2021\/04\/immobilien-santanyi-bucht-300x112.jpg 300w, https:\/\/www.lucasfroeserealestate.com\/wp-content\/uploads\/2021\/04\/immobilien-santanyi-bucht-1024x381.jpg 1024w, https:\/\/www.lucasfroeserealestate.com\/wp-content\/uploads\/2021\/04\/immobilien-santanyi-bucht-150x56.jpg 150w, https:\/\/www.lucasfroeserealestate.com\/wp-content\/uploads\/2021\/04\/immobilien-santanyi-bucht.jpg 1056w\" sizes=\"(max-width: 738px) 100vw, 738px\" title=\"\">\t\t\t\t\t\t\t\t\t\t\t\t\t\t\t<\/div>\n\t\t\t\t<\/div>\n\t\t\t\t\t<\/div>\n\t\t<\/div>\n\t\t\t\t<div class=\"elementor-column elementor-col-50 elementor-inner-column elementor-element elementor-element-9754ff2\" data-id=\"9754ff2\" data-element_type=\"column\" data-e-type=\"column\">\n\t\t\t<div class=\"elementor-widget-wrap elementor-element-populated\">\n\t\t\t\t\t\t<div class=\"elementor-element elementor-element-99d7af9 elementor-widget elementor-widget-heading\" data-id=\"99d7af9\" data-element_type=\"widget\" data-e-type=\"widget\" data-widget_type=\"heading.default\">\n\t\t\t\t<div class=\"elementor-widget-container\">\n\t\t\t\t\t<h2 class=\"elementor-heading-title elementor-size-medium\">Mercado y gastronom\u00eda de Santany\u00ed<\/h2>\t\t\t\t<\/div>\n\t\t\t\t<\/div>\n\t\t\t\t<div class=\"elementor-element elementor-element-37af8d8 elementor-widget elementor-widget-text-editor\" data-id=\"37af8d8\" data-element_type=\"widget\" data-e-type=\"widget\" data-widget_type=\"text-editor.default\">\n\t\t\t\t<div class=\"elementor-widget-container\">\n\t\t\t\t\t\t\t\t\t<p>El s\u00e1bado es d\u00eda de mercado en Santany\u00ed. El mercado de Santanyi es uno de los m\u00e1s bellos de la isla: se puede pasear tranquilamente por los puestos del mercado, admirar galer\u00edas y estudios de arte.<\/p><p>La ciudad tambi\u00e9n es conocida por sus excelentes restaurantes, algunos de los cuales tambi\u00e9n ofrecen m\u00fasica en directo, creando un ambiente inolvidable. Otro emocionante destino de excursi\u00f3n es un viaje en barco a la reserva natural de Cabrera. Las aguas cristalinas son un para\u00edso para los submarinistas y el paisaje y las plantas constituyen un bello espect\u00e1culo.  <\/p><p>Los m\u00e1s rom\u00e1nticos pueden visitar el puerto de Cala Figuera, un bonito pueblo portuario situado a pocos kil\u00f3metros. Otra tranquila ciudad portuaria es Porto Petro, donde podr\u00e1 disfrutar c\u00f3modamente de la puesta de sol con vistas al pintoresco puerto.<\/p>\t\t\t\t\t\t\t\t<\/div>\n\t\t\t\t<\/div>\n\t\t\t\t<div class=\"elementor-element elementor-element-5cdb006 elementor-widget elementor-widget-heading\" data-id=\"5cdb006\" data-element_type=\"widget\" data-e-type=\"widget\" data-widget_type=\"heading.default\">\n\t\t\t\t<div class=\"elementor-widget-container\">\n\t\t\t\t\t<h4 class=\"elementor-heading-title elementor-size-large\">Comprar una propiedad en Santanyi<\/h4>\t\t\t\t<\/div>\n\t\t\t\t<\/div>\n\t\t\t\t<div class=\"elementor-element elementor-element-4854043 elementor-widget elementor-widget-text-editor\" data-id=\"4854043\" data-element_type=\"widget\" data-e-type=\"widget\" data-widget_type=\"text-editor.default\">\n\t\t\t\t<div class=\"elementor-widget-container\">\n\t\t\t\t\t\t\t\t\tLas hermosas urbanizaciones de la isla est\u00e1n muy solicitadas en todo el mundo y son especialmente populares entre familias j\u00f3venes, amantes de la naturaleza, entusiastas del arte y expatriados adinerados que desean una vida tradicional, aut\u00e9ntica y de alta calidad, caracterizada por la naturaleza y mucha cultura. Por supuesto tambi\u00e9n incluyen <strong>\n  <a href=\"https:\/\/www.lucasfroeserealestate.com\/es\/immobilien-in-cala-dor\/\">propiedades en Cala d&#8217;Or<\/a>\n<\/strong> o propiedades en Alqueria Blanca pertenecen al municipio de Santanyi, pero estos se pueden encontrar bajo su propia categor\u00eda (Cas Concos por ejemplo pertenece al municipio de Felanitx y Ses Salines a Llucmajor). Adem\u00e1s, algunas de las calas y playas m\u00e1s hermosas se encuentran en Santany\u00ed y la singular arquitectura confiere a la ciudad un maravilloso car\u00e1cter mediterr\u00e1neo dif\u00edcil de encontrar en ning\u00fan otro lugar. En las \u00faltimas d\u00e9cadas, Santany\u00ed tambi\u00e9n se ha hecho cada vez m\u00e1s popular y los inmuebles son cada d\u00eda m\u00e1s caros: una ciudad en la que<strong> los sue\u00f1os se hacen realidad y en la que, sin duda, merece la pena invertir<\/strong>.\n\n<iframe style=\"border: 0;\" src=\"https:\/\/www.google.com\/maps\/embed?pb=!1m18!1m12!1m3!1d12340.175203224588!2d3.1297702499999995!3d39.3552447!2m3!1f0!2f0!3f0!3m2!1i1024!2i768!4f13.1!3m3!1m2!1s0x129654848d3dbe79%3A0x57377cfd352b8d8e!2s07650%20Santa%C3%B1y%2C%20Islas%20Baleares!5e0!3m2!1ses!2ses!4v1655749925401!5m2!1ses!2ses\" width=\"400\" height=\"250\" allowfullscreen=\"allowfullscreen\"><\/iframe>\t\t\t\t\t\t\t\t<\/div>\n\t\t\t\t<\/div>\n\t\t\t\t\t<\/div>\n\t\t<\/div>\n\t\t\t\t\t<\/div>\n\t\t<\/section>\n\t\t\t\t\t<\/div>\n\t\t<\/div>\n\t\t\t\t\t<\/div>\n\t\t<\/section>\n\t\t\t\t<\/div>\n\t\t","protected":false},"excerpt":{"rendered":"<p>Inmobiliaria Santanyi \u00bfEst\u00e1 buscando la propiedad de sus sue\u00f1os en Santany\u00ed? Somos su agente inmobiliario en la regi\u00f3n, especializado en propiedades de lujo e inversiones en Mallorca. \u00a1 Lucas Froese Real Estate le ayuda con su b\u00fasqueda de propiedades y le asesora en todos los aspectos de Santanyi! Santany\u00ed Mallorca Santany\u00ed est\u00e1 situado en el&#8230;<\/p>\n","protected":false},"author":1,"featured_media":0,"parent":0,"menu_order":0,"comment_status":"closed","ping_status":"closed","template":"templates\/properties.php","meta":{"_acf_changed":false,"footnotes":""},"class_list":["post-25680","page","type-page","status-publish","hentry"],"acf":[],"_links":{"self":[{"href":"https:\/\/www.lucasfroeserealestate.com\/es\/wp-json\/wp\/v2\/pages\/25680","targetHints":{"allow":["GET"]}}],"collection":[{"href":"https:\/\/www.lucasfroeserealestate.com\/es\/wp-json\/wp\/v2\/pages"}],"about":[{"href":"https:\/\/www.lucasfroeserealestate.com\/es\/wp-json\/wp\/v2\/types\/page"}],"author":[{"embeddable":true,"href":"https:\/\/www.lucasfroeserealestate.com\/es\/wp-json\/wp\/v2\/users\/1"}],"replies":[{"embeddable":true,"href":"https:\/\/www.lucasfroeserealestate.com\/es\/wp-json\/wp\/v2\/comments?post=25680"}],"version-history":[{"count":0,"href":"https:\/\/www.lucasfroeserealestate.com\/es\/wp-json\/wp\/v2\/pages\/25680\/revisions"}],"wp:attachment":[{"href":"https:\/\/www.lucasfroeserealestate.com\/es\/wp-json\/wp\/v2\/media?parent=25680"}],"curies":[{"name":"wp","href":"https:\/\/api.w.org\/{rel}","templated":true}]}}