{"id":14636,"date":"2019-10-31T09:22:36","date_gmt":"2019-10-31T08:22:36","guid":{"rendered":"https:\/\/www.lucasfroeserealestate.com\/immobilien-in-shorta\/"},"modified":"2025-08-27T15:38:50","modified_gmt":"2025-08-27T13:38:50","slug":"immobilien-in-shorta","status":"publish","type":"page","link":"https:\/\/www.lucasfroeserealestate.com\/es\/immobilien-in-shorta\/","title":{"rendered":"Inmobiliaria en S&#8217;Horta"},"content":{"rendered":"\t\t<div data-elementor-type=\"wp-page\" data-elementor-id=\"14636\" class=\"elementor elementor-14636 elementor-11252\" data-elementor-post-type=\"page\">\n\t\t\t\t\t\t<section class=\"elementor-section elementor-top-section elementor-element elementor-element-1bf0b84 elementor-section-boxed elementor-section-height-default elementor-section-height-default\" data-id=\"1bf0b84\" data-element_type=\"section\" data-e-type=\"section\">\n\t\t\t\t\t\t<div class=\"elementor-container elementor-column-gap-default\">\n\t\t\t\t\t<div class=\"elementor-column elementor-col-100 elementor-top-column elementor-element elementor-element-db73810\" data-id=\"db73810\" data-element_type=\"column\" data-e-type=\"column\">\n\t\t\t<div class=\"elementor-widget-wrap elementor-element-populated\">\n\t\t\t\t\t\t<div class=\"elementor-element elementor-element-8ca5569 elementor-widget elementor-widget-text-editor\" data-id=\"8ca5569\" data-element_type=\"widget\" data-e-type=\"widget\" data-widget_type=\"text-editor.default\">\n\t\t\t\t<div class=\"elementor-widget-container\">\n\t\t\t\t\t\t\t\t\t<h1>Inmobiliaria S&#8217;Horta<\/h1>\n<h4>S&#8217;Horta<\/h4>\nLejos del turismo de masas, este peque\u00f1o pueblo encanta por su tranquilidad, enclavado en un paisaje de pinos de colinas cerca de Felanitx, entre Porto Colom y Cala D&#8217;or. Con sus aproximadamente 1000 habitantes, la vida aqu\u00ed se puede disfrutar en id\u00edlica tranquilidad en el bar, caf\u00e9, restaurante o los s\u00e1bados en el mercado del pueblo. Una peque\u00f1a meca para los amantes del ciclismo, el senderismo y la naturaleza que se dejan seducir por el dulce aroma de los pinos. Algunas fincas est\u00e1n incrustadas en el paisaje que rodea el pueblo en un estilo arquitect\u00f3nico t\u00edpico del sur. El cercano campo de golf Vall D&#8217;or, las peque\u00f1as calas de la playa y las fiestas t\u00edpicas de la isla con m\u00fasica y baile enriquecen la vida del pueblo y sus alrededores.\nA s\u00f3lo 45 minutos del ajetreo internacional de Palma, aqu\u00ed puedes encontrar tu propio oasis de paz\nen la propiedad de tus sue\u00f1os.<br><br><h4>Agente inmobiliario en S&#8217;Horta<\/h4><br><br>Si desea comprar la nueva casa de sus sue\u00f1os en este peque\u00f1o pueblo, somos su agencia inmobiliaria de contacto en el sureste. \u00a1Encuentre aqu\u00ed nuestra cartera de propiedades exclusivas en S&#8217;Horta!\t\t\t\t\t\t\t\t<\/div>\n\t\t\t\t<\/div>\n\t\t\t\t<div class=\"elementor-element elementor-element-73000a5 elementor-widget elementor-widget-html\" data-id=\"73000a5\" data-element_type=\"widget\" data-e-type=\"widget\" data-widget_type=\"html.default\">\n\t\t\t\t<div class=\"elementor-widget-container\">\n\t\t\t\t\t<iframe src=\"https:\/\/www.google.com\/maps\/embed?pb=!1m18!1m12!1m3!1d6165.370919952408!2d3.205193674595423!3d39.40862161798021!2m3!1f0!2f0!3f0!3m2!1i1024!2i768!4f13.1!3m3!1m2!1s0x12965094cb8e65ab%3A0x33e3e22a42e50ec8!2s07669%20S'Horta%2C%20Islas%20Baleares!5e0!3m2!1ses!2ses!4v1656668472981!5m2!1ses!2ses\" width=\"600\" height=\"450\" style=\"border:0;\" allowfullscreen=\"\" loading=\"lazy\" referrerpolicy=\"no-referrer-when-downgrade\"><\/iframe>\t\t\t\t<\/div>\n\t\t\t\t<\/div>\n\t\t\t\t\t<\/div>\n\t\t<\/div>\n\t\t\t\t\t<\/div>\n\t\t<\/section>\n\t\t\t\t<section class=\"elementor-section elementor-top-section elementor-element elementor-element-d73c650 elementor-section-boxed elementor-section-height-default elementor-section-height-default\" data-id=\"d73c650\" data-element_type=\"section\" data-e-type=\"section\">\n\t\t\t\t\t\t<div class=\"elementor-container elementor-column-gap-default\">\n\t\t\t\t\t<div class=\"elementor-column elementor-col-33 elementor-top-column elementor-element elementor-element-defab4f\" data-id=\"defab4f\" data-element_type=\"column\" data-e-type=\"column\">\n\t\t\t<div class=\"elementor-widget-wrap elementor-element-populated\">\n\t\t\t\t\t\t<div class=\"elementor-element elementor-element-0403c21 elementor-widget elementor-widget-heading\" data-id=\"0403c21\" data-element_type=\"widget\" data-e-type=\"widget\" data-widget_type=\"heading.default\">\n\t\t\t\t<div class=\"elementor-widget-container\">\n\t\t\t\t\t<h6 class=\"elementor-heading-title elementor-size-small\">S'Horta<\/h6>\t\t\t\t<\/div>\n\t\t\t\t<\/div>\n\t\t\t\t\t<\/div>\n\t\t<\/div>\n\t\t\t\t<div class=\"elementor-column elementor-col-33 elementor-top-column elementor-element elementor-element-98fd208\" data-id=\"98fd208\" data-element_type=\"column\" data-e-type=\"column\">\n\t\t\t<div class=\"elementor-widget-wrap elementor-element-populated\">\n\t\t\t\t\t\t<div class=\"elementor-element elementor-element-3bb3154 elementor-widget elementor-widget-heading\" data-id=\"3bb3154\" data-element_type=\"widget\" data-e-type=\"widget\" data-widget_type=\"heading.default\">\n\t\t\t\t<div class=\"elementor-widget-container\">\n\t\t\t\t\t<h4 class=\"elementor-heading-title elementor-size-medium\">Agente inmobiliario S'Horta<\/h4>\t\t\t\t<\/div>\n\t\t\t\t<\/div>\n\t\t\t\t\t<\/div>\n\t\t<\/div>\n\t\t\t\t<div class=\"elementor-column elementor-col-33 elementor-top-column elementor-element elementor-element-e7e15c8\" data-id=\"e7e15c8\" data-element_type=\"column\" data-e-type=\"column\">\n\t\t\t<div class=\"elementor-widget-wrap elementor-element-populated\">\n\t\t\t\t\t\t<div class=\"elementor-element elementor-element-abb6b8e elementor-widget elementor-widget-heading\" data-id=\"abb6b8e\" data-element_type=\"widget\" data-e-type=\"widget\" data-widget_type=\"heading.default\">\n\t\t\t\t<div class=\"elementor-widget-container\">\n\t\t\t\t\t<h5 class=\"elementor-heading-title elementor-size-small\">Inmobiliaria en S'Horta<\/h5>\t\t\t\t<\/div>\n\t\t\t\t<\/div>\n\t\t\t\t\t<\/div>\n\t\t<\/div>\n\t\t\t\t\t<\/div>\n\t\t<\/section>\n\t\t\t\t<\/div>\n\t\t","protected":false},"excerpt":{"rendered":"<p>Inmobiliaria S&#8217;Horta S&#8217;Horta Lejos del turismo de masas, este peque\u00f1o pueblo encanta por su tranquilidad, enclavado en un paisaje de pinos de colinas cerca de Felanitx, entre Porto Colom y Cala D&#8217;or. Con sus aproximadamente 1000 habitantes, la vida aqu\u00ed se puede disfrutar en id\u00edlica tranquilidad en el bar, caf\u00e9, restaurante o los s\u00e1bados en&#8230;<\/p>\n","protected":false},"author":1,"featured_media":0,"parent":0,"menu_order":0,"comment_status":"closed","ping_status":"closed","template":"templates\/properties.php","meta":{"footnotes":""},"class_list":["post-14636","page","type-page","status-publish","hentry"],"_links":{"self":[{"href":"https:\/\/www.lucasfroeserealestate.com\/es\/wp-json\/wp\/v2\/pages\/14636","targetHints":{"allow":["GET"]}}],"collection":[{"href":"https:\/\/www.lucasfroeserealestate.com\/es\/wp-json\/wp\/v2\/pages"}],"about":[{"href":"https:\/\/www.lucasfroeserealestate.com\/es\/wp-json\/wp\/v2\/types\/page"}],"author":[{"embeddable":true,"href":"https:\/\/www.lucasfroeserealestate.com\/es\/wp-json\/wp\/v2\/users\/1"}],"replies":[{"embeddable":true,"href":"https:\/\/www.lucasfroeserealestate.com\/es\/wp-json\/wp\/v2\/comments?post=14636"}],"version-history":[{"count":0,"href":"https:\/\/www.lucasfroeserealestate.com\/es\/wp-json\/wp\/v2\/pages\/14636\/revisions"}],"wp:attachment":[{"href":"https:\/\/www.lucasfroeserealestate.com\/es\/wp-json\/wp\/v2\/media?parent=14636"}],"curies":[{"name":"wp","href":"https:\/\/api.w.org\/{rel}","templated":true}]}}