{"id":14620,"date":"2019-10-24T10:40:17","date_gmt":"2019-10-24T08:40:17","guid":{"rendered":"https:\/\/www.lucasfroeserealestate.com\/immobilien-in-cala-dor\/"},"modified":"2026-02-24T09:04:44","modified_gmt":"2026-02-24T08:04:44","slug":"immobilien-in-cala-dor","status":"publish","type":"page","link":"https:\/\/www.lucasfroeserealestate.com\/es\/immobilien-in-cala-dor\/","title":{"rendered":"Inmobiliaria en Cala d&#8217;Or"},"content":{"rendered":"\t\t<div data-elementor-type=\"wp-page\" data-elementor-id=\"14620\" class=\"elementor elementor-14620 elementor-11118\" data-elementor-post-type=\"page\">\n\t\t\t\t\t\t<section class=\"elementor-section elementor-top-section elementor-element elementor-element-8f5e3c8 elementor-section-boxed elementor-section-height-default elementor-section-height-default\" data-id=\"8f5e3c8\" data-element_type=\"section\" data-e-type=\"section\">\n\t\t\t\t\t\t<div class=\"elementor-container elementor-column-gap-default\">\n\t\t\t\t\t<div class=\"elementor-column elementor-col-100 elementor-top-column elementor-element elementor-element-2a7c18b\" data-id=\"2a7c18b\" data-element_type=\"column\" data-e-type=\"column\">\n\t\t\t<div class=\"elementor-widget-wrap elementor-element-populated\">\n\t\t\t\t\t\t<div class=\"elementor-element elementor-element-4235855 elementor-widget elementor-widget-heading\" data-id=\"4235855\" data-element_type=\"widget\" data-e-type=\"widget\" data-widget_type=\"heading.default\">\n\t\t\t\t<div class=\"elementor-widget-container\">\n\t\t\t\t\t<h1 class=\"elementor-heading-title elementor-size-default\">Inmobiliaria Cala d'Or<\/h1>\t\t\t\t<\/div>\n\t\t\t\t<\/div>\n\t\t\t\t<div class=\"elementor-element elementor-element-5c6c47f elementor-widget elementor-widget-text-editor\" data-id=\"5c6c47f\" data-element_type=\"widget\" data-e-type=\"widget\" data-widget_type=\"text-editor.default\">\n\t\t\t\t<div class=\"elementor-widget-container\">\n\t\t\t\t\t\t\t\t\t<h2>Cala d&#8217;Or: encanto ibicenco, estilo de vida mediterr\u00e1neo y estabilidad de valor sostenible<\/h2><div class=\"flex flex-col text-sm pb-25\"><article class=\"text-token-text-primary w-full focus:outline-none [--shadow-height:45px] has-data-writing-block:pointer-events-none has-data-writing-block:-mt-(--shadow-height) has-data-writing-block:pt-(--shadow-height) [&amp;:has([data-writing-block])&gt;*]:pointer-events-auto scroll-mt-[calc(var(--header-height)+min(200px,max(70px,20svh)))]\" dir=\"auto\" tabindex=\"-1\" data-turn-id=\"request-WEB:cfb5c0e1-891b-4f92-b2a9-ac88cf2bcae6-3\" data-testid=\"conversation-turn-8\" data-scroll-anchor=\"true\" data-turn=\"assistant\"><div class=\"text-base my-auto mx-auto pb-10 [--thread-content-margin:--spacing(4)] @w-sm\/main:[--thread-content-margin:--spacing(6)] @w-lg\/main:[--thread-content-margin:--spacing(16)] px-(--thread-content-margin)\"><div class=\"[--thread-content-max-width:40rem] @w-lg\/main:[--thread-content-max-width:48rem] mx-auto max-w-(--thread-content-max-width) flex-1 group\/turn-messages focus-visible:outline-hidden relative flex w-full min-w-0 flex-col agent-turn\" tabindex=\"-1\"><div class=\"flex max-w-full flex-col grow\"><div class=\"min-h-8 text-message relative flex w-full flex-col items-end gap-2 text-start break-words whitespace-normal [.text-message+&amp;]:mt-1\" dir=\"auto\" data-message-author-role=\"assistant\" data-message-id=\"5e9cafb6-a6cc-4c6b-952d-ebf02d65fa57\" data-message-model-slug=\"gpt-5-2\"><div class=\"flex w-full flex-col gap-1 empty:hidden first:pt-[1px]\"><div class=\"markdown prose dark:prose-invert w-full wrap-break-word light markdown-new-styling\"><p data-start=\"124\" data-end=\"654\">Cala d&#8217;Or es una popular localidad costera del sureste de Mallorca y pertenece al municipio de <a href=\"https:\/\/www.lucasfroeserealestate.com\/es\/immobilien-santanyi\/\"><span class=\"hover:entity-accent entity-underline inline cursor-pointer align-baseline\"><span class=\"whitespace-normal\">Santany\u00ed<\/span><\/span><\/a>. La localidad se caracteriza por su inconfundible encanto ibicenco, que se remonta al arquitecto ibicenco <span class=\"hover:entity-accent entity-underline inline cursor-pointer align-baseline\"><span class=\"whitespace-normal\">Josep Costa Ferrer<\/span><\/span> se remonta a \u00e9l. Descubri\u00f3 esta regi\u00f3n all\u00e1 por 1930 y desarroll\u00f3 la visi\u00f3n de un peque\u00f1o asentamiento vacacional en el caracter\u00edstico estilo ibicenco: edificios planos y encalados incrustados en la vegetaci\u00f3n mediterr\u00e1nea y armoniosamente adaptados al paisaje costero.  <\/p><p data-start=\"656\" data-end=\"1020\">Esta firma arquitect\u00f3nica sigue caracterizando el paisaje urbano de Cala d&#8217;Or en la actualidad. La arquitectura uniforme y de colores claros confiere al pueblo una elegancia especial y lo diferencia claramente de otras regiones de Mallorca. Complejos residenciales bien cuidados, peque\u00f1as bah\u00edas con aguas de color turquesa y una infraestructura de alta calidad crean una calidad de vida excepcional.  <\/p><p data-start=\"1022\" data-end=\"1429\">La combinaci\u00f3n de est\u00e9tica mediterr\u00e1nea, estilo internacional y ambiente mar\u00edtimo garantiza una demanda continuamente estable de <strong data-start=\"1163\" data-end=\"1190\">propiedades en Cala d&#8217;Or<\/strong>, tanto entre los propietarios que las ocupan como entre los inversores. Mientras que los restaurantes, boutiques, caf\u00e9s y el puerto deportivo garantizan un ambiente animado en verano, la temporada baja se caracteriza por la tranquilidad, la intimidad y un estilo de vida relajado. <\/p><p data-start=\"1431\" data-end=\"1635\" data-is-last-node=\"\" data-is-only-node=\"\">Este atractivo durante todo el a\u00f1o es un factor clave en el desarrollo sostenible del valor de las propiedades en Cala d&#8217;Or y hace de este lugar una de las direcciones m\u00e1s solicitadas del sureste de Mallorca.<\/p><h3 data-start=\"1431\" data-end=\"1635\">Propiedades en la Marina de Cala d&#8217;Or: Ubicaci\u00f3n privilegiada con vistas al mar<\/h3><p data-start=\"1472\" data-end=\"1670\">Un punto central destacado es el <strong data-start=\"1504\" data-end=\"1545\"><span class=\"hover:entity-accent entity-underline inline cursor-pointer align-baseline\"><span class=\"whitespace-normal\">Puerto Deportivo de Cala d&#8217;Or<\/span><\/span><\/strong> en Cala Llonga. El puerto deportivo es uno de los m\u00e1s renombrados del sureste de la isla y atrae a una clientela internacional. <\/p><p data-start=\"1672\" data-end=\"1695\">Especialmente demandados:<\/p><ul data-start=\"1697\" data-end=\"1829\"><li data-start=\"1697\" data-end=\"1738\"><p data-start=\"1699\" data-end=\"1738\">Pisos y \u00e1ticos cerca del puerto<\/p><\/li><li data-start=\"1739\" data-end=\"1763\"><p data-start=\"1741\" data-end=\"1763\">Villas con vistas al mar<\/p><\/li><li data-start=\"1764\" data-end=\"1800\"><p data-start=\"1766\" data-end=\"1800\">Propiedades frente al mar<\/p><\/li><li data-start=\"1801\" data-end=\"1829\"><p data-start=\"1803\" data-end=\"1829\">Proyectos exclusivos de nueva construcci\u00f3n<\/p><\/li><\/ul><p data-start=\"1831\" data-end=\"1922\">Se considera que las propiedades cercanas al puerto deportivo tienen un valor especialmente estable, ya que la oferta y la ubicaci\u00f3n son limitadas.<\/p><\/div><\/div><\/div><\/div><\/div><\/div><\/article><\/div><h3>Verano en Cala d&#8217;Or<\/h3><p><strong>En verano, el centro de la ciudad est\u00e1 muy animado <\/strong>con visitantes internacionales. La rica oferta de boutiques, tiendas, bares, restaurantes mediterr\u00e1neos y de lujo, clubes y discotecas atrae a turistas y residentes de los alrededores. Mientras tanto, el campo de los alrededores tambi\u00e9n est\u00e1 poblado de fincas.<\/p><h2>Inmobiliaria en Cala d&#8217;Or<\/h2><div id=\"attachment_15316\" style=\"width: 810px\" class=\"wp-caption alignnone\"><img decoding=\"async\" aria-describedby=\"caption-attachment-15316\" class=\"size-full wp-image-15316\" src=\"https:\/\/www.lucasfroeserealestate.com\/wp-content\/uploads\/2020\/05\/calador-harbor-mallorca.jpg\" alt=\"Cala d&#039;Or Puerto Mallorca\" width=\"800\" height=\"300\" title=\"\" srcset=\"https:\/\/www.lucasfroeserealestate.com\/wp-content\/uploads\/2020\/05\/calador-harbor-mallorca.jpg 800w, https:\/\/www.lucasfroeserealestate.com\/wp-content\/uploads\/2020\/05\/calador-harbor-mallorca-300x113.jpg 300w, https:\/\/www.lucasfroeserealestate.com\/wp-content\/uploads\/2020\/05\/calador-harbor-mallorca-768x288.jpg 768w, https:\/\/www.lucasfroeserealestate.com\/wp-content\/uploads\/2020\/05\/calador-harbor-mallorca-150x56.jpg 150w\" sizes=\"(max-width: 800px) 100vw, 800px\" \/><p id=\"caption-attachment-15316\" class=\"wp-caption-text\">Cala d&#8217;Or Puerto Mallorca<\/p><\/div><p>Cala D&#8217;Or se extiende a lo largo de la costa rocosa y est\u00e1 interrumpida por peque\u00f1as playas de arena. En particular, el <strong>puerto deportivo \u00abMarina de Cala D&#8217;or\u00bb<\/strong>, en la gran Cala Llonga, con sus 30.000 metros cuadrados, ofrece a muchas embarcaciones y yates exclusivos muchos amarres y restaurantes de lujo, que tambi\u00e9n atraen a Cala dor a gente de los pueblos vecinos.<\/p><p>El rey Felipe V hizo construir la <strong>fortaleza \u00abEs Forti<\/strong> \u00bb en el promontorio derecho en 1730 para protegerse de piratas y atacantes. La fortaleza merece una visita y ofrece una magn\u00edfica vista sobre la bah\u00eda y el mar. La zona es una de las m\u00e1s cotizadas de Cala dor, especialmente las parcelas en primera l\u00ednea de mar.<\/p><p data-start=\"3422\" data-end=\"3586\">La demanda de propiedades de alta calidad en el sureste de Mallorca ha aumentado continuamente en los \u00faltimos a\u00f1os. Esto lo aprecian especialmente los compradores de habla alemana: <\/p><ul data-start=\"3588\" data-end=\"3700\"><li data-start=\"3588\" data-end=\"3620\"><p data-start=\"3590\" data-end=\"3620\">Seguridad e infraestructuras<\/p><\/li><li data-start=\"3621\" data-end=\"3644\"><p data-start=\"3623\" data-end=\"3644\">Buena accesibilidad<\/p><\/li><li data-start=\"3645\" data-end=\"3673\"><p data-start=\"3647\" data-end=\"3673\">Comunidad Internacional<\/p><\/li><li data-start=\"3674\" data-end=\"3700\"><p data-start=\"3676\" data-end=\"3700\">Microlocalizaciones estables<\/p><\/li><\/ul><p data-start=\"3702\" data-end=\"3900\">Las propiedades en primera l\u00ednea de mar o cerca del puerto deportivo alcanzan regularmente precios superiores a la media. Al mismo tiempo, la oferta es limitada, un factor cl\u00e1sico para el desarrollo sostenible del valor (lo que han confirmado las estad\u00edsticas del mercado en los \u00faltimos a\u00f1os, donde las propiedades de Cala d&#8217;Or est\u00e1n entre las que m\u00e1s suben de toda Mallorca). <\/p><p data-start=\"3943\" data-end=\"3966\">Especialmente demandados:<\/p><ul data-start=\"3968\" data-end=\"4104\"><li data-start=\"3968\" data-end=\"3983\"><p data-start=\"3970\" data-end=\"3983\">Proximidad al puerto deportivo<\/p><\/li><li data-start=\"3984\" data-end=\"4005\"><p data-start=\"3986\" data-end=\"4005\">Primera l\u00ednea de mar<\/p><\/li><li data-start=\"4006\" data-end=\"4038\"><p data-start=\"4008\" data-end=\"4038\">Cala Esmeralda y Cala Serena<\/p><\/li><li data-start=\"4039\" data-end=\"4074\"><p data-start=\"4041\" data-end=\"4074\">Calles residenciales tranquilas cerca del centro<\/p><\/li><li data-start=\"4075\" data-end=\"4104\"><p data-start=\"4077\" data-end=\"4104\">Parcelas con vistas al mar<\/p><\/li><\/ul><p data-start=\"4106\" data-end=\"4223\">Estaremos encantados de asesorarte individualmente sobre el lugar que mejor se adapta a tus objetivos: Vivienda en propiedad, propiedad vacacional o inversi\u00f3n.<\/p><h2 data-start=\"1929\" data-end=\"1971\">\u00bfQu\u00e9 propiedades hay en Cala d&#8217;Or?<\/h2><h3 data-start=\"1973\" data-end=\"2001\">Chalets de lujo en Cala d&#8217;Or<\/h3><p data-start=\"2003\" data-end=\"2252\">Las villas son uno de los tipos de propiedad m\u00e1s solicitados de la regi\u00f3n. Amplias parcelas, piscinas privadas, arquitectura moderna o fachadas mediterr\u00e1neas de piedra natural caracterizan la oferta de propiedades. Los lugares con vistas directas o despejadas al mar son especialmente populares.  <\/p><h3 data-start=\"2254\" data-end=\"2280\">Pisos y \u00e1ticos<\/h3><p data-start=\"2282\" data-end=\"2488\">Quienes buscan una propiedad de bajo mantenimiento suelen optar por un piso o un \u00e1tico. Muchas propiedades ofrecen amplias terrazas, piscina comunitaria y distancias cortas al puerto deportivo o a la playa. <\/p><p data-start=\"2490\" data-end=\"2573\">Un piso en Cala d&#8217;Or es ideal como segunda vivienda o propiedad de vacaciones. Hay muy pocos pisos grandes en el mercado inmobiliario de Cala d&#8217;Or. <\/p><h3 data-start=\"2575\" data-end=\"2609\">Fincas en los alrededores de Cala d&#8217;Or<\/h3><p data-start=\"2611\" data-end=\"2814\">En el interior, hacia Santany\u00ed o Portocolom, encontrar\u00e1s amplias fincas con m\u00e1s privacidad, jardines mediterr\u00e1neos y grandes parcelas. Estas propiedades combinan la tranquilidad rural con la proximidad a la costa. <\/p><h3>Las playas m\u00e1s bonitas de Cala d&#8217;Or y alrededores<\/h3><p><img decoding=\"async\" class=\"size-full wp-image-40669 alignright\" src=\"https:\/\/www.lucasfroeserealestate.com\/wp-content\/uploads\/2023\/05\/immobilien-cala-dor-strand-palme.jpg\" alt=\"Inmobiliario Cala dor Strand Palme\" width=\"256\" height=\"150\" title=\"\" srcset=\"https:\/\/www.lucasfroeserealestate.com\/wp-content\/uploads\/2023\/05\/immobilien-cala-dor-strand-palme.jpg 256w, https:\/\/www.lucasfroeserealestate.com\/wp-content\/uploads\/2023\/05\/immobilien-cala-dor-strand-palme-150x88.jpg 150w\" sizes=\"(max-width: 256px) 100vw, 256px\" \/><\/p><p>Las <strong>playas de arena fina de Cala D&#8217;or, de aguas transparentes<\/strong>, se encuentran en parte en el pueblo, que se extiende por tres promontorios. Junto a la playa principal Cala Gran, las calas se alinean a ambos lados en Cala d Or: <em>Cala Llonga, Cala Serena, Cala Ferrera, Cala Esmeralda, Cala d&#8217;es Forti, Cala Galera y Cala Egos.<\/em><\/p><p>La cercana reserva natural del Parc Natural de Mondrag\u00f3 con las playas de Ses Fonts de n&#8217;Al\u00eds y S&#8217;Amarador, que est\u00e1 cerca de Cala d Or, es especialmente popular.<\/p>\t\t\t\t\t\t\t\t<\/div>\n\t\t\t\t<\/div>\n\t\t\t\t\t<\/div>\n\t\t<\/div>\n\t\t\t\t\t<\/div>\n\t\t<\/section>\n\t\t\t\t<section class=\"elementor-section elementor-top-section elementor-element elementor-element-9f4e8dc elementor-section-boxed elementor-section-height-default elementor-section-height-default\" data-id=\"9f4e8dc\" data-element_type=\"section\" data-e-type=\"section\">\n\t\t\t\t\t\t<div class=\"elementor-container elementor-column-gap-default\">\n\t\t\t\t\t<div class=\"elementor-column elementor-col-50 elementor-top-column elementor-element elementor-element-65427c0\" data-id=\"65427c0\" data-element_type=\"column\" data-e-type=\"column\">\n\t\t\t<div class=\"elementor-widget-wrap elementor-element-populated\">\n\t\t\t\t\t\t<div class=\"elementor-element elementor-element-12a2c3a elementor-widget elementor-widget-text-editor\" data-id=\"12a2c3a\" data-element_type=\"widget\" data-e-type=\"widget\" data-widget_type=\"text-editor.default\">\n\t\t\t\t<div class=\"elementor-widget-container\">\n\t\t\t\t\t\t\t\t\t<h4>  Nuestra opini\u00f3n y consejos para Cala d&#8217;Or<\/h4>\n<strong>Recomendamos especialmente Cala d&#8217;Or si<\/strong> buscas un bonito chalet, \u00e1tico o finca cerca de un puerto deportivo como el de Cala d&#8217;Or, y con muchos restaurantes y cafeter\u00edas. <strong>No dudes en pedirnos algunos consejos<\/strong> si quieres explorar el pueblo de Cala d Or antes de decidir si comprar una propiedad aqu\u00ed.\n\n\u00a1Nuestro propio equipo se mueve a menudo por la zona de Cala dor, Portocolom y tambi\u00e9n Cala Murada en su tiempo libre! Una de mis playas favoritas es Cala Esmeralda.\t\t\t\t\t\t\t\t<\/div>\n\t\t\t\t<\/div>\n\t\t\t\t\t<\/div>\n\t\t<\/div>\n\t\t\t\t<div class=\"elementor-column elementor-col-50 elementor-top-column elementor-element elementor-element-ba1a1f8\" data-id=\"ba1a1f8\" data-element_type=\"column\" data-e-type=\"column\">\n\t\t\t<div class=\"elementor-widget-wrap elementor-element-populated\">\n\t\t\t\t\t\t<div class=\"elementor-element elementor-element-9bdc41e elementor-widget elementor-widget-text-editor\" data-id=\"9bdc41e\" data-element_type=\"widget\" data-e-type=\"widget\" data-widget_type=\"text-editor.default\">\n\t\t\t\t<div class=\"elementor-widget-container\">\n\t\t\t\t\t\t\t\t\t<h5>Encontraremos la propiedad adecuada para usted en Cala d&#8217;Or.<\/h5>\nLucas Froese Real Estate encontrar\u00e1 para usted la propiedad de lujo adecuada en Cala d&#8217;Or. No s\u00f3lo le ayudamos poniendo a su disposici\u00f3n nuestra cartera de propiedades en Cala d&#8217;Or, sino tambi\u00e9n con un servicio integral hasta despu\u00e9s de la compra de la propiedad.  La <strong>pintoresca ciudad costera,<\/strong> enclavada entre las monta\u00f1as y el resplandeciente mar, ofrece un tel\u00f3n de fondo dif\u00edcil de superar.  <strong>Disponemos de chalets y fincas en las mejores ubicaciones<\/strong>, en los lugares m\u00e1s bellos de Cala dor&#8230;\t\t\t\t\t\t\t\t<\/div>\n\t\t\t\t<\/div>\n\t\t\t\t\t<\/div>\n\t\t<\/div>\n\t\t\t\t\t<\/div>\n\t\t<\/section>\n\t\t\t\t<section class=\"elementor-section elementor-top-section elementor-element elementor-element-810b735 elementor-section-boxed elementor-section-height-default elementor-section-height-default\" data-id=\"810b735\" data-element_type=\"section\" data-e-type=\"section\">\n\t\t\t\t\t\t<div class=\"elementor-container elementor-column-gap-default\">\n\t\t\t\t\t<div class=\"elementor-column elementor-col-100 elementor-top-column elementor-element elementor-element-7cff72c\" data-id=\"7cff72c\" data-element_type=\"column\" data-e-type=\"column\">\n\t\t\t<div class=\"elementor-widget-wrap elementor-element-populated\">\n\t\t\t\t\t\t<div class=\"elementor-element elementor-element-cdd9616 elementor-widget elementor-widget-text-editor\" data-id=\"cdd9616\" data-element_type=\"widget\" data-e-type=\"widget\" data-widget_type=\"text-editor.default\">\n\t\t\t\t<div class=\"elementor-widget-container\">\n\t\t\t\t\t\t\t\t\t<h2 data-start=\"4230\" data-end=\"4292\">Comprar propiedad en Cala d&#8217;Or con Lucas Froese Inmobiliaria<\/h2><p data-start=\"4294\" data-end=\"4468\">La Inmobiliaria Lucas Froese te apoya en la b\u00fasqueda de la propiedad adecuada en Cala d&#8217;Or, desde la consulta inicial hasta las visitas y la escrituraci\u00f3n.<\/p><p data-start=\"4470\" data-end=\"4492\">Nuestro servicio incluye:<\/p><ul data-start=\"4494\" data-end=\"4670\"><li data-start=\"4494\" data-end=\"4544\"><p data-start=\"4496\" data-end=\"4544\">Acceso a propiedades seleccionadas en Cala d&#8217;Or (incluidas propiedades exclusivas fuera de mercado)<\/p><\/li><li data-start=\"4545\" data-end=\"4579\"><p data-start=\"4547\" data-end=\"4579\">Asesoramiento discreto y personalizado<\/p><\/li><li data-start=\"4580\" data-end=\"4608\"><p data-start=\"4582\" data-end=\"4608\">An\u00e1lisis de mercados y precios<\/p><\/li><li data-start=\"4609\" data-end=\"4670\"><p data-start=\"4611\" data-end=\"4670\">Apoyo a la renovaci\u00f3n, administraci\u00f3n y dise\u00f1o interior<\/p><\/li><\/ul><p data-start=\"4672\" data-end=\"4801\">Gracias a nuestra presencia local y a nuestro conocimiento del mercado regional, podemos ofrecerte un apoyo fiable en el camino hacia la propiedad de tus sue\u00f1os en Mallorca.<\/p>\t\t\t\t\t\t\t\t<\/div>\n\t\t\t\t<\/div>\n\t\t\t\t\t<\/div>\n\t\t<\/div>\n\t\t\t\t\t<\/div>\n\t\t<\/section>\n\t\t\t\t<\/div>\n\t\t","protected":false},"excerpt":{"rendered":"<p>Inmobiliaria Cala d&#8217;Or Cala d&#8217;Or: encanto ibicenco, estilo de vida mediterr\u00e1neo y estabilidad de valor sostenible Cala d&#8217;Or es una popular localidad costera del sureste de Mallorca y pertenece al municipio de Santany\u00ed. La localidad se caracteriza por su inconfundible encanto ibicenco, que se remonta al arquitecto ibicenco Josep Costa Ferrer se remonta a \u00e9l&#8230;.<\/p>\n","protected":false},"author":1,"featured_media":0,"parent":0,"menu_order":0,"comment_status":"closed","ping_status":"closed","template":"templates\/properties.php","meta":{"footnotes":""},"class_list":["post-14620","page","type-page","status-publish","hentry"],"_links":{"self":[{"href":"https:\/\/www.lucasfroeserealestate.com\/es\/wp-json\/wp\/v2\/pages\/14620","targetHints":{"allow":["GET"]}}],"collection":[{"href":"https:\/\/www.lucasfroeserealestate.com\/es\/wp-json\/wp\/v2\/pages"}],"about":[{"href":"https:\/\/www.lucasfroeserealestate.com\/es\/wp-json\/wp\/v2\/types\/page"}],"author":[{"embeddable":true,"href":"https:\/\/www.lucasfroeserealestate.com\/es\/wp-json\/wp\/v2\/users\/1"}],"replies":[{"embeddable":true,"href":"https:\/\/www.lucasfroeserealestate.com\/es\/wp-json\/wp\/v2\/comments?post=14620"}],"version-history":[{"count":2,"href":"https:\/\/www.lucasfroeserealestate.com\/es\/wp-json\/wp\/v2\/pages\/14620\/revisions"}],"predecessor-version":[{"id":81163,"href":"https:\/\/www.lucasfroeserealestate.com\/es\/wp-json\/wp\/v2\/pages\/14620\/revisions\/81163"}],"wp:attachment":[{"href":"https:\/\/www.lucasfroeserealestate.com\/es\/wp-json\/wp\/v2\/media?parent=14620"}],"curies":[{"name":"wp","href":"https:\/\/api.w.org\/{rel}","templated":true}]}}