{"id":14613,"date":"2020-01-22T10:13:57","date_gmt":"2020-01-22T09:13:57","guid":{"rendered":"https:\/\/www.lucasfroeserealestate.com\/immobilien-in-portocristo\/"},"modified":"2025-08-27T15:40:20","modified_gmt":"2025-08-27T13:40:20","slug":"immobilien-in-portocristo","status":"publish","type":"page","link":"https:\/\/www.lucasfroeserealestate.com\/es\/immobilien-in-portocristo\/","title":{"rendered":"Inmobiliaria Porto Cristo"},"content":{"rendered":"\t\t<div data-elementor-type=\"wp-page\" data-elementor-id=\"14613\" class=\"elementor elementor-14613 elementor-13362\" data-elementor-post-type=\"page\">\n\t\t\t\t\t\t<section class=\"elementor-section elementor-top-section elementor-element elementor-element-df90e12 elementor-section-boxed elementor-section-height-default elementor-section-height-default\" data-id=\"df90e12\" data-element_type=\"section\" data-e-type=\"section\">\n\t\t\t\t\t\t<div class=\"elementor-container elementor-column-gap-default\">\n\t\t\t\t\t<div class=\"elementor-column elementor-col-100 elementor-top-column elementor-element elementor-element-fe8abf3\" data-id=\"fe8abf3\" data-element_type=\"column\" data-e-type=\"column\">\n\t\t\t<div class=\"elementor-widget-wrap elementor-element-populated\">\n\t\t\t\t\t\t<div class=\"elementor-element elementor-element-f6826bd elementor-widget elementor-widget-text-editor\" data-id=\"f6826bd\" data-element_type=\"widget\" data-e-type=\"widget\" data-widget_type=\"text-editor.default\">\n\t\t\t\t<div class=\"elementor-widget-container\">\n\t\t\t\t\t\t\t\t\t<h1>Inmobiliaria Porto Cristo<\/h1><h3>\u00bfPor qu\u00e9 Porto Cristo ofrece una calidad de vida tan buena?<\/h3><p>Porto Cristo es un encantador pueblo de pescadores y el puerto original de Manacor, en el este de Mallorca (tambi\u00e9n conocido como Cala de Manacor). El desarrollo del pueblo se extiende alrededor de la estrecha bah\u00eda protegida \u00abCala Manacor\u00bb y termina con el nuevo puerto deportivo \u00abEs Ruiet\u00bb, ahora tambi\u00e9n accesible para yates modernos, que bordea la pen\u00ednsula \u00abPunta Pagell\u00bb. La peque\u00f1a playa de arena de Porto Cristo est\u00e1 situada debajo del centro de la ciudad.<\/p><h2><b><span style=\"color: #d8b86e;\">Conoce el pueblo de Porto Cristo<\/span><\/b><\/h2><p>El casco antiguo de Porto Cristo, con sus viejas casas de piedra, edificios hist\u00f3ricos y calles estrechas, se extiende hasta las zonas de nueva urbanizaci\u00f3n circundantes, con modernas villas (por eso hay una gran demanda de propiedades en Porto Cristo). Con fiestas hist\u00f3ricas, mercados locales t\u00edpicos, bares y restaurantes, el pueblo portuario invita a quedarse.<br>Los acantilados de Porto Cristo est\u00e1n salpicados de innumerables cuevas, las m\u00e1s famosas de las cuales son las cuevas de estalactitas \u00abCoves del Drag\u00bb, \u00abCover des Hams\u00bb y \u00abCoves Blanques\u00bb, que ofrecen experiencias \u00fanicas como destino de excursiones, as\u00ed como muchas oportunidades para submarinistas, espele\u00f3logos, deportes acu\u00e1ticos y excursionistas.<\/p><h3>Las playas de Porto Cristo<\/h3><p>Bah\u00edas cercanas como Cala Anguila, Cala Mandia o Cala Rom\u00e1ntica encantan con sus aguas cristalinas y sus playas de arena fina rodeadas de la naturalidad de la tierra Porto Cristo no s\u00f3lo vive el bullicio mallorqu\u00edn sino tambi\u00e9n el turismo y sus habitantes extranjeros y se ha mantenido alejado del turismo de masas en su originalidad. Lo que hace que el mercado inmobiliario de Porto Cristo est\u00e9 muy solicitado.<\/p><p><iframe style=\"border: 0;\" src=\"https:\/\/www.google.com\/maps\/embed?pb=!1m18!1m12!1m3!1d12306.838550027665!2d3.3271908286895844!3d39.54360382161634!2m3!1f0!2f0!3f0!3m2!1i1024!2i768!4f13.1!3m3!1m2!1s0x1296413bc7f5e825%3A0x7b948646a36e4626!2s07680%20Porto%20Cristo%2C%20Islas%20Baleares!5e0!3m2!1ses!2ses!4v1655750940509!5m2!1ses!2ses\" width=\"600\" height=\"450\" allowfullscreen=\"allowfullscreen\"><\/iframe><\/p><h5>Ubicaci\u00f3n de Porto Cristo en Mallorca<\/h5>\t\t\t\t\t\t\t\t<\/div>\n\t\t\t\t<\/div>\n\t\t\t\t\t<\/div>\n\t\t<\/div>\n\t\t\t\t\t<\/div>\n\t\t<\/section>\n\t\t\t\t<section class=\"elementor-section elementor-top-section elementor-element elementor-element-38c5fcb elementor-section-boxed elementor-section-height-default elementor-section-height-default\" data-id=\"38c5fcb\" data-element_type=\"section\" data-e-type=\"section\">\n\t\t\t\t\t\t<div class=\"elementor-container elementor-column-gap-default\">\n\t\t\t\t\t<div class=\"elementor-column elementor-col-25 elementor-top-column elementor-element elementor-element-58ca2b5\" data-id=\"58ca2b5\" data-element_type=\"column\" data-e-type=\"column\">\n\t\t\t<div class=\"elementor-widget-wrap elementor-element-populated\">\n\t\t\t\t\t\t<div class=\"elementor-element elementor-element-6c242fb elementor-widget elementor-widget-text-editor\" data-id=\"6c242fb\" data-element_type=\"widget\" data-e-type=\"widget\" data-widget_type=\"text-editor.default\">\n\t\t\t\t<div class=\"elementor-widget-container\">\n\t\t\t\t\t\t\t\t\t<h4><b><span style=\"color: #4a778c;\">Comprar propiedad en Portocristo<\/span><br><\/b><\/h4><p>A unos 60 km de Palma, Porto Cristo es siempre de inter\u00e9s para los aficionados a Mallorca que buscan comprar una finca con gran terreno, chalet o casa adosada en esta regi\u00f3n a buen precio. Muchas familias tambi\u00e9n encuentran esta regi\u00f3n muy interesante por su proximidad a la Academia Rafa Nadal de Manacor. Estaremos encantados de acompa\u00f1arte a tu propiedad especial en Porto Cristo.<\/p>\t\t\t\t\t\t\t\t<\/div>\n\t\t\t\t<\/div>\n\t\t\t\t\t<\/div>\n\t\t<\/div>\n\t\t\t\t<div class=\"elementor-column elementor-col-25 elementor-top-column elementor-element elementor-element-c9c8531\" data-id=\"c9c8531\" data-element_type=\"column\" data-e-type=\"column\">\n\t\t\t<div class=\"elementor-widget-wrap elementor-element-populated\">\n\t\t\t\t\t\t<div class=\"elementor-element elementor-element-ef9a3f0 elementor-widget elementor-widget-text-editor\" data-id=\"ef9a3f0\" data-element_type=\"widget\" data-e-type=\"widget\" data-widget_type=\"text-editor.default\">\n\t\t\t\t<div class=\"elementor-widget-container\">\n\t\t\t\t\t\t\t\t\t<p>Muchas playas bonitas y buenos restaurantes, as\u00ed como cerca de la costa noreste como de la costa sureste, que son de los lugares m\u00e1s bonitos de Mallorca entre los amantes de la naturaleza. Tambi\u00e9n est\u00e1 el puerto deportivo, donde tienes la oportunidad perfecta de guardar tu barco o yate (a un precio m\u00e1s bajo que en el suroeste, por supuesto) \u00a1y utilizarlo cuando te apetezca!<\/p>\t\t\t\t\t\t\t\t<\/div>\n\t\t\t\t<\/div>\n\t\t\t\t\t<\/div>\n\t\t<\/div>\n\t\t\t\t<div class=\"elementor-column elementor-col-50 elementor-top-column elementor-element elementor-element-6e8a348\" data-id=\"6e8a348\" data-element_type=\"column\" data-e-type=\"column\">\n\t\t\t<div class=\"elementor-widget-wrap elementor-element-populated\">\n\t\t\t\t\t\t<div class=\"elementor-element elementor-element-ce15349 elementor-widget elementor-widget-text-editor\" data-id=\"ce15349\" data-element_type=\"widget\" data-e-type=\"widget\" data-widget_type=\"text-editor.default\">\n\t\t\t\t<div class=\"elementor-widget-container\">\n\t\t\t\t\t\t\t\t\t<h6>Porto Cristo en Google Maps y ubicaciones principales<\/h6><p>Como puedes ver aqu\u00ed en el mapa, las Cuevas del Drach est\u00e1n en las inmediaciones y tambi\u00e9n varias bah\u00edas y playas. Y ya conoces la regla de la propiedad: ubicaci\u00f3n, ubicaci\u00f3n, ubicaci\u00f3n. Tambi\u00e9n encontrar\u00e1s muchas cafeter\u00edas y restaurantes en el mapa de Google. Sin embargo, las propiedades en Porto Cristo que te ofrecemos no est\u00e1n marcadas en el mapa. No dudes en preguntarnos por ubicaciones y consejos, desde buenos restaurantes a hermosas playas, \u00a1para conocer Porto Cristo!<\/p>\t\t\t\t\t\t\t\t<\/div>\n\t\t\t\t<\/div>\n\t\t\t\t\t<\/div>\n\t\t<\/div>\n\t\t\t\t\t<\/div>\n\t\t<\/section>\n\t\t\t\t<\/div>\n\t\t","protected":false},"excerpt":{"rendered":"<p>Inmobiliaria Porto Cristo \u00bfPor qu\u00e9 Porto Cristo ofrece una calidad de vida tan buena? Porto Cristo es un encantador pueblo de pescadores y el puerto original de Manacor, en el este de Mallorca (tambi\u00e9n conocido como Cala de Manacor). El desarrollo del pueblo se extiende alrededor de la estrecha bah\u00eda protegida \u00abCala Manacor\u00bb y termina&#8230;<\/p>\n","protected":false},"author":1,"featured_media":0,"parent":0,"menu_order":0,"comment_status":"closed","ping_status":"closed","template":"templates\/properties.php","meta":{"footnotes":""},"class_list":["post-14613","page","type-page","status-publish","hentry"],"_links":{"self":[{"href":"https:\/\/www.lucasfroeserealestate.com\/es\/wp-json\/wp\/v2\/pages\/14613","targetHints":{"allow":["GET"]}}],"collection":[{"href":"https:\/\/www.lucasfroeserealestate.com\/es\/wp-json\/wp\/v2\/pages"}],"about":[{"href":"https:\/\/www.lucasfroeserealestate.com\/es\/wp-json\/wp\/v2\/types\/page"}],"author":[{"embeddable":true,"href":"https:\/\/www.lucasfroeserealestate.com\/es\/wp-json\/wp\/v2\/users\/1"}],"replies":[{"embeddable":true,"href":"https:\/\/www.lucasfroeserealestate.com\/es\/wp-json\/wp\/v2\/comments?post=14613"}],"version-history":[{"count":0,"href":"https:\/\/www.lucasfroeserealestate.com\/es\/wp-json\/wp\/v2\/pages\/14613\/revisions"}],"wp:attachment":[{"href":"https:\/\/www.lucasfroeserealestate.com\/es\/wp-json\/wp\/v2\/media?parent=14613"}],"curies":[{"name":"wp","href":"https:\/\/api.w.org\/{rel}","templated":true}]}}