{"id":14607,"date":"2019-10-24T11:00:40","date_gmt":"2019-10-24T09:00:40","guid":{"rendered":"https:\/\/www.lucasfroeserealestate.com\/immobilien-in-cala-murada\/"},"modified":"2026-01-07T00:52:20","modified_gmt":"2026-01-06T23:52:20","slug":"immobilien-in-cala-murada","status":"publish","type":"page","link":"https:\/\/www.lucasfroeserealestate.com\/es\/immobilien-in-cala-murada\/","title":{"rendered":"Inmobiliaria Cala Murada"},"content":{"rendered":"\t\t<div data-elementor-type=\"wp-page\" data-elementor-id=\"14607\" class=\"elementor elementor-14607 elementor-11124\" data-elementor-post-type=\"page\">\n\t\t\t\t\t\t<section class=\"elementor-section elementor-top-section elementor-element elementor-element-da006eb elementor-section-boxed elementor-section-height-default elementor-section-height-default\" data-id=\"da006eb\" data-element_type=\"section\" data-e-type=\"section\">\n\t\t\t\t\t\t<div class=\"elementor-container elementor-column-gap-default\">\n\t\t\t\t\t<div class=\"elementor-column elementor-col-100 elementor-top-column elementor-element elementor-element-f6be4f5\" data-id=\"f6be4f5\" data-element_type=\"column\" data-e-type=\"column\">\n\t\t\t<div class=\"elementor-widget-wrap elementor-element-populated\">\n\t\t\t\t\t\t<div class=\"elementor-element elementor-element-a48b931 elementor-widget elementor-widget-text-editor\" data-id=\"a48b931\" data-element_type=\"widget\" data-e-type=\"widget\" data-widget_type=\"text-editor.default\">\n\t\t\t\t<div class=\"elementor-widget-container\">\n\t\t\t\t\t\t\t\t\t<h1>Inmobiliaria Cala Murada<\/h1><h2>Obra nueva en Cala Murada<\/h2><p>Para los que buscan algo especial, tambi\u00e9n hay exclusivas villas de nueva construcci\u00f3n en Cala Murada. Estas modernas viviendas suelen ofrecer amplios espacios, piscinas privadas y fant\u00e1sticas vistas al mar, perfectas para disfrutar al m\u00e1ximo del estilo de vida mediterr\u00e1neo. Ya sean salones luminosos, arquitectura elegante o mobiliario de alta calidad: las casas de obra nueva en Cala Murada combinan confort con dise\u00f1o moderno y no dejan nada que desear. Con varios dormitorios y cuartos de ba\u00f1o, son adecuadas tanto para familias como para quienes desean mucho espacio para invitados o un despacho en casa.   <\/p><h2>El pueblo de Cala Murada<\/h2><p>Cala Murada es una localidad costera y antiguo puerto pesquero del sureste de Mallorca<strong>,<\/strong> cerca de Felanitx pero perteneciente al municipio de Manacor (junto a Porto Cristo, Portocolom&#8230;). Durante muchos a\u00f1os se ha convertido en una zona residencial con tiendas y fincas vecinas cerca de la costa, y por supuesto alguna que otra villa con piscina. Cala Murada es una de las mejores opciones si quieres ir a la playa cerca de Felanitx, junto a Calas de Mallorca, Cala d&#8217;Or, Porto Cristo, Portocolom, etc.<br>Los residentes internacionales han encontrado aqu\u00ed su hogar a lo largo de los a\u00f1os y han aprendido a amarlo.<\/p><h3>Playa de Cala Murada<\/h3><p>La bah\u00eda del mismo nombre, con una playa de arena bien protegida, es especialmente adecuada para familias y ba\u00f1istas, y forma una cadena de complejos tur\u00edsticos costeros y calas de playa vecinas, como la siguiente, Calas de Mallorca, a s\u00f3lo unos minutos a pie.<br>Te espera comida fresca en el restaurante Cafeter\u00eda Halali y, para gustos m\u00e1s sofisticados, te espera el Sol y Vida de Cala Murada, con vistas a la bah\u00eda.<br>Cerca de Cala Murada hay un r\u00edo que desemboca en el mar y que antes formaba un peque\u00f1o lago natural. <\/p><h4>Cala Murada y sus tranquilos alrededores<\/h4><p>Cala Murada no es el centro del bullicio, es una regi\u00f3n de tranquilidad y sosiego en un clima mediterr\u00e1neo y su belleza ha crecido con el placer. Diferentes edificios de estilo moderno con vivos colores mediterr\u00e1neos crean una agradable tranquilidad.<\/p><p>Echa un vistazo y quiz\u00e1s encuentres aqu\u00ed tu pedacito de tranquilidad en Mallorca, en forma de finca, villa con piscina o piso. Tambi\u00e9n encontrar\u00e1s posibles propiedades de Calas de Mallorca en esta categor\u00eda.<\/p><h2>Variedad de propiedades en Cala Murada<\/h2><p>Tanto si buscas una parcela soleada para construir la casa de tus sue\u00f1os, una encantadora casa adosada, un relajado bungalow o una espaciosa finca, en Cala Murada hay algo para todos. Tambi\u00e9n puedes elegir entre casas adosadas (tanto adosadas como pareadas), casas unifamiliares o adosadas y modernos pisos de planta baja. <\/p><p>La tranquilidad del entorno, junto con la variedad de tipos de propiedad, hacen de Cala Murada un lugar atractivo para las familias, los que buscan paz y tranquilidad y los individualistas.<\/p><h3>Ubicaci\u00f3n de Cala Murada en Mallorca<\/h3><p><strong>C\u00f3mo llegar a Cala Mur<\/strong> ada<strong>:<\/strong> El aeropuerto de Palma de Mallorca est\u00e1 a unos 65 kil\u00f3metros de Cala Murada. Gracias a la bien desarrollada autopista a Llucmajor\/Campos y a las carreteras de la isla, normalmente puedes llegar al pueblo en unos 50 minutos en coche. <\/p>\t\t\t\t\t\t\t\t<\/div>\n\t\t\t\t<\/div>\n\t\t\t\t\t<\/div>\n\t\t<\/div>\n\t\t\t\t\t<\/div>\n\t\t<\/section>\n\t\t\t\t<section class=\"elementor-section elementor-top-section elementor-element elementor-element-509b5cf elementor-section-boxed elementor-section-height-default elementor-section-height-default\" data-id=\"509b5cf\" data-element_type=\"section\" data-e-type=\"section\">\n\t\t\t\t\t\t<div class=\"elementor-container elementor-column-gap-default\">\n\t\t\t\t\t<div class=\"elementor-column elementor-col-100 elementor-top-column elementor-element elementor-element-03f6d9b\" data-id=\"03f6d9b\" data-element_type=\"column\" data-e-type=\"column\">\n\t\t\t<div class=\"elementor-widget-wrap elementor-element-populated\">\n\t\t\t\t\t\t<div class=\"elementor-element elementor-element-02729cd elementor-widget elementor-widget-google_maps\" data-id=\"02729cd\" data-element_type=\"widget\" data-e-type=\"widget\" data-widget_type=\"google_maps.default\">\n\t\t\t\t<div class=\"elementor-widget-container\">\n\t\t\t\t\t\t\t<div class=\"elementor-custom-embed\">\n\t\t\t<iframe loading=\"lazy\"\n\t\t\t\t\tsrc=\"https:\/\/www.google.com\/maps\/embed\/v1\/place?key=AIzaSyBsrM7GkA8Un6c86538U3XtO7-cke4YeuU&#038;q=cala%20murada&#038;zoom=12\"\n\t\t\t\t\ttitle=\"cala murada\"\n\t\t\t\t\taria-label=\"cala murada\"\n\t\t\t><\/iframe>\n\t\t<\/div>\n\t\t\t\t\t\t<\/div>\n\t\t\t\t<\/div>\n\t\t\t\t\t<\/div>\n\t\t<\/div>\n\t\t\t\t\t<\/div>\n\t\t<\/section>\n\t\t\t\t<section class=\"elementor-section elementor-top-section elementor-element elementor-element-014b6d3 elementor-section-boxed elementor-section-height-default elementor-section-height-default\" data-id=\"014b6d3\" data-element_type=\"section\" data-e-type=\"section\">\n\t\t\t\t\t\t<div class=\"elementor-container elementor-column-gap-default\">\n\t\t\t\t\t<div class=\"elementor-column elementor-col-33 elementor-top-column elementor-element elementor-element-8e978e3\" data-id=\"8e978e3\" data-element_type=\"column\" data-e-type=\"column\">\n\t\t\t<div class=\"elementor-widget-wrap elementor-element-populated\">\n\t\t\t\t\t\t<div class=\"elementor-element elementor-element-c0b07d8 elementor-widget elementor-widget-heading\" data-id=\"c0b07d8\" data-element_type=\"widget\" data-e-type=\"widget\" data-widget_type=\"heading.default\">\n\t\t\t\t<div class=\"elementor-widget-container\">\n\t\t\t\t\t<h4 class=\"elementor-heading-title elementor-size-small\">Cala Murada<\/h4>\t\t\t\t<\/div>\n\t\t\t\t<\/div>\n\t\t\t\t\t<\/div>\n\t\t<\/div>\n\t\t\t\t<div class=\"elementor-column elementor-col-33 elementor-top-column elementor-element elementor-element-f0119b7\" data-id=\"f0119b7\" data-element_type=\"column\" data-e-type=\"column\">\n\t\t\t<div class=\"elementor-widget-wrap elementor-element-populated\">\n\t\t\t\t\t\t<div class=\"elementor-element elementor-element-93214f4 elementor-widget elementor-widget-heading\" data-id=\"93214f4\" data-element_type=\"widget\" data-e-type=\"widget\" data-widget_type=\"heading.default\">\n\t\t\t\t<div class=\"elementor-widget-container\">\n\t\t\t\t\t<h2 class=\"elementor-heading-title elementor-size-medium\">Inmobiliaria Cala Murada<\/h2>\t\t\t\t<\/div>\n\t\t\t\t<\/div>\n\t\t\t\t\t<\/div>\n\t\t<\/div>\n\t\t\t\t<div class=\"elementor-column elementor-col-33 elementor-top-column elementor-element elementor-element-b039d3a\" data-id=\"b039d3a\" data-element_type=\"column\" data-e-type=\"column\">\n\t\t\t<div class=\"elementor-widget-wrap elementor-element-populated\">\n\t\t\t\t\t\t<div class=\"elementor-element elementor-element-6c5ea09 elementor-widget elementor-widget-heading\" data-id=\"6c5ea09\" data-element_type=\"widget\" data-e-type=\"widget\" data-widget_type=\"heading.default\">\n\t\t\t\t<div class=\"elementor-widget-container\">\n\t\t\t\t\t<h5 class=\"elementor-heading-title elementor-size-small\">Propiedades en Cala Murada<\/h5>\t\t\t\t<\/div>\n\t\t\t\t<\/div>\n\t\t\t\t\t<\/div>\n\t\t<\/div>\n\t\t\t\t\t<\/div>\n\t\t<\/section>\n\t\t\t\t<\/div>\n\t\t","protected":false},"excerpt":{"rendered":"<p>Inmobiliaria Cala Murada Obra nueva en Cala Murada Para los que buscan algo especial, tambi\u00e9n hay exclusivas villas de nueva construcci\u00f3n en Cala Murada. Estas modernas viviendas suelen ofrecer amplios espacios, piscinas privadas y fant\u00e1sticas vistas al mar, perfectas para disfrutar al m\u00e1ximo del estilo de vida mediterr\u00e1neo. Ya sean salones luminosos, arquitectura elegante o&#8230;<\/p>\n","protected":false},"author":1,"featured_media":0,"parent":0,"menu_order":0,"comment_status":"closed","ping_status":"closed","template":"templates\/properties.php","meta":{"footnotes":""},"class_list":["post-14607","page","type-page","status-publish","hentry"],"_links":{"self":[{"href":"https:\/\/www.lucasfroeserealestate.com\/es\/wp-json\/wp\/v2\/pages\/14607","targetHints":{"allow":["GET"]}}],"collection":[{"href":"https:\/\/www.lucasfroeserealestate.com\/es\/wp-json\/wp\/v2\/pages"}],"about":[{"href":"https:\/\/www.lucasfroeserealestate.com\/es\/wp-json\/wp\/v2\/types\/page"}],"author":[{"embeddable":true,"href":"https:\/\/www.lucasfroeserealestate.com\/es\/wp-json\/wp\/v2\/users\/1"}],"replies":[{"embeddable":true,"href":"https:\/\/www.lucasfroeserealestate.com\/es\/wp-json\/wp\/v2\/comments?post=14607"}],"version-history":[{"count":4,"href":"https:\/\/www.lucasfroeserealestate.com\/es\/wp-json\/wp\/v2\/pages\/14607\/revisions"}],"predecessor-version":[{"id":79455,"href":"https:\/\/www.lucasfroeserealestate.com\/es\/wp-json\/wp\/v2\/pages\/14607\/revisions\/79455"}],"wp:attachment":[{"href":"https:\/\/www.lucasfroeserealestate.com\/es\/wp-json\/wp\/v2\/media?parent=14607"}],"curies":[{"name":"wp","href":"https:\/\/api.w.org\/{rel}","templated":true}]}}