{"id":14597,"date":"2019-10-03T18:13:25","date_gmt":"2019-10-03T16:13:25","guid":{"rendered":"https:\/\/www.lucasfroeserealestate.com\/immobilien-in-portocolom\/"},"modified":"2025-08-27T15:39:11","modified_gmt":"2025-08-27T13:39:11","slug":"immobilien-in-portocolom","status":"publish","type":"page","link":"https:\/\/www.lucasfroeserealestate.com\/es\/immobilien-in-portocolom\/","title":{"rendered":"Inmobiliaria Portocolom"},"content":{"rendered":"\t\t<div data-elementor-type=\"wp-page\" data-elementor-id=\"14597\" class=\"elementor elementor-14597 elementor-10573\" data-elementor-post-type=\"page\">\n\t\t\t\t\t\t<section class=\"elementor-section elementor-top-section elementor-element elementor-element-d0a9361 elementor-section-boxed elementor-section-height-default elementor-section-height-default\" data-id=\"d0a9361\" data-element_type=\"section\" data-e-type=\"section\">\n\t\t\t\t\t\t<div class=\"elementor-container elementor-column-gap-default\">\n\t\t\t\t\t<div class=\"elementor-column elementor-col-100 elementor-top-column elementor-element elementor-element-0caabe6\" data-id=\"0caabe6\" data-element_type=\"column\" data-e-type=\"column\">\n\t\t\t<div class=\"elementor-widget-wrap elementor-element-populated\">\n\t\t\t\t\t\t<div class=\"elementor-element elementor-element-5624bc8 elementor-widget elementor-widget-heading\" data-id=\"5624bc8\" data-element_type=\"widget\" data-e-type=\"widget\" data-widget_type=\"heading.default\">\n\t\t\t\t<div class=\"elementor-widget-container\">\n\t\t\t\t\t<h1 class=\"elementor-heading-title elementor-size-default\">Inmobiliaria Portocolom<\/h1>\t\t\t\t<\/div>\n\t\t\t\t<\/div>\n\t\t\t\t<div class=\"elementor-element elementor-element-ae60b75 elementor-widget elementor-widget-text-editor\" data-id=\"ae60b75\" data-element_type=\"widget\" data-e-type=\"widget\" data-widget_type=\"text-editor.default\">\n\t\t\t\t<div class=\"elementor-widget-container\">\n\t\t\t\t\t\t\t\t\t<p>Los mallorquines llaman cari\u00f1osamente a su pueblo pesquero \u00abla joya del este\u00bb. Pero si t\u00fa mismo pasas unos d\u00edas en esta regi\u00f3n, no necesitar\u00e1s que nadie te convenza, porque te enamorar\u00e1s por ti mismo. <strong>Si buscas un agente inmobiliario en Portocolom que pueda asesorarte sobre el pueblo pesquero o sobre propiedades en Portocolom, \u00a1estaremos encantados de ayudarte!<\/strong><\/p>\t\t\t\t\t\t\t\t<\/div>\n\t\t\t\t<\/div>\n\t\t\t\t<section class=\"elementor-section elementor-inner-section elementor-element elementor-element-fabbf51 elementor-section-boxed elementor-section-height-default elementor-section-height-default\" data-id=\"fabbf51\" data-element_type=\"section\" data-e-type=\"section\">\n\t\t\t\t\t\t<div class=\"elementor-container elementor-column-gap-default\">\n\t\t\t\t\t<div class=\"elementor-column elementor-col-50 elementor-inner-column elementor-element elementor-element-ed46d5d\" data-id=\"ed46d5d\" data-element_type=\"column\" data-e-type=\"column\">\n\t\t\t<div class=\"elementor-widget-wrap elementor-element-populated\">\n\t\t\t\t\t\t<div class=\"elementor-element elementor-element-a5927a3 elementor-widget elementor-widget-heading\" data-id=\"a5927a3\" data-element_type=\"widget\" data-e-type=\"widget\" data-widget_type=\"heading.default\">\n\t\t\t\t<div class=\"elementor-widget-container\">\n\t\t\t\t\t<h2 class=\"elementor-heading-title elementor-size-default\">El pueblo de Portocolom<\/h2>\t\t\t\t<\/div>\n\t\t\t\t<\/div>\n\t\t\t\t<div class=\"elementor-element elementor-element-c3f3ccb elementor-widget elementor-widget-text-editor\" data-id=\"c3f3ccb\" data-element_type=\"widget\" data-e-type=\"widget\" data-widget_type=\"text-editor.default\">\n\t\t\t\t<div class=\"elementor-widget-container\">\n\t\t\t\t\t\t\t\t\t<p class=\"p1\"><span class=\"s1\"><strong><a href=\"https:\/\/maps.app.goo.gl\/US6VCKjnyfZrWFm37\" target=\"_blank\" rel=\"nofollow noopener\">Portocolom<\/a><span class=\"Apple-converted-space\">  <\/span>es un pintoresco pueblo pesquero de aire mediterr\u00e1neo<\/strong> que pertenece al municipio de Felanitx. El puerto natural m\u00e1s grande de Mallorca, con su n\u00facleo hist\u00f3rico, invita a relajarse y entretenerse. En <strong>el precioso puerto deportivo con vistas a la bah\u00eda, los restaurantes y bares<\/strong> ofrecen desde cocina mediterr\u00e1nea hasta arte culinario de alto nivel, con unas vistas y un ambiente maravillosos.<\/span><\/p><p>Portocolom es tambi\u00e9n uno de los puertos naturales m\u00e1s grandes de toda Espa\u00f1a <strong>, donde incluso famosos como Rafael<\/strong> Nadal acuden de vez en cuando en su catamar\u00e1n a comer algo.<\/p><p><span class=\"s1\">En Portocolom, <strong>lejos del turismo de masas<\/strong>, podr\u00e1 disfrutar de las m\u00e1s bellas puestas de sol, fiestas tradicionales, paseos por el casco antiguo y diversi\u00f3n en la piscina con todos los sentidos.<\/span><\/p>\t\t\t\t\t\t\t\t<\/div>\n\t\t\t\t<\/div>\n\t\t\t\t\t<\/div>\n\t\t<\/div>\n\t\t\t\t<div class=\"elementor-column elementor-col-50 elementor-inner-column elementor-element elementor-element-9845fa6\" data-id=\"9845fa6\" data-element_type=\"column\" data-e-type=\"column\">\n\t\t\t<div class=\"elementor-widget-wrap elementor-element-populated\">\n\t\t\t\t\t\t<div class=\"elementor-element elementor-element-99b28b0 elementor-widget elementor-widget-heading\" data-id=\"99b28b0\" data-element_type=\"widget\" data-e-type=\"widget\" data-widget_type=\"heading.default\">\n\t\t\t\t<div class=\"elementor-widget-container\">\n\t\t\t\t\t<h3 class=\"elementor-heading-title elementor-size-default\">Actividades de ocio en Portocolom<\/h3>\t\t\t\t<\/div>\n\t\t\t\t<\/div>\n\t\t\t\t<div class=\"elementor-element elementor-element-e14017d elementor-widget elementor-widget-text-editor\" data-id=\"e14017d\" data-element_type=\"widget\" data-e-type=\"widget\" data-widget_type=\"text-editor.default\">\n\t\t\t\t<div class=\"elementor-widget-container\">\n\t\t\t\t\t\t\t\t\t<p class=\"p1\"><span class=\"s1\">La <strong>costa que rodea Portocolom<\/strong>, con sus zonas rocosas, peque\u00f1as cuevas costeras y <strong>aguas cristalinas<\/strong>, es muy popular para practicar snorkel y ofrece una gran variedad de deportes acu\u00e1ticos y excursiones en barco. Se dice que es un para\u00edso para los submarinistas con muchas ofertas. Las excursiones alrededor de la bah\u00eda en su estado virgen hacen las delicias de los amantes de la naturaleza y los exploradores. <strong>Merece la pena ver el faro<\/strong> de la punta, llamado \u00abFar de Sa Punta de Ses Crestes\u00bb, con impresionantes vistas de la bah\u00eda y el mar.<\/span><\/p><p class=\"p1\"><span class=\"s1\">Un d\u00eda de mercado, algunas tiendas y comercios proporcionan las bagatelas de la vida. No muy lejos hay supermercados y muchas tiendas en Felanitx. En la parte moderna alejada del Portocolom original<b> <\/b><b> Cala Marsal<\/b> es una gran playa en forma de embudo con una zona tur\u00edstica y bares, restaurantes, m\u00fasica en directo y baile.  <\/span><\/p><p class=\"p1\"><span class=\"s1\">No lejos de Porto Colom se encuentra el <b>club de golf Vall D&#8217;or<\/b><span class=\"Apple-converted-space\">  <\/span>con maravillosas vistas sobre la costa hasta el mar y el muy recomendable restaurante <b>Maxime<\/b>.<\/span><\/p>\t\t\t\t\t\t\t\t<\/div>\n\t\t\t\t<\/div>\n\t\t\t\t\t<\/div>\n\t\t<\/div>\n\t\t\t\t\t<\/div>\n\t\t<\/section>\n\t\t\t\t\t<\/div>\n\t\t<\/div>\n\t\t\t\t\t<\/div>\n\t\t<\/section>\n\t\t\t\t<section class=\"elementor-section elementor-top-section elementor-element elementor-element-eeca0ef elementor-section-boxed elementor-section-height-default elementor-section-height-default\" data-id=\"eeca0ef\" data-element_type=\"section\" data-e-type=\"section\">\n\t\t\t\t\t\t<div class=\"elementor-container elementor-column-gap-default\">\n\t\t\t\t\t<div class=\"elementor-column elementor-col-100 elementor-top-column elementor-element elementor-element-177bc67\" data-id=\"177bc67\" data-element_type=\"column\" data-e-type=\"column\">\n\t\t\t<div class=\"elementor-widget-wrap elementor-element-populated\">\n\t\t\t\t\t\t<div class=\"elementor-element elementor-element-7dcf8c1 elementor-widget elementor-widget-image\" data-id=\"7dcf8c1\" data-element_type=\"widget\" data-e-type=\"widget\" data-widget_type=\"image.default\">\n\t\t\t\t<div class=\"elementor-widget-container\">\n\t\t\t\t\t\t\t\t\t\t\t\t\t\t\t<img fetchpriority=\"high\" decoding=\"async\" loading=\"eager\" width=\"2000\" height=\"700\" src=\"https:\/\/www.lucasfroeserealestate.com\/wp-content\/uploads\/2020\/03\/immobilien-portocolom-mallorca.jpg\" class=\"attachment-full size-full wp-image-14913\" alt=\"Immobilien Portocolom Mallorca\" srcset=\"https:\/\/www.lucasfroeserealestate.com\/wp-content\/uploads\/2020\/03\/immobilien-portocolom-mallorca.jpg 2000w, https:\/\/www.lucasfroeserealestate.com\/wp-content\/uploads\/2020\/03\/immobilien-portocolom-mallorca-300x105.jpg 300w, https:\/\/www.lucasfroeserealestate.com\/wp-content\/uploads\/2020\/03\/immobilien-portocolom-mallorca-1024x358.jpg 1024w, https:\/\/www.lucasfroeserealestate.com\/wp-content\/uploads\/2020\/03\/immobilien-portocolom-mallorca-768x269.jpg 768w, https:\/\/www.lucasfroeserealestate.com\/wp-content\/uploads\/2020\/03\/immobilien-portocolom-mallorca-1536x538.jpg 1536w, https:\/\/www.lucasfroeserealestate.com\/wp-content\/uploads\/2020\/03\/immobilien-portocolom-mallorca-150x53.jpg 150w\" sizes=\"(max-width: 2000px) 100vw, 2000px\" title=\"\">\t\t\t\t\t\t\t\t\t\t\t\t\t\t\t<\/div>\n\t\t\t\t<\/div>\n\t\t\t\t\t<\/div>\n\t\t<\/div>\n\t\t\t\t\t<\/div>\n\t\t<\/section>\n\t\t\t\t<section class=\"elementor-section elementor-top-section elementor-element elementor-element-091ac01 elementor-section-boxed elementor-section-height-default elementor-section-height-default\" data-id=\"091ac01\" data-element_type=\"section\" data-e-type=\"section\">\n\t\t\t\t\t\t<div class=\"elementor-container elementor-column-gap-default\">\n\t\t\t\t\t<div class=\"elementor-column elementor-col-33 elementor-top-column elementor-element elementor-element-c38584c\" data-id=\"c38584c\" data-element_type=\"column\" data-e-type=\"column\">\n\t\t\t<div class=\"elementor-widget-wrap elementor-element-populated\">\n\t\t\t\t\t\t<div class=\"elementor-element elementor-element-a97815d elementor-widget elementor-widget-heading\" data-id=\"a97815d\" data-element_type=\"widget\" data-e-type=\"widget\" data-widget_type=\"heading.default\">\n\t\t\t\t<div class=\"elementor-widget-container\">\n\t\t\t\t\t<h4 class=\"elementor-heading-title elementor-size-default\">Restaurantes y gastronom\u00eda en Portocolom<\/h4>\t\t\t\t<\/div>\n\t\t\t\t<\/div>\n\t\t\t\t<div class=\"elementor-element elementor-element-6f8f7a9 elementor-widget elementor-widget-text-editor\" data-id=\"6f8f7a9\" data-element_type=\"widget\" data-e-type=\"widget\" data-widget_type=\"text-editor.default\">\n\t\t\t\t<div class=\"elementor-widget-container\">\n\t\t\t\t\t\t\t\t\t<p><span class=\"s1\"><b>Sa Llotja <\/b>es especialmente conocido por su excelente comida y las mejores vistas, al igual que <b>Col\u00f3n<\/b>. Pero la fuerza de la gastronom\u00eda de Portocolom reside en su versatilidad.<\/span><\/p><p><span class=\"s1\">Puede encontrar <strong>restaurantes rom\u00e1nticos<\/strong> para cenar tranquilamente con su pareja y tomar una copa de vino tinto despu\u00e9s. Pero tambi\u00e9n se pueden encontrar <strong>estupendos restaurantes familiares<\/strong> donde hay para todos los gustos y toda la familia est\u00e1 contenta.<\/span><\/p><ul><li><strong>Maxime Vall d&#8217;<\/strong> Or (en el campo de golf)<\/li><li><strong>Sa Llotja<\/strong> (la vista m\u00e1s bonita del puerto)<\/li><li>Colon (el cl\u00e1sico<\/li><li>Restaurante HPC (tambi\u00e9n hay sushi en la azotea)<\/li><li>Babbo (desayuno especialmente delicioso)<\/li><li>Bocoi (abierto en 2023 y gran ambiente mezclado con deliciosa comida)<\/li><li>La ni\u00f1a (Top Paella)<\/li><li>Restaurante Can Bernat (otro cl\u00e1sico y sobre todo para comer paella)<\/li><li>Cafe Chillout La playa (directamente en Cala Marsal)<\/li><li>Restaurante Organic (delicioso desayuno saludable)<\/li><li>Chiringuito Arenal (desayuno de primera y veladas rom\u00e1nticas)<\/li><li>Tukos (el mexicano)<\/li><li>Y muchos m\u00e1s&#8230;<\/li><\/ul>\t\t\t\t\t\t\t\t<\/div>\n\t\t\t\t<\/div>\n\t\t\t\t<div class=\"elementor-element elementor-element-6ad8db6 elementor-widget elementor-widget-image\" data-id=\"6ad8db6\" data-element_type=\"widget\" data-e-type=\"widget\" data-widget_type=\"image.default\">\n\t\t\t\t<div class=\"elementor-widget-container\">\n\t\t\t\t\t\t\t\t\t\t\t\t\t\t\t<img decoding=\"async\" loading=\"eager\" width=\"738\" height=\"344\" src=\"https:\/\/www.lucasfroeserealestate.com\/wp-content\/uploads\/2021\/01\/luxusimmobilien-mallorca-portocolom-2-1-1024x478.jpg\" class=\"attachment-large size-large wp-image-22895\" alt=\"Immobilien Portocolom s&#039;Arenal Strand\" srcset=\"https:\/\/www.lucasfroeserealestate.com\/wp-content\/uploads\/2021\/01\/luxusimmobilien-mallorca-portocolom-2-1-1024x478.jpg 1024w, https:\/\/www.lucasfroeserealestate.com\/wp-content\/uploads\/2021\/01\/luxusimmobilien-mallorca-portocolom-2-1-300x140.jpg 300w, https:\/\/www.lucasfroeserealestate.com\/wp-content\/uploads\/2021\/01\/luxusimmobilien-mallorca-portocolom-2-1-768x358.jpg 768w, https:\/\/www.lucasfroeserealestate.com\/wp-content\/uploads\/2021\/01\/luxusimmobilien-mallorca-portocolom-2-1-150x70.jpg 150w, https:\/\/www.lucasfroeserealestate.com\/wp-content\/uploads\/2021\/01\/luxusimmobilien-mallorca-portocolom-2-1.jpg 1475w\" sizes=\"(max-width: 738px) 100vw, 738px\" title=\"\">\t\t\t\t\t\t\t\t\t\t\t\t\t\t\t<\/div>\n\t\t\t\t<\/div>\n\t\t\t\t\t<\/div>\n\t\t<\/div>\n\t\t\t\t<div class=\"elementor-column elementor-col-33 elementor-top-column elementor-element elementor-element-c95c606\" data-id=\"c95c606\" data-element_type=\"column\" data-e-type=\"column\">\n\t\t\t<div class=\"elementor-widget-wrap elementor-element-populated\">\n\t\t\t\t\t\t<div class=\"elementor-element elementor-element-0111828 elementor-widget elementor-widget-heading\" data-id=\"0111828\" data-element_type=\"widget\" data-e-type=\"widget\" data-widget_type=\"heading.default\">\n\t\t\t\t<div class=\"elementor-widget-container\">\n\t\t\t\t\t<h4 class=\"elementor-heading-title elementor-size-default\">Portocolom y su historia<\/h4>\t\t\t\t<\/div>\n\t\t\t\t<\/div>\n\t\t\t\t<div class=\"elementor-element elementor-element-bc78862 elementor-widget elementor-widget-text-editor\" data-id=\"bc78862\" data-element_type=\"widget\" data-e-type=\"widget\" data-widget_type=\"text-editor.default\">\n\t\t\t\t<div class=\"elementor-widget-container\">\n\t\t\t\t\t\t\t\t\t<p><span class=\"s1\">Se dice que el nombre tiene su origen en el navegante y aventurero Crist\u00f3bal Col\u00f3n. Mann dijo que, de camino a Am\u00e9rica, se detuvo en Portocolom para prepararse para el largo viaje.<\/span><\/p><p><span class=\"s1\">Algunos mallorquines creen incluso que <strong>Crist\u00f3bal Col\u00f3n naci\u00f3 aqu\u00ed y que<\/strong> de ah\u00ed viene el nombre del lugar, aunque esto no est\u00e1 demostrado hist\u00f3ricamente.<\/span><\/p><p>Sin embargo, la <strong>teor\u00eda m\u00e1s veros\u00edmil<\/strong> es que los romanos le dieron el nombre de \u00abPortu Columbi\u00bb, que significa puerto de gaviotas, por la gran cantidad de gaviotas que hab\u00eda aqu\u00ed.<\/p>\t\t\t\t\t\t\t\t<\/div>\n\t\t\t\t<\/div>\n\t\t\t\t<div class=\"elementor-element elementor-element-5e21d92 elementor-widget elementor-widget-image\" data-id=\"5e21d92\" data-element_type=\"widget\" data-e-type=\"widget\" data-widget_type=\"image.default\">\n\t\t\t\t<div class=\"elementor-widget-container\">\n\t\t\t\t\t\t\t\t\t\t\t\t\t\t\t<img decoding=\"async\" loading=\"eager\" width=\"456\" height=\"304\" src=\"https:\/\/www.lucasfroeserealestate.com\/wp-content\/uploads\/2023\/09\/immobilien-portocolom-mallorca-lf.jpg\" class=\"attachment-large size-large wp-image-43677\" alt=\"Immobilien Portocolom kaufen auf Mallorca\" srcset=\"https:\/\/www.lucasfroeserealestate.com\/wp-content\/uploads\/2023\/09\/immobilien-portocolom-mallorca-lf.jpg 456w, https:\/\/www.lucasfroeserealestate.com\/wp-content\/uploads\/2023\/09\/immobilien-portocolom-mallorca-lf-300x200.jpg 300w, https:\/\/www.lucasfroeserealestate.com\/wp-content\/uploads\/2023\/09\/immobilien-portocolom-mallorca-lf-150x100.jpg 150w\" sizes=\"(max-width: 456px) 100vw, 456px\" title=\"\">\t\t\t\t\t\t\t\t\t\t\t\t\t\t\t<\/div>\n\t\t\t\t<\/div>\n\t\t\t\t<div class=\"elementor-element elementor-element-28f7a51 elementor-widget elementor-widget-heading\" data-id=\"28f7a51\" data-element_type=\"widget\" data-e-type=\"widget\" data-widget_type=\"heading.default\">\n\t\t\t\t<div class=\"elementor-widget-container\">\n\t\t\t\t\t<h4 class=\"elementor-heading-title elementor-size-default\">Las playas de Portocolom<\/h4>\t\t\t\t<\/div>\n\t\t\t\t<\/div>\n\t\t\t\t<div class=\"elementor-element elementor-element-8d71eab elementor-widget elementor-widget-text-editor\" data-id=\"8d71eab\" data-element_type=\"widget\" data-e-type=\"widget\" data-widget_type=\"text-editor.default\">\n\t\t\t\t<div class=\"elementor-widget-container\">\n\t\t\t\t\t\t\t\t\t<p>Portocolom ofrece algunas de las <strong>playas y calas naturales m\u00e1s bellas del sureste de<\/strong> Mallorca y, de hecho, de toda la isla.<\/p><ul><li>Playa del Arenal<\/li><li>La Petit Playa del Arenal<\/li><li>Bah\u00eda de S&#8217;Algar<\/li><li>Playa de Cala Marsal<\/li><li>Bah\u00eda de Cala Brafi<\/li><li>Y m\u00e1s lugares secretos&#8230;<\/li><\/ul>\t\t\t\t\t\t\t\t<\/div>\n\t\t\t\t<\/div>\n\t\t\t\t\t<\/div>\n\t\t<\/div>\n\t\t\t\t<div class=\"elementor-column elementor-col-33 elementor-top-column elementor-element elementor-element-0cd24aa\" data-id=\"0cd24aa\" data-element_type=\"column\" data-e-type=\"column\">\n\t\t\t<div class=\"elementor-widget-wrap elementor-element-populated\">\n\t\t\t\t\t\t<div class=\"elementor-element elementor-element-1da65b1 elementor-widget elementor-widget-heading\" data-id=\"1da65b1\" data-element_type=\"widget\" data-e-type=\"widget\" data-widget_type=\"heading.default\">\n\t\t\t\t<div class=\"elementor-widget-container\">\n\t\t\t\t\t<h2 class=\"elementor-heading-title elementor-size-default\">Agente inmobiliario en Portocolom<\/h2>\t\t\t\t<\/div>\n\t\t\t\t<\/div>\n\t\t\t\t<div class=\"elementor-element elementor-element-83dc058 elementor-widget elementor-widget-text-editor\" data-id=\"83dc058\" data-element_type=\"widget\" data-e-type=\"widget\" data-widget_type=\"text-editor.default\">\n\t\t\t\t<div class=\"elementor-widget-container\">\n\t\t\t\t\t\t\t\t\t<p><strong>Hay muchas agencias inmobiliarias en Portocolom<\/strong> y lo mejor es elegir una que sea profesional, multiling\u00fce y sobre todo en la que se sienta a gusto.<\/p>\t\t\t\t\t\t\t\t<\/div>\n\t\t\t\t<\/div>\n\t\t\t\t<div class=\"elementor-element elementor-element-0fb108f elementor-widget elementor-widget-heading\" data-id=\"0fb108f\" data-element_type=\"widget\" data-e-type=\"widget\" data-widget_type=\"heading.default\">\n\t\t\t\t<div class=\"elementor-widget-container\">\n\t\t\t\t\t<h2 class=\"elementor-heading-title elementor-size-default\">Comprar una propiedad en Portocolom<\/h2>\t\t\t\t<\/div>\n\t\t\t\t<\/div>\n\t\t\t\t<div class=\"elementor-element elementor-element-ee3680e elementor-widget elementor-widget-text-editor\" data-id=\"ee3680e\" data-element_type=\"widget\" data-e-type=\"widget\" data-widget_type=\"text-editor.default\">\n\t\t\t\t<div class=\"elementor-widget-container\">\n\t\t\t\t\t\t\t\t\t<p><span class=\"s1\"><strong>Convi\u00e9rtase usted tambi\u00e9n en un explorador<\/strong> y explore este hermoso y fascinante pueblo pesquero y su regi\u00f3n, y tal vez encuentre aqu\u00ed la propiedad de sus sue\u00f1os.<\/span><\/p><p><span class=\"s1\">\u00a1Lucas Froese Real Estate estar\u00e1 encantado de ser<strong> su agente inmobiliario en Portocolom para encontrar la casa de sus sue\u00f1os!<\/strong><\/span><\/p>\t\t\t\t\t\t\t\t<\/div>\n\t\t\t\t<\/div>\n\t\t\t\t<div class=\"elementor-element elementor-element-f219d46 elementor-widget elementor-widget-html\" data-id=\"f219d46\" data-element_type=\"widget\" data-e-type=\"widget\" data-widget_type=\"html.default\">\n\t\t\t\t<div class=\"elementor-widget-container\">\n\t\t\t\t\t<iframe src=\"https:\/\/www.google.com\/maps\/embed?pb=!1m18!1m12!1m3!1d12329.224787969137!2d3.2459154067223164!3d39.41719992295174!2m3!1f0!2f0!3f0!3m2!1i1024!2i768!4f13.1!3m3!1m2!1s0x129650051da317ef%3A0xc34f102f1ba56704!2s07670%20Portocolom%2C%20Islas%20Baleares!5e0!3m2!1ses!2ses!4v1696411832178!5m2!1ses!2ses\" width=\"400\" height=\"250\" style=\"border:0;\" allowfullscreen=\"\" loading=\"lazy\" referrerpolicy=\"no-referrer-when-downgrade\"><\/iframe>\t\t\t\t<\/div>\n\t\t\t\t<\/div>\n\t\t\t\t\t<\/div>\n\t\t<\/div>\n\t\t\t\t\t<\/div>\n\t\t<\/section>\n\t\t\t\t<\/div>\n\t\t","protected":false},"excerpt":{"rendered":"<p>Inmobiliaria Portocolom Los mallorquines llaman cari\u00f1osamente a su pueblo pesquero \u00abla joya del este\u00bb. Pero si t\u00fa mismo pasas unos d\u00edas en esta regi\u00f3n, no necesitar\u00e1s que nadie te convenza, porque te enamorar\u00e1s por ti mismo. Si buscas un agente inmobiliario en Portocolom que pueda asesorarte sobre el pueblo pesquero o sobre propiedades en Portocolom,&#8230;<\/p>\n","protected":false},"author":1,"featured_media":0,"parent":0,"menu_order":0,"comment_status":"closed","ping_status":"closed","template":"templates\/properties.php","meta":{"footnotes":""},"class_list":["post-14597","page","type-page","status-publish","hentry"],"_links":{"self":[{"href":"https:\/\/www.lucasfroeserealestate.com\/es\/wp-json\/wp\/v2\/pages\/14597","targetHints":{"allow":["GET"]}}],"collection":[{"href":"https:\/\/www.lucasfroeserealestate.com\/es\/wp-json\/wp\/v2\/pages"}],"about":[{"href":"https:\/\/www.lucasfroeserealestate.com\/es\/wp-json\/wp\/v2\/types\/page"}],"author":[{"embeddable":true,"href":"https:\/\/www.lucasfroeserealestate.com\/es\/wp-json\/wp\/v2\/users\/1"}],"replies":[{"embeddable":true,"href":"https:\/\/www.lucasfroeserealestate.com\/es\/wp-json\/wp\/v2\/comments?post=14597"}],"version-history":[{"count":0,"href":"https:\/\/www.lucasfroeserealestate.com\/es\/wp-json\/wp\/v2\/pages\/14597\/revisions"}],"wp:attachment":[{"href":"https:\/\/www.lucasfroeserealestate.com\/es\/wp-json\/wp\/v2\/media?parent=14597"}],"curies":[{"name":"wp","href":"https:\/\/api.w.org\/{rel}","templated":true}]}}