{"id":49877,"date":"2024-03-08T12:33:53","date_gmt":"2024-03-08T11:33:53","guid":{"rendered":"https:\/\/www.lucasfroeserealestate.com\/buying-real-estate-in-sa-rapita\/"},"modified":"2025-03-05T07:47:48","modified_gmt":"2025-03-05T06:47:48","slug":"buying-real-estate-in-sa-rapita","status":"publish","type":"page","link":"https:\/\/www.lucasfroeserealestate.com\/en\/buying-real-estate-in-sa-rapita\/","title":{"rendered":"Buying real estate in Sa Rapita"},"content":{"rendered":"\t\t<div data-elementor-type=\"wp-page\" data-elementor-id=\"49877\" class=\"elementor elementor-49877 elementor-49866\" data-elementor-post-type=\"page\">\n\t\t\t\t\t\t<section class=\"elementor-section elementor-top-section elementor-element elementor-element-baba70d elementor-section-boxed elementor-section-height-default elementor-section-height-default\" data-id=\"baba70d\" data-element_type=\"section\" data-e-type=\"section\" data-settings=\"{&quot;background_background&quot;:&quot;classic&quot;}\">\n\t\t\t\t\t\t<div class=\"elementor-container elementor-column-gap-default\">\n\t\t\t\t\t<div class=\"elementor-column elementor-col-100 elementor-top-column elementor-element elementor-element-6da194a\" data-id=\"6da194a\" data-element_type=\"column\" data-e-type=\"column\">\n\t\t\t<div class=\"elementor-widget-wrap elementor-element-populated\">\n\t\t\t\t\t\t<div class=\"elementor-element elementor-element-e9555c5 elementor-widget elementor-widget-heading\" data-id=\"e9555c5\" data-element_type=\"widget\" data-e-type=\"widget\" data-widget_type=\"heading.default\">\n\t\t\t\t<div class=\"elementor-widget-container\">\n\t\t\t\t\t<h1 class=\"elementor-heading-title elementor-size-default\">Real estate in Sa Rapita<\/h1>\t\t\t\t<\/div>\n\t\t\t\t<\/div>\n\t\t\t\t<div class=\"elementor-element elementor-element-c9fca15 elementor-widget elementor-widget-text-editor\" data-id=\"c9fca15\" data-element_type=\"widget\" data-e-type=\"widget\" data-widget_type=\"text-editor.default\">\n\t\t\t\t<div class=\"elementor-widget-container\">\n\t\t\t\t\t\t\t\t\t<h2>Dream properties in Sa R\u00e0pita: a paradise for connoisseurs<\/h2>\n<h3>Introduction to Sa R\u00e0pita: a trendy region on Mallorca<\/h3>\n<p>Sa R\u00e0pita, located on the idyllic south coast of Mallorca in the municipality of Campos, is a place of peace and beauty that attracts sailors, vacationers and families, especially in the summer months. With its direct access to the modern marina and the adjacent dream beach Es Trenc, known for its fine white sand that stretches for more than three kilometers, Sa R\u00e0pita offers an exclusive retreat far away from mass tourism.<\/p>\n<h3>Real estate diversity in Sa R\u00e0pita: Mediterranean dreams come true<\/h3>\n<p>The properties on offer in Sa R\u00e0pita are diverse and range from charming Mediterranean terraced houses with private terraces and communal pools to luxurious new-build villas in a breathtaking location, just a few minutes&#8217; walk from Es Trenc beach. For lovers of traditional architecture, the typical Mallorcan villas with their characteristic round arches, loggias, stone floors and overgrown gardens will make the heart of any culture vulture beat faster.<\/p>\n<h3>Quality of life in Sa R\u00e0pita: more than just a home<\/h3>\n<p>In addition to the attractive selection of properties, Sa R\u00e0pita offers a quality of life that is second to none. The picturesque coastal road invites you to linger with its inviting restaurants offering breathtaking views of the sea. There are small supermarkets and bakeries in the village for daily needs, while nearby Campos with its beautiful weekly market provides larger purchases and an authentic Mallorcan experience. With excellent highway connections, you can reach the airport and the capital Palma in just 40 minutes.<\/p>\n<h3>Professional real estate advice in Sa R\u00e0pita: your dream in the best hands<\/h3>\n<p>With over two decades of experience in Sa R\u00e0pita, as your trusted real estate partner, we offer comprehensive and personal advice to find the perfect property to suit your individual needs. Our multilingual team of professionally trained employees attaches great importance to honesty and open communication and maintains direct, personal contact with our customers. Whether you are looking for a villa with sea views or a rural finca, our expertise and extensive office network in Mallorca guarantee that we know every corner of the island inside out.<\/p>\n<h3>A comprehensive range of services: beyond the purchase of real estate<\/h3>\n<p>At First Mallorca we know that buying a property is more than just a financial investment; it is an investment in your future and your well-being. That&#8217;s why we offer a comprehensive service not only when you buy, but also beyond. From asset management to a network of expert home service providers, we are here to ensure that you not only purchase a property, but find a home you can truly feel at home in.<\/p>\n\t\t\t\t\t\t\t\t<\/div>\n\t\t\t\t<\/div>\n\t\t\t\t<div class=\"elementor-element elementor-element-e39661b elementor-widget elementor-widget-spacer\" data-id=\"e39661b\" data-element_type=\"widget\" data-e-type=\"widget\" data-widget_type=\"spacer.default\">\n\t\t\t\t<div class=\"elementor-widget-container\">\n\t\t\t\t\t\t\t<div class=\"elementor-spacer\">\n\t\t\t<div class=\"elementor-spacer-inner\"><\/div>\n\t\t<\/div>\n\t\t\t\t\t\t<\/div>\n\t\t\t\t<\/div>\n\t\t\t\t\t<\/div>\n\t\t<\/div>\n\t\t\t\t\t<\/div>\n\t\t<\/section>\n\t\t\t\t<\/div>\n\t\t","protected":false},"excerpt":{"rendered":"<p>Real estate in Sa Rapita Dream properties in Sa R\u00e0pita: a paradise for connoisseurs Introduction to Sa R\u00e0pita: a trendy region on Mallorca Sa R\u00e0pita, located on the idyllic south coast of Mallorca in the municipality of Campos, is a place of peace and beauty that attracts sailors, vacationers and families, especially in the summer&#8230;<\/p>\n","protected":false},"author":1,"featured_media":0,"parent":0,"menu_order":0,"comment_status":"closed","ping_status":"closed","template":"templates\/properties.php","meta":{"footnotes":""},"class_list":["post-49877","page","type-page","status-publish","hentry"],"_links":{"self":[{"href":"https:\/\/www.lucasfroeserealestate.com\/en\/wp-json\/wp\/v2\/pages\/49877","targetHints":{"allow":["GET"]}}],"collection":[{"href":"https:\/\/www.lucasfroeserealestate.com\/en\/wp-json\/wp\/v2\/pages"}],"about":[{"href":"https:\/\/www.lucasfroeserealestate.com\/en\/wp-json\/wp\/v2\/types\/page"}],"author":[{"embeddable":true,"href":"https:\/\/www.lucasfroeserealestate.com\/en\/wp-json\/wp\/v2\/users\/1"}],"replies":[{"embeddable":true,"href":"https:\/\/www.lucasfroeserealestate.com\/en\/wp-json\/wp\/v2\/comments?post=49877"}],"version-history":[{"count":0,"href":"https:\/\/www.lucasfroeserealestate.com\/en\/wp-json\/wp\/v2\/pages\/49877\/revisions"}],"wp:attachment":[{"href":"https:\/\/www.lucasfroeserealestate.com\/en\/wp-json\/wp\/v2\/media?parent=49877"}],"curies":[{"name":"wp","href":"https:\/\/api.w.org\/{rel}","templated":true}]}}