{"id":25749,"date":"2021-01-03T15:59:49","date_gmt":"2021-01-03T14:59:49","guid":{"rendered":"https:\/\/www.lucasfroeserealestate.com\/immobilien-santanyi\/"},"modified":"2024-04-17T11:18:06","modified_gmt":"2024-04-17T09:18:06","slug":"immobilien-santanyi","status":"publish","type":"page","link":"https:\/\/www.lucasfroeserealestate.com\/en\/immobilien-santanyi\/","title":{"rendered":"Real Estate Santanyi"},"content":{"rendered":"\t\t<div data-elementor-type=\"wp-page\" data-elementor-id=\"25749\" class=\"elementor elementor-25749 elementor-22869\" data-elementor-post-type=\"page\">\n\t\t\t\t\t\t<section class=\"elementor-section elementor-top-section elementor-element elementor-element-706f2da3 elementor-section-boxed elementor-section-height-default elementor-section-height-default\" data-id=\"706f2da3\" data-element_type=\"section\" data-e-type=\"section\">\n\t\t\t\t\t\t<div class=\"elementor-container elementor-column-gap-default\">\n\t\t\t\t\t<div class=\"elementor-column elementor-col-100 elementor-top-column elementor-element elementor-element-419309a6\" data-id=\"419309a6\" data-element_type=\"column\" data-e-type=\"column\">\n\t\t\t<div class=\"elementor-widget-wrap elementor-element-populated\">\n\t\t\t\t\t\t<div class=\"elementor-element elementor-element-2820e05 elementor-widget elementor-widget-heading\" data-id=\"2820e05\" data-element_type=\"widget\" data-e-type=\"widget\" data-widget_type=\"heading.default\">\n\t\t\t\t<div class=\"elementor-widget-container\">\n\t\t\t\t\t<h1 class=\"elementor-heading-title elementor-size-default\">Real Estate Santanyi<\/h1>\t\t\t\t<\/div>\n\t\t\t\t<\/div>\n\t\t\t\t<div class=\"elementor-element elementor-element-10e1a9f elementor-widget elementor-widget-text-editor\" data-id=\"10e1a9f\" data-element_type=\"widget\" data-e-type=\"widget\" data-widget_type=\"text-editor.default\">\n\t\t\t\t<div class=\"elementor-widget-container\">\n\t\t\t\t\t\t\t\t\t<p>Are you looking for your dream property in Santanyi? We are your real estate agent in the region, specialized in luxury properties and investments in Mallorca. <strong>Lucas Froese Real Estate <\/strong>helps you with your real estate search and<strong> advises you around the topic Santanyi!<\/strong><\/p>\n\t\t\t\t\t\t\t\t<\/div>\n\t\t\t\t<\/div>\n\t\t\t\t<section class=\"elementor-section elementor-inner-section elementor-element elementor-element-1c0a6ac elementor-section-boxed elementor-section-height-default elementor-section-height-default\" data-id=\"1c0a6ac\" data-element_type=\"section\" data-e-type=\"section\">\n\t\t\t\t\t\t<div class=\"elementor-container elementor-column-gap-default\">\n\t\t\t\t\t<div class=\"elementor-column elementor-col-50 elementor-inner-column elementor-element elementor-element-1b3bff1\" data-id=\"1b3bff1\" data-element_type=\"column\" data-e-type=\"column\">\n\t\t\t<div class=\"elementor-widget-wrap elementor-element-populated\">\n\t\t\t\t\t\t<div class=\"elementor-element elementor-element-2a5193a elementor-widget elementor-widget-heading\" data-id=\"2a5193a\" data-element_type=\"widget\" data-e-type=\"widget\" data-widget_type=\"heading.default\">\n\t\t\t\t<div class=\"elementor-widget-container\">\n\t\t\t\t\t<h2 class=\"elementor-heading-title elementor-size-default\">Santanyi Mallorca<\/h2>\t\t\t\t<\/div>\n\t\t\t\t<\/div>\n\t\t\t\t<div class=\"elementor-element elementor-element-10898b84 elementor-widget elementor-widget-text-editor\" data-id=\"10898b84\" data-element_type=\"widget\" data-e-type=\"widget\" data-widget_type=\"text-editor.default\">\n\t\t\t\t<div class=\"elementor-widget-container\">\n\t\t\t\t\t\t\t\t\t<p><strong>Santanyi is located in the southeast of Mallorca<\/strong> and is also known as the golden town of the island because of its unique sandstone buildings. Picturesque dream bays, picturesque villages, as well as an impressive infrastructure make Santanyi an incredibly popular residential area. The town is especially popular with Germans due to its hot summers and short winters &#8211; After all, almost 10% of the population are German expats who have found their quiet, rural and authentic place to live in Santanyi.<\/p>\n\t\t\t\t\t\t\t\t<\/div>\n\t\t\t\t<\/div>\n\t\t\t\t\t<\/div>\n\t\t<\/div>\n\t\t\t\t<div class=\"elementor-column elementor-col-50 elementor-inner-column elementor-element elementor-element-a266086\" data-id=\"a266086\" data-element_type=\"column\" data-e-type=\"column\">\n\t\t\t<div class=\"elementor-widget-wrap elementor-element-populated\">\n\t\t\t\t\t\t<div class=\"elementor-element elementor-element-6d64059 elementor-widget elementor-widget-heading\" data-id=\"6d64059\" data-element_type=\"widget\" data-e-type=\"widget\" data-widget_type=\"heading.default\">\n\t\t\t\t<div class=\"elementor-widget-container\">\n\t\t\t\t\t<h2 class=\"elementor-heading-title elementor-size-default\">Real estate agent in Santanyi<\/h2>\t\t\t\t<\/div>\n\t\t\t\t<\/div>\n\t\t\t\t<div class=\"elementor-element elementor-element-3a72cf7 elementor-widget elementor-widget-text-editor\" data-id=\"3a72cf7\" data-element_type=\"widget\" data-e-type=\"widget\" data-widget_type=\"text-editor.default\">\n\t\t\t\t<div class=\"elementor-widget-container\">\n\t\t\t\t\t\t\t\t\t<p>You are looking for a <strong>real estate agent who speaks German<\/strong> <strong>but knows the island inside<\/strong> out? You want professional real estate agents who will find you your dream home, check legality and simplify the buying process for you? <a href=\"https:\/\/maps.app.goo.gl\/US6VCKjnyfZrWFm37\" rel=\"nofollow noopener\" target=\"_blank\">Properties in Santanyi<\/a> that are otherwise not on the market? <strong>Then Lucas Froese Real Estate is your real estate agent!<\/strong><\/p>\n\t\t\t\t\t\t\t\t<\/div>\n\t\t\t\t<\/div>\n\t\t\t\t\t<\/div>\n\t\t<\/div>\n\t\t\t\t\t<\/div>\n\t\t<\/section>\n\t\t\t\t<section class=\"elementor-section elementor-inner-section elementor-element elementor-element-76e69c0 elementor-section-boxed elementor-section-height-default elementor-section-height-default\" data-id=\"76e69c0\" data-element_type=\"section\" data-e-type=\"section\">\n\t\t\t\t\t\t<div class=\"elementor-container elementor-column-gap-default\">\n\t\t\t\t\t<div class=\"elementor-column elementor-col-50 elementor-inner-column elementor-element elementor-element-716430e\" data-id=\"716430e\" data-element_type=\"column\" data-e-type=\"column\">\n\t\t\t<div class=\"elementor-widget-wrap elementor-element-populated\">\n\t\t\t\t\t\t<div class=\"elementor-element elementor-element-00d51c0 elementor-widget elementor-widget-image\" data-id=\"00d51c0\" data-element_type=\"widget\" data-e-type=\"widget\" data-widget_type=\"image.default\">\n\t\t\t\t<div class=\"elementor-widget-container\">\n\t\t\t\t\t\t\t\t\t\t\t\t\t\t\t<img fetchpriority=\"high\" decoding=\"async\" loading=\"eager\" width=\"738\" height=\"275\" src=\"https:\/\/www.lucasfroeserealestate.com\/wp-content\/uploads\/2021\/04\/immobilien-santanyi-1-768x286.jpg\" class=\"attachment-medium_large size-medium_large wp-image-24202\" alt=\"Immobilien Santanyi\" srcset=\"https:\/\/www.lucasfroeserealestate.com\/wp-content\/uploads\/2021\/04\/immobilien-santanyi-1-768x286.jpg 768w, https:\/\/www.lucasfroeserealestate.com\/wp-content\/uploads\/2021\/04\/immobilien-santanyi-1-300x112.jpg 300w, https:\/\/www.lucasfroeserealestate.com\/wp-content\/uploads\/2021\/04\/immobilien-santanyi-1-1024x381.jpg 1024w, https:\/\/www.lucasfroeserealestate.com\/wp-content\/uploads\/2021\/04\/immobilien-santanyi-1-150x56.jpg 150w, https:\/\/www.lucasfroeserealestate.com\/wp-content\/uploads\/2021\/04\/immobilien-santanyi-1.jpg 1056w\" sizes=\"(max-width: 738px) 100vw, 738px\" title=\"\">\t\t\t\t\t\t\t\t\t\t\t\t\t\t\t<\/div>\n\t\t\t\t<\/div>\n\t\t\t\t<div class=\"elementor-element elementor-element-4a9435c elementor-widget elementor-widget-heading\" data-id=\"4a9435c\" data-element_type=\"widget\" data-e-type=\"widget\" data-widget_type=\"heading.default\">\n\t\t\t\t<div class=\"elementor-widget-container\">\n\t\t\t\t\t<h5 class=\"elementor-heading-title elementor-size-large\">Santanyi has a lot of history and culture<\/h5>\t\t\t\t<\/div>\n\t\t\t\t<\/div>\n\t\t\t\t<div class=\"elementor-element elementor-element-9af72fe elementor-widget elementor-widget-text-editor\" data-id=\"9af72fe\" data-element_type=\"widget\" data-e-type=\"widget\" data-widget_type=\"text-editor.default\">\n\t\t\t\t<div class=\"elementor-widget-container\">\n\t\t\t\t\t\t\t\t\t<p>The ambience of the city is made for creative people. Thus, Santanyi has always attracted artists from all over the world, who have settled here over the years. In the small sweet alleys you can admire a variety of galleries, participate in workshops, as well as explore the artistic buildings of the city.<\/p>\n<p>The inhabitants of the town all know each other and love to stop now and then for a chat with their neighbors or to observe the daily routine from one of the many terraces of the main square with a good coffee or a glass of wine.  <\/p>\n<p>Historically, of course, there is also much to discover in Santanyi. The great city gate, Porta Murada, with its ramparts are still symbols today.  <\/p>\n\t\t\t\t\t\t\t\t<\/div>\n\t\t\t\t<\/div>\n\t\t\t\t<div class=\"elementor-element elementor-element-72fdd01 elementor-widget elementor-widget-heading\" data-id=\"72fdd01\" data-element_type=\"widget\" data-e-type=\"widget\" data-widget_type=\"heading.default\">\n\t\t\t\t<div class=\"elementor-widget-container\">\n\t\t\t\t\t<h4 class=\"elementor-heading-title elementor-size-large\">Santanyi's enchanting beaches and coves<\/h4>\t\t\t\t<\/div>\n\t\t\t\t<\/div>\n\t\t\t\t<div class=\"elementor-element elementor-element-2488aa3 elementor-widget elementor-widget-text-editor\" data-id=\"2488aa3\" data-element_type=\"widget\" data-e-type=\"widget\" data-widget_type=\"text-editor.default\">\n\t\t\t\t<div class=\"elementor-widget-container\">\n\t\t\t\t\t\t\t\t\t<p>Santany offers 35 kilometers of coastal area with stunning sandy beaches. Here you can relax in the sun or practice one of the many water sports. Among the most popular beaches of the town are the natural beach Cal\u00f3 des Moro, the bay Cala Llombards, Cala Figuera, the picturesque Cala Santany\u00ed, as well as the fig bay Cala Figuera and the natural park Mondrago (&#8220;Parc natural de mondrag\u00f3&#8221;).<\/p>\n\t\t\t\t\t\t\t\t<\/div>\n\t\t\t\t<\/div>\n\t\t\t\t<div class=\"elementor-element elementor-element-3d533dc elementor-widget elementor-widget-image\" data-id=\"3d533dc\" data-element_type=\"widget\" data-e-type=\"widget\" data-widget_type=\"image.default\">\n\t\t\t\t<div class=\"elementor-widget-container\">\n\t\t\t\t\t\t\t\t\t\t\t\t\t\t\t<img decoding=\"async\" loading=\"eager\" width=\"738\" height=\"275\" src=\"https:\/\/www.lucasfroeserealestate.com\/wp-content\/uploads\/2021\/04\/immobilien-santanyi-bucht-768x286.jpg\" class=\"attachment-medium_large size-medium_large wp-image-24205\" alt=\"Immobilien Santanyi Bucht\" srcset=\"https:\/\/www.lucasfroeserealestate.com\/wp-content\/uploads\/2021\/04\/immobilien-santanyi-bucht-768x286.jpg 768w, https:\/\/www.lucasfroeserealestate.com\/wp-content\/uploads\/2021\/04\/immobilien-santanyi-bucht-300x112.jpg 300w, https:\/\/www.lucasfroeserealestate.com\/wp-content\/uploads\/2021\/04\/immobilien-santanyi-bucht-1024x381.jpg 1024w, https:\/\/www.lucasfroeserealestate.com\/wp-content\/uploads\/2021\/04\/immobilien-santanyi-bucht-150x56.jpg 150w, https:\/\/www.lucasfroeserealestate.com\/wp-content\/uploads\/2021\/04\/immobilien-santanyi-bucht.jpg 1056w\" sizes=\"(max-width: 738px) 100vw, 738px\" title=\"\">\t\t\t\t\t\t\t\t\t\t\t\t\t\t\t<\/div>\n\t\t\t\t<\/div>\n\t\t\t\t\t<\/div>\n\t\t<\/div>\n\t\t\t\t<div class=\"elementor-column elementor-col-50 elementor-inner-column elementor-element elementor-element-9754ff2\" data-id=\"9754ff2\" data-element_type=\"column\" data-e-type=\"column\">\n\t\t\t<div class=\"elementor-widget-wrap elementor-element-populated\">\n\t\t\t\t\t\t<div class=\"elementor-element elementor-element-99d7af9 elementor-widget elementor-widget-heading\" data-id=\"99d7af9\" data-element_type=\"widget\" data-e-type=\"widget\" data-widget_type=\"heading.default\">\n\t\t\t\t<div class=\"elementor-widget-container\">\n\t\t\t\t\t<h2 class=\"elementor-heading-title elementor-size-medium\">The Santanyi market and gastronomy<\/h2>\t\t\t\t<\/div>\n\t\t\t\t<\/div>\n\t\t\t\t<div class=\"elementor-element elementor-element-37af8d8 elementor-widget elementor-widget-text-editor\" data-id=\"37af8d8\" data-element_type=\"widget\" data-e-type=\"widget\" data-widget_type=\"text-editor.default\">\n\t\t\t\t<div class=\"elementor-widget-container\">\n\t\t\t\t\t\t\t\t\t<p>Saturday is market day in Santanyi. Santanyi market is one of the most beautiful markets on the island &#8211; you can stroll leisurely through the market stalls, admire galleries and art studios.<\/p>\n<p>The city is also known for excellent restaurants, some of which offer live music, creating an unforgettable ambience. Another exciting excursion is a boat trip to the Cabrera Nature Reserve. The crystal clear waters are a paradise for divers and the landscape scenery and plants make for a beautiful sight.  <\/p>\n<p>If you are particularly longing for the typical romantic Mediterranean flair, you can visit the port of Cala Figuera, a really cute port town, just a few kilometers away. Another quiet port town is Porto Petro, where you can comfortably enjoy the sunset overlooking the picturesque harbor.<\/p>\n\t\t\t\t\t\t\t\t<\/div>\n\t\t\t\t<\/div>\n\t\t\t\t<div class=\"elementor-element elementor-element-5cdb006 elementor-widget elementor-widget-heading\" data-id=\"5cdb006\" data-element_type=\"widget\" data-e-type=\"widget\" data-widget_type=\"heading.default\">\n\t\t\t\t<div class=\"elementor-widget-container\">\n\t\t\t\t\t<h4 class=\"elementor-heading-title elementor-size-large\">Buy real estate in Santanyi<\/h4>\t\t\t\t<\/div>\n\t\t\t\t<\/div>\n\t\t\t\t<div class=\"elementor-element elementor-element-4854043 elementor-widget elementor-widget-text-editor\" data-id=\"4854043\" data-element_type=\"widget\" data-e-type=\"widget\" data-widget_type=\"text-editor.default\">\n\t\t\t\t<div class=\"elementor-widget-container\">\n\t\t\t\t\t\t\t\t\tThe island&#8217;s beautiful housing estates are in high demand worldwide and are especially popular with young families, nature lovers, art enthusiasts and wealthy expatriates who want a traditional, authentic and high quality of life, characterized by nature and lots of culture. Of course also include <strong>\n  <a href=\"https:\/\/www.lucasfroeserealestate.com\/en\/immobilien-in-cala-dor\/\">real estate in Cala d&#8217;Or<\/a>\n<\/strong> or properties in Alqueria Blanca belong to the municipality of Santanyi, but these can be found under their own category (Cas Concos for example belongs to the Felanitx municipality and Ses Salines to Llucmajor). In addition, some of the most beautiful coves and beaches are located in Santanyi and the unique architecture gives the town a wonderful Mediterranean character that is hard to find anywhere else. Moreover, in the last decades Santanyi has become more and more popular and real estate is getting more expensive every day &#8211; A town where<strong> dreams come true and an investment is definitely worthwhile<\/strong>.\n\n<iframe style=\"border: 0;\" src=\"https:\/\/www.google.com\/maps\/embed?pb=!1m18!1m12!1m3!1d12340.175203224588!2d3.1297702499999995!3d39.3552447!2m3!1f0!2f0!3f0!3m2!1i1024!2i768!4f13.1!3m3!1m2!1s0x129654848d3dbe79%3A0x57377cfd352b8d8e!2s07650%20Santa%C3%B1y%2C%20Islas%20Baleares!5e0!3m2!1ses!2ses!4v1655749925401!5m2!1ses!2ses\" width=\"400\" height=\"250\" allowfullscreen=\"allowfullscreen\"><\/iframe>\t\t\t\t\t\t\t\t<\/div>\n\t\t\t\t<\/div>\n\t\t\t\t\t<\/div>\n\t\t<\/div>\n\t\t\t\t\t<\/div>\n\t\t<\/section>\n\t\t\t\t\t<\/div>\n\t\t<\/div>\n\t\t\t\t\t<\/div>\n\t\t<\/section>\n\t\t\t\t<\/div>\n\t\t","protected":false},"excerpt":{"rendered":"<p>Real Estate Santanyi Are you looking for your dream property in Santanyi? We are your real estate agent in the region, specialized in luxury properties and investments in Mallorca. Lucas Froese Real Estate helps you with your real estate search and advises you around the topic Santanyi! Santanyi Mallorca Santanyi is located in the southeast&#8230;<\/p>\n","protected":false},"author":1,"featured_media":0,"parent":0,"menu_order":0,"comment_status":"closed","ping_status":"closed","template":"templates\/properties.php","meta":{"footnotes":""},"class_list":["post-25749","page","type-page","status-publish","hentry"],"_links":{"self":[{"href":"https:\/\/www.lucasfroeserealestate.com\/en\/wp-json\/wp\/v2\/pages\/25749","targetHints":{"allow":["GET"]}}],"collection":[{"href":"https:\/\/www.lucasfroeserealestate.com\/en\/wp-json\/wp\/v2\/pages"}],"about":[{"href":"https:\/\/www.lucasfroeserealestate.com\/en\/wp-json\/wp\/v2\/types\/page"}],"author":[{"embeddable":true,"href":"https:\/\/www.lucasfroeserealestate.com\/en\/wp-json\/wp\/v2\/users\/1"}],"replies":[{"embeddable":true,"href":"https:\/\/www.lucasfroeserealestate.com\/en\/wp-json\/wp\/v2\/comments?post=25749"}],"version-history":[{"count":0,"href":"https:\/\/www.lucasfroeserealestate.com\/en\/wp-json\/wp\/v2\/pages\/25749\/revisions"}],"wp:attachment":[{"href":"https:\/\/www.lucasfroeserealestate.com\/en\/wp-json\/wp\/v2\/media?parent=25749"}],"curies":[{"name":"wp","href":"https:\/\/api.w.org\/{rel}","templated":true}]}}